{"id":49421,"date":"2024-09-04T16:54:13","date_gmt":"2024-09-04T14:54:13","guid":{"rendered":"https:\/\/www.kersia-group.com\/?page_id=49421"},"modified":"2024-10-28T19:31:11","modified_gmt":"2024-10-28T18:31:11","slug":"solucoes-em-alimentacao-complementar","status":"publish","type":"page","link":"https:\/\/www.kersia-group.com\/pt-br\/atividades\/solucoes-em-alimentacao-complementar\/","title":{"rendered":"Solu\u00e7\u00f5es em alimenta\u00e7\u00e3o complementar"},"content":{"rendered":"<p>[vc_row anchor=&#8221;structure&#8221;][vc_column]<div class=\"ult-spacer spacer-69d8f729a10a7\" data-id=\"69d8f729a10a7\" data-height=\"50\" data-height-mobile=\"25\" data-height-tab=\"40\" data-height-tab-portrait=\"40\" data-height-mobile-landscape=\"25\" style=\"clear:both;display:block;\"><\/div>[\/vc_column][\/vc_row][vc_row type=&#8221;vc_default&#8221; full_width=&#8221;stretch_row_content&#8221; gap=&#8221;10&#8243; animation=&#8221;pulse&#8221; margin_top=&#8221;100&#8243; margin_bottom=&#8221;100&#8243; full_width_row=&#8221;true&#8221; padding_left=&#8221;50&#8243; padding_right=&#8221;50&#8243; parallax_content=&#8221;parallax_content_value&#8221; parallax_content_sense=&#8221;30&#8243; css=&#8221;.vc_custom_1614790823814{margin-bottom: 50px !important;padding-right: 20px !important;padding-left: 20px !important;}&#8221; min_height=&#8221;25&#8243;][vc_column width=&#8221;1\/3&#8243;]<div class=\"ult-new-ib ult-ib-effect-style6  ult-ib-resp  \" data-min-width=\"768\" data-max-width=\"900\" style=\"background:#0a0a0a;\" data-opacity=\"1\" data-hover-opacity=\"0.9\" ><img decoding=\"async\" class=\"ult-new-ib-img\" style=\"opacity:1;\" alt=\"null\" src=\"https:\/\/www.kersia-group.com\/wp-content\/uploads\/2024\/06\/CF_ruminants.png\"   \/><div id=\"interactive-banner-wrap-5499\" class=\"ult-new-ib-desc\" style=\"\"><h2 class=\"ult-new-ib-title ult-responsive\"  data-ultimate-target='#interactive-banner-wrap-5499 .ult-new-ib-title'  data-responsive-json-new='{\"font-size\":\"desktop:30px;tablet:16px;tablet_portrait:16px;mobile_landscape:16px;mobile:16px;\",\"line-height\":\"desktop:34px;tablet:15px;tablet_portrait:15px;mobile_landscape:20px;mobile:20px;\"}'  style=\"font-weight:normal;color:#ffffff;\">Solu\u00e7\u00f5es em alimenta\u00e7\u00e3o complementar<\/br><b><\/br> Ruminantes<\/b><\/h2><\/div><a class=\"ult-new-ib-link\" href=\"https:\/\/www.kersia-group.com\/pt-br\/atividades\/solucoes-em-alimentacao-complementar\/solucoes-em-alimentacao-complementar-ruminantes\/\" title=\"information\"  ><\/a><\/div><script type=\"text\/javascript\">\n\t\t\t(function($){\n\t\t\t\t$(document).ready(function(){\n\t\t\t\t\t$(\".ult-new-ib\").css(\"opacity\",\"1\");\n\t\t\t\t});\n\t\t\t})(jQuery);\n\t\t\t<\/script>[\/vc_column][vc_column width=&#8221;1\/3&#8243;]<div class=\"ult-new-ib ult-ib-effect-style6  ult-ib-resp  \" data-min-width=\"768\" data-max-width=\"900\" style=\"background:#0a0a0a;\" data-opacity=\"1\" data-hover-opacity=\"0.9\" ><img decoding=\"async\" class=\"ult-new-ib-img\" style=\"opacity:1;\" alt=\"null\" src=\"https:\/\/www.kersia-group.com\/wp-content\/uploads\/2024\/06\/CF_poultry.png\"   \/><div id=\"interactive-banner-wrap-4738\" class=\"ult-new-ib-desc\" style=\"\"><h2 class=\"ult-new-ib-title ult-responsive\"  data-ultimate-target='#interactive-banner-wrap-4738 .ult-new-ib-title'  data-responsive-json-new='{\"font-size\":\"desktop:30px;tablet:16px;tablet_portrait:16px;mobile_landscape:16px;mobile:16px;\",\"line-height\":\"desktop:34px;tablet:15px;tablet_portrait:15px;mobile_landscape:20px;mobile:20px;\"}'  style=\"font-weight:normal;color:#ffffff;\">Solu\u00e7\u00f5es em alimenta\u00e7\u00e3o complementar<\/br> <b><\/br>Aves<\/b><\/h2><\/div><a class=\"ult-new-ib-link\" href=\"https:\/\/www.kersia-group.com\/pt-br\/atividades\/solucoes-em-alimentacao-complementar\/solucoes-em-alimentacao-complementar-aves\/\"  ><\/a><\/div><script type=\"text\/javascript\">\n\t\t\t(function($){\n\t\t\t\t$(document).ready(function(){\n\t\t\t\t\t$(\".ult-new-ib\").css(\"opacity\",\"1\");\n\t\t\t\t});\n\t\t\t})(jQuery);\n\t\t\t<\/script>[\/vc_column][vc_column width=&#8221;1\/3&#8243;]<div class=\"ult-new-ib ult-ib-effect-style6  ult-ib-resp  \" data-min-width=\"768\" data-max-width=\"900\" style=\"background:#0a0a0a;\" data-opacity=\"1\" data-hover-opacity=\"0.9\" ><img decoding=\"async\" class=\"ult-new-ib-img\" style=\"opacity:1;\" alt=\"null\" src=\"https:\/\/www.kersia-group.com\/wp-content\/uploads\/2024\/06\/CF_pigs.png\"   \/><div id=\"interactive-banner-wrap-9501\" class=\"ult-new-ib-desc\" style=\"\"><h2 class=\"ult-new-ib-title ult-responsive\"  data-ultimate-target='#interactive-banner-wrap-9501 .ult-new-ib-title'  data-responsive-json-new='{\"font-size\":\"desktop:30px;tablet:16px;tablet_portrait:16px;mobile_landscape:16px;mobile:16px;\",\"line-height\":\"desktop:34px;tablet:15px;tablet_portrait:15px;mobile_landscape:20px;mobile:20px;\"}'  style=\"font-weight:normal;color:#ffffff;\">Solu\u00e7\u00f5es em alimenta\u00e7\u00e3o complementar <\/br><b><\/br>Su\u00ednos<\/b><\/h2><\/div><a class=\"ult-new-ib-link\" href=\"https:\/\/www.kersia-group.com\/pt-br\/atividades\/solucoes-em-alimentacao-complementar\/solucoes-em-alimentacao-complementar-suinos\/\"  ><\/a><\/div><script type=\"text\/javascript\">\n\t\t\t(function($){\n\t\t\t\t$(document).ready(function(){\n\t\t\t\t\t$(\".ult-new-ib\").css(\"opacity\",\"1\");\n\t\t\t\t});\n\t\t\t})(jQuery);\n\t\t\t<\/script>[\/vc_column][\/vc_row][vc_row][vc_column][vc_column_text][\/vc_column_text][\/vc_column][\/vc_row]<\/p>\n","protected":false},"excerpt":{"rendered":"<p>[vc_row anchor=&#8221;structure&#8221;][vc_column][\/vc_column][\/vc_row][vc_row type=&#8221;vc_default&#8221; full_width=&#8221;stretch_row_content&#8221; gap=&#8221;10&#8243; animation=&#8221;pulse&#8221; margin_top=&#8221;100&#8243; margin_bottom=&#8221;100&#8243; full_width_row=&#8221;true&#8221; padding_left=&#8221;50&#8243; padding_right=&#8221;50&#8243; parallax_content=&#8221;parallax_content_value&#8221; parallax_content_sense=&#8221;30&#8243; css=&#8221;.vc_custom_1614790823814{margin-bottom: 50px !important;padding-right: 20px !important;padding-left: 20px !important;}&#8221; min_height=&#8221;25&#8243;][vc_column width=&#8221;1\/3&#8243;][\/vc_column][vc_column width=&#8221;1\/3&#8243;][\/vc_column][vc_column width=&#8221;1\/3&#8243;][\/vc_column][\/vc_row][vc_row][vc_column][vc_column_text][\/vc_column_text][\/vc_column][\/vc_row]<\/p>\n","protected":false},"author":11,"featured_media":49525,"parent":4153,"menu_order":0,"comment_status":"closed","ping_status":"closed","template":"","meta":{"_acf_changed":false,"footnotes":""},"class_list":["post-49421","page","type-page","status-publish","has-post-thumbnail","hentry","description-off"],"acf":[],"yoast_head":"<!-- This site is optimized with the Yoast SEO plugin v21.9.1 - https:\/\/yoast.com\/wordpress\/plugins\/seo\/ -->\n<title>Solu\u00e7\u00f5es em alimenta\u00e7\u00e3o complementar - Kersia Group<\/title>\n<meta name=\"description\" content=\"Na Kersia, nos dedicamos a fornecer solu\u00e7\u00f5es excepcionais de ra\u00e7\u00e3o complementar para criadores de gado. Nossa miss\u00e3o \u00e9 melhorar o bem-estar e o desempenho de seus animais por meio de produtos inovadores e de alta qualidade. Confie em n\u00f3s para apoiar o sucesso de sua fazenda com nossas solu\u00e7\u00f5es especializadas, adaptadas para atender \u00e0s necessidades exclusivas de seus animais.\" \/>\n<meta name=\"robots\" content=\"index, follow, max-snippet:-1, max-image-preview:large, max-video-preview:-1\" \/>\n<link rel=\"canonical\" href=\"https:\/\/www.kersia-group.com\/pt-br\/atividades\/solucoes-em-alimentacao-complementar\/\" \/>\n<meta property=\"og:locale\" content=\"pt_BR\" \/>\n<meta property=\"og:type\" content=\"article\" \/>\n<meta property=\"og:title\" content=\"Solu\u00e7\u00f5es em alimenta\u00e7\u00e3o complementar - Kersia Group\" \/>\n<meta property=\"og:description\" content=\"Na Kersia, nos dedicamos a fornecer solu\u00e7\u00f5es excepcionais de ra\u00e7\u00e3o complementar para criadores de gado. Nossa miss\u00e3o \u00e9 melhorar o bem-estar e o desempenho de seus animais por meio de produtos inovadores e de alta qualidade. Confie em n\u00f3s para apoiar o sucesso de sua fazenda com nossas solu\u00e7\u00f5es especializadas, adaptadas para atender \u00e0s necessidades exclusivas de seus animais.\" \/>\n<meta property=\"og:url\" content=\"https:\/\/www.kersia-group.com\/pt-br\/atividades\/solucoes-em-alimentacao-complementar\/\" \/>\n<meta property=\"og:site_name\" content=\"Kersia Group\" \/>\n<meta property=\"article:modified_time\" content=\"2024-10-28T18:31:11+00:00\" \/>\n<meta property=\"og:image\" content=\"https:\/\/www.kersia-group.com\/wp-content\/uploads\/2024\/06\/CF-all-species.png\" \/>\n\t<meta property=\"og:image:width\" content=\"768\" \/>\n\t<meta property=\"og:image:height\" content=\"768\" \/>\n\t<meta property=\"og:image:type\" content=\"image\/png\" \/>\n<meta name=\"twitter:card\" content=\"summary_large_image\" \/>\n<meta name=\"twitter:label1\" content=\"Est. tempo de leitura\" \/>\n\t<meta name=\"twitter:data1\" content=\"1 minuto\" \/>\n<script type=\"application\/ld+json\" class=\"yoast-schema-graph\">{\"@context\":\"https:\/\/schema.org\",\"@graph\":[{\"@type\":\"WebPage\",\"@id\":\"https:\/\/www.kersia-group.com\/pt-br\/atividades\/solucoes-em-alimentacao-complementar\/\",\"url\":\"https:\/\/www.kersia-group.com\/pt-br\/atividades\/solucoes-em-alimentacao-complementar\/\",\"name\":\"Solu\u00e7\u00f5es em alimenta\u00e7\u00e3o complementar - Kersia Group\",\"isPartOf\":{\"@id\":\"\/#website\"},\"datePublished\":\"2024-09-04T14:54:13+00:00\",\"dateModified\":\"2024-10-28T18:31:11+00:00\",\"description\":\"Na Kersia, nos dedicamos a fornecer solu\u00e7\u00f5es excepcionais de ra\u00e7\u00e3o complementar para criadores de gado. Nossa miss\u00e3o \u00e9 melhorar o bem-estar e o desempenho de seus animais por meio de produtos inovadores e de alta qualidade. Confie em n\u00f3s para apoiar o sucesso de sua fazenda com nossas solu\u00e7\u00f5es especializadas, adaptadas para atender \u00e0s necessidades exclusivas de seus animais.\",\"breadcrumb\":{\"@id\":\"https:\/\/www.kersia-group.com\/pt-br\/atividades\/solucoes-em-alimentacao-complementar\/#breadcrumb\"},\"inLanguage\":\"pt-BR\",\"potentialAction\":[{\"@type\":\"ReadAction\",\"target\":[\"https:\/\/www.kersia-group.com\/pt-br\/atividades\/solucoes-em-alimentacao-complementar\/\"]}]},{\"@type\":\"BreadcrumbList\",\"@id\":\"https:\/\/www.kersia-group.com\/pt-br\/atividades\/solucoes-em-alimentacao-complementar\/#breadcrumb\",\"itemListElement\":[{\"@type\":\"ListItem\",\"position\":1,\"name\":\"Home\",\"item\":\"https:\/\/www.kersia-group.com\/pt-br\/\"},{\"@type\":\"ListItem\",\"position\":2,\"name\":\"Atividades\",\"item\":\"https:\/\/www.kersia-group.com\/pt-br\/atividades\/\"},{\"@type\":\"ListItem\",\"position\":3,\"name\":\"Solu\u00e7\u00f5es em alimenta\u00e7\u00e3o complementar\"}]},{\"@type\":\"WebSite\",\"@id\":\"\/#website\",\"url\":\"\/\",\"name\":\"Kersia Group\",\"description\":\"INVENTING A FOOD SAFE WORLD\",\"potentialAction\":[{\"@type\":\"SearchAction\",\"target\":{\"@type\":\"EntryPoint\",\"urlTemplate\":\"\/?s={search_term_string}\"},\"query-input\":\"required name=search_term_string\"}],\"inLanguage\":\"pt-BR\"}]}<\/script>\n<!-- \/ Yoast SEO plugin. -->","yoast_head_json":{"title":"Solu\u00e7\u00f5es em alimenta\u00e7\u00e3o complementar - Kersia Group","description":"Na Kersia, nos dedicamos a fornecer solu\u00e7\u00f5es excepcionais de ra\u00e7\u00e3o complementar para criadores de gado. Nossa miss\u00e3o \u00e9 melhorar o bem-estar e o desempenho de seus animais por meio de produtos inovadores e de alta qualidade. Confie em n\u00f3s para apoiar o sucesso de sua fazenda com nossas solu\u00e7\u00f5es especializadas, adaptadas para atender \u00e0s necessidades exclusivas de seus animais.","robots":{"index":"index","follow":"follow","max-snippet":"max-snippet:-1","max-image-preview":"max-image-preview:large","max-video-preview":"max-video-preview:-1"},"canonical":"https:\/\/www.kersia-group.com\/pt-br\/atividades\/solucoes-em-alimentacao-complementar\/","og_locale":"pt_BR","og_type":"article","og_title":"Solu\u00e7\u00f5es em alimenta\u00e7\u00e3o complementar - Kersia Group","og_description":"Na Kersia, nos dedicamos a fornecer solu\u00e7\u00f5es excepcionais de ra\u00e7\u00e3o complementar para criadores de gado. Nossa miss\u00e3o \u00e9 melhorar o bem-estar e o desempenho de seus animais por meio de produtos inovadores e de alta qualidade. Confie em n\u00f3s para apoiar o sucesso de sua fazenda com nossas solu\u00e7\u00f5es especializadas, adaptadas para atender \u00e0s necessidades exclusivas de seus animais.","og_url":"https:\/\/www.kersia-group.com\/pt-br\/atividades\/solucoes-em-alimentacao-complementar\/","og_site_name":"Kersia Group","article_modified_time":"2024-10-28T18:31:11+00:00","og_image":[{"width":768,"height":768,"url":"https:\/\/www.kersia-group.com\/wp-content\/uploads\/2024\/06\/CF-all-species.png","type":"image\/png"}],"twitter_card":"summary_large_image","twitter_misc":{"Est. tempo de leitura":"1 minuto"},"schema":{"@context":"https:\/\/schema.org","@graph":[{"@type":"WebPage","@id":"https:\/\/www.kersia-group.com\/pt-br\/atividades\/solucoes-em-alimentacao-complementar\/","url":"https:\/\/www.kersia-group.com\/pt-br\/atividades\/solucoes-em-alimentacao-complementar\/","name":"Solu\u00e7\u00f5es em alimenta\u00e7\u00e3o complementar - Kersia Group","isPartOf":{"@id":"\/#website"},"datePublished":"2024-09-04T14:54:13+00:00","dateModified":"2024-10-28T18:31:11+00:00","description":"Na Kersia, nos dedicamos a fornecer solu\u00e7\u00f5es excepcionais de ra\u00e7\u00e3o complementar para criadores de gado. Nossa miss\u00e3o \u00e9 melhorar o bem-estar e o desempenho de seus animais por meio de produtos inovadores e de alta qualidade. Confie em n\u00f3s para apoiar o sucesso de sua fazenda com nossas solu\u00e7\u00f5es especializadas, adaptadas para atender \u00e0s necessidades exclusivas de seus animais.","breadcrumb":{"@id":"https:\/\/www.kersia-group.com\/pt-br\/atividades\/solucoes-em-alimentacao-complementar\/#breadcrumb"},"inLanguage":"pt-BR","potentialAction":[{"@type":"ReadAction","target":["https:\/\/www.kersia-group.com\/pt-br\/atividades\/solucoes-em-alimentacao-complementar\/"]}]},{"@type":"BreadcrumbList","@id":"https:\/\/www.kersia-group.com\/pt-br\/atividades\/solucoes-em-alimentacao-complementar\/#breadcrumb","itemListElement":[{"@type":"ListItem","position":1,"name":"Home","item":"https:\/\/www.kersia-group.com\/pt-br\/"},{"@type":"ListItem","position":2,"name":"Atividades","item":"https:\/\/www.kersia-group.com\/pt-br\/atividades\/"},{"@type":"ListItem","position":3,"name":"Solu\u00e7\u00f5es em alimenta\u00e7\u00e3o complementar"}]},{"@type":"WebSite","@id":"\/#website","url":"\/","name":"Kersia Group","description":"INVENTING A FOOD SAFE WORLD","potentialAction":[{"@type":"SearchAction","target":{"@type":"EntryPoint","urlTemplate":"\/?s={search_term_string}"},"query-input":"required name=search_term_string"}],"inLanguage":"pt-BR"}]}},"_links":{"self":[{"href":"https:\/\/www.kersia-group.com\/pt-br\/wp-json\/wp\/v2\/pages\/49421","targetHints":{"allow":["GET"]}}],"collection":[{"href":"https:\/\/www.kersia-group.com\/pt-br\/wp-json\/wp\/v2\/pages"}],"about":[{"href":"https:\/\/www.kersia-group.com\/pt-br\/wp-json\/wp\/v2\/types\/page"}],"author":[{"embeddable":true,"href":"https:\/\/www.kersia-group.com\/pt-br\/wp-json\/wp\/v2\/users\/11"}],"replies":[{"embeddable":true,"href":"https:\/\/www.kersia-group.com\/pt-br\/wp-json\/wp\/v2\/comments?post=49421"}],"version-history":[{"count":18,"href":"https:\/\/www.kersia-group.com\/pt-br\/wp-json\/wp\/v2\/pages\/49421\/revisions"}],"predecessor-version":[{"id":59814,"href":"https:\/\/www.kersia-group.com\/pt-br\/wp-json\/wp\/v2\/pages\/49421\/revisions\/59814"}],"up":[{"embeddable":true,"href":"https:\/\/www.kersia-group.com\/pt-br\/wp-json\/wp\/v2\/pages\/4153"}],"wp:featuredmedia":[{"embeddable":true,"href":"https:\/\/www.kersia-group.com\/pt-br\/wp-json\/wp\/v2\/media\/49525"}],"wp:attachment":[{"href":"https:\/\/www.kersia-group.com\/pt-br\/wp-json\/wp\/v2\/media?parent=49421"}],"curies":[{"name":"wp","href":"https:\/\/api.w.org\/{rel}","templated":true}]}}