{"id":4735,"date":"2020-01-07T14:13:39","date_gmt":"2020-01-07T13:13:39","guid":{"rendered":"https:\/\/www.kersia-group.com\/inovacao-2\/"},"modified":"2020-03-18T11:12:28","modified_gmt":"2020-03-18T10:12:28","slug":"inovacao-2","status":"publish","type":"page","link":"https:\/\/www.kersia-group.com\/pt-br\/carreiras\/nossas-equipes\/inovacao-2\/","title":{"rendered":"Inova\u00e7\u00e3o"},"content":{"rendered":"<p>[vc_row type=&#8221;vc_default&#8221;][vc_column][vc_column_text]Nossas equipes de Inova\u00e7\u00e3o adotam uma abordagem abrangente que lhes permite desenvolver solu\u00e7\u00f5es inovadoras em escala global. Funcion\u00e1rios experientes na sede e nas unidades locais atendem \u00e0s demandas do mercado da Kersia, exercendo todos os esfor\u00e7os para antecipar-se a essas demandas.<\/p>\n<p>Uma estrat\u00e9gia \u00fanica de inova\u00e7\u00e3o disruptiva une nossa equipe de Marketing, que gerencia o processo de inova\u00e7\u00e3o, e nossa equipe de P&amp;D, respons\u00e1vel por criar as diferentes solu\u00e7\u00f5es.<\/p>\n<p>Nossas equipes trabalham em estreita colabora\u00e7\u00e3o com os departamentos de Aspectos Regulat\u00f3rios, Cadeia de Fornecimento e SSMA. Elas tamb\u00e9m fornecem contribui\u00e7\u00f5es para o desenvolvimento da empresa, com a cria\u00e7\u00e3o de produtos sob medida, a prepara\u00e7\u00e3o de discursos de vendas, treinamentos sobre produtos e propostas para solu\u00e7\u00f5es inovadoras apropriadas. Associado a um processo cont\u00ednuo de intelig\u00eancia competitiva, este suporte permite que nossas equipes analisem as necessidades dos clientes. As inven\u00e7\u00f5es desenvolvidas entram no mercado da biosseguran\u00e7a alimentar.[\/vc_column_text][\/vc_column][\/vc_row][vc_row type=&#8221;vc_default&#8221;][vc_column]<div class=\"ult-spacer spacer-69d051256c442\" data-id=\"69d051256c442\" data-height=\"50\" data-height-mobile=\"25\" data-height-tab=\"40\" data-height-tab-portrait=\"40\" data-height-mobile-landscape=\"25\" style=\"clear:both;display:block;\"><\/div>[\/vc_column][\/vc_row][vc_row type=&#8221;vc_default&#8221; animation=&#8221;pulse&#8221; margin_top=&#8221;100&#8243; margin_bottom=&#8221;100&#8243; full_width_row=&#8221;true&#8221; padding_left=&#8221;50&#8243; padding_right=&#8221;50&#8243; parallax_content=&#8221;parallax_content_value&#8221; parallax_content_sense=&#8221;30&#8243; min_height=&#8221;25&#8243;][vc_column width=&#8221;2\/5&#8243;][vc_column_text]<\/p>\n<h3>Nossos cargos:<\/h3>\n<ul>\n<li>Especialista em seguran\u00e7a alimentar<\/li>\n<li>Gerente de categorias<\/li>\n<li>Gerente de produtos<\/li>\n<li>Gerente adjunto de categorias<\/li>\n<li>Gerente de banco de dados<\/li>\n<li>Gerente de projetos art\u00edsticos<\/li>\n<li>Gerente de projetos de pesquisa e desenvolvimento<\/li>\n<li>T\u00e9cnico de P&amp;D<\/li>\n<li>Engenheiro de microbiologia<\/li>\n<li>T\u00e9cnico em microbiologia<\/li>\n<li>An\u00e1lises qu\u00edmicas e f\u00edsico-qu\u00edmicas<\/li>\n<\/ul>\n<p>[\/vc_column_text]<div class=\"ult-spacer spacer-69d051256c474\" data-id=\"69d051256c474\" data-height=\"0\" data-height-mobile=\"25\" data-height-tab=\"40\" data-height-tab-portrait=\"40\" data-height-mobile-landscape=\"25\" style=\"clear:both;display:block;\"><\/div>[\/vc_column][vc_column width=&#8221;3\/5&#8243;][vc_column_text]<\/p>\n<h3>Nossas \u00e1reas de especializa\u00e7\u00e3o:<\/h3>\n<ul>\n<li>Setores: Alimentos, Fazendas, Suplementa\u00e7\u00e3o para ra\u00e7\u00f5es animais, Linhas h\u00eddricas comerciais<\/li>\n<li>Microbiologia<\/li>\n<li>Formula\u00e7\u00e3o: l\u00edquidos\/s\u00f3lidos<\/li>\n<li>Biosseguran\u00e7a alimentar<\/li>\n<\/ul>\n<p>[\/vc_column_text][\/vc_column][\/vc_row][vc_row type=&#8221;vc_default&#8221;][vc_column]<div class=\"ult-spacer spacer-69d051256c499\" data-id=\"69d051256c499\" data-height=\"50\" data-height-mobile=\"25\" data-height-tab=\"40\" data-height-tab-portrait=\"40\" data-height-mobile-landscape=\"25\" style=\"clear:both;display:block;\"><\/div>[\/vc_column][\/vc_row][vc_row type=&#8221;vc_default&#8221; full_width=&#8221;stretch_row_content&#8221;][vc_column]<div id=\"ult-carousel-205132562669d051256c562\" class=\"ult-carousel-wrapper   ult_horizontal\" data-gutter=\"15\" data-rtl=\"false\" ><div class=\"ult-carousel-258814369669d051256c4cd \" ><div class=\"ult-item-wrap\" data-animation=\"animated no-animation\"><div class=\"ult-new-ib ult-ib-effect-style6  ult-ib-resp  \" data-min-width=\"768\" data-max-width=\"900\" style=\"background:#0a0a0a;\" data-opacity=\"1\" data-hover-opacity=\"0.9\" ><img decoding=\"async\" class=\"ult-new-ib-img\" style=\"opacity:1;\" alt=\"null\" src=\"https:\/\/www.kersia-group.com\/wp-content\/uploads\/2019\/10\/bg_regulatory_affairs2.jpg\"   \/><div id=\"interactive-banner-wrap-3660\" class=\"ult-new-ib-desc\" style=\"\"><h2 class=\"ult-new-ib-title ult-responsive\"  data-ultimate-target='#interactive-banner-wrap-3660 .ult-new-ib-title'  data-responsive-json-new='{\"font-size\":\"desktop:36px;tablet:24px;tablet_portrait:24px;mobile_landscape:24px;mobile:24px;\",\"line-height\":\"desktop:42px;tablet:30px;tablet_portrait:30px;mobile_landscape:30px;mobile:30px;\"}'  style=\"font-weight:normal;color:#ffffff;\">Aspectos regulat\u00f3rios<\/h2><\/div><a class=\"ult-new-ib-link\" href=\"https:\/\/www.kersia-group.com\/pt-br\/carreiras\/nossas-equipes\/aspectos-regulatorios\/\" title=\"Aspectos regulat\u00f3rios\"  ><\/a><\/div><script type=\"text\/javascript\">\n\t\t\t(function($){\n\t\t\t\t$(document).ready(function(){\n\t\t\t\t\t$(\".ult-new-ib\").css(\"opacity\",\"1\");\n\t\t\t\t});\n\t\t\t})(jQuery);\n\t\t\t<\/script><\/div><div class=\"ult-item-wrap\" data-animation=\"animated no-animation\"><div class=\"ult-new-ib ult-ib-effect-style6  ult-ib-resp  \" data-min-width=\"768\" data-max-width=\"900\" style=\"background:#0a0a0a;\" data-opacity=\"1\" data-hover-opacity=\"0.9\" ><img decoding=\"async\" class=\"ult-new-ib-img\" style=\"opacity:1;\" alt=\"null\" src=\"https:\/\/www.kersia-group.com\/wp-content\/uploads\/2019\/08\/bg_agriculture2.jpg\"   \/><div id=\"interactive-banner-wrap-2568\" class=\"ult-new-ib-desc\" style=\"\"><h2 class=\"ult-new-ib-title ult-responsive\"  data-ultimate-target='#interactive-banner-wrap-2568 .ult-new-ib-title'  data-responsive-json-new='{\"font-size\":\"desktop:36px;tablet:24px;tablet_portrait:24px;mobile_landscape:24px;mobile:24px;\",\"line-height\":\"desktop:42px;tablet:30px;tablet_portrait:30px;mobile_landscape:30px;mobile:30px;\"}'  style=\"font-weight:normal;color:#ffffff;\">Agropecu\u00e1ria<\/h2><\/div><a class=\"ult-new-ib-link\" href=\"https:\/\/www.kersia-group.com\/pt-br\/carreiras\/nossas-equipes\/agropecuaria\/\" title=\"Agropecu\u00e1ria\"  ><\/a><\/div><script type=\"text\/javascript\">\n\t\t\t(function($){\n\t\t\t\t$(document).ready(function(){\n\t\t\t\t\t$(\".ult-new-ib\").css(\"opacity\",\"1\");\n\t\t\t\t});\n\t\t\t})(jQuery);\n\t\t\t<\/script><\/div><div class=\"ult-item-wrap\" data-animation=\"animated no-animation\"><div class=\"ult-new-ib ult-ib-effect-style6  ult-ib-resp  \" data-min-width=\"768\" data-max-width=\"900\" style=\"background:#0a0a0a;\" data-opacity=\"1\" data-hover-opacity=\"0.9\" ><img decoding=\"async\" class=\"ult-new-ib-img\" style=\"opacity:1;\" alt=\"null\" src=\"https:\/\/www.kersia-group.com\/wp-content\/uploads\/2019\/08\/bg_food_industry2.jpg\"   \/><div id=\"interactive-banner-wrap-9172\" class=\"ult-new-ib-desc\" style=\"\"><h2 class=\"ult-new-ib-title ult-responsive\"  data-ultimate-target='#interactive-banner-wrap-9172 .ult-new-ib-title'  data-responsive-json-new='{\"font-size\":\"desktop:36px;tablet:24px;tablet_portrait:24px;mobile_landscape:24px;mobile:24px;\",\"line-height\":\"desktop:42px;tablet:30px;tablet_portrait:30px;mobile_landscape:30px;mobile:30px;\"}'  style=\"font-weight:normal;color:#ffffff;\">Ind\u00fastria alimentar<\/h2><\/div><a class=\"ult-new-ib-link\" href=\"https:\/\/www.kersia-group.com\/pt-br\/carreiras\/nossas-equipes\/industria-alimentar\/\" title=\"Ind\u00fastria alimentar\"  ><\/a><\/div><script type=\"text\/javascript\">\n\t\t\t(function($){\n\t\t\t\t$(document).ready(function(){\n\t\t\t\t\t$(\".ult-new-ib\").css(\"opacity\",\"1\");\n\t\t\t\t});\n\t\t\t})(jQuery);\n\t\t\t<\/script><\/div><div class=\"ult-item-wrap\" data-animation=\"animated no-animation\"><div class=\"ult-new-ib ult-ib-effect-style6  ult-ib-resp  \" data-min-width=\"768\" data-max-width=\"900\" style=\"background:#0a0a0a;\" data-opacity=\"1\" data-hover-opacity=\"0.9\" ><img decoding=\"async\" class=\"ult-new-ib-img\" style=\"opacity:1;\" alt=\"null\" src=\"https:\/\/www.kersia-group.com\/wp-content\/uploads\/2019\/08\/bg_industrial_foodprint2.jpg\"   \/><div id=\"interactive-banner-wrap-2562\" class=\"ult-new-ib-desc\" style=\"\"><h2 class=\"ult-new-ib-title ult-responsive\"  data-ultimate-target='#interactive-banner-wrap-2562 .ult-new-ib-title'  data-responsive-json-new='{\"font-size\":\"desktop:36px;tablet:24px;tablet_portrait:24px;mobile_landscape:24px;mobile:24px;\",\"line-height\":\"desktop:42px;tablet:30px;tablet_portrait:30px;mobile_landscape:30px;mobile:30px;\"}'  style=\"font-weight:normal;color:#ffffff;\">Atua\u00e7\u00e3o industrial<\/h2><\/div><a class=\"ult-new-ib-link\" href=\"https:\/\/www.kersia-group.com\/pt-br\/carreiras\/nossas-equipes\/atuacao-industrial\/\" title=\"Atua\u00e7\u00e3o industrial\"  ><\/a><\/div><script type=\"text\/javascript\">\n\t\t\t(function($){\n\t\t\t\t$(document).ready(function(){\n\t\t\t\t\t$(\".ult-new-ib\").css(\"opacity\",\"1\");\n\t\t\t\t});\n\t\t\t})(jQuery);\n\t\t\t<\/script><\/div><div class=\"ult-item-wrap\" data-animation=\"animated no-animation\"><div class=\"ult-new-ib ult-ib-effect-style6  ult-ib-resp  \" data-min-width=\"768\" data-max-width=\"900\" style=\"background:#0a0a0a;\" data-opacity=\"1\" data-hover-opacity=\"0.9\" ><img decoding=\"async\" class=\"ult-new-ib-img\" style=\"opacity:1;\" alt=\"null\" src=\"https:\/\/www.kersia-group.com\/wp-content\/uploads\/2019\/09\/3_our-teams.jpg\"   \/><div id=\"interactive-banner-wrap-9030\" class=\"ult-new-ib-desc\" style=\"\"><h2 class=\"ult-new-ib-title ult-responsive\"  data-ultimate-target='#interactive-banner-wrap-9030 .ult-new-ib-title'  data-responsive-json-new='{\"font-size\":\"desktop:36px;tablet:24px;tablet_portrait:24px;mobile_landscape:24px;mobile:24px;\",\"line-height\":\"desktop:42px;tablet:30px;tablet_portrait:30px;mobile_landscape:30px;mobile:30px;\"}'  style=\"font-weight:normal;color:#ffffff;\">Inova\u00e7\u00e3o<\/h2><\/div><a class=\"ult-new-ib-link\" href=\"https:\/\/www.kersia-group.com\/pt-br\/carreiras\/nossas-equipes\/inovacao-2\/\" title=\"Inova\u00e7\u00e3o\"  ><\/a><\/div><script type=\"text\/javascript\">\n\t\t\t(function($){\n\t\t\t\t$(document).ready(function(){\n\t\t\t\t\t$(\".ult-new-ib\").css(\"opacity\",\"1\");\n\t\t\t\t});\n\t\t\t})(jQuery);\n\t\t\t<\/script><\/div><div class=\"ult-item-wrap\" data-animation=\"animated no-animation\"><div class=\"ult-new-ib ult-ib-effect-style6  ult-ib-resp  \" data-min-width=\"768\" data-max-width=\"900\" style=\"background:#0a0a0a;\" data-opacity=\"1\" data-hover-opacity=\"0.9\" ><img decoding=\"async\" class=\"ult-new-ib-img\" style=\"opacity:1;\" alt=\"null\" src=\"https:\/\/www.kersia-group.com\/wp-content\/uploads\/2019\/10\/bg_support_functions2.jpg\"   \/><div id=\"interactive-banner-wrap-3359\" class=\"ult-new-ib-desc\" style=\"\"><h2 class=\"ult-new-ib-title ult-responsive\"  data-ultimate-target='#interactive-banner-wrap-3359 .ult-new-ib-title'  data-responsive-json-new='{\"font-size\":\"desktop:36px;tablet:24px;tablet_portrait:24px;mobile_landscape:24px;mobile:24px;\",\"line-height\":\"desktop:42px;tablet:30px;tablet_portrait:30px;mobile_landscape:30px;mobile:30px;\"}'  style=\"font-weight:normal;color:#ffffff;\">Fun\u00e7\u00f5es de suporte<\/h2><\/div><a class=\"ult-new-ib-link\" href=\"https:\/\/www.kersia-group.com\/pt-br\/carreiras\/nossas-equipes\/funcoes-de-suporte\/\" title=\"Fun\u00e7\u00f5es de suporte\"  ><\/a><\/div><script type=\"text\/javascript\">\n\t\t\t(function($){\n\t\t\t\t$(document).ready(function(){\n\t\t\t\t\t$(\".ult-new-ib\").css(\"opacity\",\"1\");\n\t\t\t\t});\n\t\t\t})(jQuery);\n\t\t\t<\/script><\/div><\/div><\/div>\t\t\t<script type=\"text\/javascript\">\n\t\t\t\tjQuery(document).ready(function ($) {\n\t\t\t\t\tif( typeof jQuery('.ult-carousel-258814369669d051256c4cd').slick == \"function\"){\n\t\t\t\t\t\t$('.ult-carousel-258814369669d051256c4cd').slick({dots: true,autoplay: true,autoplaySpeed: 5000,speed: 300,infinite: true,arrows: true,nextArrow: '<button type=\"button\" role=\"button\" aria-label=\"Next\" style=\"color:#333333; font-size:20px;\" class=\"slick-next default\"><i class=\"ultsl-arrow-right4\"><\/i><\/button>',prevArrow: '<button type=\"button\" role=\"button\" aria-label=\"Previous\" style=\"color:#333333; font-size:20px;\" class=\"slick-prev default\"><i class=\"ultsl-arrow-left4\"><\/i><\/button>',slidesToScroll:3,slidesToShow:3,swipe: true,draggable: true,touchMove: true,pauseOnHover: true,pauseOnFocus: false,responsive: [\n\t\t\t\t\t\t\t{\n\t\t\t\t\t\t\t  breakpoint: 1026,\n\t\t\t\t\t\t\t  settings: {\n\t\t\t\t\t\t\t\tslidesToShow: 3,\n\t\t\t\t\t\t\t\tslidesToScroll: 3,  \n\t\t\t\t\t\t\t  }\n\t\t\t\t\t\t\t},\n\t\t\t\t\t\t\t{\n\t\t\t\t\t\t\t  breakpoint: 1025,\n\t\t\t\t\t\t\t  settings: {\n\t\t\t\t\t\t\t\tslidesToShow: 2,\n\t\t\t\t\t\t\t\tslidesToScroll: 2\n\t\t\t\t\t\t\t  }\n\t\t\t\t\t\t\t},\n\t\t\t\t\t\t\t{\n\t\t\t\t\t\t\t  breakpoint: 760,\n\t\t\t\t\t\t\t  settings: {\n\t\t\t\t\t\t\t\tslidesToShow: 1,\n\t\t\t\t\t\t\t\tslidesToScroll: 1\n\t\t\t\t\t\t\t  }\n\t\t\t\t\t\t\t}\n\t\t\t\t\t\t],pauseOnDotsHover: true,customPaging: function(slider, i) {\n                   return '<i type=\"button\" style= \"color:#333333;\" class=\"ultsl-record\" data-role=\"none\"><\/i>';\n                },});\n\t\t\t\t\t}\n\t\t\t\t});\n\t\t\t<\/script>\n\t\t\t[\/vc_column][\/vc_row]<\/p>\n","protected":false},"excerpt":{"rendered":"<p>[vc_row type=&#8221;vc_default&#8221;][vc_column][vc_column_text]Nossas equipes de Inova\u00e7\u00e3o adotam uma abordagem abrangente que lhes permite desenvolver solu\u00e7\u00f5es inovadoras em escala global. Funcion\u00e1rios experientes na sede e nas unidades locais atendem \u00e0s demandas do&hellip;<\/p>\n","protected":false},"author":2,"featured_media":0,"parent":4819,"menu_order":0,"comment_status":"closed","ping_status":"closed","template":"","meta":{"_acf_changed":false,"footnotes":""},"class_list":["post-4735","page","type-page","status-publish","hentry","description-off"],"acf":[],"yoast_head":"<!-- This site is optimized with the Yoast SEO plugin v21.9.1 - https:\/\/yoast.com\/wordpress\/plugins\/seo\/ -->\n<title>Inova\u00e7\u00e3o - Kersia Group<\/title>\n<meta name=\"robots\" content=\"index, follow, max-snippet:-1, max-image-preview:large, max-video-preview:-1\" \/>\n<link rel=\"canonical\" href=\"https:\/\/www.kersia-group.com\/pt-br\/carreiras\/nossas-equipes\/inovacao-2\/\" \/>\n<meta property=\"og:locale\" content=\"pt_BR\" \/>\n<meta property=\"og:type\" content=\"article\" \/>\n<meta property=\"og:title\" content=\"Inova\u00e7\u00e3o - Kersia Group\" \/>\n<meta property=\"og:description\" content=\"[vc_row type=&#8221;vc_default&#8221;][vc_column][vc_column_text]Nossas equipes de Inova\u00e7\u00e3o adotam uma abordagem abrangente que lhes permite desenvolver solu\u00e7\u00f5es inovadoras em escala global. Funcion\u00e1rios experientes na sede e nas unidades locais atendem \u00e0s demandas do&hellip;\" \/>\n<meta property=\"og:url\" content=\"https:\/\/www.kersia-group.com\/pt-br\/carreiras\/nossas-equipes\/inovacao-2\/\" \/>\n<meta property=\"og:site_name\" content=\"Kersia Group\" \/>\n<meta property=\"article:modified_time\" content=\"2020-03-18T10:12:28+00:00\" \/>\n<meta name=\"twitter:card\" content=\"summary_large_image\" \/>\n<meta name=\"twitter:label1\" content=\"Est. tempo de leitura\" \/>\n\t<meta name=\"twitter:data1\" content=\"5 minutos\" \/>\n<script type=\"application\/ld+json\" class=\"yoast-schema-graph\">{\"@context\":\"https:\/\/schema.org\",\"@graph\":[{\"@type\":\"WebPage\",\"@id\":\"https:\/\/www.kersia-group.com\/pt-br\/carreiras\/nossas-equipes\/inovacao-2\/\",\"url\":\"https:\/\/www.kersia-group.com\/pt-br\/carreiras\/nossas-equipes\/inovacao-2\/\",\"name\":\"Inova\u00e7\u00e3o - Kersia Group\",\"isPartOf\":{\"@id\":\"\/#website\"},\"datePublished\":\"2020-01-07T13:13:39+00:00\",\"dateModified\":\"2020-03-18T10:12:28+00:00\",\"breadcrumb\":{\"@id\":\"https:\/\/www.kersia-group.com\/pt-br\/carreiras\/nossas-equipes\/inovacao-2\/#breadcrumb\"},\"inLanguage\":\"pt-BR\",\"potentialAction\":[{\"@type\":\"ReadAction\",\"target\":[\"https:\/\/www.kersia-group.com\/pt-br\/carreiras\/nossas-equipes\/inovacao-2\/\"]}]},{\"@type\":\"BreadcrumbList\",\"@id\":\"https:\/\/www.kersia-group.com\/pt-br\/carreiras\/nossas-equipes\/inovacao-2\/#breadcrumb\",\"itemListElement\":[{\"@type\":\"ListItem\",\"position\":1,\"name\":\"Home\",\"item\":\"https:\/\/www.kersia-group.com\/pt-br\/\"},{\"@type\":\"ListItem\",\"position\":2,\"name\":\"Carreiras\",\"item\":\"https:\/\/www.kersia-group.com\/pt-br\/carreiras\/\"},{\"@type\":\"ListItem\",\"position\":3,\"name\":\"Nossas equipes\",\"item\":\"https:\/\/www.kersia-group.com\/pt-br\/carreiras\/nossas-equipes\/\"},{\"@type\":\"ListItem\",\"position\":4,\"name\":\"Inova\u00e7\u00e3o\"}]},{\"@type\":\"WebSite\",\"@id\":\"\/#website\",\"url\":\"\/\",\"name\":\"Kersia Group\",\"description\":\"INVENTING A FOOD SAFE WORLD\",\"potentialAction\":[{\"@type\":\"SearchAction\",\"target\":{\"@type\":\"EntryPoint\",\"urlTemplate\":\"\/?s={search_term_string}\"},\"query-input\":\"required name=search_term_string\"}],\"inLanguage\":\"pt-BR\"}]}<\/script>\n<!-- \/ Yoast SEO plugin. -->","yoast_head_json":{"title":"Inova\u00e7\u00e3o - Kersia Group","robots":{"index":"index","follow":"follow","max-snippet":"max-snippet:-1","max-image-preview":"max-image-preview:large","max-video-preview":"max-video-preview:-1"},"canonical":"https:\/\/www.kersia-group.com\/pt-br\/carreiras\/nossas-equipes\/inovacao-2\/","og_locale":"pt_BR","og_type":"article","og_title":"Inova\u00e7\u00e3o - Kersia Group","og_description":"[vc_row type=&#8221;vc_default&#8221;][vc_column][vc_column_text]Nossas equipes de Inova\u00e7\u00e3o adotam uma abordagem abrangente que lhes permite desenvolver solu\u00e7\u00f5es inovadoras em escala global. Funcion\u00e1rios experientes na sede e nas unidades locais atendem \u00e0s demandas do&hellip;","og_url":"https:\/\/www.kersia-group.com\/pt-br\/carreiras\/nossas-equipes\/inovacao-2\/","og_site_name":"Kersia Group","article_modified_time":"2020-03-18T10:12:28+00:00","twitter_card":"summary_large_image","twitter_misc":{"Est. tempo de leitura":"5 minutos"},"schema":{"@context":"https:\/\/schema.org","@graph":[{"@type":"WebPage","@id":"https:\/\/www.kersia-group.com\/pt-br\/carreiras\/nossas-equipes\/inovacao-2\/","url":"https:\/\/www.kersia-group.com\/pt-br\/carreiras\/nossas-equipes\/inovacao-2\/","name":"Inova\u00e7\u00e3o - Kersia Group","isPartOf":{"@id":"\/#website"},"datePublished":"2020-01-07T13:13:39+00:00","dateModified":"2020-03-18T10:12:28+00:00","breadcrumb":{"@id":"https:\/\/www.kersia-group.com\/pt-br\/carreiras\/nossas-equipes\/inovacao-2\/#breadcrumb"},"inLanguage":"pt-BR","potentialAction":[{"@type":"ReadAction","target":["https:\/\/www.kersia-group.com\/pt-br\/carreiras\/nossas-equipes\/inovacao-2\/"]}]},{"@type":"BreadcrumbList","@id":"https:\/\/www.kersia-group.com\/pt-br\/carreiras\/nossas-equipes\/inovacao-2\/#breadcrumb","itemListElement":[{"@type":"ListItem","position":1,"name":"Home","item":"https:\/\/www.kersia-group.com\/pt-br\/"},{"@type":"ListItem","position":2,"name":"Carreiras","item":"https:\/\/www.kersia-group.com\/pt-br\/carreiras\/"},{"@type":"ListItem","position":3,"name":"Nossas equipes","item":"https:\/\/www.kersia-group.com\/pt-br\/carreiras\/nossas-equipes\/"},{"@type":"ListItem","position":4,"name":"Inova\u00e7\u00e3o"}]},{"@type":"WebSite","@id":"\/#website","url":"\/","name":"Kersia Group","description":"INVENTING A FOOD SAFE WORLD","potentialAction":[{"@type":"SearchAction","target":{"@type":"EntryPoint","urlTemplate":"\/?s={search_term_string}"},"query-input":"required name=search_term_string"}],"inLanguage":"pt-BR"}]}},"_links":{"self":[{"href":"https:\/\/www.kersia-group.com\/pt-br\/wp-json\/wp\/v2\/pages\/4735","targetHints":{"allow":["GET"]}}],"collection":[{"href":"https:\/\/www.kersia-group.com\/pt-br\/wp-json\/wp\/v2\/pages"}],"about":[{"href":"https:\/\/www.kersia-group.com\/pt-br\/wp-json\/wp\/v2\/types\/page"}],"author":[{"embeddable":true,"href":"https:\/\/www.kersia-group.com\/pt-br\/wp-json\/wp\/v2\/users\/2"}],"replies":[{"embeddable":true,"href":"https:\/\/www.kersia-group.com\/pt-br\/wp-json\/wp\/v2\/comments?post=4735"}],"version-history":[{"count":0,"href":"https:\/\/www.kersia-group.com\/pt-br\/wp-json\/wp\/v2\/pages\/4735\/revisions"}],"up":[{"embeddable":true,"href":"https:\/\/www.kersia-group.com\/pt-br\/wp-json\/wp\/v2\/pages\/4819"}],"wp:attachment":[{"href":"https:\/\/www.kersia-group.com\/pt-br\/wp-json\/wp\/v2\/media?parent=4735"}],"curies":[{"name":"wp","href":"https:\/\/api.w.org\/{rel}","templated":true}]}}