{"id":4727,"date":"2020-01-07T14:12:44","date_gmt":"2020-01-07T13:12:44","guid":{"rendered":"https:\/\/www.kersia-group.com\/sobre-nos\/valores\/"},"modified":"2020-01-23T17:52:16","modified_gmt":"2020-01-23T16:52:16","slug":"valores","status":"publish","type":"page","link":"https:\/\/www.kersia-group.com\/pt-br\/sobre-nos\/valores\/","title":{"rendered":"Valores"},"content":{"rendered":"<p>[vc_row type=&#8221;vc_default&#8221; bg_type=&#8221;image&#8221; css=&#8221;.vc_custom_1568272823543{background-position: center !important;background-repeat: no-repeat !important;background-size: cover !important;}&#8221;][vc_column][vc_row_inner][vc_column_inner width=&#8221;1\/2&#8243; offset=&#8221;vc_col-lg-6 vc_col-md-6&#8243;][vc_column_text el_class=&#8221;carnas_green&#8221;]<\/p>\n<h2>Transpar\u00eancia, Compartilhamento, Profici\u00eancia, Vis\u00e3o do Futuro<\/h2>\n<p>[\/vc_column_text][\/vc_column_inner][vc_column_inner width=&#8221;1\/2&#8243; offset=&#8221;vc_col-lg-6 vc_col-md-6&#8243;][vc_column_text el_class=&#8221;edito2&#8243;]Em todo o mundo, nossos funcion\u00e1rios compartilham e cultivam esses valores fundamentais, que representam nossa ess\u00eancia mais profunda e s\u00e3o a base das nossas rela\u00e7\u00f5es com voc\u00ea, nosso cliente e parceiro.[\/vc_column_text][\/vc_column_inner][\/vc_row_inner]<div class=\"ult-spacer spacer-69d6ee4dd5d87\" data-id=\"69d6ee4dd5d87\" data-height=\"50\" data-height-mobile=\"25\" data-height-tab=\"40\" data-height-tab-portrait=\"40\" data-height-mobile-landscape=\"25\" style=\"clear:both;display:block;\"><\/div>[\/vc_column][\/vc_row][vc_row type=&#8221;vc_default&#8221; full_width=&#8221;stretch_row_content&#8221; gap=&#8221;35&#8243; equal_height=&#8221;yes&#8221;][vc_column width=&#8221;1\/2&#8243; css=&#8221;.vc_custom_1570460876126{margin-top: 0px !important;margin-right: 0px !important;margin-bottom: 0px !important;margin-left: 0px !important;padding-top: 0px !important;padding-right: 0px !important;padding-bottom: 0px !important;padding-left: 0px !important;}&#8221; offset=&#8221;vc_col-lg-offset-0 vc_col-lg-3 vc_col-md-offset-0 vc_col-md-6 vc_col-sm-offset-0 vc_hidden-xs&#8221;][vc_hoverbox image=&#8221;323&#8243; primary_title=&#8221;Transpar\u00eancia&#8221; primary_title_font_container=&#8221;color:%23ffffff&#8221; primary_title_use_theme_fonts=&#8221;yes&#8221; hover_title=&#8221;Transpar\u00eancia&#8221; hover_title_font_container=&#8221;color:%23ffffff&#8221; hover_title_use_theme_fonts=&#8221;yes&#8221; shape=&#8221;square&#8221; hover_background_color=&#8221;custom&#8221; css_animation=&#8221;bounceIn&#8221; use_custom_fonts_primary_title=&#8221;true&#8221; use_custom_fonts_hover_title=&#8221;true&#8221; hover_custom_background=&#8221;#69aa46&#8243; css=&#8221;.vc_custom_1571835078350{margin-top: 0px !important;margin-right: 0px !important;margin-bottom: 0px !important;margin-left: 0px !important;padding-top: 0px !important;padding-right: 0px !important;padding-bottom: 0px !important;padding-left: 0px !important;}&#8221; el_class=&#8221;content_value&#8221;]<span style=\"color: #ffffff;\">Constru\u00edmos rela\u00e7\u00f5es de longo prazo sendo abertos, \u00e9ticos e corretos. Em um campo que se depara com quest\u00f5es sanit\u00e1rias e de conformidade, as pessoas confiam em n\u00f3s porque cumprimos com nossa palavra.<\/span>[\/vc_hoverbox]<div class=\"ult-spacer spacer-69d6ee4dd5dd2\" data-id=\"69d6ee4dd5dd2\" data-height=\"30\" data-height-mobile=\"15\" data-height-tab=\"15\" data-height-tab-portrait=\"15\" data-height-mobile-landscape=\"15\" style=\"clear:both;display:block;\"><\/div>[vc_column_text]<\/p>\n<p class=\"card-title\" style=\"text-align: center;\">Para acreditar que os alimentos s\u00e3o seguros, os consumidores exigem uma transpar\u00eancia total.<\/p>\n<p>[\/vc_column_text][\/vc_column][vc_column width=&#8221;1\/2&#8243; offset=&#8221;vc_col-lg-offset-0 vc_col-lg-3 vc_col-md-offset-0 vc_col-md-6 vc_col-sm-offset-0 vc_hidden-xs&#8221;][vc_hoverbox image=&#8221;324&#8243; primary_title=&#8221;Compartilhamento&#8221; primary_title_font_container=&#8221;color:%23ffffff&#8221; primary_title_use_theme_fonts=&#8221;yes&#8221; hover_title=&#8221;Compartilhamento&#8221; hover_title_font_container=&#8221;color:%23ffffff&#8221; hover_title_use_theme_fonts=&#8221;yes&#8221; shape=&#8221;square&#8221; hover_background_color=&#8221;custom&#8221; css_animation=&#8221;bounceIn&#8221; use_custom_fonts_primary_title=&#8221;true&#8221; use_custom_fonts_hover_title=&#8221;true&#8221; hover_custom_background=&#8221;#0060ac&#8221; css=&#8221;.vc_custom_1571835084535{margin-top: 0px !important;margin-right: 0px !important;margin-bottom: 0px !important;margin-left: 0px !important;padding-top: 0px !important;padding-right: 0px !important;padding-bottom: 0px !important;padding-left: 0px !important;}&#8221; el_class=&#8221;content_value&#8221;]<span style=\"color: #ffffff;\">Aprendemos e progredimos a partir da experi\u00eancia dos clientes, colegas e parceiros. Uma comunica\u00e7\u00e3o honesta entre pessoas com diferentes experi\u00eancias nos ajuda a desenvolver novas solu\u00e7\u00f5es e a fazer a diferen\u00e7a.<\/span>[\/vc_hoverbox]<div class=\"ult-spacer spacer-69d6ee4dd5e18\" data-id=\"69d6ee4dd5e18\" data-height=\"30\" data-height-mobile=\"15\" data-height-tab=\"15\" data-height-tab-portrait=\"15\" data-height-mobile-landscape=\"15\" style=\"clear:both;display:block;\"><\/div>[vc_column_text]<\/p>\n<p class=\"card-title\" style=\"text-align: center;\">Uma cultura aberta \u00e9 o segredo do progresso.<\/p>\n<p>[\/vc_column_text][\/vc_column][vc_column width=&#8221;1\/2&#8243; offset=&#8221;vc_col-lg-3 vc_col-md-6 vc_hidden-xs&#8221;][vc_hoverbox image=&#8221;325&#8243; primary_title=&#8221;Profici\u00eancia&#8221; primary_title_font_container=&#8221;color:%23ffffff&#8221; primary_title_use_theme_fonts=&#8221;yes&#8221; hover_title=&#8221;Profici\u00eancia&#8221; hover_title_font_container=&#8221;color:%23ffffff&#8221; hover_title_use_theme_fonts=&#8221;yes&#8221; shape=&#8221;square&#8221; hover_background_color=&#8221;custom&#8221; css_animation=&#8221;bounceIn&#8221; use_custom_fonts_primary_title=&#8221;true&#8221; use_custom_fonts_hover_title=&#8221;true&#8221; hover_custom_background=&#8221;#01a8dd&#8221; css=&#8221;.vc_custom_1570462866851{margin-top: 0px !important;margin-right: 0px !important;margin-bottom: 0px !important;margin-left: 0px !important;padding-top: 0px !important;padding-right: 0px !important;padding-bottom: 0px !important;padding-left: 0px !important;}&#8221; el_class=&#8221;content_value&#8221;]<span style=\"color: #ffffff;\">Envolvemos nossos clientes com entusiasmo para identificar os problemas e focar nas suas necessidades para que tudo d\u00ea certo. Oferecemos resultados confi\u00e1veis e um desempenho abrangente ao mobilizar o melhor das nossas habilidades e talentos t\u00e9cnicos.<\/span>[\/vc_hoverbox]<div class=\"ult-spacer spacer-69d6ee4dd5e4a\" data-id=\"69d6ee4dd5e4a\" data-height=\"30\" data-height-mobile=\"15\" data-height-tab=\"15\" data-height-tab-portrait=\"15\" data-height-mobile-landscape=\"15\" style=\"clear:both;display:block;\"><\/div>[vc_column_text]<\/p>\n<p class=\"card-title\" style=\"text-align: center;\">A biosseguran\u00e7a exige uma abordagem integrada para analisar e gerenciar os riscos.<\/p>\n<p>[\/vc_column_text][\/vc_column][vc_column width=&#8221;1\/2&#8243; offset=&#8221;vc_col-lg-3 vc_col-md-6 vc_hidden-xs&#8221;][vc_hoverbox image=&#8221;326&#8243; primary_title=&#8221;Vis\u00e3o do futuro&#8221; primary_title_font_container=&#8221;color:%23ffffff&#8221; primary_title_use_theme_fonts=&#8221;yes&#8221; hover_title=&#8221;Vis\u00e3o do futuro&#8221; hover_title_font_container=&#8221;color:%23ffffff&#8221; hover_title_use_theme_fonts=&#8221;yes&#8221; shape=&#8221;square&#8221; hover_background_color=&#8221;custom&#8221; css_animation=&#8221;bounceIn&#8221; use_custom_fonts_primary_title=&#8221;true&#8221; use_custom_fonts_hover_title=&#8221;true&#8221; hover_custom_background=&#8221;#008d33&#8243; css=&#8221;.vc_custom_1570462876463{margin-top: 0px !important;margin-right: 0px !important;margin-bottom: 0px !important;margin-left: 0px !important;padding-top: 0px !important;padding-right: 0px !important;padding-bottom: 0px !important;padding-left: 0px !important;}&#8221; el_class=&#8221;content_value&#8221;]<span style=\"color: #ffffff;\">Antevemos constantemente as mudan\u00e7as transformacionais. Pensamos \u201cfora dos esquemas\u201d quando enfrentamos novos desafios. Est\u00e1 na nossa natureza inovar e abordar nosso trabalho com op\u00e7\u00f5es novas, mas sustent\u00e1veis.<\/span>[\/vc_hoverbox]<div class=\"ult-spacer spacer-69d6ee4dd5e7f\" data-id=\"69d6ee4dd5e7f\" data-height=\"30\" data-height-mobile=\"15\" data-height-tab=\"15\" data-height-tab-portrait=\"15\" data-height-mobile-landscape=\"15\" style=\"clear:both;display:block;\"><\/div>[vc_column_text]<\/p>\n<p class=\"card-title\" style=\"text-align: center;\">Todos os dias, a seguran\u00e7a alimentar enfrenta desafios com problemas novos e, muitas vezes, imprevis\u00edveis.<\/p>\n<p>[\/vc_column_text][\/vc_column][\/vc_row][vc_row][vc_column offset=&#8221;vc_hidden-lg vc_hidden-md vc_hidden-sm&#8221;]<div id=\"ult-carousel-247916972069d6ee4dd5f7d\" class=\"ult-carousel-wrapper   ult_horizontal\" data-gutter=\"15\" data-rtl=\"false\" ><div class=\"ult-carousel-200670656569d6ee4dd5ecf \" >[vc_row_inner][vc_column_inner][vc_hoverbox image=&#8221;323&#8243; primary_title=&#8221;Transpar\u00eancia&#8221; primary_title_font_container=&#8221;color:%23ffffff&#8221; primary_title_use_theme_fonts=&#8221;yes&#8221; hover_title=&#8221;Transpar\u00eancia&#8221; hover_title_font_container=&#8221;color:%23ffffff&#8221; hover_title_use_theme_fonts=&#8221;yes&#8221; shape=&#8221;square&#8221; hover_background_color=&#8221;custom&#8221; css_animation=&#8221;bounceIn&#8221; use_custom_fonts_primary_title=&#8221;true&#8221; use_custom_fonts_hover_title=&#8221;true&#8221; hover_custom_background=&#8221;#69aa46&#8243; css=&#8221;.vc_custom_1572516945754{margin-top: 0px !important;margin-right: 0px !important;margin-bottom: 0px !important;margin-left: 0px !important;padding-top: 0px !important;padding-right: 0px !important;padding-bottom: 0px !important;padding-left: 0px !important;}&#8221; el_class=&#8221;content_value&#8221;]<span style=\"color: #ffffff;\">Constru\u00edmos rela\u00e7\u00f5es de longo prazo sendo abertos, \u00e9ticos e corretos. Em um campo que se depara com quest\u00f5es sanit\u00e1rias e de conformidade, as pessoas confiam em n\u00f3s porque cumprimos com nossa palavra.<\/span>[\/vc_hoverbox]<div class=\"ult-item-wrap\" data-animation=\"animated no-animation\"><div class=\"ult-spacer spacer-69d6ee4dd6025\" data-id=\"69d6ee4dd6025\" data-height=\"30\" data-height-mobile=\"30\" data-height-tab=\"30\" data-height-tab-portrait=\"\" data-height-mobile-landscape=\"\" style=\"clear:both;display:block;\"><\/div><\/div>[vc_column_text]<\/p>\n<p class=\"card-title\" style=\"text-align: center;\">Para acreditar que os alimentos s\u00e3o seguros, os consumidores exigem uma transpar\u00eancia total.<\/p>\n<p>[\/vc_column_text][\/vc_column_inner][\/vc_row_inner][vc_row_inner][vc_column_inner][vc_hoverbox image=&#8221;324&#8243; primary_title=&#8221;Compartilhamento&#8221; primary_title_font_container=&#8221;font_size:42px|color:%23ffffff&#8221; primary_title_use_theme_fonts=&#8221;yes&#8221; hover_title=&#8221;Compartilhamento&#8221; hover_title_font_container=&#8221;font_size:42px|color:%23ffffff&#8221; hover_title_use_theme_fonts=&#8221;yes&#8221; shape=&#8221;square&#8221; hover_background_color=&#8221;custom&#8221; css_animation=&#8221;bounceIn&#8221; use_custom_fonts_primary_title=&#8221;true&#8221; use_custom_fonts_hover_title=&#8221;true&#8221; hover_custom_background=&#8221;#0060ac&#8221; css=&#8221;.vc_custom_1568282579051{margin-top: 0px !important;margin-right: 0px !important;margin-bottom: 0px !important;margin-left: 0px !important;padding-top: 0px !important;padding-right: 0px !important;padding-bottom: 0px !important;padding-left: 0px !important;}&#8221; el_class=&#8221;content_value&#8221;]<span style=\"color: #ffffff;\">Aprendemos e progredimos a partir da experi\u00eancia dos clientes, colegas e parceiros. Uma comunica\u00e7\u00e3o honesta entre pessoas com diferentes experi\u00eancias nos ajuda a desenvolver novas solu\u00e7\u00f5es e a fazer a diferen\u00e7a.<\/span>[\/vc_hoverbox]<div class=\"ult-item-wrap\" data-animation=\"animated no-animation\"><div class=\"ult-spacer spacer-69d6ee4dd6048\" data-id=\"69d6ee4dd6048\" data-height=\"30\" data-height-mobile=\"30\" data-height-tab=\"30\" data-height-tab-portrait=\"\" data-height-mobile-landscape=\"\" style=\"clear:both;display:block;\"><\/div><\/div>[vc_column_text]<\/p>\n<p class=\"card-title\" style=\"text-align: center;\">Uma cultura aberta \u00e9 o segredo do progresso.<\/p>\n<p>[\/vc_column_text][\/vc_column_inner][\/vc_row_inner][vc_row_inner][vc_column_inner][vc_hoverbox image=&#8221;325&#8243; primary_title=&#8221;Profici\u00eancia&#8221; primary_title_font_container=&#8221;font_size:42px|color:%23ffffff&#8221; primary_title_use_theme_fonts=&#8221;yes&#8221; hover_title=&#8221;Profici\u00eancia&#8221; hover_title_font_container=&#8221;font_size:42px|color:%23ffffff&#8221; hover_title_use_theme_fonts=&#8221;yes&#8221; shape=&#8221;square&#8221; hover_background_color=&#8221;custom&#8221; css_animation=&#8221;bounceIn&#8221; use_custom_fonts_primary_title=&#8221;true&#8221; use_custom_fonts_hover_title=&#8221;true&#8221; hover_custom_background=&#8221;#01a8dd&#8221; css=&#8221;.vc_custom_1568282571009{margin-top: 0px !important;margin-right: 0px !important;margin-bottom: 0px !important;margin-left: 0px !important;padding-top: 0px !important;padding-right: 0px !important;padding-bottom: 0px !important;padding-left: 0px !important;}&#8221; el_class=&#8221;content_value&#8221;]<span style=\"color: #ffffff;\">Envolvemos nossos clientes com entusiasmo para identificar os problemas e focar nas suas necessidades para que tudo d\u00ea certo. Oferecemos resultados confi\u00e1veis e um desempenho abrangente ao mobilizar o melhor das nossas habilidades e talentos t\u00e9cnicos.<\/span>[\/vc_hoverbox]<div class=\"ult-item-wrap\" data-animation=\"animated no-animation\"><div class=\"ult-spacer spacer-69d6ee4dd6074\" data-id=\"69d6ee4dd6074\" data-height=\"30\" data-height-mobile=\"30\" data-height-tab=\"30\" data-height-tab-portrait=\"\" data-height-mobile-landscape=\"\" style=\"clear:both;display:block;\"><\/div><\/div>[vc_column_text]<\/p>\n<p class=\"card-title\" style=\"text-align: center;\">A biosseguran\u00e7a exige uma abordagem integrada para analisar e gerenciar os riscos.<\/p>\n<p>[\/vc_column_text][\/vc_column_inner][\/vc_row_inner][vc_row_inner][vc_column_inner][vc_hoverbox image=&#8221;326&#8243; primary_title=&#8221;Vis\u00e3o do futuro&#8221; primary_title_font_container=&#8221;font_size:42px|color:%23ffffff&#8221; primary_title_use_theme_fonts=&#8221;yes&#8221; hover_title=&#8221;Vis\u00e3o do futuro&#8221; hover_title_font_container=&#8221;font_size:42px|color:%23ffffff&#8221; hover_title_use_theme_fonts=&#8221;yes&#8221; shape=&#8221;square&#8221; hover_background_color=&#8221;custom&#8221; css_animation=&#8221;bounceIn&#8221; use_custom_fonts_primary_title=&#8221;true&#8221; use_custom_fonts_hover_title=&#8221;true&#8221; hover_custom_background=&#8221;#008d33&#8243; css=&#8221;.vc_custom_1568282372989{margin-top: 0px !important;margin-right: 0px !important;margin-bottom: 0px !important;margin-left: 0px !important;padding-top: 0px !important;padding-right: 0px !important;padding-bottom: 0px !important;padding-left: 0px !important;}&#8221; el_class=&#8221;content_value&#8221;]<span style=\"color: #ffffff;\">Antevemos constantemente as mudan\u00e7as transformacionais. Pensamos \u201cfora dos esquemas\u201d quando enfrentamos novos desafios. Est\u00e1 na nossa natureza inovar e abordar nosso trabalho com op\u00e7\u00f5es novas, mas sustent\u00e1veis.<\/span>[\/vc_hoverbox]<div class=\"ult-item-wrap\" data-animation=\"animated no-animation\"><div class=\"ult-spacer spacer-69d6ee4dd6093\" data-id=\"69d6ee4dd6093\" data-height=\"30\" data-height-mobile=\"30\" data-height-tab=\"30\" data-height-tab-portrait=\"\" data-height-mobile-landscape=\"\" style=\"clear:both;display:block;\"><\/div><\/div>[vc_column_text]<\/p>\n<p class=\"card-title\" style=\"text-align: center;\">Todos os dias, a seguran\u00e7a alimentar enfrenta desafios com problemas novos e, muitas vezes, imprevis\u00edveis.<\/p>\n<p>[\/vc_column_text][\/vc_column_inner][\/vc_row_inner]<\/div><\/div>\t\t\t<script type=\"text\/javascript\">\n\t\t\t\tjQuery(document).ready(function ($) {\n\t\t\t\t\tif( typeof jQuery('.ult-carousel-200670656569d6ee4dd5ecf').slick == \"function\"){\n\t\t\t\t\t\t$('.ult-carousel-200670656569d6ee4dd5ecf').slick({dots: true,autoplay: true,autoplaySpeed: 5000,speed: 300,infinite: true,arrows: true,nextArrow: '<button type=\"button\" role=\"button\" aria-label=\"Next\" style=\"color:#777777; font-size:20px;\" class=\"slick-next default\"><i class=\"ultsl-arrow-right6\"><\/i><\/button>',prevArrow: '<button type=\"button\" role=\"button\" aria-label=\"Previous\" style=\"color:#777777; font-size:20px;\" class=\"slick-prev default\"><i class=\"ultsl-arrow-left6\"><\/i><\/button>',slidesToScroll:5,slidesToShow:5,swipe: true,draggable: true,touchMove: true,pauseOnHover: true,pauseOnFocus: false,responsive: [\n\t\t\t\t\t\t\t{\n\t\t\t\t\t\t\t  breakpoint: 1026,\n\t\t\t\t\t\t\t  settings: {\n\t\t\t\t\t\t\t\tslidesToShow: 5,\n\t\t\t\t\t\t\t\tslidesToScroll: 5,  \n\t\t\t\t\t\t\t  }\n\t\t\t\t\t\t\t},\n\t\t\t\t\t\t\t{\n\t\t\t\t\t\t\t  breakpoint: 1025,\n\t\t\t\t\t\t\t  settings: {\n\t\t\t\t\t\t\t\tslidesToShow: 3,\n\t\t\t\t\t\t\t\tslidesToScroll: 3\n\t\t\t\t\t\t\t  }\n\t\t\t\t\t\t\t},\n\t\t\t\t\t\t\t{\n\t\t\t\t\t\t\t  breakpoint: 760,\n\t\t\t\t\t\t\t  settings: {\n\t\t\t\t\t\t\t\tslidesToShow: 1,\n\t\t\t\t\t\t\t\tslidesToScroll: 1\n\t\t\t\t\t\t\t  }\n\t\t\t\t\t\t\t}\n\t\t\t\t\t\t],pauseOnDotsHover: true,customPaging: function(slider, i) {\n                   return '<i type=\"button\" style= \"color:#777777;\" class=\"ultsl-record\" data-role=\"none\"><\/i>';\n                },});\n\t\t\t\t\t}\n\t\t\t\t});\n\t\t\t<\/script>\n\t\t\t[\/vc_column][\/vc_row]<\/p>\n","protected":false},"excerpt":{"rendered":"<p>[vc_row type=&#8221;vc_default&#8221; bg_type=&#8221;image&#8221; css=&#8221;.vc_custom_1568272823543{background-position: center !important;background-repeat: no-repeat !important;background-size: cover !important;}&#8221;][vc_column][vc_row_inner][vc_column_inner width=&#8221;1\/2&#8243; offset=&#8221;vc_col-lg-6 vc_col-md-6&#8243;][vc_column_text el_class=&#8221;carnas_green&#8221;] Transpar\u00eancia, Compartilhamento, Profici\u00eancia, Vis\u00e3o do Futuro [\/vc_column_text][\/vc_column_inner][vc_column_inner width=&#8221;1\/2&#8243; offset=&#8221;vc_col-lg-6 vc_col-md-6&#8243;][vc_column_text el_class=&#8221;edito2&#8243;]Em todo o mundo, nossos funcion\u00e1rios&hellip;<\/p>\n","protected":false},"author":2,"featured_media":0,"parent":4174,"menu_order":0,"comment_status":"closed","ping_status":"closed","template":"","meta":{"_acf_changed":false,"footnotes":""},"class_list":["post-4727","page","type-page","status-publish","hentry","description-off"],"acf":[],"yoast_head":"<!-- This site is optimized with the Yoast SEO plugin v21.9.1 - https:\/\/yoast.com\/wordpress\/plugins\/seo\/ -->\n<title>Valores - Kersia Group<\/title>\n<meta name=\"robots\" content=\"index, follow, max-snippet:-1, max-image-preview:large, max-video-preview:-1\" \/>\n<link rel=\"canonical\" href=\"https:\/\/www.kersia-group.com\/pt-br\/sobre-nos\/valores\/\" \/>\n<meta property=\"og:locale\" content=\"pt_BR\" \/>\n<meta property=\"og:type\" content=\"article\" \/>\n<meta property=\"og:title\" content=\"Valores - Kersia Group\" \/>\n<meta property=\"og:description\" content=\"[vc_row type=&#8221;vc_default&#8221; bg_type=&#8221;image&#8221; css=&#8221;.vc_custom_1568272823543{background-position: center !important;background-repeat: no-repeat !important;background-size: cover !important;}&#8221;][vc_column][vc_row_inner][vc_column_inner width=&#8221;1\/2&#8243; offset=&#8221;vc_col-lg-6 vc_col-md-6&#8243;][vc_column_text el_class=&#8221;carnas_green&#8221;] Transpar\u00eancia, Compartilhamento, Profici\u00eancia, Vis\u00e3o do Futuro [\/vc_column_text][\/vc_column_inner][vc_column_inner width=&#8221;1\/2&#8243; offset=&#8221;vc_col-lg-6 vc_col-md-6&#8243;][vc_column_text el_class=&#8221;edito2&#8243;]Em todo o mundo, nossos funcion\u00e1rios&hellip;\" \/>\n<meta property=\"og:url\" content=\"https:\/\/www.kersia-group.com\/pt-br\/sobre-nos\/valores\/\" \/>\n<meta property=\"og:site_name\" content=\"Kersia Group\" \/>\n<meta property=\"article:modified_time\" content=\"2020-01-23T16:52:16+00:00\" \/>\n<meta name=\"twitter:card\" content=\"summary_large_image\" \/>\n<meta name=\"twitter:label1\" content=\"Est. tempo de leitura\" \/>\n\t<meta name=\"twitter:data1\" content=\"8 minutos\" \/>\n<script type=\"application\/ld+json\" class=\"yoast-schema-graph\">{\"@context\":\"https:\/\/schema.org\",\"@graph\":[{\"@type\":\"WebPage\",\"@id\":\"https:\/\/www.kersia-group.com\/pt-br\/sobre-nos\/valores\/\",\"url\":\"https:\/\/www.kersia-group.com\/pt-br\/sobre-nos\/valores\/\",\"name\":\"Valores - Kersia Group\",\"isPartOf\":{\"@id\":\"\/#website\"},\"datePublished\":\"2020-01-07T13:12:44+00:00\",\"dateModified\":\"2020-01-23T16:52:16+00:00\",\"breadcrumb\":{\"@id\":\"https:\/\/www.kersia-group.com\/pt-br\/sobre-nos\/valores\/#breadcrumb\"},\"inLanguage\":\"pt-BR\",\"potentialAction\":[{\"@type\":\"ReadAction\",\"target\":[\"https:\/\/www.kersia-group.com\/pt-br\/sobre-nos\/valores\/\"]}]},{\"@type\":\"BreadcrumbList\",\"@id\":\"https:\/\/www.kersia-group.com\/pt-br\/sobre-nos\/valores\/#breadcrumb\",\"itemListElement\":[{\"@type\":\"ListItem\",\"position\":1,\"name\":\"Home\",\"item\":\"https:\/\/www.kersia-group.com\/pt-br\/\"},{\"@type\":\"ListItem\",\"position\":2,\"name\":\"Sobre n\u00f3s\",\"item\":\"https:\/\/www.kersia-group.com\/pt-br\/sobre-nos\/\"},{\"@type\":\"ListItem\",\"position\":3,\"name\":\"Valores\"}]},{\"@type\":\"WebSite\",\"@id\":\"\/#website\",\"url\":\"\/\",\"name\":\"Kersia Group\",\"description\":\"INVENTING A FOOD SAFE WORLD\",\"potentialAction\":[{\"@type\":\"SearchAction\",\"target\":{\"@type\":\"EntryPoint\",\"urlTemplate\":\"\/?s={search_term_string}\"},\"query-input\":\"required name=search_term_string\"}],\"inLanguage\":\"pt-BR\"}]}<\/script>\n<!-- \/ Yoast SEO plugin. -->","yoast_head_json":{"title":"Valores - Kersia Group","robots":{"index":"index","follow":"follow","max-snippet":"max-snippet:-1","max-image-preview":"max-image-preview:large","max-video-preview":"max-video-preview:-1"},"canonical":"https:\/\/www.kersia-group.com\/pt-br\/sobre-nos\/valores\/","og_locale":"pt_BR","og_type":"article","og_title":"Valores - Kersia Group","og_description":"[vc_row type=&#8221;vc_default&#8221; bg_type=&#8221;image&#8221; css=&#8221;.vc_custom_1568272823543{background-position: center !important;background-repeat: no-repeat !important;background-size: cover !important;}&#8221;][vc_column][vc_row_inner][vc_column_inner width=&#8221;1\/2&#8243; offset=&#8221;vc_col-lg-6 vc_col-md-6&#8243;][vc_column_text el_class=&#8221;carnas_green&#8221;] Transpar\u00eancia, Compartilhamento, Profici\u00eancia, Vis\u00e3o do Futuro [\/vc_column_text][\/vc_column_inner][vc_column_inner width=&#8221;1\/2&#8243; offset=&#8221;vc_col-lg-6 vc_col-md-6&#8243;][vc_column_text el_class=&#8221;edito2&#8243;]Em todo o mundo, nossos funcion\u00e1rios&hellip;","og_url":"https:\/\/www.kersia-group.com\/pt-br\/sobre-nos\/valores\/","og_site_name":"Kersia Group","article_modified_time":"2020-01-23T16:52:16+00:00","twitter_card":"summary_large_image","twitter_misc":{"Est. tempo de leitura":"8 minutos"},"schema":{"@context":"https:\/\/schema.org","@graph":[{"@type":"WebPage","@id":"https:\/\/www.kersia-group.com\/pt-br\/sobre-nos\/valores\/","url":"https:\/\/www.kersia-group.com\/pt-br\/sobre-nos\/valores\/","name":"Valores - Kersia Group","isPartOf":{"@id":"\/#website"},"datePublished":"2020-01-07T13:12:44+00:00","dateModified":"2020-01-23T16:52:16+00:00","breadcrumb":{"@id":"https:\/\/www.kersia-group.com\/pt-br\/sobre-nos\/valores\/#breadcrumb"},"inLanguage":"pt-BR","potentialAction":[{"@type":"ReadAction","target":["https:\/\/www.kersia-group.com\/pt-br\/sobre-nos\/valores\/"]}]},{"@type":"BreadcrumbList","@id":"https:\/\/www.kersia-group.com\/pt-br\/sobre-nos\/valores\/#breadcrumb","itemListElement":[{"@type":"ListItem","position":1,"name":"Home","item":"https:\/\/www.kersia-group.com\/pt-br\/"},{"@type":"ListItem","position":2,"name":"Sobre n\u00f3s","item":"https:\/\/www.kersia-group.com\/pt-br\/sobre-nos\/"},{"@type":"ListItem","position":3,"name":"Valores"}]},{"@type":"WebSite","@id":"\/#website","url":"\/","name":"Kersia Group","description":"INVENTING A FOOD SAFE WORLD","potentialAction":[{"@type":"SearchAction","target":{"@type":"EntryPoint","urlTemplate":"\/?s={search_term_string}"},"query-input":"required name=search_term_string"}],"inLanguage":"pt-BR"}]}},"_links":{"self":[{"href":"https:\/\/www.kersia-group.com\/pt-br\/wp-json\/wp\/v2\/pages\/4727","targetHints":{"allow":["GET"]}}],"collection":[{"href":"https:\/\/www.kersia-group.com\/pt-br\/wp-json\/wp\/v2\/pages"}],"about":[{"href":"https:\/\/www.kersia-group.com\/pt-br\/wp-json\/wp\/v2\/types\/page"}],"author":[{"embeddable":true,"href":"https:\/\/www.kersia-group.com\/pt-br\/wp-json\/wp\/v2\/users\/2"}],"replies":[{"embeddable":true,"href":"https:\/\/www.kersia-group.com\/pt-br\/wp-json\/wp\/v2\/comments?post=4727"}],"version-history":[{"count":0,"href":"https:\/\/www.kersia-group.com\/pt-br\/wp-json\/wp\/v2\/pages\/4727\/revisions"}],"up":[{"embeddable":true,"href":"https:\/\/www.kersia-group.com\/pt-br\/wp-json\/wp\/v2\/pages\/4174"}],"wp:attachment":[{"href":"https:\/\/www.kersia-group.com\/pt-br\/wp-json\/wp\/v2\/media?parent=4727"}],"curies":[{"name":"wp","href":"https:\/\/api.w.org\/{rel}","templated":true}]}}