{"id":40215,"date":"2024-03-18T21:54:55","date_gmt":"2024-03-18T20:54:55","guid":{"rendered":"https:\/\/www.kersia-group.com\/?page_id=40215"},"modified":"2024-09-19T18:49:03","modified_gmt":"2024-09-19T16:49:03","slug":"agua","status":"publish","type":"page","link":"https:\/\/www.kersia-group.com\/pt-br\/atividades\/agua\/","title":{"rendered":"\u00c1gua"},"content":{"rendered":"<p>[vc_row anchor=&#8221;structure&#8221;][vc_column]<div class=\"ult-spacer spacer-69d0ba79c0217\" data-id=\"69d0ba79c0217\" data-height=\"50\" data-height-mobile=\"25\" data-height-tab=\"40\" data-height-tab-portrait=\"40\" data-height-mobile-landscape=\"25\" style=\"clear:both;display:block;\"><\/div>[\/vc_column][\/vc_row][vc_row type=&#8221;vc_default&#8221; full_width=&#8221;stretch_row_content&#8221; gap=&#8221;10&#8243; animation=&#8221;pulse&#8221; margin_top=&#8221;100&#8243; margin_bottom=&#8221;100&#8243; full_width_row=&#8221;true&#8221; padding_left=&#8221;50&#8243; padding_right=&#8221;50&#8243; parallax_content=&#8221;parallax_content_value&#8221; parallax_content_sense=&#8221;30&#8243; css=&#8221;.vc_custom_1614790823814{margin-bottom: 50px !important;padding-right: 20px !important;padding-left: 20px !important;}&#8221; min_height=&#8221;25&#8243;][vc_column width=&#8221;1\/3&#8243;]<div class=\"ult-new-ib ult-ib-effect-style6  ult-ib-resp  \" data-min-width=\"768\" data-max-width=\"900\" style=\"background:#0a0a0a;\" data-opacity=\"1\" data-hover-opacity=\"0.9\" ><img decoding=\"async\" class=\"ult-new-ib-img\" style=\"opacity:1;\" alt=\"null\" src=\"https:\/\/www.kersia-group.com\/wp-content\/uploads\/2023\/07\/Menu-Water-Treatment-Farm.jpg\"   \/><div id=\"interactive-banner-wrap-3988\" class=\"ult-new-ib-desc\" style=\"\"><h2 class=\"ult-new-ib-title ult-responsive\"  data-ultimate-target='#interactive-banner-wrap-3988 .ult-new-ib-title'  data-responsive-json-new='{\"font-size\":\"desktop:30px;tablet:16px;tablet_portrait:16px;mobile_landscape:16px;mobile:16px;\",\"line-height\":\"desktop:34px;tablet:15px;tablet_portrait:15px;mobile_landscape:20px;mobile:20px;\"}'  style=\"font-weight:normal;color:#ffffff;\">Tratamento da \u00e1gua<\/p>\n<p><b>Fazenda<\/b><\/h2><\/div><a class=\"ult-new-ib-link\" href=\"https:\/\/www.kersia-group.com\/pt-br\/atividades\/tratamento-da-agua-em-fazendas\/\"  ><\/a><\/div><script type=\"text\/javascript\">\n\t\t\t(function($){\n\t\t\t\t$(document).ready(function(){\n\t\t\t\t\t$(\".ult-new-ib\").css(\"opacity\",\"1\");\n\t\t\t\t});\n\t\t\t})(jQuery);\n\t\t\t<\/script>[\/vc_column][vc_column width=&#8221;1\/3&#8243;]<div class=\"ult-new-ib ult-ib-effect-style6  ult-ib-resp  \" data-min-width=\"768\" data-max-width=\"900\" style=\"background:#0a0a0a;\" data-opacity=\"1\" data-hover-opacity=\"0.9\" ><img decoding=\"async\" class=\"ult-new-ib-img\" style=\"opacity:1;\" alt=\"null\" src=\"https:\/\/www.kersia-group.com\/wp-content\/uploads\/2023\/07\/Menu-Water-Food-and-Beverage.jpg\"   \/><div id=\"interactive-banner-wrap-3784\" class=\"ult-new-ib-desc\" style=\"\"><h2 class=\"ult-new-ib-title ult-responsive\"  data-ultimate-target='#interactive-banner-wrap-3784 .ult-new-ib-title'  data-responsive-json-new='{\"font-size\":\"desktop:30px;tablet:16px;tablet_portrait:16px;mobile_landscape:16px;mobile:16px;\",\"line-height\":\"desktop:34px;tablet:15px;tablet_portrait:15px;mobile_landscape:20px;mobile:20px;\"}'  style=\"font-weight:normal;color:#ffffff;\">Gest\u00e3o da \u00e1gua<\/p>\n<p><b>Setor de alimentos e bebidas<\/b><\/h2><\/div><a class=\"ult-new-ib-link\" href=\"https:\/\/www.kersia-group.com\/pt-br\/atividades\/gestao-da-agua\/\"  ><\/a><\/div><script type=\"text\/javascript\">\n\t\t\t(function($){\n\t\t\t\t$(document).ready(function(){\n\t\t\t\t\t$(\".ult-new-ib\").css(\"opacity\",\"1\");\n\t\t\t\t});\n\t\t\t})(jQuery);\n\t\t\t<\/script>[\/vc_column][vc_column width=&#8221;1\/3&#8243;]<div class=\"ult-new-ib ult-ib-effect-style6  ult-ib-resp  \" data-min-width=\"768\" data-max-width=\"900\" style=\"background:#0a0a0a;\" data-opacity=\"1\" data-hover-opacity=\"0.9\" ><img decoding=\"async\" class=\"ult-new-ib-img\" style=\"opacity:1;\" alt=\"null\" src=\"https:\/\/www.kersia-group.com\/wp-content\/uploads\/2023\/07\/Menu-Water-Purification-Human.jpg\"   \/><div id=\"interactive-banner-wrap-5922\" class=\"ult-new-ib-desc\" style=\"\"><h2 class=\"ult-new-ib-title ult-responsive\"  data-ultimate-target='#interactive-banner-wrap-5922 .ult-new-ib-title'  data-responsive-json-new='{\"font-size\":\"desktop:30px;tablet:16px;tablet_portrait:16px;mobile_landscape:16px;mobile:16px;\",\"line-height\":\"desktop:34px;tablet:15px;tablet_portrait:15px;mobile_landscape:20px;mobile:20px;\"}'  style=\"font-weight:normal;color:#ffffff;\">Purifica\u00e7\u00e3o da \u00e1gua<\/p>\n<p><b>Seres humanos<\/b><\/h2><div class=\"ult-new-ib-content ult-responsive\"  data-ultimate-target='#interactive-banner-wrap-5922 .ult-new-ib-content'  data-responsive-json-new='{\"font-size\":\"\",\"line-height\":\"\"}'  style=\"font-weight:normal;\"><p>Em breve<\/p><\/div><\/div><a class=\"ult-new-ib-link\" href=\"#prevention\"  ><\/a><\/div><script type=\"text\/javascript\">\n\t\t\t(function($){\n\t\t\t\t$(document).ready(function(){\n\t\t\t\t\t$(\".ult-new-ib\").css(\"opacity\",\"1\");\n\t\t\t\t});\n\t\t\t})(jQuery);\n\t\t\t<\/script>[\/vc_column][\/vc_row]<\/p>\n","protected":false},"excerpt":{"rendered":"<p>[vc_row anchor=&#8221;structure&#8221;][vc_column][\/vc_column][\/vc_row][vc_row type=&#8221;vc_default&#8221; full_width=&#8221;stretch_row_content&#8221; gap=&#8221;10&#8243; animation=&#8221;pulse&#8221; margin_top=&#8221;100&#8243; margin_bottom=&#8221;100&#8243; full_width_row=&#8221;true&#8221; padding_left=&#8221;50&#8243; padding_right=&#8221;50&#8243; parallax_content=&#8221;parallax_content_value&#8221; parallax_content_sense=&#8221;30&#8243; css=&#8221;.vc_custom_1614790823814{margin-bottom: 50px !important;padding-right: 20px !important;padding-left: 20px !important;}&#8221; min_height=&#8221;25&#8243;][vc_column width=&#8221;1\/3&#8243;][\/vc_column][vc_column width=&#8221;1\/3&#8243;][\/vc_column][vc_column width=&#8221;1\/3&#8243;][\/vc_column][\/vc_row]<\/p>\n","protected":false},"author":9,"featured_media":41655,"parent":4153,"menu_order":0,"comment_status":"closed","ping_status":"closed","template":"","meta":{"_acf_changed":false,"footnotes":""},"class_list":["post-40215","page","type-page","status-publish","has-post-thumbnail","hentry","description-off"],"acf":[],"yoast_head":"<!-- This site is optimized with the Yoast SEO plugin v21.9.1 - https:\/\/yoast.com\/wordpress\/plugins\/seo\/ -->\n<title>\u00c1gua engagements and sustainable solutions - Kersia Group<\/title>\n<meta name=\"description\" content=\"Nossa empresa tem o compromisso de operar de maneira sustent\u00e1vel e respons\u00e1vel, levando em conta os limites do planeta e o impacto de nossas atividades no meio ambiente. Reconhecemos a import\u00e2ncia de preservar os sistemas e recursos naturais da Terra para as gera\u00e7\u00f5es futuras.\" \/>\n<meta name=\"robots\" content=\"index, follow, max-snippet:-1, max-image-preview:large, max-video-preview:-1\" \/>\n<link rel=\"canonical\" href=\"https:\/\/www.kersia-group.com\/pt-br\/atividades\/agua\/\" \/>\n<meta property=\"og:locale\" content=\"pt_BR\" \/>\n<meta property=\"og:type\" content=\"article\" \/>\n<meta property=\"og:title\" content=\"\u00c1gua engagements and sustainable solutions - Kersia Group\" \/>\n<meta property=\"og:description\" content=\"Nossa empresa tem o compromisso de operar de maneira sustent\u00e1vel e respons\u00e1vel, levando em conta os limites do planeta e o impacto de nossas atividades no meio ambiente. Reconhecemos a import\u00e2ncia de preservar os sistemas e recursos naturais da Terra para as gera\u00e7\u00f5es futuras.\" \/>\n<meta property=\"og:url\" content=\"https:\/\/www.kersia-group.com\/pt-br\/atividades\/agua\/\" \/>\n<meta property=\"og:site_name\" content=\"Kersia Group\" \/>\n<meta property=\"article:modified_time\" content=\"2024-09-19T16:49:03+00:00\" \/>\n<meta property=\"og:image\" content=\"https:\/\/www.kersia-group.com\/wp-content\/uploads\/2023\/07\/Image-fond-MENU.jpg\" \/>\n\t<meta property=\"og:image:width\" content=\"1600\" \/>\n\t<meta property=\"og:image:height\" content=\"900\" \/>\n\t<meta property=\"og:image:type\" content=\"image\/jpeg\" \/>\n<meta name=\"twitter:card\" content=\"summary_large_image\" \/>\n<meta name=\"twitter:label1\" content=\"Est. tempo de leitura\" \/>\n\t<meta name=\"twitter:data1\" content=\"1 minuto\" \/>\n<script type=\"application\/ld+json\" class=\"yoast-schema-graph\">{\"@context\":\"https:\/\/schema.org\",\"@graph\":[{\"@type\":\"WebPage\",\"@id\":\"https:\/\/www.kersia-group.com\/pt-br\/atividades\/agua\/\",\"url\":\"https:\/\/www.kersia-group.com\/pt-br\/atividades\/agua\/\",\"name\":\"\u00c1gua engagements and sustainable solutions - Kersia Group\",\"isPartOf\":{\"@id\":\"\/#website\"},\"datePublished\":\"2024-03-18T20:54:55+00:00\",\"dateModified\":\"2024-09-19T16:49:03+00:00\",\"description\":\"Nossa empresa tem o compromisso de operar de maneira sustent\u00e1vel e respons\u00e1vel, levando em conta os limites do planeta e o impacto de nossas atividades no meio ambiente. Reconhecemos a import\u00e2ncia de preservar os sistemas e recursos naturais da Terra para as gera\u00e7\u00f5es futuras.\",\"breadcrumb\":{\"@id\":\"https:\/\/www.kersia-group.com\/pt-br\/atividades\/agua\/#breadcrumb\"},\"inLanguage\":\"pt-BR\",\"potentialAction\":[{\"@type\":\"ReadAction\",\"target\":[\"https:\/\/www.kersia-group.com\/pt-br\/atividades\/agua\/\"]}]},{\"@type\":\"BreadcrumbList\",\"@id\":\"https:\/\/www.kersia-group.com\/pt-br\/atividades\/agua\/#breadcrumb\",\"itemListElement\":[{\"@type\":\"ListItem\",\"position\":1,\"name\":\"Home\",\"item\":\"https:\/\/www.kersia-group.com\/pt-br\/\"},{\"@type\":\"ListItem\",\"position\":2,\"name\":\"Atividades\",\"item\":\"https:\/\/www.kersia-group.com\/pt-br\/atividades\/\"},{\"@type\":\"ListItem\",\"position\":3,\"name\":\"\u00c1gua\"}]},{\"@type\":\"WebSite\",\"@id\":\"\/#website\",\"url\":\"\/\",\"name\":\"Kersia Group\",\"description\":\"INVENTING A FOOD SAFE WORLD\",\"potentialAction\":[{\"@type\":\"SearchAction\",\"target\":{\"@type\":\"EntryPoint\",\"urlTemplate\":\"\/?s={search_term_string}\"},\"query-input\":\"required name=search_term_string\"}],\"inLanguage\":\"pt-BR\"}]}<\/script>\n<!-- \/ Yoast SEO plugin. -->","yoast_head_json":{"title":"\u00c1gua engagements and sustainable solutions - Kersia Group","description":"Nossa empresa tem o compromisso de operar de maneira sustent\u00e1vel e respons\u00e1vel, levando em conta os limites do planeta e o impacto de nossas atividades no meio ambiente. Reconhecemos a import\u00e2ncia de preservar os sistemas e recursos naturais da Terra para as gera\u00e7\u00f5es futuras.","robots":{"index":"index","follow":"follow","max-snippet":"max-snippet:-1","max-image-preview":"max-image-preview:large","max-video-preview":"max-video-preview:-1"},"canonical":"https:\/\/www.kersia-group.com\/pt-br\/atividades\/agua\/","og_locale":"pt_BR","og_type":"article","og_title":"\u00c1gua engagements and sustainable solutions - Kersia Group","og_description":"Nossa empresa tem o compromisso de operar de maneira sustent\u00e1vel e respons\u00e1vel, levando em conta os limites do planeta e o impacto de nossas atividades no meio ambiente. Reconhecemos a import\u00e2ncia de preservar os sistemas e recursos naturais da Terra para as gera\u00e7\u00f5es futuras.","og_url":"https:\/\/www.kersia-group.com\/pt-br\/atividades\/agua\/","og_site_name":"Kersia Group","article_modified_time":"2024-09-19T16:49:03+00:00","og_image":[{"width":1600,"height":900,"url":"https:\/\/www.kersia-group.com\/wp-content\/uploads\/2023\/07\/Image-fond-MENU.jpg","type":"image\/jpeg"}],"twitter_card":"summary_large_image","twitter_misc":{"Est. tempo de leitura":"1 minuto"},"schema":{"@context":"https:\/\/schema.org","@graph":[{"@type":"WebPage","@id":"https:\/\/www.kersia-group.com\/pt-br\/atividades\/agua\/","url":"https:\/\/www.kersia-group.com\/pt-br\/atividades\/agua\/","name":"\u00c1gua engagements and sustainable solutions - Kersia Group","isPartOf":{"@id":"\/#website"},"datePublished":"2024-03-18T20:54:55+00:00","dateModified":"2024-09-19T16:49:03+00:00","description":"Nossa empresa tem o compromisso de operar de maneira sustent\u00e1vel e respons\u00e1vel, levando em conta os limites do planeta e o impacto de nossas atividades no meio ambiente. Reconhecemos a import\u00e2ncia de preservar os sistemas e recursos naturais da Terra para as gera\u00e7\u00f5es futuras.","breadcrumb":{"@id":"https:\/\/www.kersia-group.com\/pt-br\/atividades\/agua\/#breadcrumb"},"inLanguage":"pt-BR","potentialAction":[{"@type":"ReadAction","target":["https:\/\/www.kersia-group.com\/pt-br\/atividades\/agua\/"]}]},{"@type":"BreadcrumbList","@id":"https:\/\/www.kersia-group.com\/pt-br\/atividades\/agua\/#breadcrumb","itemListElement":[{"@type":"ListItem","position":1,"name":"Home","item":"https:\/\/www.kersia-group.com\/pt-br\/"},{"@type":"ListItem","position":2,"name":"Atividades","item":"https:\/\/www.kersia-group.com\/pt-br\/atividades\/"},{"@type":"ListItem","position":3,"name":"\u00c1gua"}]},{"@type":"WebSite","@id":"\/#website","url":"\/","name":"Kersia Group","description":"INVENTING A FOOD SAFE WORLD","potentialAction":[{"@type":"SearchAction","target":{"@type":"EntryPoint","urlTemplate":"\/?s={search_term_string}"},"query-input":"required name=search_term_string"}],"inLanguage":"pt-BR"}]}},"_links":{"self":[{"href":"https:\/\/www.kersia-group.com\/pt-br\/wp-json\/wp\/v2\/pages\/40215","targetHints":{"allow":["GET"]}}],"collection":[{"href":"https:\/\/www.kersia-group.com\/pt-br\/wp-json\/wp\/v2\/pages"}],"about":[{"href":"https:\/\/www.kersia-group.com\/pt-br\/wp-json\/wp\/v2\/types\/page"}],"author":[{"embeddable":true,"href":"https:\/\/www.kersia-group.com\/pt-br\/wp-json\/wp\/v2\/users\/9"}],"replies":[{"embeddable":true,"href":"https:\/\/www.kersia-group.com\/pt-br\/wp-json\/wp\/v2\/comments?post=40215"}],"version-history":[{"count":14,"href":"https:\/\/www.kersia-group.com\/pt-br\/wp-json\/wp\/v2\/pages\/40215\/revisions"}],"predecessor-version":[{"id":57717,"href":"https:\/\/www.kersia-group.com\/pt-br\/wp-json\/wp\/v2\/pages\/40215\/revisions\/57717"}],"up":[{"embeddable":true,"href":"https:\/\/www.kersia-group.com\/pt-br\/wp-json\/wp\/v2\/pages\/4153"}],"wp:featuredmedia":[{"embeddable":true,"href":"https:\/\/www.kersia-group.com\/pt-br\/wp-json\/wp\/v2\/media\/41655"}],"wp:attachment":[{"href":"https:\/\/www.kersia-group.com\/pt-br\/wp-json\/wp\/v2\/media?parent=40215"}],"curies":[{"name":"wp","href":"https:\/\/api.w.org\/{rel}","templated":true}]}}