{"id":95198,"date":"2020-01-07T13:59:11","date_gmt":"2020-01-07T12:59:11","guid":{"rendered":"https:\/\/www.kersia-group.com\/dzialania\/uzdatnianie-wody\/"},"modified":"2025-06-25T21:21:12","modified_gmt":"2025-06-25T19:21:12","slug":"uzdatnianie-wody","status":"publish","type":"page","link":"https:\/\/www.kersia-group.com\/pl-pl\/dzialania\/uzdatnianie-wody\/","title":{"rendered":"Uzdatnianie wody"},"content":{"rendered":"<p>[vc_row type=&#8221;vc_default&#8221;][vc_column offset=&#8221;vc_hidden-lg vc_hidden-md&#8221;][vc_column_text el_class=&#8221;carnas_green&#8221;]<\/p>\n<h2>Bezpieczniejsza woda,\u00a0bezpieczniejszy \u015bwiat<\/h2>\n<p>[\/vc_column_text][\/vc_column][vc_column offset=&#8221;vc_col-lg-6 vc_col-md-4 vc_hidden-sm vc_hidden-xs&#8221;][vc_column_text el_class=&#8221;carnas_green&#8221;]<\/p>\n<h2>Bezpieczniejsza woda, bezpieczniejszy \u015bwiat<\/h2>\n<p>[\/vc_column_text][\/vc_column][vc_column offset=&#8221;vc_col-lg-6 vc_col-md-8&#8243;][vc_column_text]Woda jest wa\u017cnym dobrem dla \u017cycia i zdrowia ludzkiego. Jednak\u017ce ten wa\u017cny zas\u00f3b wyst\u0119puje w nier\u00f3wnomiernie roz\u0142o\u017conych ilo\u015bciach na ziemi.<\/p>\n<p>Ponad 1 miliard ludzi nie ma dost\u0119pu do wody dobrej jako\u015bci, a liczba ta stale ro\u015bnie. Globalne ocieplenie doprowadzi do kolejnych susz i powodzi, kt\u00f3re spowoduj\u0105 nasilenie si\u0119 tych niedobor\u00f3w i spot\u0119gowanie kryzysowych sytuacji.<\/p>\n<p>Jest to prawdopodobnie najwi\u0119kszy problem XXI wieku.[\/vc_column_text]<div class=\"ult-spacer spacer-69d25a98b2676\" data-id=\"69d25a98b2676\" data-height=\"50\" data-height-mobile=\"25\" data-height-tab=\"40\" data-height-tab-portrait=\"40\" data-height-mobile-landscape=\"25\" style=\"clear:both;display:block;\"><\/div>[\/vc_column][\/vc_row][vc_row type=&#8221;vc_default&#8221; full_width=&#8221;stretch_row&#8221;][vc_column][vc_column_text]<\/p>\n<h3><span style=\"color: #0d69af;\">W 2019 roku uzdatnili\u015bmy ponad 30 miliard\u00f3w litr\u00f3w wody na ca\u0142ym \u015bwiecie dzi\u0119ki wykorzystaniu naszej technologii Aquatabs<\/span><\/h3>\n<p>[\/vc_column_text][\/vc_column][\/vc_row][vc_row type=&#8221;vc_default&#8221; full_width=&#8221;stretch_row_content&#8221;][vc_column]<div class=\"ult-spacer spacer-69d25a98b26a7\" data-id=\"69d25a98b26a7\" data-height=\"50\" data-height-mobile=\"25\" data-height-tab=\"40\" data-height-tab-portrait=\"40\" data-height-mobile-landscape=\"25\" style=\"clear:both;display:block;\"><\/div>[vc_single_image image=&#8221;2160&#8243; img_size=&#8221;full&#8221; el_class=&#8221;img-bulle-left hidden-xs hidden-sm&#8221;][vc_row_inner content_placement=&#8221;top&#8221; gap=&#8221;35&#8243; css=&#8221;.vc_custom_1567605886105{padding-top: 0px !important;}&#8221;][vc_column_inner width=&#8221;1\/3&#8243; offset=&#8221;vc_col-lg-4 vc_col-md-4 vc_hidden-xs&#8221;][\/vc_column_inner][vc_column_inner el_class=&#8221;col-full-wt-img&#8221; width=&#8221;2\/3&#8243; css=&#8221;.vc_custom_1571229922778{padding-top: 0px !important;padding-right: 0px !important;padding-bottom: 0px !important;padding-left: 0px !important;}&#8221; offset=&#8221;vc_col-lg-6 vc_col-md-8 vc_col-xs-12&#8243;][vc_single_image image=&#8221;767&#8243; img_size=&#8221;250&#215;86&#8243;]<div class=\"ult-spacer spacer-69d25a98b26cc\" data-id=\"69d25a98b26cc\" data-height=\"30\" data-height-mobile=\"15\" data-height-tab=\"20\" data-height-tab-portrait=\"20\" data-height-mobile-landscape=\"15\" style=\"clear:both;display:block;\"><\/div>[vc_column_text]<span class=\"TextRun BCX4 SCXW43716165\" lang=\"EN\" xml:lang=\"EN\" data-contrast=\"none\"><span class=\"NormalTextRun BCX4 SCXW43716165\">Firma Kersia, w\u0142a\u015bciciel <\/span><\/span><span class=\"TextRun BCX4 SCXW43716165\" lang=\"EN\" xml:lang=\"EN\" data-contrast=\"none\"><span class=\"NormalTextRun BCX4 SCXW43716165\">marki<\/span><\/span><span class=\"TextRun BCX4 SCXW43716165\" lang=\"EN\" xml:lang=\"EN\" data-contrast=\"none\"><span class=\"NormalTextRun BCX4 SCXW43716165\"> AQUATABS\u00ae, jest \u015bwiatowym liderem w produkcji tabletek<\/span><\/span><span class=\"TextRun BCX4 SCXW43716165\" lang=\"EN\" xml:lang=\"EN\" data-contrast=\"none\"><span class=\"NormalTextRun BCX4 SCXW43716165\"> do dezynfekcji wody i ma\u0142ych system\u00f3w uzdatniania wody<\/span><\/span><span class=\"TextRun BCX4 SCXW43716165\" lang=\"EN\" xml:lang=\"EN\" data-contrast=\"none\"><span class=\"NormalTextRun BCX4 SCXW43716165\">.<\/span><\/span>[\/vc_column_text][vc_column_text css=&#8221;.vc_custom_1579165726973{margin-top: 0px !important;border-top-width: 0px !important;padding-top: 0px !important;}&#8221;]W przypadku wyst\u0105pienia katastrof wykorzystywanych jest ponad 1 miliard tabletek musuj\u0105cych Aquatabs\u00ae, ale tak\u017ce na co dzie\u0144 w obszarach, w kt\u00f3rych woda nie jest bezpieczna, uzdatniaj\u0105c ponad 10 miliard\u00f3w litr\u00f3w wody rocznie.<\/p>\n<p>Kersia jest g\u0142\u00f3wnym partnerem wszystkich najwi\u0119kszych mi\u0119dzynarodowych agencji pomocowych i ministerstw zdrowia w krajach rozwijaj\u0105cych si\u0119.<\/p>\n<p>Firma Kersia dostarcza r\u00f3wnie\u017c systemy uzdatniania wody o ma\u0142ej obj\u0119to\u015bci, zapewniaj\u0105c m.in. ponad 15 tysi\u0105com szk\u00f3\u0142 w Afryce bezpieczn\u0105 wod\u0119 i chroni\u0105c ponad 5 milion\u00f3w znajduj\u0105cych si\u0119 w trudnej sytuacji dzieci.\u00a0(Aquatabs Flo, Aquatabs InLine).[\/vc_column_text][\/vc_column_inner][\/vc_row_inner][\/vc_column][\/vc_row][vc_row][vc_column]<div class=\"ult-spacer spacer-69d25a98b26ed\" data-id=\"69d25a98b26ed\" data-height=\"50\" data-height-mobile=\"25\" data-height-tab=\"40\" data-height-tab-portrait=\"40\" data-height-mobile-landscape=\"25\" style=\"clear:both;display:block;\"><\/div>[\/vc_column][\/vc_row][vc_row type=&#8221;vc_default&#8221; full_width=&#8221;stretch_row&#8221; parallax=&#8221;content-moving&#8221; bg_type=&#8221;image&#8221; parallax_style=&#8221;vcpb-vz-jquery&#8221; bg_image_new=&#8221;id^764|url^https:\/\/www.kersia-group.com\/wp-content\/uploads\/2019\/08\/bg_water_treatment-1.jpg|caption^null|alt^null|title^bg_water_treatment|description^null&#8221; bg_image_repeat=&#8221;no-repeat&#8221;][vc_column width=&#8221;2\/12&#8243;][\/vc_column][vc_column width=&#8221;10\/12&#8243;]<div class=\"ult-spacer spacer-69d25a98b270d\" data-id=\"69d25a98b270d\" data-height=\"170\" data-height-mobile=\"80\" data-height-tab=\"120\" data-height-tab-portrait=\"120\" data-height-mobile-landscape=\"80\" style=\"clear:both;display:block;\"><\/div>[vc_column_text css_animation=&#8221;right-to-left&#8221; css=&#8221;.vc_custom_1579165771907{background-color: #01a8dd !important;}&#8221; el_class=&#8221;focus&#8221;]<\/p>\n<h3>Woda wysokiej jako\u015bci \u2014 zwi\u0119kszona produkcja w zdrowych gospodarstwach rolnych<\/h3>\n<p>Woda jest niezb\u0119dnym elementem dla zapewnienia dobrego, og\u00f3lnego stanu zdrowia drobiu, \u015bwi\u0144, kr\u00f3w i wszystkich zwierz\u0105t hodowanych w gospodarstwach rolnych. Woda s\u0142abej jako\u015bci (obecno\u015b\u0107 bakterii, grzyb\u00f3w, wirus\u00f3w, paso\u017cyt\u00f3w&#8230;) negatywnie wp\u0142ywa na wzrost, laktacj\u0119 i rozmna\u017canie zwierz\u0105t. Nale\u017cy zatem regularnie kontrolowa\u0107 jako\u015b\u0107 wody w gospodarstwie i integralno\u015b\u0107 rur.<\/p>\n<p>Wiedza specjalistyczna firmy Kersia w tej dziedzinie opiera si\u0119 na globalnym podej\u015bciu do bezpiecze\u0144stwa biologicznego:<\/p>\n<ul>\n<li>Analiza wody<\/li>\n<li>Czyszczenie wst\u0119pne rur<\/li>\n<li>Dostarczanie rozwi\u0105za\u0144 w zakresie oczyszczania wody, dostosowanych do wszystkich wielko\u015bci operacyjnych<\/li>\n<\/ul>\n<p>Tabletki lub systemy Aquatabs dostarczaj\u0105 zwierz\u0119tom bezpieczn\u0105, najta\u0144sz\u0105 z mo\u017cliwych wod\u0119 pitn\u0105, kt\u00f3ra pomaga ograniczy\u0107 stosowanie antybiotyk\u00f3w i zwi\u0119kszy\u0107 przyrost masy cia\u0142a.<\/p>\n<p>Jako \u017ce woda stanowi kluczowy punkt na ka\u017cdym etapie \u0142a\u0144cucha \u017cywno\u015bciowego, firma Kersia zobowi\u0105zuje si\u0119 do nieustannego udoskonalania swojej oferty poprzez innowacyjne rozwi\u0105zania maj\u0105ce na celu ochron\u0119 \u017cywno\u015bci i wody przed wszelkimi zanieczyszczeniami.[\/vc_column_text]<div class=\"ult-spacer spacer-69d25a98b272c\" data-id=\"69d25a98b272c\" data-height=\"100\" data-height-mobile=\"50\" data-height-tab=\"75\" data-height-tab-portrait=\"75\" data-height-mobile-landscape=\"50\" style=\"clear:both;display:block;\"><\/div>[\/vc_column][\/vc_row]<\/p>\n","protected":false},"excerpt":{"rendered":"<p>[vc_row type=&#8221;vc_default&#8221;][vc_column offset=&#8221;vc_hidden-lg vc_hidden-md&#8221;][vc_column_text el_class=&#8221;carnas_green&#8221;] Bezpieczniejsza woda,\u00a0bezpieczniejszy \u015bwiat [\/vc_column_text][\/vc_column][vc_column offset=&#8221;vc_col-lg-6 vc_col-md-4 vc_hidden-sm vc_hidden-xs&#8221;][vc_column_text el_class=&#8221;carnas_green&#8221;] Bezpieczniejsza woda, bezpieczniejszy \u015bwiat [\/vc_column_text][\/vc_column][vc_column offset=&#8221;vc_col-lg-6 vc_col-md-8&#8243;][vc_column_text]Woda jest wa\u017cnym dobrem dla \u017cycia i zdrowia ludzkiego. Jednak\u017ce&hellip;<\/p>\n","protected":false},"author":2,"featured_media":0,"parent":95126,"menu_order":4,"comment_status":"closed","ping_status":"closed","template":"","meta":{"_acf_changed":false,"footnotes":""},"class_list":["post-95198","page","type-page","status-publish","hentry","description-off"],"acf":[],"yoast_head":"<!-- This site is optimized with the Yoast SEO plugin v21.9.1 - https:\/\/yoast.com\/wordpress\/plugins\/seo\/ -->\n<title>Uzdatnianie wody - Kersia Group<\/title>\n<meta name=\"robots\" content=\"index, follow, max-snippet:-1, max-image-preview:large, max-video-preview:-1\" \/>\n<link rel=\"canonical\" href=\"https:\/\/www.kersia-group.com\/pl-pl\/dzialania\/uzdatnianie-wody\/\" \/>\n<meta property=\"og:locale\" content=\"pl_PL\" \/>\n<meta property=\"og:type\" content=\"article\" \/>\n<meta property=\"og:title\" content=\"Uzdatnianie wody - Kersia Group\" \/>\n<meta property=\"og:description\" content=\"[vc_row type=&#8221;vc_default&#8221;][vc_column offset=&#8221;vc_hidden-lg vc_hidden-md&#8221;][vc_column_text el_class=&#8221;carnas_green&#8221;] Bezpieczniejsza woda,\u00a0bezpieczniejszy \u015bwiat [\/vc_column_text][\/vc_column][vc_column offset=&#8221;vc_col-lg-6 vc_col-md-4 vc_hidden-sm vc_hidden-xs&#8221;][vc_column_text el_class=&#8221;carnas_green&#8221;] Bezpieczniejsza woda, bezpieczniejszy \u015bwiat [\/vc_column_text][\/vc_column][vc_column offset=&#8221;vc_col-lg-6 vc_col-md-8&#8243;][vc_column_text]Woda jest wa\u017cnym dobrem dla \u017cycia i zdrowia ludzkiego. Jednak\u017ce&hellip;\" \/>\n<meta property=\"og:url\" content=\"https:\/\/www.kersia-group.com\/pl-pl\/dzialania\/uzdatnianie-wody\/\" \/>\n<meta property=\"og:site_name\" content=\"Kersia Group\" \/>\n<meta property=\"article:modified_time\" content=\"2025-06-25T19:21:12+00:00\" \/>\n<meta name=\"twitter:card\" content=\"summary_large_image\" \/>\n<meta name=\"twitter:label1\" content=\"Szacowany czas czytania\" \/>\n\t<meta name=\"twitter:data1\" content=\"4 minuty\" \/>\n<script type=\"application\/ld+json\" class=\"yoast-schema-graph\">{\"@context\":\"https:\/\/schema.org\",\"@graph\":[{\"@type\":\"WebPage\",\"@id\":\"https:\/\/www.kersia-group.com\/pl-pl\/dzialania\/uzdatnianie-wody\/\",\"url\":\"https:\/\/www.kersia-group.com\/pl-pl\/dzialania\/uzdatnianie-wody\/\",\"name\":\"Uzdatnianie wody - Kersia Group\",\"isPartOf\":{\"@id\":\"\/#website\"},\"datePublished\":\"2020-01-07T12:59:11+00:00\",\"dateModified\":\"2025-06-25T19:21:12+00:00\",\"breadcrumb\":{\"@id\":\"https:\/\/www.kersia-group.com\/pl-pl\/dzialania\/uzdatnianie-wody\/#breadcrumb\"},\"inLanguage\":\"pl-PL\",\"potentialAction\":[{\"@type\":\"ReadAction\",\"target\":[\"https:\/\/www.kersia-group.com\/pl-pl\/dzialania\/uzdatnianie-wody\/\"]}]},{\"@type\":\"BreadcrumbList\",\"@id\":\"https:\/\/www.kersia-group.com\/pl-pl\/dzialania\/uzdatnianie-wody\/#breadcrumb\",\"itemListElement\":[{\"@type\":\"ListItem\",\"position\":1,\"name\":\"Home\",\"item\":\"https:\/\/www.kersia-group.com\/pl-pl\/\"},{\"@type\":\"ListItem\",\"position\":2,\"name\":\"Dzia\u0142ania\",\"item\":\"https:\/\/www.kersia-group.com\/pl-pl\/dzialania\/\"},{\"@type\":\"ListItem\",\"position\":3,\"name\":\"Uzdatnianie wody\"}]},{\"@type\":\"WebSite\",\"@id\":\"\/#website\",\"url\":\"\/\",\"name\":\"Kersia Group\",\"description\":\"INVENTING A FOOD SAFE WORLD\",\"potentialAction\":[{\"@type\":\"SearchAction\",\"target\":{\"@type\":\"EntryPoint\",\"urlTemplate\":\"\/?s={search_term_string}\"},\"query-input\":\"required name=search_term_string\"}],\"inLanguage\":\"pl-PL\"}]}<\/script>\n<!-- \/ Yoast SEO plugin. -->","yoast_head_json":{"title":"Uzdatnianie wody - Kersia Group","robots":{"index":"index","follow":"follow","max-snippet":"max-snippet:-1","max-image-preview":"max-image-preview:large","max-video-preview":"max-video-preview:-1"},"canonical":"https:\/\/www.kersia-group.com\/pl-pl\/dzialania\/uzdatnianie-wody\/","og_locale":"pl_PL","og_type":"article","og_title":"Uzdatnianie wody - Kersia Group","og_description":"[vc_row type=&#8221;vc_default&#8221;][vc_column offset=&#8221;vc_hidden-lg vc_hidden-md&#8221;][vc_column_text el_class=&#8221;carnas_green&#8221;] Bezpieczniejsza woda,\u00a0bezpieczniejszy \u015bwiat [\/vc_column_text][\/vc_column][vc_column offset=&#8221;vc_col-lg-6 vc_col-md-4 vc_hidden-sm vc_hidden-xs&#8221;][vc_column_text el_class=&#8221;carnas_green&#8221;] Bezpieczniejsza woda, bezpieczniejszy \u015bwiat [\/vc_column_text][\/vc_column][vc_column offset=&#8221;vc_col-lg-6 vc_col-md-8&#8243;][vc_column_text]Woda jest wa\u017cnym dobrem dla \u017cycia i zdrowia ludzkiego. Jednak\u017ce&hellip;","og_url":"https:\/\/www.kersia-group.com\/pl-pl\/dzialania\/uzdatnianie-wody\/","og_site_name":"Kersia Group","article_modified_time":"2025-06-25T19:21:12+00:00","twitter_card":"summary_large_image","twitter_misc":{"Szacowany czas czytania":"4 minuty"},"schema":{"@context":"https:\/\/schema.org","@graph":[{"@type":"WebPage","@id":"https:\/\/www.kersia-group.com\/pl-pl\/dzialania\/uzdatnianie-wody\/","url":"https:\/\/www.kersia-group.com\/pl-pl\/dzialania\/uzdatnianie-wody\/","name":"Uzdatnianie wody - Kersia Group","isPartOf":{"@id":"\/#website"},"datePublished":"2020-01-07T12:59:11+00:00","dateModified":"2025-06-25T19:21:12+00:00","breadcrumb":{"@id":"https:\/\/www.kersia-group.com\/pl-pl\/dzialania\/uzdatnianie-wody\/#breadcrumb"},"inLanguage":"pl-PL","potentialAction":[{"@type":"ReadAction","target":["https:\/\/www.kersia-group.com\/pl-pl\/dzialania\/uzdatnianie-wody\/"]}]},{"@type":"BreadcrumbList","@id":"https:\/\/www.kersia-group.com\/pl-pl\/dzialania\/uzdatnianie-wody\/#breadcrumb","itemListElement":[{"@type":"ListItem","position":1,"name":"Home","item":"https:\/\/www.kersia-group.com\/pl-pl\/"},{"@type":"ListItem","position":2,"name":"Dzia\u0142ania","item":"https:\/\/www.kersia-group.com\/pl-pl\/dzialania\/"},{"@type":"ListItem","position":3,"name":"Uzdatnianie wody"}]},{"@type":"WebSite","@id":"\/#website","url":"\/","name":"Kersia Group","description":"INVENTING A FOOD SAFE WORLD","potentialAction":[{"@type":"SearchAction","target":{"@type":"EntryPoint","urlTemplate":"\/?s={search_term_string}"},"query-input":"required name=search_term_string"}],"inLanguage":"pl-PL"}]}},"_links":{"self":[{"href":"https:\/\/www.kersia-group.com\/pl-pl\/wp-json\/wp\/v2\/pages\/95198","targetHints":{"allow":["GET"]}}],"collection":[{"href":"https:\/\/www.kersia-group.com\/pl-pl\/wp-json\/wp\/v2\/pages"}],"about":[{"href":"https:\/\/www.kersia-group.com\/pl-pl\/wp-json\/wp\/v2\/types\/page"}],"author":[{"embeddable":true,"href":"https:\/\/www.kersia-group.com\/pl-pl\/wp-json\/wp\/v2\/users\/2"}],"replies":[{"embeddable":true,"href":"https:\/\/www.kersia-group.com\/pl-pl\/wp-json\/wp\/v2\/comments?post=95198"}],"version-history":[{"count":1,"href":"https:\/\/www.kersia-group.com\/pl-pl\/wp-json\/wp\/v2\/pages\/95198\/revisions"}],"predecessor-version":[{"id":95235,"href":"https:\/\/www.kersia-group.com\/pl-pl\/wp-json\/wp\/v2\/pages\/95198\/revisions\/95235"}],"up":[{"embeddable":true,"href":"https:\/\/www.kersia-group.com\/pl-pl\/wp-json\/wp\/v2\/pages\/95126"}],"wp:attachment":[{"href":"https:\/\/www.kersia-group.com\/pl-pl\/wp-json\/wp\/v2\/media?parent=95198"}],"curies":[{"name":"wp","href":"https:\/\/api.w.org\/{rel}","templated":true}]}}