{"id":95112,"date":"2020-01-07T14:06:29","date_gmt":"2020-01-07T13:06:29","guid":{"rendered":"https:\/\/www.kersia-group.com\/nasze-zespoly\/rolnictwo\/"},"modified":"2020-01-07T14:06:29","modified_gmt":"2020-01-07T13:06:29","slug":"rolnictwo","status":"publish","type":"page","link":"https:\/\/www.kersia-group.com\/pl-pl\/kariera\/nasze-zespoly\/rolnictwo\/","title":{"rendered":"Rolnictwo"},"content":{"rendered":"<p>[vc_row type=&#8221;vc_default&#8221;][vc_column][vc_column_text]Nasz zesp\u00f3\u0142 ds. rolnictwa wsp\u00f3\u0142pracuje z hodowcami zwierz\u0105t mlecznych (byd\u0142a, owiec i k\u00f3z), jak r\u00f3wnie\u017c z hodowcami trzody chlewnej i drobiu. Zapewniamy fachow\u0105 pomoc poprzez nasz\u0105 sie\u0107 dystrybucji i oferujemy rozwi\u0105zania w zakresie higieny (higiena doju, higiena budynk\u00f3w, uzdatnianie wody), suplementy paszowe i doradztwo techniczne zgodne z potrzebami rolnik\u00f3w i naszych partner\u00f3w.<\/p>\n<p>Nasze role zawodowe umo\u017cliwiaj\u0105 realizacj\u0119 r\u00f3\u017cnorodnych zada\u0144: koordynacja sieci i katalogowanie produkt\u00f3w, u\u0142atwianie producentom spotka\u0144 prewencyjnych i informacyjnych, wsp\u00f3\u0142praca z naszymi partnerami w terenie (audyt, monta\u017c robot\u00f3w, indywidualne doradztwo), udzia\u0142 w targach itp.\u00a0[\/vc_column_text][\/vc_column][\/vc_row][vc_row type=&#8221;vc_default&#8221;][vc_column]<div class=\"ult-spacer spacer-69d050c560d4f\" data-id=\"69d050c560d4f\" data-height=\"50\" data-height-mobile=\"25\" data-height-tab=\"40\" data-height-tab-portrait=\"40\" data-height-mobile-landscape=\"25\" style=\"clear:both;display:block;\"><\/div>[\/vc_column][\/vc_row][vc_row type=&#8221;vc_default&#8221; animation=&#8221;pulse&#8221; margin_top=&#8221;100&#8243; margin_bottom=&#8221;100&#8243; full_width_row=&#8221;true&#8221; padding_left=&#8221;50&#8243; padding_right=&#8221;50&#8243; parallax_content=&#8221;parallax_content_value&#8221; parallax_content_sense=&#8221;30&#8243; min_height=&#8221;25&#8243;][vc_column width=&#8221;1\/3&#8243;][vc_column_text]<\/p>\n<h3>Nasze role zawodowe:<\/h3>\n<ul>\n<li>Doradca techniczny ds. sprzeda\u017cy<\/li>\n<li>Dyrektor rynkowy<\/li>\n<li>Kierownik rynku<\/li>\n<li>Kierownik regionalny<\/li>\n<li>Dyrektor ds. sprzeda\u017cy<\/li>\n<li>Kierownik ds. kluczowych klient\u00f3w<\/li>\n<li>Kierownik ds. sprzeda\u017cy<\/li>\n<\/ul>\n<p>[\/vc_column_text]<div class=\"ult-spacer spacer-69d050c560d84\" data-id=\"69d050c560d84\" data-height=\"\" data-height-mobile=\"25\" data-height-tab=\"40\" data-height-tab-portrait=\"40\" data-height-mobile-landscape=\"25\" style=\"clear:both;display:block;\"><\/div>[\/vc_column][vc_column width=&#8221;2\/3&#8243;][vc_column_text]<\/p>\n<h3>Nasze kompetencje:<\/h3>\n<ul>\n<li>\u017bywienie zwierz\u0105t<\/li>\n<li>Intensywna produkcja<\/li>\n<li>Hodowla zwierz\u0105t mlecznych<\/li>\n<li>Uzdatnianie wody<\/li>\n<\/ul>\n<p>[\/vc_column_text][\/vc_column][\/vc_row][vc_row type=&#8221;vc_default&#8221;][vc_column]<div class=\"ult-spacer spacer-69d050c560da8\" data-id=\"69d050c560da8\" data-height=\"50\" data-height-mobile=\"25\" data-height-tab=\"40\" data-height-tab-portrait=\"40\" data-height-mobile-landscape=\"25\" style=\"clear:both;display:block;\"><\/div>[\/vc_column][\/vc_row][vc_row type=&#8221;vc_default&#8221; full_width=&#8221;stretch_row_content&#8221;][vc_column]<div id=\"ult-carousel-354036511369d050c560e4a\" class=\"ult-carousel-wrapper   ult_horizontal\" data-gutter=\"15\" data-rtl=\"false\" ><div class=\"ult-carousel-335355111369d050c560dd9 \" ><div class=\"ult-item-wrap\" data-animation=\"animated no-animation\"><div class=\"ult-new-ib ult-ib-effect-style6  ult-ib-resp  \" data-min-width=\"768\" data-max-width=\"900\" style=\"background:#0a0a0a;\" data-opacity=\"1\" data-hover-opacity=\"0.9\" ><img decoding=\"async\" class=\"ult-new-ib-img\" style=\"opacity:1;\" alt=\"null\" src=\"https:\/\/www.kersia-group.com\/wp-content\/uploads\/2019\/10\/bg_regulatory_affairs2.jpg\"   \/><div id=\"interactive-banner-wrap-1238\" class=\"ult-new-ib-desc\" style=\"\"><h2 class=\"ult-new-ib-title ult-responsive\"  data-ultimate-target='#interactive-banner-wrap-1238 .ult-new-ib-title'  data-responsive-json-new='{\"font-size\":\"desktop:36px;tablet:24px;tablet_portrait:24px;mobile_landscape:24px;mobile:24px;\",\"line-height\":\"desktop:42px;tablet:30px;tablet_portrait:30px;mobile_landscape:30px;mobile:30px;\"}'  style=\"font-weight:normal;color:#ffffff;\">Wymogi prawne<\/h2><\/div><a class=\"ult-new-ib-link\" href=\"https:\/\/www.kersia-group.com\/pl\/kariera\/nasze-zespoly\/wymogi-prawne\/\" title=\"Wymogi prawne\"  ><\/a><\/div><script type=\"text\/javascript\">\n\t\t\t(function($){\n\t\t\t\t$(document).ready(function(){\n\t\t\t\t\t$(\".ult-new-ib\").css(\"opacity\",\"1\");\n\t\t\t\t});\n\t\t\t})(jQuery);\n\t\t\t<\/script><\/div><div class=\"ult-item-wrap\" data-animation=\"animated no-animation\"><div class=\"ult-new-ib ult-ib-effect-style6  ult-ib-resp  \" data-min-width=\"768\" data-max-width=\"900\" style=\"background:#0a0a0a;\" data-opacity=\"1\" data-hover-opacity=\"0.9\" ><img decoding=\"async\" class=\"ult-new-ib-img\" style=\"opacity:1;\" alt=\"null\" src=\"https:\/\/www.kersia-group.com\/wp-content\/uploads\/2019\/08\/bg_agriculture2.jpg\"   \/><div id=\"interactive-banner-wrap-1275\" class=\"ult-new-ib-desc\" style=\"\"><h2 class=\"ult-new-ib-title ult-responsive\"  data-ultimate-target='#interactive-banner-wrap-1275 .ult-new-ib-title'  data-responsive-json-new='{\"font-size\":\"desktop:36px;tablet:24px;tablet_portrait:24px;mobile_landscape:24px;mobile:24px;\",\"line-height\":\"desktop:42px;tablet:30px;tablet_portrait:30px;mobile_landscape:30px;mobile:30px;\"}'  style=\"font-weight:normal;color:#ffffff;\">Rolnictwo<\/h2><\/div><a class=\"ult-new-ib-link\" href=\"https:\/\/www.kersia-group.com\/pl\/kariera\/nasze-zespoly\/rolnictwo\/\" title=\"Rolnictwo\"  ><\/a><\/div><script type=\"text\/javascript\">\n\t\t\t(function($){\n\t\t\t\t$(document).ready(function(){\n\t\t\t\t\t$(\".ult-new-ib\").css(\"opacity\",\"1\");\n\t\t\t\t});\n\t\t\t})(jQuery);\n\t\t\t<\/script><\/div><div class=\"ult-item-wrap\" data-animation=\"animated no-animation\"><div class=\"ult-new-ib ult-ib-effect-style6  ult-ib-resp  \" data-min-width=\"768\" data-max-width=\"900\" style=\"background:#0a0a0a;\" data-opacity=\"1\" data-hover-opacity=\"0.9\" ><img decoding=\"async\" class=\"ult-new-ib-img\" style=\"opacity:1;\" alt=\"null\" src=\"https:\/\/www.kersia-group.com\/wp-content\/uploads\/2019\/08\/bg_food_industry2.jpg\"   \/><div id=\"interactive-banner-wrap-6458\" class=\"ult-new-ib-desc\" style=\"\"><h2 class=\"ult-new-ib-title ult-responsive\"  data-ultimate-target='#interactive-banner-wrap-6458 .ult-new-ib-title'  data-responsive-json-new='{\"font-size\":\"desktop:36px;tablet:24px;tablet_portrait:24px;mobile_landscape:24px;mobile:24px;\",\"line-height\":\"desktop:42px;tablet:30px;tablet_portrait:30px;mobile_landscape:30px;mobile:30px;\"}'  style=\"font-weight:normal;color:#ffffff;\">Przemys\u0142 spo\u017cywczy<\/h2><\/div><a class=\"ult-new-ib-link\" href=\"https:\/\/www.kersia-group.com\/pl\/kariera\/nasze-zespoly\/przemysl-spozywczy-2\/\" title=\"Przemys\u0142 spo\u017cywczy\"  ><\/a><\/div><script type=\"text\/javascript\">\n\t\t\t(function($){\n\t\t\t\t$(document).ready(function(){\n\t\t\t\t\t$(\".ult-new-ib\").css(\"opacity\",\"1\");\n\t\t\t\t});\n\t\t\t})(jQuery);\n\t\t\t<\/script><\/div><div class=\"ult-item-wrap\" data-animation=\"animated no-animation\"><div class=\"ult-new-ib ult-ib-effect-style6  ult-ib-resp  \" data-min-width=\"768\" data-max-width=\"900\" style=\"background:#0a0a0a;\" data-opacity=\"1\" data-hover-opacity=\"0.9\" ><img decoding=\"async\" class=\"ult-new-ib-img\" style=\"opacity:1;\" alt=\"null\" src=\"https:\/\/www.kersia-group.com\/wp-content\/uploads\/2019\/08\/bg_industrial_foodprint2.jpg\"   \/><div id=\"interactive-banner-wrap-5084\" class=\"ult-new-ib-desc\" style=\"\"><h2 class=\"ult-new-ib-title ult-responsive\"  data-ultimate-target='#interactive-banner-wrap-5084 .ult-new-ib-title'  data-responsive-json-new='{\"font-size\":\"desktop:36px;tablet:24px;tablet_portrait:24px;mobile_landscape:24px;mobile:24px;\",\"line-height\":\"desktop:42px;tablet:30px;tablet_portrait:30px;mobile_landscape:30px;mobile:30px;\"}'  style=\"font-weight:normal;color:#ffffff;\">\u015alad przemys\u0142owy<\/h2><\/div><a class=\"ult-new-ib-link\" href=\"https:\/\/www.kersia-group.com\/pl\/kariera\/nasze-zespoly\/slad-przemyslowy\/\" title=\"\u015alad przemys\u0142owy\"  ><\/a><\/div><script type=\"text\/javascript\">\n\t\t\t(function($){\n\t\t\t\t$(document).ready(function(){\n\t\t\t\t\t$(\".ult-new-ib\").css(\"opacity\",\"1\");\n\t\t\t\t});\n\t\t\t})(jQuery);\n\t\t\t<\/script><\/div><div class=\"ult-item-wrap\" data-animation=\"animated no-animation\"><div class=\"ult-new-ib ult-ib-effect-style6  ult-ib-resp  \" data-min-width=\"768\" data-max-width=\"900\" style=\"background:#0a0a0a;\" data-opacity=\"1\" data-hover-opacity=\"0.9\" ><img decoding=\"async\" class=\"ult-new-ib-img\" style=\"opacity:1;\" alt=\"null\" src=\"https:\/\/www.kersia-group.com\/wp-content\/uploads\/2019\/09\/3_our-teams.jpg\"   \/><div id=\"interactive-banner-wrap-2841\" class=\"ult-new-ib-desc\" style=\"\"><h2 class=\"ult-new-ib-title ult-responsive\"  data-ultimate-target='#interactive-banner-wrap-2841 .ult-new-ib-title'  data-responsive-json-new='{\"font-size\":\"desktop:36px;tablet:24px;tablet_portrait:24px;mobile_landscape:24px;mobile:24px;\",\"line-height\":\"desktop:42px;tablet:30px;tablet_portrait:30px;mobile_landscape:30px;mobile:30px;\"}'  style=\"font-weight:normal;color:#ffffff;\">Innowacje<\/h2><\/div><a class=\"ult-new-ib-link\" href=\"https:\/\/www.kersia-group.com\/pl\/kariera\/nasze-zespoly\/innowacje-2\/\" title=\"Innowacje\"  ><\/a><\/div><script type=\"text\/javascript\">\n\t\t\t(function($){\n\t\t\t\t$(document).ready(function(){\n\t\t\t\t\t$(\".ult-new-ib\").css(\"opacity\",\"1\");\n\t\t\t\t});\n\t\t\t})(jQuery);\n\t\t\t<\/script><\/div><div class=\"ult-item-wrap\" data-animation=\"animated no-animation\"><div class=\"ult-new-ib ult-ib-effect-style6  ult-ib-resp  \" data-min-width=\"768\" data-max-width=\"900\" style=\"background:#0a0a0a;\" data-opacity=\"1\" data-hover-opacity=\"0.9\" ><img decoding=\"async\" class=\"ult-new-ib-img\" style=\"opacity:1;\" alt=\"null\" src=\"https:\/\/www.kersia-group.com\/wp-content\/uploads\/2019\/10\/bg_support_functions2.jpg\"   \/><div id=\"interactive-banner-wrap-5384\" class=\"ult-new-ib-desc\" style=\"\"><h2 class=\"ult-new-ib-title ult-responsive\"  data-ultimate-target='#interactive-banner-wrap-5384 .ult-new-ib-title'  data-responsive-json-new='{\"font-size\":\"desktop:36px;tablet:24px;tablet_portrait:24px;mobile_landscape:24px;mobile:24px;\",\"line-height\":\"desktop:42px;tablet:30px;tablet_portrait:30px;mobile_landscape:30px;mobile:30px;\"}'  style=\"font-weight:normal;color:#ffffff;\">Role wspieraj\u0105ce<\/h2><\/div><a class=\"ult-new-ib-link\" href=\"https:\/\/www.kersia-group.com\/pl\/kariera\/nasze-zespoly\/role-wspierajace\/\" title=\"Role wspieraj\u0105ce\"  ><\/a><\/div><script type=\"text\/javascript\">\n\t\t\t(function($){\n\t\t\t\t$(document).ready(function(){\n\t\t\t\t\t$(\".ult-new-ib\").css(\"opacity\",\"1\");\n\t\t\t\t});\n\t\t\t})(jQuery);\n\t\t\t<\/script><\/div><\/div><\/div>\t\t\t<script type=\"text\/javascript\">\n\t\t\t\tjQuery(document).ready(function ($) {\n\t\t\t\t\tif( typeof jQuery('.ult-carousel-335355111369d050c560dd9').slick == \"function\"){\n\t\t\t\t\t\t$('.ult-carousel-335355111369d050c560dd9').slick({dots: true,autoplay: true,autoplaySpeed: 5000,speed: 300,infinite: true,arrows: true,nextArrow: '<button type=\"button\" role=\"button\" aria-label=\"Next\" style=\"color:#333333; font-size:20px;\" class=\"slick-next default\"><i class=\"ultsl-arrow-right4\"><\/i><\/button>',prevArrow: '<button type=\"button\" role=\"button\" aria-label=\"Previous\" style=\"color:#333333; font-size:20px;\" class=\"slick-prev default\"><i class=\"ultsl-arrow-left4\"><\/i><\/button>',slidesToScroll:3,slidesToShow:3,swipe: true,draggable: true,touchMove: true,pauseOnHover: true,pauseOnFocus: false,responsive: [\n\t\t\t\t\t\t\t{\n\t\t\t\t\t\t\t  breakpoint: 1026,\n\t\t\t\t\t\t\t  settings: {\n\t\t\t\t\t\t\t\tslidesToShow: 3,\n\t\t\t\t\t\t\t\tslidesToScroll: 3,  \n\t\t\t\t\t\t\t  }\n\t\t\t\t\t\t\t},\n\t\t\t\t\t\t\t{\n\t\t\t\t\t\t\t  breakpoint: 1025,\n\t\t\t\t\t\t\t  settings: {\n\t\t\t\t\t\t\t\tslidesToShow: 2,\n\t\t\t\t\t\t\t\tslidesToScroll: 2\n\t\t\t\t\t\t\t  }\n\t\t\t\t\t\t\t},\n\t\t\t\t\t\t\t{\n\t\t\t\t\t\t\t  breakpoint: 760,\n\t\t\t\t\t\t\t  settings: {\n\t\t\t\t\t\t\t\tslidesToShow: 1,\n\t\t\t\t\t\t\t\tslidesToScroll: 1\n\t\t\t\t\t\t\t  }\n\t\t\t\t\t\t\t}\n\t\t\t\t\t\t],pauseOnDotsHover: true,customPaging: function(slider, i) {\n                   return '<i type=\"button\" style= \"color:#333333;\" class=\"ultsl-record\" data-role=\"none\"><\/i>';\n                },});\n\t\t\t\t\t}\n\t\t\t\t});\n\t\t\t<\/script>\n\t\t\t[\/vc_column][\/vc_row]<\/p>\n","protected":false},"excerpt":{"rendered":"<p>[vc_row type=&#8221;vc_default&#8221;][vc_column][vc_column_text]Nasz zesp\u00f3\u0142 ds. rolnictwa wsp\u00f3\u0142pracuje z hodowcami zwierz\u0105t mlecznych (byd\u0142a, owiec i k\u00f3z), jak r\u00f3wnie\u017c z hodowcami trzody chlewnej i drobiu. Zapewniamy fachow\u0105 pomoc poprzez nasz\u0105 sie\u0107 dystrybucji i&hellip;<\/p>\n","protected":false},"author":2,"featured_media":0,"parent":94917,"menu_order":0,"comment_status":"closed","ping_status":"closed","template":"","meta":{"_acf_changed":false,"footnotes":""},"class_list":["post-95112","page","type-page","status-publish","hentry","description-off"],"acf":[],"yoast_head":"<!-- This site is optimized with the Yoast SEO plugin v21.9.1 - https:\/\/yoast.com\/wordpress\/plugins\/seo\/ -->\n<title>Rolnictwo - Kersia Group<\/title>\n<meta name=\"robots\" content=\"index, follow, max-snippet:-1, max-image-preview:large, max-video-preview:-1\" \/>\n<link rel=\"canonical\" href=\"https:\/\/www.kersia-group.com\/pl-pl\/kariera\/nasze-zespoly\/rolnictwo\/\" \/>\n<meta property=\"og:locale\" content=\"pl_PL\" \/>\n<meta property=\"og:type\" content=\"article\" \/>\n<meta property=\"og:title\" content=\"Rolnictwo - Kersia Group\" \/>\n<meta property=\"og:description\" content=\"[vc_row type=&#8221;vc_default&#8221;][vc_column][vc_column_text]Nasz zesp\u00f3\u0142 ds. rolnictwa wsp\u00f3\u0142pracuje z hodowcami zwierz\u0105t mlecznych (byd\u0142a, owiec i k\u00f3z), jak r\u00f3wnie\u017c z hodowcami trzody chlewnej i drobiu. Zapewniamy fachow\u0105 pomoc poprzez nasz\u0105 sie\u0107 dystrybucji i&hellip;\" \/>\n<meta property=\"og:url\" content=\"https:\/\/www.kersia-group.com\/pl-pl\/kariera\/nasze-zespoly\/rolnictwo\/\" \/>\n<meta property=\"og:site_name\" content=\"Kersia Group\" \/>\n<meta name=\"twitter:card\" content=\"summary_large_image\" \/>\n<meta name=\"twitter:label1\" content=\"Szacowany czas czytania\" \/>\n\t<meta name=\"twitter:data1\" content=\"5 minut\" \/>\n<script type=\"application\/ld+json\" class=\"yoast-schema-graph\">{\"@context\":\"https:\/\/schema.org\",\"@graph\":[{\"@type\":\"WebPage\",\"@id\":\"https:\/\/www.kersia-group.com\/pl-pl\/kariera\/nasze-zespoly\/rolnictwo\/\",\"url\":\"https:\/\/www.kersia-group.com\/pl-pl\/kariera\/nasze-zespoly\/rolnictwo\/\",\"name\":\"Rolnictwo - Kersia Group\",\"isPartOf\":{\"@id\":\"\/#website\"},\"datePublished\":\"2020-01-07T13:06:29+00:00\",\"dateModified\":\"2020-01-07T13:06:29+00:00\",\"breadcrumb\":{\"@id\":\"https:\/\/www.kersia-group.com\/pl-pl\/kariera\/nasze-zespoly\/rolnictwo\/#breadcrumb\"},\"inLanguage\":\"pl-PL\",\"potentialAction\":[{\"@type\":\"ReadAction\",\"target\":[\"https:\/\/www.kersia-group.com\/pl-pl\/kariera\/nasze-zespoly\/rolnictwo\/\"]}]},{\"@type\":\"BreadcrumbList\",\"@id\":\"https:\/\/www.kersia-group.com\/pl-pl\/kariera\/nasze-zespoly\/rolnictwo\/#breadcrumb\",\"itemListElement\":[{\"@type\":\"ListItem\",\"position\":1,\"name\":\"Home\",\"item\":\"https:\/\/www.kersia-group.com\/pl-pl\/\"},{\"@type\":\"ListItem\",\"position\":2,\"name\":\"Nasze zespo\u0142y\",\"item\":\"https:\/\/www.kersia-group.com\/pl-pl\/nasze-zespoly\/\"},{\"@type\":\"ListItem\",\"position\":3,\"name\":\"Rolnictwo\"}]},{\"@type\":\"WebSite\",\"@id\":\"\/#website\",\"url\":\"\/\",\"name\":\"Kersia Group\",\"description\":\"INVENTING A FOOD SAFE WORLD\",\"potentialAction\":[{\"@type\":\"SearchAction\",\"target\":{\"@type\":\"EntryPoint\",\"urlTemplate\":\"\/?s={search_term_string}\"},\"query-input\":\"required name=search_term_string\"}],\"inLanguage\":\"pl-PL\"}]}<\/script>\n<!-- \/ Yoast SEO plugin. -->","yoast_head_json":{"title":"Rolnictwo - Kersia Group","robots":{"index":"index","follow":"follow","max-snippet":"max-snippet:-1","max-image-preview":"max-image-preview:large","max-video-preview":"max-video-preview:-1"},"canonical":"https:\/\/www.kersia-group.com\/pl-pl\/kariera\/nasze-zespoly\/rolnictwo\/","og_locale":"pl_PL","og_type":"article","og_title":"Rolnictwo - Kersia Group","og_description":"[vc_row type=&#8221;vc_default&#8221;][vc_column][vc_column_text]Nasz zesp\u00f3\u0142 ds. rolnictwa wsp\u00f3\u0142pracuje z hodowcami zwierz\u0105t mlecznych (byd\u0142a, owiec i k\u00f3z), jak r\u00f3wnie\u017c z hodowcami trzody chlewnej i drobiu. Zapewniamy fachow\u0105 pomoc poprzez nasz\u0105 sie\u0107 dystrybucji i&hellip;","og_url":"https:\/\/www.kersia-group.com\/pl-pl\/kariera\/nasze-zespoly\/rolnictwo\/","og_site_name":"Kersia Group","twitter_card":"summary_large_image","twitter_misc":{"Szacowany czas czytania":"5 minut"},"schema":{"@context":"https:\/\/schema.org","@graph":[{"@type":"WebPage","@id":"https:\/\/www.kersia-group.com\/pl-pl\/kariera\/nasze-zespoly\/rolnictwo\/","url":"https:\/\/www.kersia-group.com\/pl-pl\/kariera\/nasze-zespoly\/rolnictwo\/","name":"Rolnictwo - Kersia Group","isPartOf":{"@id":"\/#website"},"datePublished":"2020-01-07T13:06:29+00:00","dateModified":"2020-01-07T13:06:29+00:00","breadcrumb":{"@id":"https:\/\/www.kersia-group.com\/pl-pl\/kariera\/nasze-zespoly\/rolnictwo\/#breadcrumb"},"inLanguage":"pl-PL","potentialAction":[{"@type":"ReadAction","target":["https:\/\/www.kersia-group.com\/pl-pl\/kariera\/nasze-zespoly\/rolnictwo\/"]}]},{"@type":"BreadcrumbList","@id":"https:\/\/www.kersia-group.com\/pl-pl\/kariera\/nasze-zespoly\/rolnictwo\/#breadcrumb","itemListElement":[{"@type":"ListItem","position":1,"name":"Home","item":"https:\/\/www.kersia-group.com\/pl-pl\/"},{"@type":"ListItem","position":2,"name":"Nasze zespo\u0142y","item":"https:\/\/www.kersia-group.com\/pl-pl\/nasze-zespoly\/"},{"@type":"ListItem","position":3,"name":"Rolnictwo"}]},{"@type":"WebSite","@id":"\/#website","url":"\/","name":"Kersia Group","description":"INVENTING A FOOD SAFE WORLD","potentialAction":[{"@type":"SearchAction","target":{"@type":"EntryPoint","urlTemplate":"\/?s={search_term_string}"},"query-input":"required name=search_term_string"}],"inLanguage":"pl-PL"}]}},"_links":{"self":[{"href":"https:\/\/www.kersia-group.com\/pl-pl\/wp-json\/wp\/v2\/pages\/95112","targetHints":{"allow":["GET"]}}],"collection":[{"href":"https:\/\/www.kersia-group.com\/pl-pl\/wp-json\/wp\/v2\/pages"}],"about":[{"href":"https:\/\/www.kersia-group.com\/pl-pl\/wp-json\/wp\/v2\/types\/page"}],"author":[{"embeddable":true,"href":"https:\/\/www.kersia-group.com\/pl-pl\/wp-json\/wp\/v2\/users\/2"}],"replies":[{"embeddable":true,"href":"https:\/\/www.kersia-group.com\/pl-pl\/wp-json\/wp\/v2\/comments?post=95112"}],"version-history":[{"count":0,"href":"https:\/\/www.kersia-group.com\/pl-pl\/wp-json\/wp\/v2\/pages\/95112\/revisions"}],"up":[{"embeddable":true,"href":"https:\/\/www.kersia-group.com\/pl-pl\/wp-json\/wp\/v2\/pages\/94917"}],"wp:attachment":[{"href":"https:\/\/www.kersia-group.com\/pl-pl\/wp-json\/wp\/v2\/media?parent=95112"}],"curies":[{"name":"wp","href":"https:\/\/api.w.org\/{rel}","templated":true}]}}