{"id":98024,"date":"2020-05-29T11:08:54","date_gmt":"2020-05-29T09:08:54","guid":{"rendered":"https:\/\/www.kersia-group.com\/kezdolap\/"},"modified":"2025-06-26T21:12:32","modified_gmt":"2025-06-26T19:12:32","slug":"kezdolap","status":"publish","type":"page","link":"https:\/\/www.kersia-group.com\/hu-hu\/","title":{"rendered":"Kezd\u0151lap"},"content":{"rendered":"<p>[vc_row type=&#8221;vc_default&#8221; full_width=&#8221;stretch_row_content&#8221; el_class=&#8221;home-photo-right&#8221; css=&#8221;.vc_custom_1568643798758{padding-right: 0px !important;padding-left: 0px !important;}&#8221;][vc_column][vc_raw_html]JTVCc2xpZGVyJTVE[\/vc_raw_html][\/vc_column][\/vc_row][vc_row type=&#8221;vc_default&#8221; full_width=&#8221;stretch_row&#8221; el_class=&#8221;home-photo-right&#8221;][vc_column][vc_row_inner][vc_column_inner]<div class=\"ult-spacer spacer-69d3036b5c54f\" data-id=\"69d3036b5c54f\" data-height=\"50\" data-height-mobile=\"25\" data-height-tab=\"40\" data-height-tab-portrait=\"40\" data-height-mobile-landscape=\"25\" style=\"clear:both;display:block;\"><\/div>[\/vc_column_inner][\/vc_row_inner][vc_column_text el_class=&#8221;carnas_green&#8221;]<\/p>\n<h1 style=\"text-align: center;\">Az \u00e9lelmiszer-biztons\u00e1g els\u0151 sz\u00e1m\u00fa priorit\u00e1s<\/h1>\n<p>[\/vc_column_text][vc_column_text el_class=&#8221;home&#8221;]<\/p>\n<h2 style=\"text-align: center;\">Hogyan gondoskodhatunk a n\u00f6vekv\u0151 n\u00e9pess\u00e9gsz\u00e1m \u00e9lelmez\u00e9s\u00e9r\u0151l biztons\u00e1gosabb term\u00e9kekkel?<\/h2>\n<p style=\"text-align: center;\">Mik\u00f6zben a glob\u00e1lis piacok egyre szab\u00e1lyozottabb\u00e1 v\u00e1lnak, a f\u00f6ld sz\u00e1mos r\u00e9gi\u00f3ja komoly \u00e9lelmiszer-biztons\u00e1gi probl\u00e9m\u00e1kkal k\u00fczd.<\/p>\n<p style=\"text-align: center;\">Az \u00e9lelmiszerekkel kapcsolatos probl\u00e9m\u00e1k gyakoris\u00e1ga n\u00f6vekszik, sok orsz\u00e1gban szinte minden napra jut term\u00e9kvisszah\u00edv\u00e1s, \u00e1m ezek nem k\u00e9pesek megel\u0151zni a dr\u00e1mai k\u00f6vetkezm\u00e9nyeket.<br \/>\nA probl\u00e9m\u00e1ra l\u00e9tezik egy \u2013 elker\u00fclhetetlen \u2013 megold\u00e1s: gy\u00f6keres v\u00e1ltoz\u00e1sra \u00e9s innovat\u00edv megold\u00e1sok bevezet\u00e9s\u00e9re van sz\u00fcks\u00e9g.<\/p>\n<p>[\/vc_column_text]<div class=\"ult-spacer spacer-69d3036b5c582\" data-id=\"69d3036b5c582\" data-height=\"50\" data-height-mobile=\"25\" data-height-tab=\"40\" data-height-tab-portrait=\"40\" data-height-mobile-landscape=\"25\" style=\"clear:both;display:block;\"><\/div>[vc_btn title=&#8221;<b>T\u00d6BB MEGJELEN\u00cdT\u00c9SE\u2026<\/b>&#8221; style=&#8221;custom&#8221; custom_background=&#8221;#008d33&#8243; custom_text=&#8221;#ffffff&#8221; shape=&#8221;round&#8221; align=&#8221;center&#8221; css_animation=&#8221;bounceInUp&#8221; link=&#8221;url:https%3A%2F%2Fworldsafetyday.kersia-group.com%2F|target:%20_blank|&#8221;][\/vc_column][\/vc_row][vc_row type=&#8221;vc_default&#8221; full_width=&#8221;stretch_row&#8221; bg_type=&#8221;image&#8221; parallax_style=&#8221;vcpb-default&#8221; bg_image_new=&#8221;id^246|url^https:\/\/www.kersia-group.com\/wp-content\/uploads\/2019\/07\/fond_papillon_aboutus.jpg|caption^null|alt^null|title^fond_papillon_aboutus|description^null&#8221; bg_image_repeat=&#8221;no-repeat&#8221; bg_image_size=&#8221;contain&#8221; el_class=&#8221;home-photo-right&#8221; css=&#8221;.vc_custom_1568371882851{background-position: center !important;background-repeat: no-repeat !important;background-size: cover !important;}&#8221;][vc_column]<div class=\"ult-spacer spacer-69d3036b5c5a9\" data-id=\"69d3036b5c5a9\" data-height=\"50\" data-height-mobile=\"25\" data-height-tab=\"40\" data-height-tab-portrait=\"40\" data-height-mobile-landscape=\"25\" style=\"clear:both;display:block;\"><\/div>[vc_row_inner content_placement=&#8221;top&#8221; gap=&#8221;35&#8243;][vc_column_inner width=&#8221;1\/12&#8243;][\/vc_column_inner][vc_column_inner width=&#8221;4\/12&#8243;][vc_single_image image=&#8221;98043&#8243; img_size=&#8221;full&#8221; alignment=&#8221;center&#8221; css_animation=&#8221;fadeInUp&#8221;][\/vc_column_inner][vc_column_inner width=&#8221;6\/12&#8243;][vc_column_text]Az \u00e9lelmiszerek min\u0151s\u00e9ge \u00e9s biztons\u00e1ga a komplex \u00e9lelmiszerl\u00e1nc minden szerepl\u0151j\u00e9nek k\u00f6z\u00f6s er\u0151fesz\u00edt\u00e9seinek eredm\u00e9nye, am\u00edg az \u00e9tel eljut \u201ea gazdas\u00e1gt\u00f3l az asztalig\u201d.<\/p>\n<p>Az \u00e9lelmiszerl\u00e1nc minden szerepl\u0151j\u00e9nek glob\u00e1lis megold\u00e1sokat k\u00edn\u00e1lunk a gazdas\u00e1gok \u00e9s \u00e9lelmiszerek biol\u00f3giai biztons\u00e1g\u00e1nak el\u00e9r\u00e9s\u00e9re. A megold\u00e1saink m\u00f6g\u00f6tt \u00e1tfog\u00f3 portfoli\u00f3nk \u00e1ll, amely magas hozz\u00e1adott \u00e9rt\u00e9kkel rendelkez\u0151 higi\u00e9niai term\u00e9keket \u00e9s megold\u00e1sokat tartalmaz a betegs\u00e9gek \u00e9s fert\u0151z\u00e9sek megel\u0151z\u00e9s\u00e9re, legyen sz\u00f3 \u00e1llatokr\u00f3l vagy emberekr\u0151l. A j\u00f6v\u0151re \u00f6sszpontos\u00edtunk, \u00e9s seg\u00edtj\u00fck az \u00fcgyfeleinket a v\u00e1ltoz\u00e1sok el\u0151rejelz\u00e9s\u00e9ben, a gazdas\u00e1gaik v\u00e9delm\u00e9ben, a v\u00e1llalkoz\u00e1saik j\u00f3 h\u00edrnev\u00e9nek meg\u0151rz\u00e9s\u00e9ben, \u00e9s a fenntarthat\u00f3 teljes\u00edtm\u00e9ny\u00fck n\u00f6vel\u00e9s\u00e9ben.[\/vc_column_text][\/vc_column_inner][vc_column_inner width=&#8221;1\/12&#8243;][\/vc_column_inner][\/vc_row_inner]<div class=\"ult-spacer spacer-69d3036b5c5cd\" data-id=\"69d3036b5c5cd\" data-height=\"50\" data-height-mobile=\"010\" data-height-tab=\"30\" data-height-tab-portrait=\"20\" data-height-mobile-landscape=\"10\" style=\"clear:both;display:block;\"><\/div>[vc_row_inner css=&#8221;.vc_custom_1566898712953{background-position: center !important;background-repeat: no-repeat !important;background-size: contain !important;}&#8221;][vc_column_inner width=&#8221;1\/12&#8243;][\/vc_column_inner][vc_column_inner width=&#8221;10\/12&#8243;]<div id=\"ultimate-video-707869d3036b5c60d\" class=\"ult-video  ult-adjust-bottom-margin ultimate-video-707869d3036b5c60d ultv-5469 \"><div class=\"ultv-video ultv-aspect-ratio-16_9 ultv-subscribe-responsive-none\" data-videotype=\"uv_iframe\">\n\t\t\t\t\t\t<div class=\"ultv-video__outer-wrap\" data-autoplay=\"0\" data-device=\"false\"  data-iconbg=\"#3A3A3A\" data-overcolor=\"\" data-defaultbg=\"#1f1f1e\" data-defaultplay=\"defaulticon\"><div class=\"ultv-video__play\" data-src=\"https:\/\/www.youtube-nocookie.com\/embed\/HlH41d9e3ms?rel=0&amp;start&amp;end&amp;controls=1&amp;mute=0&amp;modestbranding=1&amp;autoplay=1\">\n\t\t\t\t\t\t\t\t<img decoding=\"async\" class=\"ultv-video__thumb\" src=\"https:\/\/i.ytimg.com\/vi\/HlH41d9e3ms\/maxresdefault.jpg\"\/>\n\t\t\t\t\t\t\t\t<div class=\"ultv-video__play-icon  ultv-animation-none\" style=\"width:75px\"><svg height=\"100%\" version=\"1.1\" viewBox=\"0 0 68 48\" width=\"100%\"><path class=\"ultv-youtube-icon-bg\" d=\"m .66,37.62 c 0,0 .66,4.70 2.70,6.77 2.58,2.71 5.98,2.63 7.49,2.91 5.43,.52 23.10,.68 23.12,.68 .00,-1.3e-5 14.29,-0.02 23.81,-0.71 1.32,-0.15 4.22,-0.17 6.81,-2.89 2.03,-2.07 2.70,-6.77 2.70,-6.77 0,0 .67,-5.52 .67,-11.04 l 0,-5.17 c 0,-5.52 -0.67,-11.04 -0.67,-11.04 0,0 -0.66,-4.70 -2.70,-6.77 C 62.03,.86 59.13,.84 57.80,.69 48.28,0 34.00,0 34.00,0 33.97,0 19.69,0 10.18,.69 8.85,.84 5.95,.86 3.36,3.58 1.32,5.65 .66,10.35 .66,10.35 c 0,0 -0.55,4.50 -0.66,9.45 l 0,8.36 c .10,4.94 .66,9.45 .66,9.45 z\" fill=\"#1f1f1e\" ><\/path><path d=\"m 26.96,13.67 18.37,9.62 -18.37,9.55 -0.00,-19.17 z\" fill=\"#fff\"><\/path><path d=\"M 45.02,23.46 45.32,23.28 26.96,13.67 43.32,22.34 45.02,23.46 z\" fill=\"#ccc\"><\/path><\/svg><\/div> <\/div> <\/div><\/div><\/div><div class=\"ult-spacer spacer-69d3036b5c693\" data-id=\"69d3036b5c693\" data-height=\"50\" data-height-mobile=\"010\" data-height-tab=\"30\" data-height-tab-portrait=\"20\" data-height-mobile-landscape=\"10\" style=\"clear:both;display:block;\"><\/div>[\/vc_column_inner][vc_column_inner width=&#8221;1\/12&#8243;][\/vc_column_inner][\/vc_row_inner][\/vc_column][\/vc_row][vc_row full_width=&#8221;stretch_row_content_no_spaces&#8221; full_width_row=&#8221;true&#8221; bg_type=&#8221;bg_color&#8221; css=&#8221;.vc_custom_1570452501891{margin-top: 0px !important;margin-right: 0px !important;margin-bottom: 0px !important;margin-left: 0px !important;padding-top: 0px !important;padding-right: 0px !important;padding-bottom: 0px !important;padding-left: 0px !important;background-color: #008d33 !important;background-position: center !important;background-repeat: no-repeat !important;background-size: cover !important;}&#8221; bg_color_value=&#8221;#008d33&#8243;][vc_column][vc_single_image image=&#8221;98040&#8243; img_size=&#8221;large&#8221; alignment=&#8221;right&#8221; css_animation=&#8221;appear&#8221; el_id=&#8221;home-photo-right&#8221; el_class=&#8221;hidden-xs hidden-sm hidden-md&#8221;][vc_row_inner content_placement=&#8221;top&#8221; gap=&#8221;10&#8243; css=&#8221;.vc_custom_1568731743748{padding-top: 50px !important;padding-right: 25px !important;padding-bottom: 50px !important;padding-left: 25px !important;}&#8221;][vc_column_inner width=&#8221;1\/6&#8243; offset=&#8221;vc_hidden-md vc_hidden-sm vc_hidden-xs&#8221;][\/vc_column_inner][vc_column_inner offset=&#8221;vc_hidden-lg vc_col-md-12 vc_col-xs-12&#8243;][vc_column_text el_class=&#8221;carnas&#8221;]<\/p>\n<h2>Az vagy, amit megeszel\u2026<\/h2>\n<p>[\/vc_column_text][\/vc_column_inner][vc_column_inner width=&#8221;1\/4&#8243; offset=&#8221;vc_col-lg-3 vc_hidden-md vc_hidden-sm vc_hidden-xs&#8221;][vc_column_text el_class=&#8221;carnas&#8221;]<\/p>\n<h2>Az vagy,<br \/>\namit<br \/>\nmegeszel.<\/h2>\n<p>[\/vc_column_text][\/vc_column_inner][vc_column_inner offset=&#8221;vc_col-lg-5 vc_col-md-12 vc_col-xs-12&#8243;][vc_column_text el_class=&#8221;texte_blanc&#8221;]Az vagy, amit megeszel. A fogyaszt\u00f3k t\u00f6r\u0151dnek a bolyg\u00f3 \u00e1llapot\u00e1val, \u00e9s nem t\u0171rnek kompromisszumos megold\u00e1sokat az \u00e9lelmiszer-biztons\u00e1g ter\u00fclet\u00e9n. Az egyre globaliz\u00e1ltabb gazdas\u00e1gban a term\u00e9kekkel \u00e9s \u00f6sszetev\u0151kkel vil\u00e1gszerte kereskednek, \u00edgy az \u00e9lelmiszerek termel\u00e9se, feldolgoz\u00e1sa \u00e9s sz\u00e1ll\u00edt\u00e1sa kritikus figyelmet ig\u00e9nyel.<\/p>\n<div class='yrm-content yrm-content-1 yrm-content-hide ' id='yrm-cfgCY' data-id='1' data-show-status='false' data-after-action='' style=\"visibility: hidden;height: 0;\">\n\t\t\t<div id='yrm-inner-content-yrm-cfgCY' class='yrm-inner-content-wrapper yrm-cntent-1'>A fogyaszt\u00f3k \u00e1tl\u00e1that\u00f3bb m\u0171k\u00f6d\u00e9st v\u00e1rnak el. \u00daj gazdas\u00e1gi megold\u00e1sok sz\u00fcletnek, a haszn\u00e1lt technol\u00f3gi\u00e1k fejl\u0151dnek, a szab\u00e1lyoz\u00e1s szigor\u00fabb\u00e1 v\u00e1lik, a megfelel\u0151s\u00e9g nem t\u0171r kompromisszumot. Mivel az eg\u00e9szs\u00e9ges \u00e9telekhez eg\u00e9szs\u00e9ges vil\u00e1gra van sz\u00fcks\u00e9g, az \u00e9lelmiszer-biztons\u00e1g egyre komplexebb kih\u00edv\u00e1ss\u00e1 v\u00e1lik, amely megold\u00e1s\u00e1hoz holisztikus szeml\u00e9letre van sz\u00fcks\u00e9g. Emellett viszont hatalmas piaci lehet\u0151s\u00e9geket is rejt. A Kersia alap\u00edt\u00e1s\u00e1nak c\u00e9lja az volt, hogy ezzel a kih\u00edv\u00e1ssal szemben\u00e9zzen az \u00e9lelmiszer-ell\u00e1t\u00e1si l\u00e1nc minden l\u00e9p\u00e9s\u00e9ben a gazdas\u00e1gt\u00f3l az asztalig, \u00e9s \u00edgy \u00fatt\u00f6r\u0151 \u00e9s piaci vezet\u0151 legyen ezen a ter\u00fcleten. A Kersia ezen b\u0151v\u00fcl\u0151 piac lehet\u0151s\u00e9geit igyekszik kiakn\u00e1zni: t\u00f6bb mint 90 orsz\u00e1g nemzetk\u00f6zi, gazdas\u00e1gi \u00e9s agr\u00e1r-\u00e9lelmiszeripari megold\u00e1s- \u00e9s szolg\u00e1ltat\u00e1sbesz\u00e1ll\u00edt\u00f3i (Hypred, LCB, Antigerm, Medentech, G3, Kilco, Choisy\u2026) \u00e1ltal k\u00edn\u00e1lt el\u0151ny\u00f6ket egyes\u00edt. A Kersia egy titszt\u00e1n m\u0171k\u00f6d\u0151, m\u0171szaki kiv\u00e1l\u00f3s\u00e1g\u00e1\u00e9rt \u00e9s el\u0151rel\u00e1t\u00e1s\u00e1\u00e9rt elismert v\u00e1llalat, mely \u00fatt\u00f6r\u0151 szerepet v\u00e1llal a biztons\u00e1gos \u00e9lelmiszereket k\u00edn\u00e1l\u00f3 vil\u00e1g megteremt\u00e9s\u00e9ben.<\/div>\n\t\t<\/div><div class='yrm-btn-wrapper yrm-btn-wrapper-1 yrm-more-button-wrapper  '\n\t\tdata-custom-more-class-name='' data-custom-less-class-name=''><span title='' data-less-title='' data-more-title='' class='yrm-toggle-expand  yrm-toggle-expand-1 ' data-rel='yrm-cfgCY' data-more='T\u00d6BB MEGJELEN\u00cdT\u00c9SE\u2026' data-less='KEVESEBB MEGJELEN\u00cdT\u00c9SE\u2026'><span class='yrm-text-wrapper yrm-text-wrapper-custom-dimensions'><span class=\"yrm-button-text-1 yrm-button-text-span\">T\u00d6BB MEGJELEN\u00cdT\u00c9SE\u2026<\/span><\/span><\/span><\/div>[\/vc_column_text][\/vc_column_inner][vc_column_inner width=&#8221;1\/6&#8243; offset=&#8221;vc_hidden-md vc_hidden-sm vc_hidden-xs&#8221;][\/vc_column_inner][\/vc_row_inner][\/vc_column][\/vc_row][vc_row][vc_column]<div class=\"ult-spacer spacer-69d3036b5d64d\" data-id=\"69d3036b5d64d\" data-height=\"50\" data-height-mobile=\"25\" data-height-tab=\"40\" data-height-tab-portrait=\"40\" data-height-mobile-landscape=\"25\" style=\"clear:both;display:block;\"><\/div>[vc_column_text]<\/p>\n<h2 style=\"text-align: center;\"><strong>\u00dajdons\u00e1gok<\/strong><\/h2>\n<p>[\/vc_column_text]<div class=\"ult-spacer spacer-69d3036b5d671\" data-id=\"69d3036b5d671\" data-height=\"50\" data-height-mobile=\"010\" data-height-tab=\"30\" data-height-tab-portrait=\"20\" data-height-mobile-landscape=\"10\" style=\"clear:both;display:block;\"><\/div>[vc_basic_grid post_type=&#8221;post&#8221; max_items=&#8221;3&#8243; item=&#8221;1294&#8243; initial_loading_animation=&#8221;fadeInDown&#8221; grid_id=&#8221;vc_gid:1741877407276-7f7e7867-579c-0&#8243; css=&#8221;.vc_custom_1570452282793{background-color: #ffffff !important;}&#8221;][\/vc_column][\/vc_row]<\/p>\n","protected":false},"excerpt":{"rendered":"<p>[vc_row type=&#8221;vc_default&#8221; full_width=&#8221;stretch_row_content&#8221; el_class=&#8221;home-photo-right&#8221; css=&#8221;.vc_custom_1568643798758{padding-right: 0px !important;padding-left: 0px !important;}&#8221;][vc_column][vc_raw_html]JTVCc2xpZGVyJTVE[\/vc_raw_html][\/vc_column][\/vc_row][vc_row type=&#8221;vc_default&#8221; full_width=&#8221;stretch_row&#8221; el_class=&#8221;home-photo-right&#8221;][vc_column][vc_row_inner][vc_column_inner][\/vc_column_inner][\/vc_row_inner][vc_column_text el_class=&#8221;carnas_green&#8221;] Az \u00e9lelmiszer-biztons\u00e1g els\u0151 sz\u00e1m\u00fa priorit\u00e1s [\/vc_column_text][vc_column_text el_class=&#8221;home&#8221;] Hogyan gondoskodhatunk a n\u00f6vekv\u0151 n\u00e9pess\u00e9gsz\u00e1m \u00e9lelmez\u00e9s\u00e9r\u0151l biztons\u00e1gosabb term\u00e9kekkel? Mik\u00f6zben a&hellip;<\/p>\n","protected":false},"author":2,"featured_media":0,"parent":0,"menu_order":0,"comment_status":"closed","ping_status":"closed","template":"","meta":{"_acf_changed":false,"footnotes":""},"class_list":["post-98024","page","type-page","status-publish","hentry","description-off"],"acf":[],"yoast_head":"<!-- This site is optimized with the Yoast SEO plugin v21.9.1 - https:\/\/yoast.com\/wordpress\/plugins\/seo\/ -->\n<title>Kezd\u0151lap - Kersia Group<\/title>\n<meta name=\"robots\" content=\"index, follow, max-snippet:-1, max-image-preview:large, max-video-preview:-1\" \/>\n<link rel=\"canonical\" href=\"https:\/\/www.kersia-group.com\/hu-hu\/\" \/>\n<meta property=\"og:locale\" content=\"hu_HU\" \/>\n<meta property=\"og:type\" content=\"article\" \/>\n<meta property=\"og:title\" content=\"Kezd\u0151lap - Kersia Group\" \/>\n<meta property=\"og:description\" content=\"[vc_row type=&#8221;vc_default&#8221; full_width=&#8221;stretch_row_content&#8221; el_class=&#8221;home-photo-right&#8221; css=&#8221;.vc_custom_1568643798758{padding-right: 0px !important;padding-left: 0px !important;}&#8221;][vc_column][vc_raw_html]JTVCc2xpZGVyJTVE[\/vc_raw_html][\/vc_column][\/vc_row][vc_row type=&#8221;vc_default&#8221; full_width=&#8221;stretch_row&#8221; el_class=&#8221;home-photo-right&#8221;][vc_column][vc_row_inner][vc_column_inner][\/vc_column_inner][\/vc_row_inner][vc_column_text el_class=&#8221;carnas_green&#8221;] Az \u00e9lelmiszer-biztons\u00e1g els\u0151 sz\u00e1m\u00fa priorit\u00e1s [\/vc_column_text][vc_column_text el_class=&#8221;home&#8221;] Hogyan gondoskodhatunk a n\u00f6vekv\u0151 n\u00e9pess\u00e9gsz\u00e1m \u00e9lelmez\u00e9s\u00e9r\u0151l biztons\u00e1gosabb term\u00e9kekkel? Mik\u00f6zben a&hellip;\" \/>\n<meta property=\"og:url\" content=\"https:\/\/www.kersia-group.com\/hu-hu\/\" \/>\n<meta property=\"og:site_name\" content=\"Kersia Group\" \/>\n<meta property=\"article:modified_time\" content=\"2025-06-26T19:12:32+00:00\" \/>\n<meta name=\"twitter:card\" content=\"summary_large_image\" \/>\n<meta name=\"twitter:label1\" content=\"Becs\u00fclt olvas\u00e1si id\u0151\" \/>\n\t<meta name=\"twitter:data1\" content=\"3 perc\" \/>\n<script type=\"application\/ld+json\" class=\"yoast-schema-graph\">{\"@context\":\"https:\/\/schema.org\",\"@graph\":[{\"@type\":\"WebPage\",\"@id\":\"https:\/\/www.kersia-group.com\/hu-hu\/\",\"url\":\"https:\/\/www.kersia-group.com\/hu-hu\/\",\"name\":\"Kezd\u0151lap - Kersia Group\",\"isPartOf\":{\"@id\":\"\/#website\"},\"datePublished\":\"2020-05-29T09:08:54+00:00\",\"dateModified\":\"2025-06-26T19:12:32+00:00\",\"breadcrumb\":{\"@id\":\"https:\/\/www.kersia-group.com\/hu-hu\/#breadcrumb\"},\"inLanguage\":\"hu\",\"potentialAction\":[{\"@type\":\"ReadAction\",\"target\":[\"https:\/\/www.kersia-group.com\/hu-hu\/\"]}]},{\"@type\":\"BreadcrumbList\",\"@id\":\"https:\/\/www.kersia-group.com\/hu-hu\/#breadcrumb\",\"itemListElement\":[{\"@type\":\"ListItem\",\"position\":1,\"name\":\"Home\",\"item\":\"https:\/\/www.kersia-group.com\/hu-hu\/\"},{\"@type\":\"ListItem\",\"position\":2,\"name\":\"Kezd\u0151lap\"}]},{\"@type\":\"WebSite\",\"@id\":\"\/#website\",\"url\":\"\/\",\"name\":\"Kersia Group\",\"description\":\"INVENTING A FOOD SAFE WORLD\",\"potentialAction\":[{\"@type\":\"SearchAction\",\"target\":{\"@type\":\"EntryPoint\",\"urlTemplate\":\"\/?s={search_term_string}\"},\"query-input\":\"required name=search_term_string\"}],\"inLanguage\":\"hu\"}]}<\/script>\n<!-- \/ Yoast SEO plugin. -->","yoast_head_json":{"title":"Kezd\u0151lap - Kersia Group","robots":{"index":"index","follow":"follow","max-snippet":"max-snippet:-1","max-image-preview":"max-image-preview:large","max-video-preview":"max-video-preview:-1"},"canonical":"https:\/\/www.kersia-group.com\/hu-hu\/","og_locale":"hu_HU","og_type":"article","og_title":"Kezd\u0151lap - Kersia Group","og_description":"[vc_row type=&#8221;vc_default&#8221; full_width=&#8221;stretch_row_content&#8221; el_class=&#8221;home-photo-right&#8221; css=&#8221;.vc_custom_1568643798758{padding-right: 0px !important;padding-left: 0px !important;}&#8221;][vc_column][vc_raw_html]JTVCc2xpZGVyJTVE[\/vc_raw_html][\/vc_column][\/vc_row][vc_row type=&#8221;vc_default&#8221; full_width=&#8221;stretch_row&#8221; el_class=&#8221;home-photo-right&#8221;][vc_column][vc_row_inner][vc_column_inner][\/vc_column_inner][\/vc_row_inner][vc_column_text el_class=&#8221;carnas_green&#8221;] Az \u00e9lelmiszer-biztons\u00e1g els\u0151 sz\u00e1m\u00fa priorit\u00e1s [\/vc_column_text][vc_column_text el_class=&#8221;home&#8221;] Hogyan gondoskodhatunk a n\u00f6vekv\u0151 n\u00e9pess\u00e9gsz\u00e1m \u00e9lelmez\u00e9s\u00e9r\u0151l biztons\u00e1gosabb term\u00e9kekkel? Mik\u00f6zben a&hellip;","og_url":"https:\/\/www.kersia-group.com\/hu-hu\/","og_site_name":"Kersia Group","article_modified_time":"2025-06-26T19:12:32+00:00","twitter_card":"summary_large_image","twitter_misc":{"Becs\u00fclt olvas\u00e1si id\u0151":"3 perc"},"schema":{"@context":"https:\/\/schema.org","@graph":[{"@type":"WebPage","@id":"https:\/\/www.kersia-group.com\/hu-hu\/","url":"https:\/\/www.kersia-group.com\/hu-hu\/","name":"Kezd\u0151lap - Kersia Group","isPartOf":{"@id":"\/#website"},"datePublished":"2020-05-29T09:08:54+00:00","dateModified":"2025-06-26T19:12:32+00:00","breadcrumb":{"@id":"https:\/\/www.kersia-group.com\/hu-hu\/#breadcrumb"},"inLanguage":"hu","potentialAction":[{"@type":"ReadAction","target":["https:\/\/www.kersia-group.com\/hu-hu\/"]}]},{"@type":"BreadcrumbList","@id":"https:\/\/www.kersia-group.com\/hu-hu\/#breadcrumb","itemListElement":[{"@type":"ListItem","position":1,"name":"Home","item":"https:\/\/www.kersia-group.com\/hu-hu\/"},{"@type":"ListItem","position":2,"name":"Kezd\u0151lap"}]},{"@type":"WebSite","@id":"\/#website","url":"\/","name":"Kersia Group","description":"INVENTING A FOOD SAFE WORLD","potentialAction":[{"@type":"SearchAction","target":{"@type":"EntryPoint","urlTemplate":"\/?s={search_term_string}"},"query-input":"required name=search_term_string"}],"inLanguage":"hu"}]}},"_links":{"self":[{"href":"https:\/\/www.kersia-group.com\/hu-hu\/wp-json\/wp\/v2\/pages\/98024","targetHints":{"allow":["GET"]}}],"collection":[{"href":"https:\/\/www.kersia-group.com\/hu-hu\/wp-json\/wp\/v2\/pages"}],"about":[{"href":"https:\/\/www.kersia-group.com\/hu-hu\/wp-json\/wp\/v2\/types\/page"}],"author":[{"embeddable":true,"href":"https:\/\/www.kersia-group.com\/hu-hu\/wp-json\/wp\/v2\/users\/2"}],"replies":[{"embeddable":true,"href":"https:\/\/www.kersia-group.com\/hu-hu\/wp-json\/wp\/v2\/comments?post=98024"}],"version-history":[{"count":2,"href":"https:\/\/www.kersia-group.com\/hu-hu\/wp-json\/wp\/v2\/pages\/98024\/revisions"}],"predecessor-version":[{"id":98061,"href":"https:\/\/www.kersia-group.com\/hu-hu\/wp-json\/wp\/v2\/pages\/98024\/revisions\/98061"}],"wp:attachment":[{"href":"https:\/\/www.kersia-group.com\/hu-hu\/wp-json\/wp\/v2\/media?parent=98024"}],"curies":[{"name":"wp","href":"https:\/\/api.w.org\/{rel}","templated":true}]}}