  {"id":97989,"date":"2020-05-29T18:37:01","date_gmt":"2020-05-29T16:37:01","guid":{"rendered":"https:\/\/www.kersia-group.com\/cegtortenet\/"},"modified":"2020-05-29T18:37:01","modified_gmt":"2020-05-29T16:37:01","slug":"cegtortenet","status":"publish","type":"page","link":"https:\/\/www.kersia-group.com\/hu-hu\/a-kersia-nevjegye\/cegtortenet\/","title":{"rendered":"C\u00e9gt\u00f6rt\u00e9net"},"content":{"rendered":"<p>[vc_row type=&#8221;vc_default&#8221;][vc_column offset=&#8221;vc_col-lg-3 vc_col-md-12&#8243;][vc_column_text el_class=&#8221;carnas_green&#8221;]<\/p>\n<div>\n<h2>Gy\u00f6kereink<\/h2>\n<\/div>\n<p>[\/vc_column_text][\/vc_column][vc_column offset=&#8221;vc_col-lg-9 vc_col-md-12&#8243;][vc_column_text]<\/p>\n<div><\/div>\n<div>\n<p>A Kersia t\u00f6bb nemzetk\u00f6zi szerepl\u0151 erej\u00e9t egyes\u00edti, ezek a szerepl\u0151k t\u00f6bb \u00e9vtized alatt term\u00e9kek ezreit fejlesztett\u00e9k ki a biol\u00f3giai biztons\u00e1g el\u00e9r\u00e9s\u00e9re a gazdas\u00e1gok \u00e9s \u00e9lelmiszer-feldolgoz\u00f3k sz\u00e1m\u00e1ra, valamint a Medentechnek k\u00f6sz\u00f6nhet\u0151en a v\u00edztiszt\u00edt\u00e1s vil\u00e1gszint\u0171 vezet\u0151i.<\/p>\n<\/div>\n<p>[\/vc_column_text][\/vc_column][\/vc_row][vc_row type=&#8221;vc_default&#8221;][vc_column][vc_column_text]<!========= Cool Timeline PRO 3.2 =========><div style=\"opacity:0;\" \r\n    data-showposts=\"20\"\r\n     class=\"cool_timeline cool-timeline-wrapper compact-wrapper white-timeline-wrapper main-design-2\" \r\n     id=\"tm-compact-design-2-9\"  \r\n     data-pagination=\"no\"  \r\n     data-pagination-position=\"right\"><h2 class=\"timeline-main-title center-block\">  <\/h2><div class=\"cool-timeline ultimate-style compact white-timeline\"><div  class=\"filter-preloaders\"><img decoding=\"async\" src=\"https:\/\/www.kersia-group.com\/wp-content\/plugins\/cool-timeline-pro\/\/assets\/images\/clt-compact-preloader.gif\"><\/div><div data-animations=\"fade\"  id=\"timeline-timeline-stories\" class=\"cooltimeline_cont  clearfix icons_no\"><div id=\"ctl-compact-pro-8\" class=\"clt-compact-cont\"><div class=\"center-line\"><\/div><!-- .timeline-post-start--><div data-alternate=\"0\" id=\"story-106931\" class=\"timeline-post even light-grey-post icons_no post-106931 timeline-mansory design-2-meta\"><span data-cls=\"sc-nv-design-2 white-timeline\" class=\"compact-year scrollable-section design-2-year\"data-section-title=\"2025\" id=\"year-2025\"><\/span><div  data-aos=\"fade\" class=\"timeline-icon icon-dot-full design-2-dot\"><div class=\"timeline-bar\"><\/div><\/div><div data-aos=\"fade\"  class=\"timeline-content  clearfix even  full design-2-content \"><h2 class=\"content-title\">2025. j\u00fanius<\/h2><div class=\"ctl_info event-description full\"><div class=\"content-details\"><p>A Kersia bejelenti a Neogen tiszt\u00edt\u00f3- \u00e9s fert\u0151tlen\u00edt\u0151szerek div\u00edzi\u00f3j\u00e1nak felv\u00e1s\u00e1rl\u00e1s\u00e1t.<\/p>\n<p>Ezzel a felv\u00e1s\u00e1rl\u00e1ssal a csoport kiterjeszti jelenl\u00e9t\u00e9t Amerik\u00e1ban, az EMEA r\u00e9gi\u00f3ban \u00e9s \u00c1zsi\u00e1ban, \u00e9s hozz\u00e1f\u00e9r\u00e9st nyer egy sz\u00e9les term\u00e9kportf\u00f3li\u00f3hoz \u00e9s nemzetk\u00f6zi regisztr\u00e1ci\u00f3khoz, nem kevesebb mint 20 \u00faj orsz\u00e1gban.<\/p>\n<p>A Kersia emellett meger\u0151s\u00edti jelenlegi ipari jelenl\u00e9t\u00e9t az Egyes\u00fclt Kir\u00e1lys\u00e1gban \u00e9s az Egyes\u00fclt \u00c1llamokban, mivel mostant\u00f3l az amerikai piacot a nyugati partt\u00f3l a keleti partig lefedi.<\/p>\n<p>Az akviz\u00edci\u00f3 r\u00e9v\u00e9n a Kersia megh\u00f3d\u00edtja az amerikai sert\u00e9s- \u00e9s baromfi\u00e1gazatot.<\/p>\n<\/div><\/div><\/div><!-- timeline content --><\/div>\r\n        <!-- .timeline-post-end --><!-- .timeline-post-start--><div data-alternate=\"1\" id=\"story-99003\" class=\"timeline-post odd light-grey-post icons_no post-99003 story-cat-26 timeline-mansory design-2-meta\"><div  data-aos=\"fade\" class=\"timeline-icon icon-dot-full design-2-dot\"><div class=\"timeline-bar\"><\/div><\/div><div data-aos=\"fade\"  class=\"timeline-content  clearfix odd  full design-2-content \"><h2 class=\"content-title\">2025. \u00e1prilis<\/h2><div class=\"ctl_info event-description full\"><div class=\"content-details\"><p>A Kersia folytatja glob\u00e1lis fejl\u0151d\u00e9s\u00e9t az Ikochimiki csal\u00e1di v\u00e1llalkoz\u00e1s t\u00f6bbs\u00e9gi r\u00e9szesed\u00e9s\u00e9nek megszerz\u00e9s\u00e9vel, amely az \u00e9lelmiszeripar \u00e9s az \u00e9lelmiszer-szolg\u00e1ltat\u00e1s ter\u00fclet\u00e9n a biol\u00f3giai biztons\u00e1gi megold\u00e1sok g\u00f6r\u00f6g piac\u00e1nak vezet\u0151 szerepl\u0151je. Ez a felv\u00e1s\u00e1rl\u00e1s lehet\u0151v\u00e9 teszi a csoport sz\u00e1m\u00e1ra, hogy meger\u0151s\u00edtse jelenl\u00e9t\u00e9t a Balk\u00e1non, \u00e9s csatlakozzon az \u00e1gazat 3 legnagyobb g\u00f6r\u00f6g szerepl\u0151j\u00e9hez, megszil\u00e1rd\u00edtva ezzel tev\u00e9kenys\u00e9g\u00e9t az eg\u00e9sz \u00e9lelmiszerl\u00e1ncban.<br \/>\nEzzel egyidej\u0171leg a Kersia egyes\u00edti er\u0151it a Beta Procesos-szal, a mexik\u00f3i agr\u00e1r-\u00e9lelmiszeripar \u00e9s \u00e9lelmiszer-szolg\u00e1ltat\u00e1s vezet\u0151 f\u00fcggetlen \u00e9s csal\u00e1di tulajdonban l\u00e9v\u0151 v\u00e1llalat\u00e1val. A kiterjedt orsz\u00e1gos h\u00e1l\u00f3zattal rendelkez\u0151 mos\u00f3- \u00e9s fert\u0151tlen\u00edt\u0151szerek gy\u00e1rt\u00f3ja \u00e9s forgalmaz\u00f3ja \u00faj n\u00f6veked\u00e9si lehet\u0151s\u00e9geket nyit a Kersia sz\u00e1m\u00e1ra a k\u00f6z\u00e9p-amerikai kontinensen.<\/p>\n<\/div><\/div><\/div><!-- timeline content --><\/div>\r\n        <!-- .timeline-post-end --><div  class=\"end-timeline clearfix\"><\/div><\/div><\/div><\/div><\/div>  <!-- end\r\n================================================== --><style type=\"text\/css\"><\/style>[\/vc_column_text][\/vc_column][\/vc_row]<\/p>\n","protected":false},"excerpt":{"rendered":"<p>[vc_row type=&#8221;vc_default&#8221;][vc_column offset=&#8221;vc_col-lg-3 vc_col-md-12&#8243;][vc_column_text el_class=&#8221;carnas_green&#8221;] Gy\u00f6kereink [\/vc_column_text][\/vc_column][vc_column offset=&#8221;vc_col-lg-9 vc_col-md-12&#8243;][vc_column_text] A Kersia t\u00f6bb nemzetk\u00f6zi szerepl\u0151 erej\u00e9t egyes\u00edti, ezek a szerepl\u0151k t\u00f6bb \u00e9vtized alatt term\u00e9kek ezreit fejlesztett\u00e9k ki a biol\u00f3giai biztons\u00e1g el\u00e9r\u00e9s\u00e9re a gazdas\u00e1gok \u00e9s \u00e9lelmiszer-feldolgoz\u00f3k sz\u00e1m\u00e1ra, valamint a Medentechnek k\u00f6sz\u00f6nhet\u0151en a v\u00edztiszt\u00edt\u00e1s vil\u00e1gszint\u0171 vezet\u0151i. [\/vc_column_text][\/vc_column][\/vc_row][vc_row type=&#8221;vc_default&#8221;][vc_column][vc_column_text][\/vc_column_text][\/vc_column][\/vc_row]<\/p>\n","protected":false},"author":2,"featured_media":0,"parent":98026,"menu_order":1,"comment_status":"closed","ping_status":"closed","template":"","meta":{"_acf_changed":false,"footnotes":""},"class_list":["post-97989","page","type-page","status-publish","hentry","description-off"],"acf":[],"yoast_head":"<!-- This site is optimized with the Yoast SEO plugin v21.9.1 - https:\/\/yoast.com\/wordpress\/plugins\/seo\/ -->\n<title>C\u00e9gt\u00f6rt\u00e9net - Kersia Group<\/title>\n<meta name=\"robots\" content=\"index, follow, max-snippet:-1, max-image-preview:large, max-video-preview:-1\" \/>\n<link rel=\"canonical\" href=\"https:\/\/www.kersia-group.com\/hu-hu\/a-kersia-nevjegye\/cegtortenet\/\" \/>\n<meta property=\"og:locale\" content=\"hu_HU\" \/>\n<meta property=\"og:type\" content=\"article\" \/>\n<meta property=\"og:title\" content=\"C\u00e9gt\u00f6rt\u00e9net - Kersia Group\" \/>\n<meta property=\"og:description\" content=\"[vc_row type=&#8221;vc_default&#8221;][vc_column offset=&#8221;vc_col-lg-3 vc_col-md-12&#8243;][vc_column_text el_class=&#8221;carnas_green&#8221;] Gy\u00f6kereink [\/vc_column_text][\/vc_column][vc_column offset=&#8221;vc_col-lg-9 vc_col-md-12&#8243;][vc_column_text] A Kersia t\u00f6bb nemzetk\u00f6zi szerepl\u0151 erej\u00e9t egyes\u00edti, ezek a szerepl\u0151k t\u00f6bb \u00e9vtized alatt term\u00e9kek ezreit fejlesztett\u00e9k ki a biol\u00f3giai biztons\u00e1g el\u00e9r\u00e9s\u00e9re a gazdas\u00e1gok \u00e9s \u00e9lelmiszer-feldolgoz\u00f3k sz\u00e1m\u00e1ra, valamint a Medentechnek k\u00f6sz\u00f6nhet\u0151en a v\u00edztiszt\u00edt\u00e1s vil\u00e1gszint\u0171 vezet\u0151i. [\/vc_column_text][\/vc_column][\/vc_row][vc_row type=&#8221;vc_default&#8221;][vc_column][vc_column_text][\/vc_column_text][\/vc_column][\/vc_row]\" \/>\n<meta property=\"og:url\" content=\"https:\/\/www.kersia-group.com\/hu-hu\/a-kersia-nevjegye\/cegtortenet\/\" \/>\n<meta property=\"og:site_name\" content=\"Kersia Group\" \/>\n<meta name=\"twitter:card\" content=\"summary_large_image\" \/>\n<meta name=\"twitter:label1\" content=\"Becs\u00fclt olvas\u00e1si id\u0151\" \/>\n\t<meta name=\"twitter:data1\" content=\"1 perc\" \/>\n<script type=\"application\/ld+json\" class=\"yoast-schema-graph\">{\"@context\":\"https:\/\/schema.org\",\"@graph\":[{\"@type\":\"WebPage\",\"@id\":\"https:\/\/www.kersia-group.com\/hu-hu\/a-kersia-nevjegye\/cegtortenet\/\",\"url\":\"https:\/\/www.kersia-group.com\/hu-hu\/a-kersia-nevjegye\/cegtortenet\/\",\"name\":\"C\u00e9gt\u00f6rt\u00e9net - Kersia Group\",\"isPartOf\":{\"@id\":\"\/#website\"},\"datePublished\":\"2020-05-29T16:37:01+00:00\",\"dateModified\":\"2020-05-29T16:37:01+00:00\",\"breadcrumb\":{\"@id\":\"https:\/\/www.kersia-group.com\/hu-hu\/a-kersia-nevjegye\/cegtortenet\/#breadcrumb\"},\"inLanguage\":\"hu\",\"potentialAction\":[{\"@type\":\"ReadAction\",\"target\":[\"https:\/\/www.kersia-group.com\/hu-hu\/a-kersia-nevjegye\/cegtortenet\/\"]}]},{\"@type\":\"BreadcrumbList\",\"@id\":\"https:\/\/www.kersia-group.com\/hu-hu\/a-kersia-nevjegye\/cegtortenet\/#breadcrumb\",\"itemListElement\":[{\"@type\":\"ListItem\",\"position\":1,\"name\":\"Home\",\"item\":\"https:\/\/www.kersia-group.com\/hu-hu\/\"},{\"@type\":\"ListItem\",\"position\":2,\"name\":\"C\u00e9gt\u00f6rt\u00e9net\"}]},{\"@type\":\"WebSite\",\"@id\":\"\/#website\",\"url\":\"\/\",\"name\":\"Kersia Group\",\"description\":\"INVENTING A FOOD SAFE WORLD\",\"potentialAction\":[{\"@type\":\"SearchAction\",\"target\":{\"@type\":\"EntryPoint\",\"urlTemplate\":\"\/?s={search_term_string}\"},\"query-input\":\"required name=search_term_string\"}],\"inLanguage\":\"hu\"}]}<\/script>\n<!-- \/ Yoast SEO plugin. -->","yoast_head_json":{"title":"C\u00e9gt\u00f6rt\u00e9net - Kersia Group","robots":{"index":"index","follow":"follow","max-snippet":"max-snippet:-1","max-image-preview":"max-image-preview:large","max-video-preview":"max-video-preview:-1"},"canonical":"https:\/\/www.kersia-group.com\/hu-hu\/a-kersia-nevjegye\/cegtortenet\/","og_locale":"hu_HU","og_type":"article","og_title":"C\u00e9gt\u00f6rt\u00e9net - Kersia Group","og_description":"[vc_row type=&#8221;vc_default&#8221;][vc_column offset=&#8221;vc_col-lg-3 vc_col-md-12&#8243;][vc_column_text el_class=&#8221;carnas_green&#8221;] Gy\u00f6kereink [\/vc_column_text][\/vc_column][vc_column offset=&#8221;vc_col-lg-9 vc_col-md-12&#8243;][vc_column_text] A Kersia t\u00f6bb nemzetk\u00f6zi szerepl\u0151 erej\u00e9t egyes\u00edti, ezek a szerepl\u0151k t\u00f6bb \u00e9vtized alatt term\u00e9kek ezreit fejlesztett\u00e9k ki a biol\u00f3giai biztons\u00e1g el\u00e9r\u00e9s\u00e9re a gazdas\u00e1gok \u00e9s \u00e9lelmiszer-feldolgoz\u00f3k sz\u00e1m\u00e1ra, valamint a Medentechnek k\u00f6sz\u00f6nhet\u0151en a v\u00edztiszt\u00edt\u00e1s vil\u00e1gszint\u0171 vezet\u0151i. [\/vc_column_text][\/vc_column][\/vc_row][vc_row type=&#8221;vc_default&#8221;][vc_column][vc_column_text][\/vc_column_text][\/vc_column][\/vc_row]","og_url":"https:\/\/www.kersia-group.com\/hu-hu\/a-kersia-nevjegye\/cegtortenet\/","og_site_name":"Kersia Group","twitter_card":"summary_large_image","twitter_misc":{"Becs\u00fclt olvas\u00e1si id\u0151":"1 perc"},"schema":{"@context":"https:\/\/schema.org","@graph":[{"@type":"WebPage","@id":"https:\/\/www.kersia-group.com\/hu-hu\/a-kersia-nevjegye\/cegtortenet\/","url":"https:\/\/www.kersia-group.com\/hu-hu\/a-kersia-nevjegye\/cegtortenet\/","name":"C\u00e9gt\u00f6rt\u00e9net - Kersia Group","isPartOf":{"@id":"\/#website"},"datePublished":"2020-05-29T16:37:01+00:00","dateModified":"2020-05-29T16:37:01+00:00","breadcrumb":{"@id":"https:\/\/www.kersia-group.com\/hu-hu\/a-kersia-nevjegye\/cegtortenet\/#breadcrumb"},"inLanguage":"hu","potentialAction":[{"@type":"ReadAction","target":["https:\/\/www.kersia-group.com\/hu-hu\/a-kersia-nevjegye\/cegtortenet\/"]}]},{"@type":"BreadcrumbList","@id":"https:\/\/www.kersia-group.com\/hu-hu\/a-kersia-nevjegye\/cegtortenet\/#breadcrumb","itemListElement":[{"@type":"ListItem","position":1,"name":"Home","item":"https:\/\/www.kersia-group.com\/hu-hu\/"},{"@type":"ListItem","position":2,"name":"C\u00e9gt\u00f6rt\u00e9net"}]},{"@type":"WebSite","@id":"\/#website","url":"\/","name":"Kersia Group","description":"INVENTING A FOOD SAFE WORLD","potentialAction":[{"@type":"SearchAction","target":{"@type":"EntryPoint","urlTemplate":"\/?s={search_term_string}"},"query-input":"required name=search_term_string"}],"inLanguage":"hu"}]}},"_links":{"self":[{"href":"https:\/\/www.kersia-group.com\/hu-hu\/wp-json\/wp\/v2\/pages\/97989","targetHints":{"allow":["GET"]}}],"collection":[{"href":"https:\/\/www.kersia-group.com\/hu-hu\/wp-json\/wp\/v2\/pages"}],"about":[{"href":"https:\/\/www.kersia-group.com\/hu-hu\/wp-json\/wp\/v2\/types\/page"}],"author":[{"embeddable":true,"href":"https:\/\/www.kersia-group.com\/hu-hu\/wp-json\/wp\/v2\/users\/2"}],"replies":[{"embeddable":true,"href":"https:\/\/www.kersia-group.com\/hu-hu\/wp-json\/wp\/v2\/comments?post=97989"}],"version-history":[{"count":0,"href":"https:\/\/www.kersia-group.com\/hu-hu\/wp-json\/wp\/v2\/pages\/97989\/revisions"}],"up":[{"embeddable":true,"href":"https:\/\/www.kersia-group.com\/hu-hu\/wp-json\/wp\/v2\/pages\/98026"}],"wp:attachment":[{"href":"https:\/\/www.kersia-group.com\/hu-hu\/wp-json\/wp\/v2\/media?parent=97989"}],"curies":[{"name":"wp","href":"https:\/\/api.w.org\/{rel}","templated":true}]}}