{"id":97943,"date":"2020-05-29T18:37:05","date_gmt":"2020-05-29T16:37:05","guid":{"rendered":"https:\/\/www.kersia-group.com\/csapataink\/"},"modified":"2020-05-29T18:37:05","modified_gmt":"2020-05-29T16:37:05","slug":"csapataink","status":"publish","type":"page","link":"https:\/\/www.kersia-group.com\/hu-hu\/karrier\/csapataink\/","title":{"rendered":"Csapataink"},"content":{"rendered":"<p>[vc_row type=&#8221;vc_default&#8221; full_width=&#8221;stretch_row_content&#8221; gap=&#8221;20&#8243; animation=&#8221;pulse&#8221; margin_top=&#8221;100&#8243; margin_bottom=&#8221;100&#8243; full_width_row=&#8221;true&#8221; padding_left=&#8221;50&#8243; padding_right=&#8221;50&#8243; parallax_content=&#8221;parallax_content_value&#8221; parallax_content_sense=&#8221;30&#8243; min_height=&#8221;25&#8243;][vc_column width=&#8221;1\/2&#8243; offset=&#8221;vc_col-lg-4&#8243;]<div class=\"ult-new-ib ult-ib-effect-style6  ult-ib-resp  \" data-min-width=\"768\" data-max-width=\"900\" style=\"background:#0a0a0a;\" data-opacity=\"1\" data-hover-opacity=\"0.9\" ><img decoding=\"async\" class=\"ult-new-ib-img\" style=\"opacity:1;\" alt=\"null\" src=\"https:\/\/www.kersia-group.com\/wp-content\/uploads\/2019\/10\/bg_regulatory_affairs2.jpg\"   \/><div id=\"interactive-banner-wrap-6449\" class=\"ult-new-ib-desc\" style=\"\"><h2 class=\"ult-new-ib-title ult-responsive\"  data-ultimate-target='#interactive-banner-wrap-6449 .ult-new-ib-title'  data-responsive-json-new='{\"font-size\":\"desktop:36px;tablet:24px;tablet_portrait:24px;mobile_landscape:24px;mobile:24px;\",\"line-height\":\"desktop:42px;tablet:30px;tablet_portrait:30px;mobile_landscape:30px;mobile:30px;\"}'  style=\"font-weight:normal;color:#ffffff;\">Szab\u00e1lyoz\u00e1si \u00fcgyek<\/h2><\/div><a class=\"ult-new-ib-link\" href=\"https:\/\/www.kersia-group.com\/hu\/karrier\/csapataink\/szabalyozasi-ugyek\/\" title=\"Szab\u00e1lyoz\u00e1si \u00fcgyek\"  ><\/a><\/div><script type=\"text\/javascript\">\n\t\t\t(function($){\n\t\t\t\t$(document).ready(function(){\n\t\t\t\t\t$(\".ult-new-ib\").css(\"opacity\",\"1\");\n\t\t\t\t});\n\t\t\t})(jQuery);\n\t\t\t<\/script>[\/vc_column][vc_column width=&#8221;1\/2&#8243; offset=&#8221;vc_col-lg-4&#8243;]<div class=\"ult-new-ib ult-ib-effect-style6  ult-ib-resp  \" data-min-width=\"768\" data-max-width=\"900\" style=\"background:#0a0a0a;\" data-opacity=\"1\" data-hover-opacity=\"0.9\" ><img decoding=\"async\" class=\"ult-new-ib-img\" style=\"opacity:1;\" alt=\"null\" src=\"https:\/\/www.kersia-group.com\/wp-content\/uploads\/2019\/08\/bg_agriculture2.jpg\"   \/><div id=\"interactive-banner-wrap-4794\" class=\"ult-new-ib-desc\" style=\"\"><h2 class=\"ult-new-ib-title ult-responsive\"  data-ultimate-target='#interactive-banner-wrap-4794 .ult-new-ib-title'  data-responsive-json-new='{\"font-size\":\"desktop:36px;tablet:24px;tablet_portrait:24px;mobile_landscape:24px;mobile:24px;\",\"line-height\":\"desktop:42px;tablet:30px;tablet_portrait:30px;mobile_landscape:30px;mobile:30px;\"}'  style=\"font-weight:normal;color:#ffffff;\">Mez\u0151gazdas\u00e1g<\/h2><\/div><a class=\"ult-new-ib-link\" href=\"https:\/\/www.kersia-group.com\/hu\/karrier\/csapataink\/mezogazdasag\/\" title=\"Mez\u0151gazdas\u00e1g\"  ><\/a><\/div><script type=\"text\/javascript\">\n\t\t\t(function($){\n\t\t\t\t$(document).ready(function(){\n\t\t\t\t\t$(\".ult-new-ib\").css(\"opacity\",\"1\");\n\t\t\t\t});\n\t\t\t})(jQuery);\n\t\t\t<\/script>[\/vc_column][vc_column width=&#8221;1\/2&#8243; offset=&#8221;vc_col-lg-4&#8243;]<div class=\"ult-new-ib ult-ib-effect-style6  ult-ib-resp  \" data-min-width=\"768\" data-max-width=\"900\" style=\"background:#0a0a0a;\" data-opacity=\"1\" data-hover-opacity=\"0.9\" ><img decoding=\"async\" class=\"ult-new-ib-img\" style=\"opacity:1;\" alt=\"null\" src=\"https:\/\/www.kersia-group.com\/wp-content\/uploads\/2019\/08\/bg_food_industry2.jpg\"   \/><div id=\"interactive-banner-wrap-8965\" class=\"ult-new-ib-desc\" style=\"\"><h2 class=\"ult-new-ib-title ult-responsive\"  data-ultimate-target='#interactive-banner-wrap-8965 .ult-new-ib-title'  data-responsive-json-new='{\"font-size\":\"desktop:36px;tablet:24px;tablet_portrait:24px;mobile_landscape:24px;mobile:24px;\",\"line-height\":\"desktop:42px;tablet:30px;tablet_portrait:30px;mobile_landscape:30px;mobile:30px;\"}'  style=\"font-weight:normal;color:#ffffff;\">\u00c9lelmiszeripar<\/h2><\/div><a class=\"ult-new-ib-link\" href=\"https:\/\/www.kersia-group.com\/hu\/karrier\/csapataink\/elelmiszeripar\/\" title=\"\u00c9lelmiszeripar\"  ><\/a><\/div><script type=\"text\/javascript\">\n\t\t\t(function($){\n\t\t\t\t$(document).ready(function(){\n\t\t\t\t\t$(\".ult-new-ib\").css(\"opacity\",\"1\");\n\t\t\t\t});\n\t\t\t})(jQuery);\n\t\t\t<\/script>[\/vc_column][vc_column width=&#8221;1\/2&#8243; offset=&#8221;vc_col-lg-4&#8243;]<div class=\"ult-new-ib ult-ib-effect-style6  ult-ib-resp  \" data-min-width=\"768\" data-max-width=\"900\" style=\"background:#0a0a0a;\" data-opacity=\"1\" data-hover-opacity=\"0.9\" ><img decoding=\"async\" class=\"ult-new-ib-img\" style=\"opacity:1;\" alt=\"null\" src=\"https:\/\/www.kersia-group.com\/wp-content\/uploads\/2019\/08\/bg_industrial_foodprint2.jpg\"   \/><div id=\"interactive-banner-wrap-5177\" class=\"ult-new-ib-desc\" style=\"\"><h2 class=\"ult-new-ib-title ult-responsive\"  data-ultimate-target='#interactive-banner-wrap-5177 .ult-new-ib-title'  data-responsive-json-new='{\"font-size\":\"desktop:36px;tablet:24px;tablet_portrait:24px;mobile_landscape:24px;mobile:24px;\",\"line-height\":\"desktop:42px;tablet:30px;tablet_portrait:30px;mobile_landscape:30px;mobile:30px;\"}'  style=\"font-weight:normal;color:#ffffff;\">Ipari l\u00e1bnyom<\/h2><\/div><a class=\"ult-new-ib-link\" href=\"https:\/\/www.kersia-group.com\/hu\/karrier\/csapataink\/ipari-labnyom\/\" title=\"Ipari l\u00e1bnyom\"  ><\/a><\/div><script type=\"text\/javascript\">\n\t\t\t(function($){\n\t\t\t\t$(document).ready(function(){\n\t\t\t\t\t$(\".ult-new-ib\").css(\"opacity\",\"1\");\n\t\t\t\t});\n\t\t\t})(jQuery);\n\t\t\t<\/script>[\/vc_column][vc_column width=&#8221;1\/2&#8243; offset=&#8221;vc_col-lg-4&#8243;]<div class=\"ult-new-ib ult-ib-effect-style6  ult-ib-resp  \" data-min-width=\"768\" data-max-width=\"900\" style=\"background:#0a0a0a;\" data-opacity=\"1\" data-hover-opacity=\"0.9\" ><img decoding=\"async\" class=\"ult-new-ib-img\" style=\"opacity:1;\" alt=\"null\" src=\"https:\/\/www.kersia-group.com\/wp-content\/uploads\/2019\/09\/3_our-teams.jpg\"   \/><div id=\"interactive-banner-wrap-5272\" class=\"ult-new-ib-desc\" style=\"\"><h2 class=\"ult-new-ib-title ult-responsive\"  data-ultimate-target='#interactive-banner-wrap-5272 .ult-new-ib-title'  data-responsive-json-new='{\"font-size\":\"desktop:36px;tablet:24px;tablet_portrait:24px;mobile_landscape:24px;mobile:24px;\",\"line-height\":\"desktop:42px;tablet:30px;tablet_portrait:30px;mobile_landscape:30px;mobile:30px;\"}'  style=\"font-weight:normal;color:#ffffff;\">Innov\u00e1ci\u00f3<\/h2><\/div><a class=\"ult-new-ib-link\" href=\"https:\/\/www.kersia-group.com\/hu\/karrier\/csapataink\/innovacio\/\" title=\"Innov\u00e1ci\u00f3\"  ><\/a><\/div><script type=\"text\/javascript\">\n\t\t\t(function($){\n\t\t\t\t$(document).ready(function(){\n\t\t\t\t\t$(\".ult-new-ib\").css(\"opacity\",\"1\");\n\t\t\t\t});\n\t\t\t})(jQuery);\n\t\t\t<\/script>[\/vc_column][vc_column width=&#8221;1\/2&#8243; offset=&#8221;vc_col-lg-4&#8243;]<div class=\"ult-new-ib ult-ib-effect-style6  ult-ib-resp  \" data-min-width=\"768\" data-max-width=\"900\" style=\"background:#0a0a0a;\" data-opacity=\"1\" data-hover-opacity=\"0.9\" ><img decoding=\"async\" class=\"ult-new-ib-img\" style=\"opacity:1;\" alt=\"null\" src=\"https:\/\/www.kersia-group.com\/wp-content\/uploads\/2019\/10\/bg_support_functions2.jpg\"   \/><div id=\"interactive-banner-wrap-9998\" class=\"ult-new-ib-desc\" style=\"\"><h2 class=\"ult-new-ib-title ult-responsive\"  data-ultimate-target='#interactive-banner-wrap-9998 .ult-new-ib-title'  data-responsive-json-new='{\"font-size\":\"desktop:36px;tablet:24px;tablet_portrait:24px;mobile_landscape:24px;mobile:24px;\",\"line-height\":\"desktop:42px;tablet:30px;tablet_portrait:30px;mobile_landscape:30px;mobile:30px;\"}'  style=\"font-weight:normal;color:#ffffff;\">T\u00e1mogat\u00e1si feladatok<\/h2><\/div><a class=\"ult-new-ib-link\" href=\"https:\/\/www.kersia-group.com\/hu\/karrier\/csapataink\/tamogatasi-feladatok\/\" title=\"T\u00e1mogat\u00e1si feladatok\"  ><\/a><\/div><script type=\"text\/javascript\">\n\t\t\t(function($){\n\t\t\t\t$(document).ready(function(){\n\t\t\t\t\t$(\".ult-new-ib\").css(\"opacity\",\"1\");\n\t\t\t\t});\n\t\t\t})(jQuery);\n\t\t\t<\/script>[\/vc_column][\/vc_row]<\/p>\n","protected":false},"excerpt":{"rendered":"<p>[vc_row type=&#8221;vc_default&#8221; full_width=&#8221;stretch_row_content&#8221; gap=&#8221;20&#8243; animation=&#8221;pulse&#8221; margin_top=&#8221;100&#8243; margin_bottom=&#8221;100&#8243; full_width_row=&#8221;true&#8221; padding_left=&#8221;50&#8243; padding_right=&#8221;50&#8243; parallax_content=&#8221;parallax_content_value&#8221; parallax_content_sense=&#8221;30&#8243; min_height=&#8221;25&#8243;][vc_column width=&#8221;1\/2&#8243; offset=&#8221;vc_col-lg-4&#8243;][\/vc_column][vc_column width=&#8221;1\/2&#8243; offset=&#8221;vc_col-lg-4&#8243;][\/vc_column][vc_column width=&#8221;1\/2&#8243; offset=&#8221;vc_col-lg-4&#8243;][\/vc_column][vc_column width=&#8221;1\/2&#8243; offset=&#8221;vc_col-lg-4&#8243;][\/vc_column][vc_column width=&#8221;1\/2&#8243; offset=&#8221;vc_col-lg-4&#8243;][\/vc_column][vc_column width=&#8221;1\/2&#8243; offset=&#8221;vc_col-lg-4&#8243;][\/vc_column][\/vc_row]<\/p>\n","protected":false},"author":2,"featured_media":0,"parent":97948,"menu_order":2,"comment_status":"closed","ping_status":"closed","template":"","meta":{"_acf_changed":false,"footnotes":""},"class_list":["post-97943","page","type-page","status-publish","hentry","description-off"],"acf":[],"yoast_head":"<!-- This site is optimized with the Yoast SEO plugin v21.9.1 - https:\/\/yoast.com\/wordpress\/plugins\/seo\/ -->\n<title>Csapataink - Kersia Group<\/title>\n<meta name=\"robots\" content=\"index, follow, max-snippet:-1, max-image-preview:large, max-video-preview:-1\" \/>\n<link rel=\"canonical\" href=\"https:\/\/www.kersia-group.com\/hu-hu\/karrier\/csapataink\/\" \/>\n<meta property=\"og:locale\" content=\"hu_HU\" \/>\n<meta property=\"og:type\" content=\"article\" \/>\n<meta property=\"og:title\" content=\"Csapataink - Kersia Group\" \/>\n<meta property=\"og:description\" content=\"[vc_row type=&#8221;vc_default&#8221; full_width=&#8221;stretch_row_content&#8221; gap=&#8221;20&#8243; animation=&#8221;pulse&#8221; margin_top=&#8221;100&#8243; margin_bottom=&#8221;100&#8243; full_width_row=&#8221;true&#8221; padding_left=&#8221;50&#8243; padding_right=&#8221;50&#8243; parallax_content=&#8221;parallax_content_value&#8221; parallax_content_sense=&#8221;30&#8243; min_height=&#8221;25&#8243;][vc_column width=&#8221;1\/2&#8243; offset=&#8221;vc_col-lg-4&#8243;][\/vc_column][vc_column width=&#8221;1\/2&#8243; offset=&#8221;vc_col-lg-4&#8243;][\/vc_column][vc_column width=&#8221;1\/2&#8243; offset=&#8221;vc_col-lg-4&#8243;][\/vc_column][vc_column width=&#8221;1\/2&#8243; offset=&#8221;vc_col-lg-4&#8243;][\/vc_column][vc_column width=&#8221;1\/2&#8243; offset=&#8221;vc_col-lg-4&#8243;][\/vc_column][vc_column width=&#8221;1\/2&#8243; offset=&#8221;vc_col-lg-4&#8243;][\/vc_column][\/vc_row]\" \/>\n<meta property=\"og:url\" content=\"https:\/\/www.kersia-group.com\/hu-hu\/karrier\/csapataink\/\" \/>\n<meta property=\"og:site_name\" content=\"Kersia Group\" \/>\n<meta name=\"twitter:card\" content=\"summary_large_image\" \/>\n<meta name=\"twitter:label1\" content=\"Becs\u00fclt olvas\u00e1si id\u0151\" \/>\n\t<meta name=\"twitter:data1\" content=\"3 perc\" \/>\n<script type=\"application\/ld+json\" class=\"yoast-schema-graph\">{\"@context\":\"https:\/\/schema.org\",\"@graph\":[{\"@type\":\"WebPage\",\"@id\":\"https:\/\/www.kersia-group.com\/hu-hu\/karrier\/csapataink\/\",\"url\":\"https:\/\/www.kersia-group.com\/hu-hu\/karrier\/csapataink\/\",\"name\":\"Csapataink - Kersia Group\",\"isPartOf\":{\"@id\":\"\/#website\"},\"datePublished\":\"2020-05-29T16:37:05+00:00\",\"dateModified\":\"2020-05-29T16:37:05+00:00\",\"breadcrumb\":{\"@id\":\"https:\/\/www.kersia-group.com\/hu-hu\/karrier\/csapataink\/#breadcrumb\"},\"inLanguage\":\"hu\",\"potentialAction\":[{\"@type\":\"ReadAction\",\"target\":[\"https:\/\/www.kersia-group.com\/hu-hu\/karrier\/csapataink\/\"]}]},{\"@type\":\"BreadcrumbList\",\"@id\":\"https:\/\/www.kersia-group.com\/hu-hu\/karrier\/csapataink\/#breadcrumb\",\"itemListElement\":[{\"@type\":\"ListItem\",\"position\":1,\"name\":\"Home\",\"item\":\"https:\/\/www.kersia-group.com\/hu-hu\/\"},{\"@type\":\"ListItem\",\"position\":2,\"name\":\"Csapataink\"}]},{\"@type\":\"WebSite\",\"@id\":\"\/#website\",\"url\":\"\/\",\"name\":\"Kersia Group\",\"description\":\"INVENTING A FOOD SAFE WORLD\",\"potentialAction\":[{\"@type\":\"SearchAction\",\"target\":{\"@type\":\"EntryPoint\",\"urlTemplate\":\"\/?s={search_term_string}\"},\"query-input\":\"required name=search_term_string\"}],\"inLanguage\":\"hu\"}]}<\/script>\n<!-- \/ Yoast SEO plugin. -->","yoast_head_json":{"title":"Csapataink - Kersia Group","robots":{"index":"index","follow":"follow","max-snippet":"max-snippet:-1","max-image-preview":"max-image-preview:large","max-video-preview":"max-video-preview:-1"},"canonical":"https:\/\/www.kersia-group.com\/hu-hu\/karrier\/csapataink\/","og_locale":"hu_HU","og_type":"article","og_title":"Csapataink - Kersia Group","og_description":"[vc_row type=&#8221;vc_default&#8221; full_width=&#8221;stretch_row_content&#8221; gap=&#8221;20&#8243; animation=&#8221;pulse&#8221; margin_top=&#8221;100&#8243; margin_bottom=&#8221;100&#8243; full_width_row=&#8221;true&#8221; padding_left=&#8221;50&#8243; padding_right=&#8221;50&#8243; parallax_content=&#8221;parallax_content_value&#8221; parallax_content_sense=&#8221;30&#8243; min_height=&#8221;25&#8243;][vc_column width=&#8221;1\/2&#8243; offset=&#8221;vc_col-lg-4&#8243;][\/vc_column][vc_column width=&#8221;1\/2&#8243; offset=&#8221;vc_col-lg-4&#8243;][\/vc_column][vc_column width=&#8221;1\/2&#8243; offset=&#8221;vc_col-lg-4&#8243;][\/vc_column][vc_column width=&#8221;1\/2&#8243; offset=&#8221;vc_col-lg-4&#8243;][\/vc_column][vc_column width=&#8221;1\/2&#8243; offset=&#8221;vc_col-lg-4&#8243;][\/vc_column][vc_column width=&#8221;1\/2&#8243; offset=&#8221;vc_col-lg-4&#8243;][\/vc_column][\/vc_row]","og_url":"https:\/\/www.kersia-group.com\/hu-hu\/karrier\/csapataink\/","og_site_name":"Kersia Group","twitter_card":"summary_large_image","twitter_misc":{"Becs\u00fclt olvas\u00e1si id\u0151":"3 perc"},"schema":{"@context":"https:\/\/schema.org","@graph":[{"@type":"WebPage","@id":"https:\/\/www.kersia-group.com\/hu-hu\/karrier\/csapataink\/","url":"https:\/\/www.kersia-group.com\/hu-hu\/karrier\/csapataink\/","name":"Csapataink - Kersia Group","isPartOf":{"@id":"\/#website"},"datePublished":"2020-05-29T16:37:05+00:00","dateModified":"2020-05-29T16:37:05+00:00","breadcrumb":{"@id":"https:\/\/www.kersia-group.com\/hu-hu\/karrier\/csapataink\/#breadcrumb"},"inLanguage":"hu","potentialAction":[{"@type":"ReadAction","target":["https:\/\/www.kersia-group.com\/hu-hu\/karrier\/csapataink\/"]}]},{"@type":"BreadcrumbList","@id":"https:\/\/www.kersia-group.com\/hu-hu\/karrier\/csapataink\/#breadcrumb","itemListElement":[{"@type":"ListItem","position":1,"name":"Home","item":"https:\/\/www.kersia-group.com\/hu-hu\/"},{"@type":"ListItem","position":2,"name":"Csapataink"}]},{"@type":"WebSite","@id":"\/#website","url":"\/","name":"Kersia Group","description":"INVENTING A FOOD SAFE WORLD","potentialAction":[{"@type":"SearchAction","target":{"@type":"EntryPoint","urlTemplate":"\/?s={search_term_string}"},"query-input":"required name=search_term_string"}],"inLanguage":"hu"}]}},"_links":{"self":[{"href":"https:\/\/www.kersia-group.com\/hu-hu\/wp-json\/wp\/v2\/pages\/97943","targetHints":{"allow":["GET"]}}],"collection":[{"href":"https:\/\/www.kersia-group.com\/hu-hu\/wp-json\/wp\/v2\/pages"}],"about":[{"href":"https:\/\/www.kersia-group.com\/hu-hu\/wp-json\/wp\/v2\/types\/page"}],"author":[{"embeddable":true,"href":"https:\/\/www.kersia-group.com\/hu-hu\/wp-json\/wp\/v2\/users\/2"}],"replies":[{"embeddable":true,"href":"https:\/\/www.kersia-group.com\/hu-hu\/wp-json\/wp\/v2\/comments?post=97943"}],"version-history":[{"count":0,"href":"https:\/\/www.kersia-group.com\/hu-hu\/wp-json\/wp\/v2\/pages\/97943\/revisions"}],"up":[{"embeddable":true,"href":"https:\/\/www.kersia-group.com\/hu-hu\/wp-json\/wp\/v2\/pages\/97948"}],"wp:attachment":[{"href":"https:\/\/www.kersia-group.com\/hu-hu\/wp-json\/wp\/v2\/media?parent=97943"}],"curies":[{"name":"wp","href":"https:\/\/api.w.org\/{rel}","templated":true}]}}