{"id":97940,"date":"2020-05-29T18:37:06","date_gmt":"2020-05-29T16:37:06","guid":{"rendered":"https:\/\/www.kersia-group.com\/ipari-labnyom\/"},"modified":"2020-05-29T18:37:06","modified_gmt":"2020-05-29T16:37:06","slug":"ipari-labnyom","status":"publish","type":"page","link":"https:\/\/www.kersia-group.com\/hu-hu\/karrier\/csapataink\/ipari-labnyom\/","title":{"rendered":"Ipari l\u00e1bnyom"},"content":{"rendered":"<p>[vc_row type=&#8221;vc_default&#8221;][vc_column][vc_column_text]Ebben a szigor\u00faan szab\u00e1lyozott, er\u0151s versenyt mutat\u00f3 \u00e1gazatban multidiszciplin\u00e1ris csapataink elk\u00f6telezettek a v\u00e1s\u00e1rl\u00f3k magas min\u0151s\u00e9g\u0171 term\u00e9kekkel val\u00f3 ell\u00e1t\u00e1sa ir\u00e1nt, \u00e9s ezt az ipari folyamatok teljes \u2013 a nyersanyagok be\u00e9rkez\u00e9s\u00e9t\u0151l a k\u00e9szterm\u00e9kek lesz\u00e1ll\u00edt\u00e1s\u00e1ig tart\u00f3 \u2013 biztons\u00e1g\u00e1nak garant\u00e1l\u00e1s\u00e1val \u00e9rik el.<\/p>\n<p>T\u00f6bb ipari telephely\u00fcnk ISO 9001, ISO 14001 \u00e9s OHSAS 18001, valamint hamarosan ISO 45001 tan\u00fas\u00edt\u00e1ssal rendelkezik. C\u00e9lul t\u0171zt\u00fck ki, hogy minden le\u00e1nyv\u00e1llalatunk legal\u00e1bb h\u00e1rmas tan\u00fas\u00edt\u00e1ssal rendelkezzen 2023-ra.<\/p>\n<p>18 nemzetk\u00f6zi helysz\u00ednen tal\u00e1lhat\u00f3 gy\u00e1runk, valamint az alkalmazottaink k\u00e9szs\u00e9gei teszik lehet\u0151v\u00e9, hogy megfelelj\u00fcnk az \u00fcgyfeleink minden ig\u00e9ny\u00e9nek.<\/p>\n<p>T\u00f6bbf\u00e9le, a fejl\u0151d\u00e9s\u00fcnket t\u00e1mogat\u00f3 karrier\u00fat \u00e9rhet\u0151 el a csoporton bel\u00fcl: operat\u00edv feladatok, term\u00e9kmenedzsment \u00e9s t\u00e1mogat\u00e1si feladatok.[\/vc_column_text][\/vc_column][\/vc_row][vc_row type=&#8221;vc_default&#8221;][vc_column]<div class=\"ult-spacer spacer-69d72ed5a0ae2\" data-id=\"69d72ed5a0ae2\" data-height=\"50\" data-height-mobile=\"25\" data-height-tab=\"40\" data-height-tab-portrait=\"40\" data-height-mobile-landscape=\"25\" style=\"clear:both;display:block;\"><\/div>[\/vc_column][\/vc_row][vc_row type=&#8221;vc_default&#8221; gap=&#8221;20&#8243; animation=&#8221;pulse&#8221; margin_top=&#8221;100&#8243; margin_bottom=&#8221;100&#8243; full_width_row=&#8221;true&#8221; padding_left=&#8221;50&#8243; padding_right=&#8221;50&#8243; parallax_content=&#8221;parallax_content_value&#8221; parallax_content_sense=&#8221;30&#8243; min_height=&#8221;25&#8243;][vc_column offset=&#8221;vc_col-lg-3\/5&#8243;][vc_column_text]<\/p>\n<h3>Munkak\u00f6ri feladataink:<\/h3>\n<p><strong>Operat\u00edv:<\/strong> Be\u00e9rkeztet\u00e9s\/gy\u00e1rt\u00e1s\/csomagol\u00e1s\/c\u00edmk\u00e9z\u00e9s\/sz\u00e1ll\u00edt\u00e1s\/rendel\u00e9s-\u00f6sszek\u00e9sz\u00edt\u00e9s <\/p>\n<p><strong>Term\u00e9kmenedzsment:<\/strong> Csapatvezet\u00e9s\/termel\u00e9si \u00fctemez\u00e9s\/k\u00e9szletkezel\u00e9s <\/p>\n<p><strong>T\u00e1mogat\u00e1si feladatok:<\/strong> Min\u0151s\u00e9gbiztos\u00edt\u00e1s\/min\u0151s\u00e9g-, biztons\u00e1g- \u00e9s k\u00f6rnyezetv\u00e9delmi fel\u00fcgyelet\/karbantart\u00e1s \u00e9s \u00faj munk\u00e1k[\/vc_column_text]<div class=\"ult-spacer spacer-69d72ed5a0b15\" data-id=\"69d72ed5a0b15\" data-height=\"0\" data-height-mobile=\"25\" data-height-tab=\"40\" data-height-tab-portrait=\"40\" data-height-mobile-landscape=\"25\" style=\"clear:both;display:block;\"><\/div>[\/vc_column][vc_column offset=&#8221;vc_col-lg-2\/5&#8243;][vc_column_text]<\/p>\n<h3>Szakter\u00fcleteink:<\/h3>\n<p><strong>Folyad\u00e9k-el\u0151\u00e1ll\u00edt\u00e1s:\u202f\u00a0\u00a0<\/strong><\/p>\n<ul>\n<li>Tiszt\u00edt\u00e1s \u00e9s fert\u0151tlen\u00edt\u00e9s<\/li>\n<li>T\u0151gyhigi\u00e9nia<\/li>\n<li>Kozmetikai cikkek<\/li>\n<\/ul>\n<p><strong>Sz\u00e1raz\u00e1ru-termel\u00e9s (porok, tablett\u00e1k):\u00a0\u00a0<\/strong><\/p>\n<ul>\n<li>Fert\u0151tlen\u00edt\u00e9s<\/li>\n<li>\u00c1llatitakarm\u00e1ny-kieg\u00e9sz\u00edt\u0151k<\/li>\n<li>V\u00edzkezel\u00e9s<\/li>\n<\/ul>\n<p>[\/vc_column_text][\/vc_column][\/vc_row][vc_row type=&#8221;vc_default&#8221;][vc_column]<div class=\"ult-spacer spacer-69d72ed5a0b3a\" data-id=\"69d72ed5a0b3a\" data-height=\"50\" data-height-mobile=\"25\" data-height-tab=\"40\" data-height-tab-portrait=\"40\" data-height-mobile-landscape=\"25\" style=\"clear:both;display:block;\"><\/div>[\/vc_column][\/vc_row][vc_row type=&#8221;vc_default&#8221; full_width=&#8221;stretch_row_content&#8221;][vc_column]<div id=\"ult-carousel-254055974769d72ed5a0c1a\" class=\"ult-carousel-wrapper   ult_horizontal\" data-gutter=\"15\" data-rtl=\"false\" ><div class=\"ult-carousel-314420794069d72ed5a0b72 \" ><div class=\"ult-item-wrap\" data-animation=\"animated no-animation\"><div class=\"ult-new-ib ult-ib-effect-style6  ult-ib-resp  \" data-min-width=\"768\" data-max-width=\"900\" style=\"background:#0a0a0a;\" data-opacity=\"1\" data-hover-opacity=\"0.9\" ><img decoding=\"async\" class=\"ult-new-ib-img\" style=\"opacity:1;\" alt=\"null\" src=\"https:\/\/www.kersia-group.com\/wp-content\/uploads\/2019\/10\/bg_regulatory_affairs2.jpg\"   \/><div id=\"interactive-banner-wrap-4731\" class=\"ult-new-ib-desc\" style=\"\"><h2 class=\"ult-new-ib-title ult-responsive\"  data-ultimate-target='#interactive-banner-wrap-4731 .ult-new-ib-title'  data-responsive-json-new='{\"font-size\":\"desktop:36px;tablet:24px;tablet_portrait:24px;mobile_landscape:24px;mobile:24px;\",\"line-height\":\"desktop:42px;tablet:30px;tablet_portrait:30px;mobile_landscape:30px;mobile:30px;\"}'  style=\"font-weight:normal;color:#ffffff;\">Szab\u00e1lyoz\u00e1si \u00fcgyek<\/h2><\/div><a class=\"ult-new-ib-link\" href=\"https:\/\/www.kersia-group.com\/careers\/our-teams\/regulatory-affairs\/\" title=\"Regulatory Affairs\"  ><\/a><\/div><script type=\"text\/javascript\">\n\t\t\t(function($){\n\t\t\t\t$(document).ready(function(){\n\t\t\t\t\t$(\".ult-new-ib\").css(\"opacity\",\"1\");\n\t\t\t\t});\n\t\t\t})(jQuery);\n\t\t\t<\/script><\/div><div class=\"ult-item-wrap\" data-animation=\"animated no-animation\"><div class=\"ult-new-ib ult-ib-effect-style6  ult-ib-resp  \" data-min-width=\"768\" data-max-width=\"900\" style=\"background:#0a0a0a;\" data-opacity=\"1\" data-hover-opacity=\"0.9\" ><img decoding=\"async\" class=\"ult-new-ib-img\" style=\"opacity:1;\" alt=\"null\" src=\"https:\/\/www.kersia-group.com\/wp-content\/uploads\/2019\/08\/bg_agriculture2.jpg\"   \/><div id=\"interactive-banner-wrap-5315\" class=\"ult-new-ib-desc\" style=\"\"><h2 class=\"ult-new-ib-title ult-responsive\"  data-ultimate-target='#interactive-banner-wrap-5315 .ult-new-ib-title'  data-responsive-json-new='{\"font-size\":\"desktop:36px;tablet:24px;tablet_portrait:24px;mobile_landscape:24px;mobile:24px;\",\"line-height\":\"desktop:42px;tablet:30px;tablet_portrait:30px;mobile_landscape:30px;mobile:30px;\"}'  style=\"font-weight:normal;color:#ffffff;\">Mez\u0151gazdas\u00e1g<\/h2><\/div><a class=\"ult-new-ib-link\" href=\"https:\/\/www.kersia-group.com\/careers\/our-teams\/agriculture\/\" title=\"Agriculture\"  ><\/a><\/div><script type=\"text\/javascript\">\n\t\t\t(function($){\n\t\t\t\t$(document).ready(function(){\n\t\t\t\t\t$(\".ult-new-ib\").css(\"opacity\",\"1\");\n\t\t\t\t});\n\t\t\t})(jQuery);\n\t\t\t<\/script><\/div><div class=\"ult-item-wrap\" data-animation=\"animated no-animation\"><div class=\"ult-new-ib ult-ib-effect-style6  ult-ib-resp  \" data-min-width=\"768\" data-max-width=\"900\" style=\"background:#0a0a0a;\" data-opacity=\"1\" data-hover-opacity=\"0.9\" ><img decoding=\"async\" class=\"ult-new-ib-img\" style=\"opacity:1;\" alt=\"null\" src=\"https:\/\/www.kersia-group.com\/wp-content\/uploads\/2019\/08\/bg_food_industry2.jpg\"   \/><div id=\"interactive-banner-wrap-1922\" class=\"ult-new-ib-desc\" style=\"\"><h2 class=\"ult-new-ib-title ult-responsive\"  data-ultimate-target='#interactive-banner-wrap-1922 .ult-new-ib-title'  data-responsive-json-new='{\"font-size\":\"desktop:36px;tablet:24px;tablet_portrait:24px;mobile_landscape:24px;mobile:24px;\",\"line-height\":\"desktop:42px;tablet:30px;tablet_portrait:30px;mobile_landscape:30px;mobile:30px;\"}'  style=\"font-weight:normal;color:#ffffff;\">\u00c9lelmiszeripar<\/h2><\/div><a class=\"ult-new-ib-link\" href=\"https:\/\/www.kersia-group.com\/careers\/our-teams\/food-industry\/\" title=\"Food Industry\"  ><\/a><\/div><script type=\"text\/javascript\">\n\t\t\t(function($){\n\t\t\t\t$(document).ready(function(){\n\t\t\t\t\t$(\".ult-new-ib\").css(\"opacity\",\"1\");\n\t\t\t\t});\n\t\t\t})(jQuery);\n\t\t\t<\/script><\/div><div class=\"ult-item-wrap\" data-animation=\"animated no-animation\"><div class=\"ult-new-ib ult-ib-effect-style6  ult-ib-resp  \" data-min-width=\"768\" data-max-width=\"900\" style=\"background:#0a0a0a;\" data-opacity=\"1\" data-hover-opacity=\"0.9\" ><img decoding=\"async\" class=\"ult-new-ib-img\" style=\"opacity:1;\" alt=\"null\" src=\"https:\/\/www.kersia-group.com\/wp-content\/uploads\/2019\/08\/bg_industrial_foodprint2.jpg\"   \/><div id=\"interactive-banner-wrap-8889\" class=\"ult-new-ib-desc\" style=\"\"><h2 class=\"ult-new-ib-title ult-responsive\"  data-ultimate-target='#interactive-banner-wrap-8889 .ult-new-ib-title'  data-responsive-json-new='{\"font-size\":\"desktop:36px;tablet:24px;tablet_portrait:24px;mobile_landscape:24px;mobile:24px;\",\"line-height\":\"desktop:42px;tablet:30px;tablet_portrait:30px;mobile_landscape:30px;mobile:30px;\"}'  style=\"font-weight:normal;color:#ffffff;\">Ipari l\u00e1bnyom<\/h2><\/div><a class=\"ult-new-ib-link\" href=\"https:\/\/www.kersia-group.com\/careers\/our-teams\/industrial-footprint\/\" title=\"Industrial Footprint\"  ><\/a><\/div><script type=\"text\/javascript\">\n\t\t\t(function($){\n\t\t\t\t$(document).ready(function(){\n\t\t\t\t\t$(\".ult-new-ib\").css(\"opacity\",\"1\");\n\t\t\t\t});\n\t\t\t})(jQuery);\n\t\t\t<\/script><\/div><div class=\"ult-item-wrap\" data-animation=\"animated no-animation\"><div class=\"ult-new-ib ult-ib-effect-style6  ult-ib-resp  \" data-min-width=\"768\" data-max-width=\"900\" style=\"background:#0a0a0a;\" data-opacity=\"1\" data-hover-opacity=\"0.9\" ><img decoding=\"async\" class=\"ult-new-ib-img\" style=\"opacity:1;\" alt=\"null\" src=\"https:\/\/www.kersia-group.com\/wp-content\/uploads\/2019\/09\/3_our-teams.jpg\"   \/><div id=\"interactive-banner-wrap-6195\" class=\"ult-new-ib-desc\" style=\"\"><h2 class=\"ult-new-ib-title ult-responsive\"  data-ultimate-target='#interactive-banner-wrap-6195 .ult-new-ib-title'  data-responsive-json-new='{\"font-size\":\"desktop:36px;tablet:24px;tablet_portrait:24px;mobile_landscape:24px;mobile:24px;\",\"line-height\":\"desktop:42px;tablet:30px;tablet_portrait:30px;mobile_landscape:30px;mobile:30px;\"}'  style=\"font-weight:normal;color:#ffffff;\">Innov\u00e1ci\u00f3<\/h2><\/div><a class=\"ult-new-ib-link\" href=\"https:\/\/www.kersia-group.com\/careers\/our-teams\/innovations\/\" title=\"Innovation\"  ><\/a><\/div><script type=\"text\/javascript\">\n\t\t\t(function($){\n\t\t\t\t$(document).ready(function(){\n\t\t\t\t\t$(\".ult-new-ib\").css(\"opacity\",\"1\");\n\t\t\t\t});\n\t\t\t})(jQuery);\n\t\t\t<\/script><\/div><div class=\"ult-item-wrap\" data-animation=\"animated no-animation\"><div class=\"ult-new-ib ult-ib-effect-style6  ult-ib-resp  \" data-min-width=\"768\" data-max-width=\"900\" style=\"background:#0a0a0a;\" data-opacity=\"1\" data-hover-opacity=\"0.9\" ><img decoding=\"async\" class=\"ult-new-ib-img\" style=\"opacity:1;\" alt=\"null\" src=\"https:\/\/www.kersia-group.com\/wp-content\/uploads\/2019\/10\/bg_support_functions2.jpg\"   \/><div id=\"interactive-banner-wrap-2851\" class=\"ult-new-ib-desc\" style=\"\"><h2 class=\"ult-new-ib-title ult-responsive\"  data-ultimate-target='#interactive-banner-wrap-2851 .ult-new-ib-title'  data-responsive-json-new='{\"font-size\":\"desktop:36px;tablet:24px;tablet_portrait:24px;mobile_landscape:24px;mobile:24px;\",\"line-height\":\"desktop:42px;tablet:30px;tablet_portrait:30px;mobile_landscape:30px;mobile:30px;\"}'  style=\"font-weight:normal;color:#ffffff;\">T\u00e1mogat\u00e1si feladatok<\/h2><\/div><a class=\"ult-new-ib-link\" href=\"https:\/\/www.kersia-group.com\/careers\/our-teams\/support-functions\/\" title=\"Support functions\"  ><\/a><\/div><script type=\"text\/javascript\">\n\t\t\t(function($){\n\t\t\t\t$(document).ready(function(){\n\t\t\t\t\t$(\".ult-new-ib\").css(\"opacity\",\"1\");\n\t\t\t\t});\n\t\t\t})(jQuery);\n\t\t\t<\/script><\/div><\/div><\/div>\t\t\t<script type=\"text\/javascript\">\n\t\t\t\tjQuery(document).ready(function ($) {\n\t\t\t\t\tif( typeof jQuery('.ult-carousel-314420794069d72ed5a0b72').slick == \"function\"){\n\t\t\t\t\t\t$('.ult-carousel-314420794069d72ed5a0b72').slick({dots: true,autoplay: true,autoplaySpeed: 5000,speed: 300,infinite: true,arrows: true,nextArrow: '<button type=\"button\" role=\"button\" aria-label=\"Next\" style=\"color:#333333; font-size:20px;\" class=\"slick-next default\"><i class=\"ultsl-arrow-right4\"><\/i><\/button>',prevArrow: '<button type=\"button\" role=\"button\" aria-label=\"Previous\" style=\"color:#333333; font-size:20px;\" class=\"slick-prev default\"><i class=\"ultsl-arrow-left4\"><\/i><\/button>',slidesToScroll:3,slidesToShow:3,swipe: true,draggable: true,touchMove: true,pauseOnHover: true,pauseOnFocus: false,responsive: [\n\t\t\t\t\t\t\t{\n\t\t\t\t\t\t\t  breakpoint: 1026,\n\t\t\t\t\t\t\t  settings: {\n\t\t\t\t\t\t\t\tslidesToShow: 3,\n\t\t\t\t\t\t\t\tslidesToScroll: 3,  \n\t\t\t\t\t\t\t  }\n\t\t\t\t\t\t\t},\n\t\t\t\t\t\t\t{\n\t\t\t\t\t\t\t  breakpoint: 1025,\n\t\t\t\t\t\t\t  settings: {\n\t\t\t\t\t\t\t\tslidesToShow: 2,\n\t\t\t\t\t\t\t\tslidesToScroll: 2\n\t\t\t\t\t\t\t  }\n\t\t\t\t\t\t\t},\n\t\t\t\t\t\t\t{\n\t\t\t\t\t\t\t  breakpoint: 760,\n\t\t\t\t\t\t\t  settings: {\n\t\t\t\t\t\t\t\tslidesToShow: 1,\n\t\t\t\t\t\t\t\tslidesToScroll: 1\n\t\t\t\t\t\t\t  }\n\t\t\t\t\t\t\t}\n\t\t\t\t\t\t],pauseOnDotsHover: true,customPaging: function(slider, i) {\n                   return '<i type=\"button\" style= \"color:#333333;\" class=\"ultsl-record\" data-role=\"none\"><\/i>';\n                },});\n\t\t\t\t\t}\n\t\t\t\t});\n\t\t\t<\/script>\n\t\t\t[\/vc_column][\/vc_row]<\/p>\n","protected":false},"excerpt":{"rendered":"<p>[vc_row type=&#8221;vc_default&#8221;][vc_column][vc_column_text]Ebben a szigor\u00faan szab\u00e1lyozott, er\u0151s versenyt mutat\u00f3 \u00e1gazatban multidiszciplin\u00e1ris csapataink elk\u00f6telezettek a v\u00e1s\u00e1rl\u00f3k magas min\u0151s\u00e9g\u0171 term\u00e9kekkel val\u00f3 ell\u00e1t\u00e1sa ir\u00e1nt, \u00e9s ezt az ipari folyamatok teljes \u2013 a nyersanyagok be\u00e9rkez\u00e9s\u00e9t\u0151l&hellip;<\/p>\n","protected":false},"author":2,"featured_media":0,"parent":97943,"menu_order":0,"comment_status":"closed","ping_status":"closed","template":"","meta":{"_acf_changed":false,"footnotes":""},"class_list":["post-97940","page","type-page","status-publish","hentry","description-off"],"acf":[],"yoast_head":"<!-- This site is optimized with the Yoast SEO plugin v21.9.1 - https:\/\/yoast.com\/wordpress\/plugins\/seo\/ -->\n<title>Ipari l\u00e1bnyom - Kersia Group<\/title>\n<meta name=\"robots\" content=\"index, follow, max-snippet:-1, max-image-preview:large, max-video-preview:-1\" \/>\n<link rel=\"canonical\" href=\"https:\/\/www.kersia-group.com\/hu-hu\/karrier\/csapataink\/ipari-labnyom\/\" \/>\n<meta property=\"og:locale\" content=\"hu_HU\" \/>\n<meta property=\"og:type\" content=\"article\" \/>\n<meta property=\"og:title\" content=\"Ipari l\u00e1bnyom - Kersia Group\" \/>\n<meta property=\"og:description\" content=\"[vc_row type=&#8221;vc_default&#8221;][vc_column][vc_column_text]Ebben a szigor\u00faan szab\u00e1lyozott, er\u0151s versenyt mutat\u00f3 \u00e1gazatban multidiszciplin\u00e1ris csapataink elk\u00f6telezettek a v\u00e1s\u00e1rl\u00f3k magas min\u0151s\u00e9g\u0171 term\u00e9kekkel val\u00f3 ell\u00e1t\u00e1sa ir\u00e1nt, \u00e9s ezt az ipari folyamatok teljes \u2013 a nyersanyagok be\u00e9rkez\u00e9s\u00e9t\u0151l&hellip;\" \/>\n<meta property=\"og:url\" content=\"https:\/\/www.kersia-group.com\/hu-hu\/karrier\/csapataink\/ipari-labnyom\/\" \/>\n<meta property=\"og:site_name\" content=\"Kersia Group\" \/>\n<meta name=\"twitter:card\" content=\"summary_large_image\" \/>\n<meta name=\"twitter:label1\" content=\"Becs\u00fclt olvas\u00e1si id\u0151\" \/>\n\t<meta name=\"twitter:data1\" content=\"5 perc\" \/>\n<script type=\"application\/ld+json\" class=\"yoast-schema-graph\">{\"@context\":\"https:\/\/schema.org\",\"@graph\":[{\"@type\":\"WebPage\",\"@id\":\"https:\/\/www.kersia-group.com\/hu-hu\/karrier\/csapataink\/ipari-labnyom\/\",\"url\":\"https:\/\/www.kersia-group.com\/hu-hu\/karrier\/csapataink\/ipari-labnyom\/\",\"name\":\"Ipari l\u00e1bnyom - Kersia Group\",\"isPartOf\":{\"@id\":\"\/#website\"},\"datePublished\":\"2020-05-29T16:37:06+00:00\",\"dateModified\":\"2020-05-29T16:37:06+00:00\",\"breadcrumb\":{\"@id\":\"https:\/\/www.kersia-group.com\/hu-hu\/karrier\/csapataink\/ipari-labnyom\/#breadcrumb\"},\"inLanguage\":\"hu\",\"potentialAction\":[{\"@type\":\"ReadAction\",\"target\":[\"https:\/\/www.kersia-group.com\/hu-hu\/karrier\/csapataink\/ipari-labnyom\/\"]}]},{\"@type\":\"BreadcrumbList\",\"@id\":\"https:\/\/www.kersia-group.com\/hu-hu\/karrier\/csapataink\/ipari-labnyom\/#breadcrumb\",\"itemListElement\":[{\"@type\":\"ListItem\",\"position\":1,\"name\":\"Home\",\"item\":\"https:\/\/www.kersia-group.com\/hu-hu\/\"},{\"@type\":\"ListItem\",\"position\":2,\"name\":\"Ipari l\u00e1bnyom\"}]},{\"@type\":\"WebSite\",\"@id\":\"\/#website\",\"url\":\"\/\",\"name\":\"Kersia Group\",\"description\":\"INVENTING A FOOD SAFE WORLD\",\"potentialAction\":[{\"@type\":\"SearchAction\",\"target\":{\"@type\":\"EntryPoint\",\"urlTemplate\":\"\/?s={search_term_string}\"},\"query-input\":\"required name=search_term_string\"}],\"inLanguage\":\"hu\"}]}<\/script>\n<!-- \/ Yoast SEO plugin. -->","yoast_head_json":{"title":"Ipari l\u00e1bnyom - Kersia Group","robots":{"index":"index","follow":"follow","max-snippet":"max-snippet:-1","max-image-preview":"max-image-preview:large","max-video-preview":"max-video-preview:-1"},"canonical":"https:\/\/www.kersia-group.com\/hu-hu\/karrier\/csapataink\/ipari-labnyom\/","og_locale":"hu_HU","og_type":"article","og_title":"Ipari l\u00e1bnyom - Kersia Group","og_description":"[vc_row type=&#8221;vc_default&#8221;][vc_column][vc_column_text]Ebben a szigor\u00faan szab\u00e1lyozott, er\u0151s versenyt mutat\u00f3 \u00e1gazatban multidiszciplin\u00e1ris csapataink elk\u00f6telezettek a v\u00e1s\u00e1rl\u00f3k magas min\u0151s\u00e9g\u0171 term\u00e9kekkel val\u00f3 ell\u00e1t\u00e1sa ir\u00e1nt, \u00e9s ezt az ipari folyamatok teljes \u2013 a nyersanyagok be\u00e9rkez\u00e9s\u00e9t\u0151l&hellip;","og_url":"https:\/\/www.kersia-group.com\/hu-hu\/karrier\/csapataink\/ipari-labnyom\/","og_site_name":"Kersia Group","twitter_card":"summary_large_image","twitter_misc":{"Becs\u00fclt olvas\u00e1si id\u0151":"5 perc"},"schema":{"@context":"https:\/\/schema.org","@graph":[{"@type":"WebPage","@id":"https:\/\/www.kersia-group.com\/hu-hu\/karrier\/csapataink\/ipari-labnyom\/","url":"https:\/\/www.kersia-group.com\/hu-hu\/karrier\/csapataink\/ipari-labnyom\/","name":"Ipari l\u00e1bnyom - Kersia Group","isPartOf":{"@id":"\/#website"},"datePublished":"2020-05-29T16:37:06+00:00","dateModified":"2020-05-29T16:37:06+00:00","breadcrumb":{"@id":"https:\/\/www.kersia-group.com\/hu-hu\/karrier\/csapataink\/ipari-labnyom\/#breadcrumb"},"inLanguage":"hu","potentialAction":[{"@type":"ReadAction","target":["https:\/\/www.kersia-group.com\/hu-hu\/karrier\/csapataink\/ipari-labnyom\/"]}]},{"@type":"BreadcrumbList","@id":"https:\/\/www.kersia-group.com\/hu-hu\/karrier\/csapataink\/ipari-labnyom\/#breadcrumb","itemListElement":[{"@type":"ListItem","position":1,"name":"Home","item":"https:\/\/www.kersia-group.com\/hu-hu\/"},{"@type":"ListItem","position":2,"name":"Ipari l\u00e1bnyom"}]},{"@type":"WebSite","@id":"\/#website","url":"\/","name":"Kersia Group","description":"INVENTING A FOOD SAFE WORLD","potentialAction":[{"@type":"SearchAction","target":{"@type":"EntryPoint","urlTemplate":"\/?s={search_term_string}"},"query-input":"required name=search_term_string"}],"inLanguage":"hu"}]}},"_links":{"self":[{"href":"https:\/\/www.kersia-group.com\/hu-hu\/wp-json\/wp\/v2\/pages\/97940","targetHints":{"allow":["GET"]}}],"collection":[{"href":"https:\/\/www.kersia-group.com\/hu-hu\/wp-json\/wp\/v2\/pages"}],"about":[{"href":"https:\/\/www.kersia-group.com\/hu-hu\/wp-json\/wp\/v2\/types\/page"}],"author":[{"embeddable":true,"href":"https:\/\/www.kersia-group.com\/hu-hu\/wp-json\/wp\/v2\/users\/2"}],"replies":[{"embeddable":true,"href":"https:\/\/www.kersia-group.com\/hu-hu\/wp-json\/wp\/v2\/comments?post=97940"}],"version-history":[{"count":0,"href":"https:\/\/www.kersia-group.com\/hu-hu\/wp-json\/wp\/v2\/pages\/97940\/revisions"}],"up":[{"embeddable":true,"href":"https:\/\/www.kersia-group.com\/hu-hu\/wp-json\/wp\/v2\/pages\/97943"}],"wp:attachment":[{"href":"https:\/\/www.kersia-group.com\/hu-hu\/wp-json\/wp\/v2\/media?parent=97940"}],"curies":[{"name":"wp","href":"https:\/\/api.w.org\/{rel}","templated":true}]}}