{"id":97937,"date":"2020-05-29T18:37:07","date_gmt":"2020-05-29T16:37:07","guid":{"rendered":"https:\/\/www.kersia-group.com\/szabalyozasi-ugyek\/"},"modified":"2020-05-29T18:37:07","modified_gmt":"2020-05-29T16:37:07","slug":"szabalyozasi-ugyek","status":"publish","type":"page","link":"https:\/\/www.kersia-group.com\/hu-hu\/karrier\/csapataink\/szabalyozasi-ugyek\/","title":{"rendered":"Szab\u00e1lyoz\u00e1si \u00fcgyek"},"content":{"rendered":"<p>[vc_row type=&#8221;vc_default&#8221;][vc_column][vc_column_text]Szab\u00e1lyoz\u00e1si szak\u00e9rt\u0151ink ellen\u0151rzik a megv\u00e1s\u00e1rolt nyersanyagok, illetve a piacra bevezetett term\u00e9kek megfelel\u0151s\u00e9g\u00e9t. A csapat rendszeresen ellen\u0151rzi a term\u00e9kk\u00edn\u00e1latot annak biztos\u00edt\u00e1s\u00e1ra, hogy a term\u00e9keink biztons\u00e1gokat legyenek a fogyaszt\u00f3k, az \u00e1llatok \u00e9s a k\u00f6rnyezet sz\u00e1m\u00e1ra egyar\u00e1nt.<\/p>\n<p>Az oszt\u00e1ly emellett folyamatosan k\u00f6veti a vil\u00e1gban bek\u00f6vetkez\u0151 szab\u00e1lyoz\u00e1si v\u00e1ltoz\u00e1sokat annak \u00e9rdek\u00e9ben, hogy azonos\u00edthassuk \u00e9s el\u0151rejelezhess\u00fck a potenci\u00e1lis kock\u00e1zatokat \u00e9s piaci lehet\u0151s\u00e9geket \u00f6nmagunk \u00e9s \u00fcgyfeleink sz\u00e1m\u00e1ra egyar\u00e1nt.<\/p>\n<p>Ezen alkalmazottaink a csoport \u00e9rt\u00e9kteremt\u00e9s\u00e9ben szerepet v\u00e1llalnak az\u00e1ltal, hogy t\u00e1mogatj\u00e1k a k\u00fcl\u00f6nb\u00f6z\u0151 bels\u0151 oszt\u00e1lyok munk\u00e1j\u00e1t, hogy k\u00f6nnyebben megfelelhessenek az \u00fcgyfelek ig\u00e9nyeinek, valamint az\u00e1ltal, hogy hozz\u00e1j\u00e1rulnak a Kersia fenntarthat\u00f3s\u00e1g\u00e1t biztos\u00edt\u00f3 innov\u00e1ci\u00f3khoz.[\/vc_column_text][\/vc_column][\/vc_row][vc_row type=&#8221;vc_default&#8221;][vc_column]<div class=\"ult-spacer spacer-69d04aad7cf32\" data-id=\"69d04aad7cf32\" data-height=\"50\" data-height-mobile=\"25\" data-height-tab=\"40\" data-height-tab-portrait=\"40\" data-height-mobile-landscape=\"25\" style=\"clear:both;display:block;\"><\/div>[\/vc_column][\/vc_row][vc_row type=&#8221;vc_default&#8221; animation=&#8221;pulse&#8221; margin_top=&#8221;100&#8243; margin_bottom=&#8221;100&#8243; full_width_row=&#8221;true&#8221; padding_left=&#8221;50&#8243; padding_right=&#8221;50&#8243; parallax_content=&#8221;parallax_content_value&#8221; parallax_content_sense=&#8221;30&#8243; min_height=&#8221;25&#8243;][vc_column width=&#8221;1\/3&#8243;][vc_column_text]<\/p>\n<h3>Munkak\u00f6ri feladataink:<\/h3>\n<ul>\n<li>Szab\u00e1lyoz\u00e1si \u00fcgyek\u00e9rt felel\u0151s vezet\u0151k<\/li>\n<li>Projektmenedzserek<\/li>\n<\/ul>\n<p>[\/vc_column_text]<div class=\"ult-spacer spacer-69d04aad7cf65\" data-id=\"69d04aad7cf65\" data-height=\"50\" data-height-mobile=\"25\" data-height-tab=\"40\" data-height-tab-portrait=\"40\" data-height-mobile-landscape=\"25\" style=\"clear:both;display:block;\"><\/div>[\/vc_column][vc_column width=&#8221;2\/3&#8243;][vc_column_text]<\/p>\n<h3>Szab\u00e1lyoz\u00e1si szakter\u00fcleteink:<\/h3>\n<ul>\n<li>\u00d6kotoxikol\u00f3gia \u00e9s peszticidek<\/li>\n<li>Orvostechnikai eszk\u00f6z\u00f6k \u00e9s v\u00edzkezel\u00e9s<\/li>\n<li>Biocid term\u00e9kek \u00e9s a vonatkoz\u00f3 szab\u00e1lyoz\u00e1sok Eur\u00f3pa ter\u00fclet\u00e9n k\u00edv\u00fcl<\/li>\n<li>\u00c9lelmiszerek, kozmetikumok \u00e9s biogazd\u00e1lkod\u00e1s<\/li>\n<\/ul>\n<p>[\/vc_column_text][\/vc_column][\/vc_row][vc_row type=&#8221;vc_default&#8221;][vc_column]<div class=\"ult-spacer spacer-69d04aad7cf8b\" data-id=\"69d04aad7cf8b\" data-height=\"50\" data-height-mobile=\"25\" data-height-tab=\"40\" data-height-tab-portrait=\"40\" data-height-mobile-landscape=\"25\" style=\"clear:both;display:block;\"><\/div>[\/vc_column][\/vc_row][vc_row type=&#8221;vc_default&#8221; full_width=&#8221;stretch_row_content&#8221;][vc_column]<div id=\"ult-carousel-428082896769d04aad7d04b\" class=\"ult-carousel-wrapper   ult_horizontal\" data-gutter=\"15\" data-rtl=\"false\" ><div class=\"ult-carousel-162739111669d04aad7cfbd \" ><div class=\"ult-item-wrap\" data-animation=\"animated no-animation\"><div class=\"ult-new-ib ult-ib-effect-style6  ult-ib-resp  \" data-min-width=\"768\" data-max-width=\"900\" style=\"background:#0a0a0a;\" data-opacity=\"1\" data-hover-opacity=\"0.9\" ><img decoding=\"async\" class=\"ult-new-ib-img\" style=\"opacity:1;\" alt=\"null\" src=\"https:\/\/www.kersia-group.com\/wp-content\/uploads\/2019\/10\/bg_regulatory_affairs2.jpg\"   \/><div id=\"interactive-banner-wrap-1431\" class=\"ult-new-ib-desc\" style=\"\"><h2 class=\"ult-new-ib-title ult-responsive\"  data-ultimate-target='#interactive-banner-wrap-1431 .ult-new-ib-title'  data-responsive-json-new='{\"font-size\":\"desktop:36px;tablet:24px;tablet_portrait:24px;mobile_landscape:24px;mobile:24px;\",\"line-height\":\"desktop:42px;tablet:30px;tablet_portrait:30px;mobile_landscape:30px;mobile:30px;\"}'  style=\"font-weight:normal;color:#ffffff;\">Szab\u00e1lyoz\u00e1si \u00fcgyek<\/h2><\/div><a class=\"ult-new-ib-link\" href=\"https:\/\/www.kersia-group.com\/hu\/karrier\/csapataink\/szabalyozasi-ugyek\/\" title=\"Szab\u00e1lyoz\u00e1si \u00fcgyek\"  ><\/a><\/div><script type=\"text\/javascript\">\n\t\t\t(function($){\n\t\t\t\t$(document).ready(function(){\n\t\t\t\t\t$(\".ult-new-ib\").css(\"opacity\",\"1\");\n\t\t\t\t});\n\t\t\t})(jQuery);\n\t\t\t<\/script><\/div><div class=\"ult-item-wrap\" data-animation=\"animated no-animation\"><div class=\"ult-new-ib ult-ib-effect-style6  ult-ib-resp  \" data-min-width=\"768\" data-max-width=\"900\" style=\"background:#0a0a0a;\" data-opacity=\"1\" data-hover-opacity=\"0.9\" ><img decoding=\"async\" class=\"ult-new-ib-img\" style=\"opacity:1;\" alt=\"null\" src=\"https:\/\/www.kersia-group.com\/wp-content\/uploads\/2019\/08\/bg_agriculture2.jpg\"   \/><div id=\"interactive-banner-wrap-8437\" class=\"ult-new-ib-desc\" style=\"\"><h2 class=\"ult-new-ib-title ult-responsive\"  data-ultimate-target='#interactive-banner-wrap-8437 .ult-new-ib-title'  data-responsive-json-new='{\"font-size\":\"desktop:36px;tablet:24px;tablet_portrait:24px;mobile_landscape:24px;mobile:24px;\",\"line-height\":\"desktop:42px;tablet:30px;tablet_portrait:30px;mobile_landscape:30px;mobile:30px;\"}'  style=\"font-weight:normal;color:#ffffff;\">Mez\u0151gazdas\u00e1g<\/h2><\/div><a class=\"ult-new-ib-link\" href=\"https:\/\/www.kersia-group.com\/hu\/karrier\/csapataink\/mezogazdasag\/\" title=\"Mez\u0151gazdas\u00e1g\"  ><\/a><\/div><script type=\"text\/javascript\">\n\t\t\t(function($){\n\t\t\t\t$(document).ready(function(){\n\t\t\t\t\t$(\".ult-new-ib\").css(\"opacity\",\"1\");\n\t\t\t\t});\n\t\t\t})(jQuery);\n\t\t\t<\/script><\/div><div class=\"ult-item-wrap\" data-animation=\"animated no-animation\"><div class=\"ult-new-ib ult-ib-effect-style6  ult-ib-resp  \" data-min-width=\"768\" data-max-width=\"900\" style=\"background:#0a0a0a;\" data-opacity=\"1\" data-hover-opacity=\"0.9\" ><img decoding=\"async\" class=\"ult-new-ib-img\" style=\"opacity:1;\" alt=\"null\" src=\"https:\/\/www.kersia-group.com\/wp-content\/uploads\/2019\/08\/bg_food_industry2.jpg\"   \/><div id=\"interactive-banner-wrap-5755\" class=\"ult-new-ib-desc\" style=\"\"><h2 class=\"ult-new-ib-title ult-responsive\"  data-ultimate-target='#interactive-banner-wrap-5755 .ult-new-ib-title'  data-responsive-json-new='{\"font-size\":\"desktop:36px;tablet:24px;tablet_portrait:24px;mobile_landscape:24px;mobile:24px;\",\"line-height\":\"desktop:42px;tablet:30px;tablet_portrait:30px;mobile_landscape:30px;mobile:30px;\"}'  style=\"font-weight:normal;color:#ffffff;\">\u00c9lelmiszeripar<\/h2><\/div><a class=\"ult-new-ib-link\" href=\"https:\/\/www.kersia-group.com\/hu\/karrier\/csapataink\/elelmiszeripar\/\" title=\"\u00c9lelmiszeripar\"  ><\/a><\/div><script type=\"text\/javascript\">\n\t\t\t(function($){\n\t\t\t\t$(document).ready(function(){\n\t\t\t\t\t$(\".ult-new-ib\").css(\"opacity\",\"1\");\n\t\t\t\t});\n\t\t\t})(jQuery);\n\t\t\t<\/script><\/div><div class=\"ult-item-wrap\" data-animation=\"animated no-animation\"><div class=\"ult-new-ib ult-ib-effect-style6  ult-ib-resp  \" data-min-width=\"768\" data-max-width=\"900\" style=\"background:#0a0a0a;\" data-opacity=\"1\" data-hover-opacity=\"0.9\" ><img decoding=\"async\" class=\"ult-new-ib-img\" style=\"opacity:1;\" alt=\"null\" src=\"https:\/\/www.kersia-group.com\/wp-content\/uploads\/2019\/08\/bg_industrial_foodprint2.jpg\"   \/><div id=\"interactive-banner-wrap-9649\" class=\"ult-new-ib-desc\" style=\"\"><h2 class=\"ult-new-ib-title ult-responsive\"  data-ultimate-target='#interactive-banner-wrap-9649 .ult-new-ib-title'  data-responsive-json-new='{\"font-size\":\"desktop:36px;tablet:24px;tablet_portrait:24px;mobile_landscape:24px;mobile:24px;\",\"line-height\":\"desktop:42px;tablet:30px;tablet_portrait:30px;mobile_landscape:30px;mobile:30px;\"}'  style=\"font-weight:normal;color:#ffffff;\">Ipari l\u00e1bnyom<\/h2><\/div><a class=\"ult-new-ib-link\" href=\"https:\/\/www.kersia-group.com\/hu\/karrier\/csapataink\/ipari-labnyom\/\" title=\"Ipari l\u00e1bnyom\"  ><\/a><\/div><script type=\"text\/javascript\">\n\t\t\t(function($){\n\t\t\t\t$(document).ready(function(){\n\t\t\t\t\t$(\".ult-new-ib\").css(\"opacity\",\"1\");\n\t\t\t\t});\n\t\t\t})(jQuery);\n\t\t\t<\/script><\/div><div class=\"ult-item-wrap\" data-animation=\"animated no-animation\"><div class=\"ult-new-ib ult-ib-effect-style6  ult-ib-resp  \" data-min-width=\"768\" data-max-width=\"900\" style=\"background:#0a0a0a;\" data-opacity=\"1\" data-hover-opacity=\"0.9\" ><img decoding=\"async\" class=\"ult-new-ib-img\" style=\"opacity:1;\" alt=\"null\" src=\"https:\/\/www.kersia-group.com\/wp-content\/uploads\/2019\/09\/3_our-teams.jpg\"   \/><div id=\"interactive-banner-wrap-8871\" class=\"ult-new-ib-desc\" style=\"\"><h2 class=\"ult-new-ib-title ult-responsive\"  data-ultimate-target='#interactive-banner-wrap-8871 .ult-new-ib-title'  data-responsive-json-new='{\"font-size\":\"desktop:36px;tablet:24px;tablet_portrait:24px;mobile_landscape:24px;mobile:24px;\",\"line-height\":\"desktop:42px;tablet:30px;tablet_portrait:30px;mobile_landscape:30px;mobile:30px;\"}'  style=\"font-weight:normal;color:#ffffff;\">Innov\u00e1ci\u00f3<\/h2><\/div><a class=\"ult-new-ib-link\" href=\"https:\/\/www.kersia-group.com\/hu\/karrier\/csapataink\/innovacio\/\" title=\"Innov\u00e1ci\u00f3\"  ><\/a><\/div><script type=\"text\/javascript\">\n\t\t\t(function($){\n\t\t\t\t$(document).ready(function(){\n\t\t\t\t\t$(\".ult-new-ib\").css(\"opacity\",\"1\");\n\t\t\t\t});\n\t\t\t})(jQuery);\n\t\t\t<\/script><\/div><div class=\"ult-item-wrap\" data-animation=\"animated no-animation\"><div class=\"ult-new-ib ult-ib-effect-style6  ult-ib-resp  \" data-min-width=\"768\" data-max-width=\"900\" style=\"background:#0a0a0a;\" data-opacity=\"1\" data-hover-opacity=\"0.9\" ><img decoding=\"async\" class=\"ult-new-ib-img\" style=\"opacity:1;\" alt=\"null\" src=\"https:\/\/www.kersia-group.com\/wp-content\/uploads\/2019\/10\/bg_support_functions2.jpg\"   \/><div id=\"interactive-banner-wrap-7998\" class=\"ult-new-ib-desc\" style=\"\"><h2 class=\"ult-new-ib-title ult-responsive\"  data-ultimate-target='#interactive-banner-wrap-7998 .ult-new-ib-title'  data-responsive-json-new='{\"font-size\":\"desktop:36px;tablet:24px;tablet_portrait:24px;mobile_landscape:24px;mobile:24px;\",\"line-height\":\"desktop:42px;tablet:30px;tablet_portrait:30px;mobile_landscape:30px;mobile:30px;\"}'  style=\"font-weight:normal;color:#ffffff;\">T\u00e1mogat\u00e1si feladatok<\/h2><\/div><a class=\"ult-new-ib-link\" href=\"https:\/\/www.kersia-group.com\/hu\/karrier\/csapataink\/tamogatasi-feladatok\/\" title=\"T\u00e1mogat\u00e1si feladatok\"  ><\/a><\/div><script type=\"text\/javascript\">\n\t\t\t(function($){\n\t\t\t\t$(document).ready(function(){\n\t\t\t\t\t$(\".ult-new-ib\").css(\"opacity\",\"1\");\n\t\t\t\t});\n\t\t\t})(jQuery);\n\t\t\t<\/script><\/div><\/div><\/div>\t\t\t<script type=\"text\/javascript\">\n\t\t\t\tjQuery(document).ready(function ($) {\n\t\t\t\t\tif( typeof jQuery('.ult-carousel-162739111669d04aad7cfbd').slick == \"function\"){\n\t\t\t\t\t\t$('.ult-carousel-162739111669d04aad7cfbd').slick({dots: true,autoplay: true,autoplaySpeed: 5000,speed: 300,infinite: true,arrows: true,nextArrow: '<button type=\"button\" role=\"button\" aria-label=\"Next\" style=\"color:#333333; font-size:20px;\" class=\"slick-next default\"><i class=\"ultsl-arrow-right4\"><\/i><\/button>',prevArrow: '<button type=\"button\" role=\"button\" aria-label=\"Previous\" style=\"color:#333333; font-size:20px;\" class=\"slick-prev default\"><i class=\"ultsl-arrow-left4\"><\/i><\/button>',slidesToScroll:3,slidesToShow:3,swipe: true,draggable: true,touchMove: true,pauseOnHover: true,pauseOnFocus: false,responsive: [\n\t\t\t\t\t\t\t{\n\t\t\t\t\t\t\t  breakpoint: 1026,\n\t\t\t\t\t\t\t  settings: {\n\t\t\t\t\t\t\t\tslidesToShow: 3,\n\t\t\t\t\t\t\t\tslidesToScroll: 3,  \n\t\t\t\t\t\t\t  }\n\t\t\t\t\t\t\t},\n\t\t\t\t\t\t\t{\n\t\t\t\t\t\t\t  breakpoint: 1025,\n\t\t\t\t\t\t\t  settings: {\n\t\t\t\t\t\t\t\tslidesToShow: 2,\n\t\t\t\t\t\t\t\tslidesToScroll: 2\n\t\t\t\t\t\t\t  }\n\t\t\t\t\t\t\t},\n\t\t\t\t\t\t\t{\n\t\t\t\t\t\t\t  breakpoint: 760,\n\t\t\t\t\t\t\t  settings: {\n\t\t\t\t\t\t\t\tslidesToShow: 1,\n\t\t\t\t\t\t\t\tslidesToScroll: 1\n\t\t\t\t\t\t\t  }\n\t\t\t\t\t\t\t}\n\t\t\t\t\t\t],pauseOnDotsHover: true,customPaging: function(slider, i) {\n                   return '<i type=\"button\" style= \"color:#333333;\" class=\"ultsl-record\" data-role=\"none\"><\/i>';\n                },});\n\t\t\t\t\t}\n\t\t\t\t});\n\t\t\t<\/script>\n\t\t\t[\/vc_column][\/vc_row]<\/p>\n","protected":false},"excerpt":{"rendered":"<p>[vc_row type=&#8221;vc_default&#8221;][vc_column][vc_column_text]Szab\u00e1lyoz\u00e1si szak\u00e9rt\u0151ink ellen\u0151rzik a megv\u00e1s\u00e1rolt nyersanyagok, illetve a piacra bevezetett term\u00e9kek megfelel\u0151s\u00e9g\u00e9t. A csapat rendszeresen ellen\u0151rzi a term\u00e9kk\u00edn\u00e1latot annak biztos\u00edt\u00e1s\u00e1ra, hogy a term\u00e9keink biztons\u00e1gokat legyenek a fogyaszt\u00f3k, az \u00e1llatok&hellip;<\/p>\n","protected":false},"author":2,"featured_media":0,"parent":97943,"menu_order":0,"comment_status":"closed","ping_status":"closed","template":"","meta":{"_acf_changed":false,"footnotes":""},"class_list":["post-97937","page","type-page","status-publish","hentry","description-off"],"acf":[],"yoast_head":"<!-- This site is optimized with the Yoast SEO plugin v21.9.1 - https:\/\/yoast.com\/wordpress\/plugins\/seo\/ -->\n<title>Szab\u00e1lyoz\u00e1si \u00fcgyek - Kersia Group<\/title>\n<meta name=\"robots\" content=\"index, follow, max-snippet:-1, max-image-preview:large, max-video-preview:-1\" \/>\n<link rel=\"canonical\" href=\"https:\/\/www.kersia-group.com\/hu-hu\/karrier\/csapataink\/szabalyozasi-ugyek\/\" \/>\n<meta property=\"og:locale\" content=\"hu_HU\" \/>\n<meta property=\"og:type\" content=\"article\" \/>\n<meta property=\"og:title\" content=\"Szab\u00e1lyoz\u00e1si \u00fcgyek - Kersia Group\" \/>\n<meta property=\"og:description\" content=\"[vc_row type=&#8221;vc_default&#8221;][vc_column][vc_column_text]Szab\u00e1lyoz\u00e1si szak\u00e9rt\u0151ink ellen\u0151rzik a megv\u00e1s\u00e1rolt nyersanyagok, illetve a piacra bevezetett term\u00e9kek megfelel\u0151s\u00e9g\u00e9t. A csapat rendszeresen ellen\u0151rzi a term\u00e9kk\u00edn\u00e1latot annak biztos\u00edt\u00e1s\u00e1ra, hogy a term\u00e9keink biztons\u00e1gokat legyenek a fogyaszt\u00f3k, az \u00e1llatok&hellip;\" \/>\n<meta property=\"og:url\" content=\"https:\/\/www.kersia-group.com\/hu-hu\/karrier\/csapataink\/szabalyozasi-ugyek\/\" \/>\n<meta property=\"og:site_name\" content=\"Kersia Group\" \/>\n<meta name=\"twitter:card\" content=\"summary_large_image\" \/>\n<meta name=\"twitter:label1\" content=\"Becs\u00fclt olvas\u00e1si id\u0151\" \/>\n\t<meta name=\"twitter:data1\" content=\"5 perc\" \/>\n<script type=\"application\/ld+json\" class=\"yoast-schema-graph\">{\"@context\":\"https:\/\/schema.org\",\"@graph\":[{\"@type\":\"WebPage\",\"@id\":\"https:\/\/www.kersia-group.com\/hu-hu\/karrier\/csapataink\/szabalyozasi-ugyek\/\",\"url\":\"https:\/\/www.kersia-group.com\/hu-hu\/karrier\/csapataink\/szabalyozasi-ugyek\/\",\"name\":\"Szab\u00e1lyoz\u00e1si \u00fcgyek - Kersia Group\",\"isPartOf\":{\"@id\":\"\/#website\"},\"datePublished\":\"2020-05-29T16:37:07+00:00\",\"dateModified\":\"2020-05-29T16:37:07+00:00\",\"breadcrumb\":{\"@id\":\"https:\/\/www.kersia-group.com\/hu-hu\/karrier\/csapataink\/szabalyozasi-ugyek\/#breadcrumb\"},\"inLanguage\":\"hu\",\"potentialAction\":[{\"@type\":\"ReadAction\",\"target\":[\"https:\/\/www.kersia-group.com\/hu-hu\/karrier\/csapataink\/szabalyozasi-ugyek\/\"]}]},{\"@type\":\"BreadcrumbList\",\"@id\":\"https:\/\/www.kersia-group.com\/hu-hu\/karrier\/csapataink\/szabalyozasi-ugyek\/#breadcrumb\",\"itemListElement\":[{\"@type\":\"ListItem\",\"position\":1,\"name\":\"Home\",\"item\":\"https:\/\/www.kersia-group.com\/hu-hu\/\"},{\"@type\":\"ListItem\",\"position\":2,\"name\":\"Szab\u00e1lyoz\u00e1si \u00fcgyek\"}]},{\"@type\":\"WebSite\",\"@id\":\"\/#website\",\"url\":\"\/\",\"name\":\"Kersia Group\",\"description\":\"INVENTING A FOOD SAFE WORLD\",\"potentialAction\":[{\"@type\":\"SearchAction\",\"target\":{\"@type\":\"EntryPoint\",\"urlTemplate\":\"\/?s={search_term_string}\"},\"query-input\":\"required name=search_term_string\"}],\"inLanguage\":\"hu\"}]}<\/script>\n<!-- \/ Yoast SEO plugin. -->","yoast_head_json":{"title":"Szab\u00e1lyoz\u00e1si \u00fcgyek - Kersia Group","robots":{"index":"index","follow":"follow","max-snippet":"max-snippet:-1","max-image-preview":"max-image-preview:large","max-video-preview":"max-video-preview:-1"},"canonical":"https:\/\/www.kersia-group.com\/hu-hu\/karrier\/csapataink\/szabalyozasi-ugyek\/","og_locale":"hu_HU","og_type":"article","og_title":"Szab\u00e1lyoz\u00e1si \u00fcgyek - Kersia Group","og_description":"[vc_row type=&#8221;vc_default&#8221;][vc_column][vc_column_text]Szab\u00e1lyoz\u00e1si szak\u00e9rt\u0151ink ellen\u0151rzik a megv\u00e1s\u00e1rolt nyersanyagok, illetve a piacra bevezetett term\u00e9kek megfelel\u0151s\u00e9g\u00e9t. A csapat rendszeresen ellen\u0151rzi a term\u00e9kk\u00edn\u00e1latot annak biztos\u00edt\u00e1s\u00e1ra, hogy a term\u00e9keink biztons\u00e1gokat legyenek a fogyaszt\u00f3k, az \u00e1llatok&hellip;","og_url":"https:\/\/www.kersia-group.com\/hu-hu\/karrier\/csapataink\/szabalyozasi-ugyek\/","og_site_name":"Kersia Group","twitter_card":"summary_large_image","twitter_misc":{"Becs\u00fclt olvas\u00e1si id\u0151":"5 perc"},"schema":{"@context":"https:\/\/schema.org","@graph":[{"@type":"WebPage","@id":"https:\/\/www.kersia-group.com\/hu-hu\/karrier\/csapataink\/szabalyozasi-ugyek\/","url":"https:\/\/www.kersia-group.com\/hu-hu\/karrier\/csapataink\/szabalyozasi-ugyek\/","name":"Szab\u00e1lyoz\u00e1si \u00fcgyek - Kersia Group","isPartOf":{"@id":"\/#website"},"datePublished":"2020-05-29T16:37:07+00:00","dateModified":"2020-05-29T16:37:07+00:00","breadcrumb":{"@id":"https:\/\/www.kersia-group.com\/hu-hu\/karrier\/csapataink\/szabalyozasi-ugyek\/#breadcrumb"},"inLanguage":"hu","potentialAction":[{"@type":"ReadAction","target":["https:\/\/www.kersia-group.com\/hu-hu\/karrier\/csapataink\/szabalyozasi-ugyek\/"]}]},{"@type":"BreadcrumbList","@id":"https:\/\/www.kersia-group.com\/hu-hu\/karrier\/csapataink\/szabalyozasi-ugyek\/#breadcrumb","itemListElement":[{"@type":"ListItem","position":1,"name":"Home","item":"https:\/\/www.kersia-group.com\/hu-hu\/"},{"@type":"ListItem","position":2,"name":"Szab\u00e1lyoz\u00e1si \u00fcgyek"}]},{"@type":"WebSite","@id":"\/#website","url":"\/","name":"Kersia Group","description":"INVENTING A FOOD SAFE WORLD","potentialAction":[{"@type":"SearchAction","target":{"@type":"EntryPoint","urlTemplate":"\/?s={search_term_string}"},"query-input":"required name=search_term_string"}],"inLanguage":"hu"}]}},"_links":{"self":[{"href":"https:\/\/www.kersia-group.com\/hu-hu\/wp-json\/wp\/v2\/pages\/97937","targetHints":{"allow":["GET"]}}],"collection":[{"href":"https:\/\/www.kersia-group.com\/hu-hu\/wp-json\/wp\/v2\/pages"}],"about":[{"href":"https:\/\/www.kersia-group.com\/hu-hu\/wp-json\/wp\/v2\/types\/page"}],"author":[{"embeddable":true,"href":"https:\/\/www.kersia-group.com\/hu-hu\/wp-json\/wp\/v2\/users\/2"}],"replies":[{"embeddable":true,"href":"https:\/\/www.kersia-group.com\/hu-hu\/wp-json\/wp\/v2\/comments?post=97937"}],"version-history":[{"count":0,"href":"https:\/\/www.kersia-group.com\/hu-hu\/wp-json\/wp\/v2\/pages\/97937\/revisions"}],"up":[{"embeddable":true,"href":"https:\/\/www.kersia-group.com\/hu-hu\/wp-json\/wp\/v2\/pages\/97943"}],"wp:attachment":[{"href":"https:\/\/www.kersia-group.com\/hu-hu\/wp-json\/wp\/v2\/media?parent=97937"}],"curies":[{"name":"wp","href":"https:\/\/api.w.org\/{rel}","templated":true}]}}