{"id":97925,"date":"2020-05-29T20:19:50","date_gmt":"2020-05-29T18:19:50","guid":{"rendered":"https:\/\/www.kersia-group.com\/husfeldolgozo-ipar-es-vagohidak\/"},"modified":"2025-06-26T21:09:09","modified_gmt":"2025-06-26T19:09:09","slug":"husfeldolgozo-ipar-es-vagohidak","status":"publish","type":"page","link":"https:\/\/www.kersia-group.com\/hu-hu\/tevekenysegek\/elelmiszeripar-es-italipar\/husfeldolgozo-ipar-es-vagohidak\/","title":{"rendered":"H\u00fasfeldolgoz\u00f3 ipar \u00e9s v\u00e1g\u00f3hidak"},"content":{"rendered":"<p>[vc_row type=&#8221;vc_default&#8221;][vc_column offset=&#8221;vc_col-lg-4 vc_col-md-12&#8243;][vc_column_text el_class=&#8221;carnas_green&#8221;]<\/p>\n<h2>\u00cdzletes \u00e9s biztons\u00e1gos feldolgozott h\u00fas\u00e1ru<\/h2>\n<p>[\/vc_column_text][\/vc_column][vc_column offset=&#8221;vc_col-lg-8 vc_col-md-12&#8243;][vc_column_text]Sz\u00e1mos orsz\u00e1gban a v\u00e1ltoz\u00f3 \u00e9letst\u00edlus (a n\u00f6vekv\u0151 urbaniz\u00e1ci\u00f3nak, a n\u0151k javul\u00f3 foglalkoztat\u00e1s\u00e1nak, valamint az \u00e9lelmiszer-ell\u00e1t\u00e1s v\u00e1ltoz\u00f3 szok\u00e1sainak k\u00f6sz\u00f6nhet\u0151en) \u00e9s a megn\u00f6vekedett v\u00e1s\u00e1rl\u00f3er\u0151 \u00e1ll az iparilag el\u0151\u00e1ll\u00edtott h\u00fask\u00e9sz\u00edtm\u00e9nyek (szeletelt, f\u0151tt h\u00fasok, \u00f6sszetett, h\u00fasalap\u00fa f\u0151tt \u00e9telek stb.) ir\u00e1nti megn\u00f6vekedett kereslet, illetve a nyers h\u00fasok ir\u00e1nti keresletcs\u00f6kken\u00e9s m\u00f6g\u00f6tt. Ezeket a term\u00e9keket gyakran \u00e1ruh\u00e1zakban \u00e1rulj\u00e1k vagy \u00e9ttereml\u00e1ncoknak sz\u00e1ll\u00edtj\u00e1k ki, eset\u00fckben fontos a gyors el\u0151k\u00e9sz\u00edt\u00e9si \u00e9s fogyaszt\u00e1si id\u0151, \u00e9s a fogyaszthat\u00f3s\u00e1gi idej\u00fck n\u00f6vekszik.[\/vc_column_text][\/vc_column][\/vc_row][vc_row][vc_column]<div class=\"ult-spacer spacer-69d44efb21fe7\" data-id=\"69d44efb21fe7\" data-height=\"50\" data-height-mobile=\"0\" data-height-tab=\"30\" data-height-tab-portrait=\"20\" data-height-mobile-landscape=\"10\" style=\"clear:both;display:block;\"><\/div>[vc_column_text]A h\u00fas\u00e1ruk ipari szint\u0171 el\u0151k\u00e9sz\u00edt\u00e9si \u00e9s feldolgoz\u00e1si megold\u00e1sainak terjed\u00e9se egyben a betegs\u00e9geket okoz\u00f3 bakt\u00e9riumok (bele\u00e9rtve a Listeria monocytogenes \u00e9s Salmonella spp. fajok) terjed\u00e9s\u00e9nek kock\u00e1zat\u00e1t is mag\u00e1val hordozza az \u00e9lelmiszerl\u00e1nc minden l\u00e9p\u00e9se sor\u00e1n: a v\u00e1g\u00f3h\u00eddon, t\u00e1rol\u00f3egys\u00e9gekben, a (gyors vagy lass\u00fa) fagyaszt\u00e1s sor\u00e1n, a k\u00e9sz\u00e9telek feldolgoz\u00f3-, f\u00fcst\u00f6l\u0151-, f\u0151z\u0151- \u00e9s el\u0151k\u00e9sz\u00edt\u0151egys\u00e9geiben, a csomagol\u00e1s \u00e9s sz\u00e1ll\u00edt\u00e1s sor\u00e1n stb. A fogyaszt\u00f3k egyre j\u00f3l\u00e9rtes\u00fcltebbek, \u00e9s a szennyezett term\u00e9kek visszah\u00edv\u00e1s\u00e1nak (\u00e1ltal\u00e1ban az egyre hat\u00e9konyabb \u00f6nellen\u0151rz\u00e9seknek k\u00f6sz\u00f6nhet\u0151en), a mad\u00e1rinfluenza kit\u00f6r\u00e9s\u00e9nek, vagy a romlott h\u00fasok k\u00f6r\u00fcli botr\u00e1nyok h\u00edre hozz\u00e1j\u00e1rul a bizalmatlans\u00e1gukhoz. Eur\u00f3pa ellen\u00e1ll\u00e1sa az amerikai kl\u00f3rozott csirk\u00e9k behozatal\u00e1nak elfogad\u00e1s\u00e1ra j\u00f3l szeml\u00e9lteti az \u00e9lelmiszeripari maradv\u00e1nyanyagok fontoss\u00e1g\u00e1t.[\/vc_column_text][\/vc_column][\/vc_row][vc_row type=&#8221;vc_default&#8221; full_width=&#8221;stretch_row_content&#8221; full_width_row=&#8221;true&#8221;][vc_column]<div class=\"ult-spacer spacer-69d44efb2202e\" data-id=\"69d44efb2202e\" data-height=\"50\" data-height-mobile=\"0\" data-height-tab=\"0\" data-height-tab-portrait=\"0\" data-height-mobile-landscape=\"0\" style=\"clear:both;display:block;\"><\/div>[vc_single_image image=&#8221;2155&#8243; img_size=&#8221;full&#8221; css_animation=&#8221;left-to-right&#8221; el_class=&#8221;img-bulle-left hidden-xs hidden-sm&#8221;][vc_row_inner][vc_column_inner width=&#8221;1\/3&#8243; offset=&#8221;vc_col-lg-4 vc_col-md-4 vc_hidden-xs&#8221;][\/vc_column_inner][vc_column_inner el_class=&#8221;col-full-wt-img&#8221; width=&#8221;2\/3&#8243; offset=&#8221;vc_col-lg-6 vc_col-md-8 vc_col-xs-12&#8243;][vc_column_text]A fogyaszt\u00f3i nyom\u00e1ssal a szigorod\u00f3 vegyianyag-haszn\u00e1lati szab\u00e1lyoz\u00e1ssal \u00e9s a term\u00e9kvisszah\u00edv\u00e1sok k\u00f6lts\u00e9g\u00e9vel szemben a h\u00fasipariszerepl\u0151knek hib\u00e1tlan higi\u00e9niai \u00e9s fert\u0151tlen\u00edt\u00e9si folyamatokat kell alkalmazniuk, \u00e9s a piac ezen elv\u00e1r\u00e1sait felhaszn\u00e1lva kommunik\u00e1lniuk kell a term\u00e9keik biztons\u00e1goss\u00e1g\u00e1t a fogyaszt\u00f3k megnyugtat\u00e1s\u00e1ra.<\/p>\n<p>A gy\u00e1rt\u00f3k \u00e1ltal tapasztalt probl\u00e9m\u00e1k \u00e9s az elt\u00e1vol\u00edtand\u00f3 szennyez\u0151d\u00e9sek (feh\u00e9rj\u00e9k, zs\u00edrok, sz\u00ednez\u0151anyagok stb.) az adott \u00fczleti tev\u00e9kenys\u00e9gt\u0151l (v\u00e1g\u00f3h\u00edd, k\u00e9sz\u00e9tel-feldolgoz\u00e1s \u00e9s -el\u0151k\u00e9sz\u00edt\u00e9s) f\u00fcgg\u0151en k\u00fcl\u00f6nb\u00f6znek. A Kersia szak\u00e9rt\u0151i seg\u00edtenek a tiszt\u00edt\u00e1si \u00e9s fert\u0151tlen\u00edt\u00e9si elj\u00e1r\u00e1sok adott gy\u00e1rt\u00e1si ter\u00fcletnek (a gy\u00e1r elrendez\u00e9s\u00e9nek, a mikrobi\u00e1lis k\u00f6rnyezetnek stb.) megfelel\u0151 testreszab\u00e1s\u00e1ban. A Kersia sz\u00e9les term\u00e9kk\u00edn\u00e1lat\u00e1nak k\u00f6sz\u00f6nhet\u0151en k\u00e9pesek vagyunk a szennyez\u0151d\u00e9sek v\u00e1ltozatos form\u00e1i ellen felvenni a k\u00fczdelmet, valamint azonos\u00edtani \u00e9s megakad\u00e1lyozni a biofilmek, azaz egym\u00e1shoz \u00e9s bizonyos fel\u00fcletekhez tapad\u00f3, v\u00e9delmet \u00e9s k\u00f6t\u0151d\u00e9si lehet\u0151s\u00e9get jelent\u0151 m\u00e1trixot termel\u0151 mikroorganizmusok telepeinek k\u00e9pz\u0151d\u00e9s\u00e9t.<\/p>\n<p>Ezek a programjaink teljesen integr\u00e1ltak a feldolgoz\u00e1si folyamatokban, \u00e9s hozz\u00e1adott \u00e9rt\u00e9ket is termelnek, mivel a teljes\u00edtm\u00e9ny meghat\u00e1roz\u00e1s\u00e1nak teljes k\u00f6r\u0171 megk\u00f6zel\u00edt\u00e9se t\u00falmutat a tiszt\u00edt\u00e1s \u00e9s fert\u0151tlen\u00edt\u00e9s k\u00e9rd\u00e9s\u00e9n, \u00e9s mag\u00e1ba foglalja a v\u00edz- \u00e9s energiafelhaszn\u00e1l\u00e1s optimaliz\u00e1l\u00e1s\u00e1t, illetve az elj\u00e1r\u00e1sok egyszer\u0171s\u00edt\u00e9s\u00e9t az id\u0151megtakar\u00edt\u00e1s \u00e9s a felhaszn\u00e1lt tiszt\u00edt\u00f3szerek mennyis\u00e9g\u00e9nek cs\u00f6kkent\u00e9se \u00e9rdek\u00e9ben.[\/vc_column_text]<div class=\"ult-spacer spacer-69d44efb2206a\" data-id=\"69d44efb2206a\" data-height=\"50\" data-height-mobile=\"25\" data-height-tab=\"40\" data-height-tab-portrait=\"40\" data-height-mobile-landscape=\"25\" style=\"clear:both;display:block;\"><\/div><div class=\"ult-spacer spacer-69d44efb2209e\" data-id=\"69d44efb2209e\" data-height=\"50\" data-height-mobile=\"25\" data-height-tab=\"40\" data-height-tab-portrait=\"40\" data-height-mobile-landscape=\"25\" style=\"clear:both;display:block;\"><\/div>[\/vc_column_inner][vc_column_inner width=&#8221;1\/4&#8243; offset=&#8221;vc_hidden-md vc_hidden-sm vc_hidden-xs&#8221;][\/vc_column_inner][\/vc_row_inner][\/vc_column][\/vc_row][vc_row type=&#8221;vc_default&#8221; full_width=&#8221;stretch_row&#8221; gap=&#8221;35&#8243; parallax=&#8221;content-moving&#8221; bg_type=&#8221;image&#8221; parallax_style=&#8221;vcpb-vz-jquery&#8221; bg_image_new=&#8221;id^741|url^https:\/\/www.kersia-group.com\/wp-content\/uploads\/2019\/08\/bg_meat_industry2.jpg|caption^null|alt^null|title^bg_meat_industry2|description^null&#8221; bg_image_repeat=&#8221;no-repeat&#8221;][vc_column offset=&#8221;vc_col-lg-6&#8243;]<div class=\"ult-spacer spacer-69d44efb220cf\" data-id=\"69d44efb220cf\" data-height=\"170\" data-height-mobile=\"80\" data-height-tab=\"120\" data-height-tab-portrait=\"120\" data-height-mobile-landscape=\"80\" style=\"clear:both;display:block;\"><\/div>[vc_column_text css_animation=&#8221;left-to-right&#8221; css=&#8221;.vc_custom_1571587091750{background-color: #008d33 !important;}&#8221; el_class=&#8221;focus&#8221;]<\/p>\n<h3>1. esettanulm\u00e1ny<\/h3>\n<p>N\u00e9metorsz\u00e1gban az egyik nagy csirkefeldolgoz\u00f3 visszat\u00e9r\u0151 mikrobi\u00e1lis szennyez\u0151d\u00e9st tapasztalt az el\u0151\u00e1ll\u00edt\u00e1si folyamat egyik sz\u00e1ll\u00edt\u00f3szalagj\u00e1n. A sz\u00e1ll\u00edt\u00f3szalag m\u0171anyag elemei miatt nem volt lehet\u0151s\u00e9g mar\u00f3 anyagokkal t\u00f6rt\u00e9n\u0151 fert\u0151tlen\u00edt\u00e9sre. A Kersia a probl\u00e9m\u00e1t az enzimalap\u00fa, illetve k\u00e9nyes fel\u00fcletek fert\u0151tlen\u00edt\u00e9s\u00e9re kialak\u00edtott term\u00e9keinek kombin\u00e1ci\u00f3j\u00e1val oldotta meg.[\/vc_column_text][\/vc_column][vc_column offset=&#8221;vc_col-lg-6&#8243;]<div class=\"ult-spacer spacer-69d44efb220ff\" data-id=\"69d44efb220ff\" data-height=\"170\" data-height-mobile=\"0\" data-height-tab=\"0\" data-height-tab-portrait=\"0\" data-height-mobile-landscape=\"0\" style=\"clear:both;display:block;\"><\/div><div class=\"ult-spacer spacer-69d44efb2212f\" data-id=\"69d44efb2212f\" data-height=\"170\" data-height-mobile=\"0\" data-height-tab=\"0\" data-height-tab-portrait=\"0\" data-height-mobile-landscape=\"0\" style=\"clear:both;display:block;\"><\/div>[vc_column_text css_animation=&#8221;right-to-left&#8221; css=&#8221;.vc_custom_1571587105100{background-color: #4ead33 !important;}&#8221; el_class=&#8221;focus&#8221;]<\/p>\n<h3>2. esettanulm\u00e1ny<\/h3>\n<p>Franciaorsz\u00e1gban egy hagyom\u00e1nyos kolb\u00e1szokat k\u00e9sz\u00edt\u0151, m\u00e9lyrehat\u00f3 min\u0151s\u00e9gbiztos\u00edt\u00e1si folyamattal \u00e9s mikrobiol\u00f3giai tesztel\u00e9sre k\u00e9pes bels\u0151 laborat\u00f3riummal rendelkez\u0151 gy\u00e1rt\u00f3 term\u00e9kein hirtelen s\u00e1rg\u00e1snarancs foltok jelentek meg, \u00edgy azok eladhatatlann\u00e1 v\u00e1ltak. A Kersia szak\u00e9rt\u0151i azonos\u00edtott\u00e1k a szennyez\u0151d\u00e9s\u00e9rt felel\u0151s t\u00f6rzset, \u00e9s a gy\u00e1rt\u00f3t a mikrobiol\u00f3giai kontrollra (leveg\u0151re, fel\u00fcletekre \u00e9s nyersanyagokra egyar\u00e1nt kiterjed\u0151) \u00e9s fert\u0151tlen\u00edt\u00e9si tervre ir\u00e1nyul\u00f3 megold\u00e1sokkal l\u00e1tta el. A szennyez\u0151d\u00e9st siker\u00fclt nyomtalanul elt\u00fcntetni, ezzel a kolb\u00e1szok megjelen\u00e9si probl\u00e9m\u00e1ira vonatkoz\u00f3 v\u00e1s\u00e1rl\u00f3i panaszokat is megsz\u00fcntett\u00fck.[\/vc_column_text]<div class=\"ult-spacer spacer-69d44efb2215f\" data-id=\"69d44efb2215f\" data-height=\"100\" data-height-mobile=\"80\" data-height-tab=\"120\" data-height-tab-portrait=\"120\" data-height-mobile-landscape=\"80\" style=\"clear:both;display:block;\"><\/div>[\/vc_column][\/vc_row]<\/p>\n","protected":false},"excerpt":{"rendered":"<p>[vc_row type=&#8221;vc_default&#8221;][vc_column offset=&#8221;vc_col-lg-4 vc_col-md-12&#8243;][vc_column_text el_class=&#8221;carnas_green&#8221;] \u00cdzletes \u00e9s biztons\u00e1gos feldolgozott h\u00fas\u00e1ru [\/vc_column_text][\/vc_column][vc_column offset=&#8221;vc_col-lg-8 vc_col-md-12&#8243;][vc_column_text]Sz\u00e1mos orsz\u00e1gban a v\u00e1ltoz\u00f3 \u00e9letst\u00edlus (a n\u00f6vekv\u0151 urbaniz\u00e1ci\u00f3nak, a n\u0151k javul\u00f3 foglalkoztat\u00e1s\u00e1nak, valamint az \u00e9lelmiszer-ell\u00e1t\u00e1s v\u00e1ltoz\u00f3 szok\u00e1sainak k\u00f6sz\u00f6nhet\u0151en)&hellip;<\/p>\n","protected":false},"author":2,"featured_media":0,"parent":97927,"menu_order":1,"comment_status":"closed","ping_status":"closed","template":"","meta":{"_acf_changed":false,"footnotes":""},"class_list":["post-97925","page","type-page","status-publish","hentry","description-off"],"acf":[],"yoast_head":"<!-- This site is optimized with the Yoast SEO plugin v21.9.1 - https:\/\/yoast.com\/wordpress\/plugins\/seo\/ -->\n<title>H\u00fasfeldolgoz\u00f3 ipar \u00e9s v\u00e1g\u00f3hidak - Kersia Group<\/title>\n<meta name=\"robots\" content=\"index, follow, max-snippet:-1, max-image-preview:large, max-video-preview:-1\" \/>\n<link rel=\"canonical\" href=\"https:\/\/www.kersia-group.com\/hu-hu\/tevekenysegek\/elelmiszeripar-es-italipar\/husfeldolgozo-ipar-es-vagohidak\/\" \/>\n<meta property=\"og:locale\" content=\"hu_HU\" \/>\n<meta property=\"og:type\" content=\"article\" \/>\n<meta property=\"og:title\" content=\"H\u00fasfeldolgoz\u00f3 ipar \u00e9s v\u00e1g\u00f3hidak - Kersia Group\" \/>\n<meta property=\"og:description\" content=\"[vc_row type=&#8221;vc_default&#8221;][vc_column offset=&#8221;vc_col-lg-4 vc_col-md-12&#8243;][vc_column_text el_class=&#8221;carnas_green&#8221;] \u00cdzletes \u00e9s biztons\u00e1gos feldolgozott h\u00fas\u00e1ru [\/vc_column_text][\/vc_column][vc_column offset=&#8221;vc_col-lg-8 vc_col-md-12&#8243;][vc_column_text]Sz\u00e1mos orsz\u00e1gban a v\u00e1ltoz\u00f3 \u00e9letst\u00edlus (a n\u00f6vekv\u0151 urbaniz\u00e1ci\u00f3nak, a n\u0151k javul\u00f3 foglalkoztat\u00e1s\u00e1nak, valamint az \u00e9lelmiszer-ell\u00e1t\u00e1s v\u00e1ltoz\u00f3 szok\u00e1sainak k\u00f6sz\u00f6nhet\u0151en)&hellip;\" \/>\n<meta property=\"og:url\" content=\"https:\/\/www.kersia-group.com\/hu-hu\/tevekenysegek\/elelmiszeripar-es-italipar\/husfeldolgozo-ipar-es-vagohidak\/\" \/>\n<meta property=\"og:site_name\" content=\"Kersia Group\" \/>\n<meta property=\"article:modified_time\" content=\"2025-06-26T19:09:09+00:00\" \/>\n<meta name=\"twitter:card\" content=\"summary_large_image\" \/>\n<meta name=\"twitter:label1\" content=\"Becs\u00fclt olvas\u00e1si id\u0151\" \/>\n\t<meta name=\"twitter:data1\" content=\"6 perc\" \/>\n<script type=\"application\/ld+json\" class=\"yoast-schema-graph\">{\"@context\":\"https:\/\/schema.org\",\"@graph\":[{\"@type\":\"WebPage\",\"@id\":\"https:\/\/www.kersia-group.com\/hu-hu\/tevekenysegek\/elelmiszeripar-es-italipar\/husfeldolgozo-ipar-es-vagohidak\/\",\"url\":\"https:\/\/www.kersia-group.com\/hu-hu\/tevekenysegek\/elelmiszeripar-es-italipar\/husfeldolgozo-ipar-es-vagohidak\/\",\"name\":\"H\u00fasfeldolgoz\u00f3 ipar \u00e9s v\u00e1g\u00f3hidak - Kersia Group\",\"isPartOf\":{\"@id\":\"\/#website\"},\"datePublished\":\"2020-05-29T18:19:50+00:00\",\"dateModified\":\"2025-06-26T19:09:09+00:00\",\"breadcrumb\":{\"@id\":\"https:\/\/www.kersia-group.com\/hu-hu\/tevekenysegek\/elelmiszeripar-es-italipar\/husfeldolgozo-ipar-es-vagohidak\/#breadcrumb\"},\"inLanguage\":\"hu\",\"potentialAction\":[{\"@type\":\"ReadAction\",\"target\":[\"https:\/\/www.kersia-group.com\/hu-hu\/tevekenysegek\/elelmiszeripar-es-italipar\/husfeldolgozo-ipar-es-vagohidak\/\"]}]},{\"@type\":\"BreadcrumbList\",\"@id\":\"https:\/\/www.kersia-group.com\/hu-hu\/tevekenysegek\/elelmiszeripar-es-italipar\/husfeldolgozo-ipar-es-vagohidak\/#breadcrumb\",\"itemListElement\":[{\"@type\":\"ListItem\",\"position\":1,\"name\":\"Home\",\"item\":\"https:\/\/www.kersia-group.com\/hu-hu\/\"},{\"@type\":\"ListItem\",\"position\":2,\"name\":\"H\u00fasfeldolgoz\u00f3 ipar \u00e9s v\u00e1g\u00f3hidak\"}]},{\"@type\":\"WebSite\",\"@id\":\"\/#website\",\"url\":\"\/\",\"name\":\"Kersia Group\",\"description\":\"INVENTING A FOOD SAFE WORLD\",\"potentialAction\":[{\"@type\":\"SearchAction\",\"target\":{\"@type\":\"EntryPoint\",\"urlTemplate\":\"\/?s={search_term_string}\"},\"query-input\":\"required name=search_term_string\"}],\"inLanguage\":\"hu\"}]}<\/script>\n<!-- \/ Yoast SEO plugin. -->","yoast_head_json":{"title":"H\u00fasfeldolgoz\u00f3 ipar \u00e9s v\u00e1g\u00f3hidak - Kersia Group","robots":{"index":"index","follow":"follow","max-snippet":"max-snippet:-1","max-image-preview":"max-image-preview:large","max-video-preview":"max-video-preview:-1"},"canonical":"https:\/\/www.kersia-group.com\/hu-hu\/tevekenysegek\/elelmiszeripar-es-italipar\/husfeldolgozo-ipar-es-vagohidak\/","og_locale":"hu_HU","og_type":"article","og_title":"H\u00fasfeldolgoz\u00f3 ipar \u00e9s v\u00e1g\u00f3hidak - Kersia Group","og_description":"[vc_row type=&#8221;vc_default&#8221;][vc_column offset=&#8221;vc_col-lg-4 vc_col-md-12&#8243;][vc_column_text el_class=&#8221;carnas_green&#8221;] \u00cdzletes \u00e9s biztons\u00e1gos feldolgozott h\u00fas\u00e1ru [\/vc_column_text][\/vc_column][vc_column offset=&#8221;vc_col-lg-8 vc_col-md-12&#8243;][vc_column_text]Sz\u00e1mos orsz\u00e1gban a v\u00e1ltoz\u00f3 \u00e9letst\u00edlus (a n\u00f6vekv\u0151 urbaniz\u00e1ci\u00f3nak, a n\u0151k javul\u00f3 foglalkoztat\u00e1s\u00e1nak, valamint az \u00e9lelmiszer-ell\u00e1t\u00e1s v\u00e1ltoz\u00f3 szok\u00e1sainak k\u00f6sz\u00f6nhet\u0151en)&hellip;","og_url":"https:\/\/www.kersia-group.com\/hu-hu\/tevekenysegek\/elelmiszeripar-es-italipar\/husfeldolgozo-ipar-es-vagohidak\/","og_site_name":"Kersia Group","article_modified_time":"2025-06-26T19:09:09+00:00","twitter_card":"summary_large_image","twitter_misc":{"Becs\u00fclt olvas\u00e1si id\u0151":"6 perc"},"schema":{"@context":"https:\/\/schema.org","@graph":[{"@type":"WebPage","@id":"https:\/\/www.kersia-group.com\/hu-hu\/tevekenysegek\/elelmiszeripar-es-italipar\/husfeldolgozo-ipar-es-vagohidak\/","url":"https:\/\/www.kersia-group.com\/hu-hu\/tevekenysegek\/elelmiszeripar-es-italipar\/husfeldolgozo-ipar-es-vagohidak\/","name":"H\u00fasfeldolgoz\u00f3 ipar \u00e9s v\u00e1g\u00f3hidak - Kersia Group","isPartOf":{"@id":"\/#website"},"datePublished":"2020-05-29T18:19:50+00:00","dateModified":"2025-06-26T19:09:09+00:00","breadcrumb":{"@id":"https:\/\/www.kersia-group.com\/hu-hu\/tevekenysegek\/elelmiszeripar-es-italipar\/husfeldolgozo-ipar-es-vagohidak\/#breadcrumb"},"inLanguage":"hu","potentialAction":[{"@type":"ReadAction","target":["https:\/\/www.kersia-group.com\/hu-hu\/tevekenysegek\/elelmiszeripar-es-italipar\/husfeldolgozo-ipar-es-vagohidak\/"]}]},{"@type":"BreadcrumbList","@id":"https:\/\/www.kersia-group.com\/hu-hu\/tevekenysegek\/elelmiszeripar-es-italipar\/husfeldolgozo-ipar-es-vagohidak\/#breadcrumb","itemListElement":[{"@type":"ListItem","position":1,"name":"Home","item":"https:\/\/www.kersia-group.com\/hu-hu\/"},{"@type":"ListItem","position":2,"name":"H\u00fasfeldolgoz\u00f3 ipar \u00e9s v\u00e1g\u00f3hidak"}]},{"@type":"WebSite","@id":"\/#website","url":"\/","name":"Kersia Group","description":"INVENTING A FOOD SAFE WORLD","potentialAction":[{"@type":"SearchAction","target":{"@type":"EntryPoint","urlTemplate":"\/?s={search_term_string}"},"query-input":"required name=search_term_string"}],"inLanguage":"hu"}]}},"_links":{"self":[{"href":"https:\/\/www.kersia-group.com\/hu-hu\/wp-json\/wp\/v2\/pages\/97925","targetHints":{"allow":["GET"]}}],"collection":[{"href":"https:\/\/www.kersia-group.com\/hu-hu\/wp-json\/wp\/v2\/pages"}],"about":[{"href":"https:\/\/www.kersia-group.com\/hu-hu\/wp-json\/wp\/v2\/types\/page"}],"author":[{"embeddable":true,"href":"https:\/\/www.kersia-group.com\/hu-hu\/wp-json\/wp\/v2\/users\/2"}],"replies":[{"embeddable":true,"href":"https:\/\/www.kersia-group.com\/hu-hu\/wp-json\/wp\/v2\/comments?post=97925"}],"version-history":[{"count":1,"href":"https:\/\/www.kersia-group.com\/hu-hu\/wp-json\/wp\/v2\/pages\/97925\/revisions"}],"predecessor-version":[{"id":97960,"href":"https:\/\/www.kersia-group.com\/hu-hu\/wp-json\/wp\/v2\/pages\/97925\/revisions\/97960"}],"up":[{"embeddable":true,"href":"https:\/\/www.kersia-group.com\/hu-hu\/wp-json\/wp\/v2\/pages\/97927"}],"wp:attachment":[{"href":"https:\/\/www.kersia-group.com\/hu-hu\/wp-json\/wp\/v2\/media?parent=97925"}],"curies":[{"name":"wp","href":"https:\/\/api.w.org\/{rel}","templated":true}]}}