{"id":97727,"date":"2020-05-29T20:19:51","date_gmt":"2020-05-29T18:19:51","guid":{"rendered":"https:\/\/www.kersia-group.com\/kezhigienia\/"},"modified":"2025-06-26T21:07:09","modified_gmt":"2025-06-26T19:07:09","slug":"kezhigienia","status":"publish","type":"page","link":"https:\/\/www.kersia-group.com\/hu-hu\/tevekenysegek\/kezhigienia\/","title":{"rendered":"K\u00e9zhigi\u00e9nia"},"content":{"rendered":"<p>[vc_row type=&#8221;vc_default&#8221;][vc_column][vc_row_inner][vc_column_inner offset=&#8221;vc_col-lg-4 vc_col-md-4&#8243;][vc_column_text el_class=&#8221;carnas_green&#8221;]<\/p>\n<h2>A k\u00e9zmos\u00e1s \u00e9s -fert\u0151tlen\u00edt\u00e9s megel\u0151zik a kock\u00e1zatokat<\/h2>\n<p>[\/vc_column_text][\/vc_column_inner][vc_column_inner offset=&#8221;vc_col-lg-8 vc_col-md-8&#8243;][vc_column_text]A kezek jelentik a bakt\u00e9riumok \u00e9s v\u00edrusok terjeszt\u00e9s\u00e9nek egyik els\u0151dleges m\u00f3dj\u00e1t, a gyakoribb fert\u0151z\u0151 betegs\u00e9gek, illetve a k\u00f3rh\u00e1zakban a nozokomi\u00e1lis betegs\u00e9gek 80%-a a kezeken \u00e1t terjed. A k\u00e9zhigi\u00e9n\u00e9s vil\u00e1gnap eml\u00e9keztet\u0151k\u00e9nt szolg\u00e1l a k\u00e9zmos\u00e1s jelent\u0151s szerep\u00e9re a bakt\u00e9riumok \u00e9s v\u00edrusok \u00e1tad\u00e1s\u00e1nak korl\u00e1toz\u00e1s\u00e1ban.<\/p>\n<p>A k\u00e9zhigi\u00e9nia bev\u00e1lt gyakorlat\u00e1nak enn\u00e9lfogva alapvet\u0151 k\u00e9szs\u00e9gnek kell lennie a gazdas\u00e1gokban, az \u00fczemekben \u00e9s az \u00e9lelmiszer-el\u0151k\u00e9sz\u00edt\u0151 egys\u00e9gekben az \u00e9lelmiszerek, fogyaszt\u00f3k \u00e9s dolgoz\u00f3k biztons\u00e1g\u00e1nak biztos\u00edt\u00e1s\u00e1ra.[\/vc_column_text][vc_column_text]<span data-contrast=\"auto\">Az \u00e9lelmiszer-m\u00e9rgez\u00e9s kock\u00e1zat\u00e1nak megel\u0151z\u00e9s\u00e9hez hozz\u00e1tartozik a szigor\u00fa k\u00e9zhigi\u00e9n\u00e9s tiszt\u00edt\u00e1si \u00e9s fert\u0151tlen\u00edt\u00e9si elj\u00e1r\u00e1sok betart\u00e1sa a megfelel\u0151 term\u00e9kek haszn\u00e1lat\u00e1val, mind adott id\u0151k\u00f6z\u00f6nk\u00e9nt a keresztszennyez\u00e9s megakad\u00e1lyoz\u00e1s\u00e1ra, mind a kock\u00e1zatos tev\u00e9kenys\u00e9gek (pl. mell\u00e9khelyis\u00e9g-haszn\u00e1lat vagy szennyezett term\u00e9kek kezel\u00e9se) ut\u00e1n.\u00a0<\/span><span data-ccp-props=\"{}\">\u00a0<\/span><\/p>\n<p><span data-contrast=\"auto\">A Kersia k\u00e9zhigi\u00e9n\u00e9s term\u00e9kcsal\u00e1dj\u00e1t a gazdas\u00e1gok, az \u00e9lelmiszeripar, a vend\u00e9gl\u00e1t\u00e1s, valamint az eg\u00e9szs\u00e9g\u00fcgy ter\u00fcleteire fejlesztett\u00fck ki.<\/span><span data-ccp-props=\"{&quot;335551550&quot;:6,&quot;335551620&quot;:6,&quot;335559739&quot;:120,&quot;335559740&quot;:360}\">\u00a0<\/span>[\/vc_column_text][\/vc_column_inner][\/vc_row_inner]<div class=\"ult-spacer spacer-69d6c1312c90d\" data-id=\"69d6c1312c90d\" data-height=\"50\" data-height-mobile=\"25\" data-height-tab=\"40\" data-height-tab-portrait=\"40\" data-height-mobile-landscape=\"25\" style=\"clear:both;display:block;\"><\/div>[vc_column_text]K\u00e9zhigi\u00e9n\u00e9s term\u00e9kcsal\u00e1dunk h\u00e1rmas szerepet t\u00f6lt be az \u00e9lelmiszeripar \u00e9s az \u00e9lelmiszer-el\u0151k\u00e9sz\u00edt\u0151 egys\u00e9gek (k\u00f6zponti konyhai egys\u00e9gek \u00e9s eloszt\u00f3egys\u00e9gek) eset\u00e9n:<\/p>\n<ul>\n<li>a szennyez\u0151d\u00e9sek kock\u00e1zat\u00e1nak cs\u00f6kkent\u00e9s\u00e9t<\/li>\n<li>az \u00e9lelmiszer min\u0151s\u00e9g\u00e9nek fenntart\u00e1s\u00e1t<\/li>\n<li>a dolgoz\u00f3k kez\u00e9nek v\u00e9delm\u00e9t<\/li>\n<\/ul>\n<p>[\/vc_column_text]<div class=\"ult-spacer spacer-69d6c1312c944\" data-id=\"69d6c1312c944\" data-height=\"50\" data-height-mobile=\"25\" data-height-tab=\"40\" data-height-tab-portrait=\"40\" data-height-mobile-landscape=\"25\" style=\"clear:both;display:block;\"><\/div>[\/vc_column][\/vc_row][vc_section][vc_row type=&#8221;vc_default&#8221; gap=&#8221;10&#8243; equal_height=&#8221;yes&#8221; content_placement=&#8221;top&#8221;][vc_column css_animation=&#8221;appear&#8221; width=&#8221;1\/3&#8243;]<div class=\"ult-spacer spacer-69d6c1312c96a\" data-id=\"69d6c1312c96a\" data-height=\"0\" data-height-mobile=\"25\" data-height-tab=\"40\" data-height-tab-portrait=\"40\" data-height-mobile-landscape=\"25\" style=\"clear:both;display:block;\"><\/div>[vc_row_inner][vc_column_inner][vc_single_image image=&#8221;801&#8243; img_size=&#8221;185&#215;120&#8243; alignment=&#8221;center&#8221; css=&#8221;.vc_custom_1565583129921{padding-bottom: 20px !important;background-color: #ffffff !important;}&#8221;][\/vc_column_inner][\/vc_row_inner][vc_row_inner css=&#8221;.vc_custom_1565582513296{padding-top: 20px !important;padding-right: 20px !important;padding-bottom: 20px !important;padding-left: 20px !important;background-color: #3bb9b0 !important;}&#8221;][vc_column_inner][vc_column_text]<\/p>\n<h3 style=\"text-align: center;\"><span style=\"color: #ffffff;\">Tiszt\u00edt\u00e1s<\/span><\/h3>\n<p style=\"text-align: center;\"><span style=\"color: #ffffff;\" data-contrast=\"auto\">Elengedhetetlen a <strong>j\u00f3 k\u00e9zhigi\u00e9nia szempontj\u00e1b\u00f3l<\/strong><\/span><\/p>\n<p>[\/vc_column_text]<div class=\"uavc-list-icon uavc-list-icon-wrapper ult-adjust-bottom-margin   vc_custom_1567010206604  vc_custom_1567010206604\"><ul class=\"uavc-list\"><li><div class=\"uavc-list-content\" id=\"list-icon-wrap-9027\">\n<div class=\"uavc-list-icon  \" data-animation=\"\" data-animation-delay=\"03\" style=\"margin-right:15px;\"><div class=\"ult-just-icon-wrapper  \"><div class=\"align-icon\" style=\"text-align:center;\">\n<div class=\"aio-icon none \"  style=\"color:#ffffff;font-size:30px;display:inline-block;\">\n\t<i class=\"Defaults-check\"><\/i>\n<\/div><\/div><\/div>\n<\/div><span  data-ultimate-target='#list-icon-wrap-9027 .uavc-list-desc'  data-responsive-json-new='{\"font-size\":\"\",\"line-height\":\"\"}'  class=\"uavc-list-desc ult-responsive\" style=\"\"><span style=\"color: #ffffff;\">30 m\u00e1sodperc<\/span><\/span><\/div><\/li><li><div class=\"uavc-list-content\" id=\"list-icon-wrap-9458\">\n<div class=\"uavc-list-icon  \" data-animation=\"\" data-animation-delay=\"03\" style=\"margin-right:15px;\"><div class=\"ult-just-icon-wrapper  \"><div class=\"align-icon\" style=\"text-align:center;\">\n<div class=\"aio-icon none \"  style=\"color:#ffffff;font-size:30px;display:inline-block;\">\n\t<i class=\"Defaults-check\"><\/i>\n<\/div><\/div><\/div>\n<\/div><span  data-ultimate-target='#list-icon-wrap-9458 .uavc-list-desc'  data-responsive-json-new='{\"font-size\":\"\",\"line-height\":\"\"}'  class=\"uavc-list-desc ult-responsive\" style=\"\"><span style=\"color: #ffffff;\">Amilyen gyakran csak lehet<\/span><\/span><\/div><\/li><\/ul><\/div>[\/vc_column_inner][\/vc_row_inner][\/vc_column][vc_column css_animation=&#8221;appear&#8221; width=&#8221;1\/3&#8243;]<div class=\"ult-spacer spacer-69d6c1312caef\" data-id=\"69d6c1312caef\" data-height=\"0\" data-height-mobile=\"25\" data-height-tab=\"40\" data-height-tab-portrait=\"40\" data-height-mobile-landscape=\"25\" style=\"clear:both;display:block;\"><\/div>[vc_row_inner][vc_column_inner][vc_single_image image=&#8221;97728&#8243; img_size=&#8221;192&#215;120&#8243; alignment=&#8221;center&#8221; css=&#8221;.vc_custom_1565583113952{padding-bottom: 20px !important;background-color: #ffffff !important;}&#8221;][\/vc_column_inner][\/vc_row_inner][vc_row_inner css=&#8221;.vc_custom_1565582725851{padding-top: 20px !important;padding-right: 20px !important;padding-bottom: 20px !important;padding-left: 20px !important;background-color: #98bd68 !important;}&#8221;][vc_column_inner][vc_column_text]<\/p>\n<h3 style=\"text-align: center;\"><span style=\"color: #ffffff;\">Fert\u0151tlen\u00edt\u00e9s<\/span><\/h3>\n<p style=\"text-align: center;\"><span style=\"color: #ffffff;\">K\u00fczdelem a <strong>mikrobiol\u00f3giai kock\u00e1zatok ellen<\/strong><\/span><\/p>\n<p>[\/vc_column_text]<div class=\"uavc-list-icon uavc-list-icon-wrapper ult-adjust-bottom-margin   vc_custom_1567010234949  vc_custom_1567010234949\"><ul class=\"uavc-list\"><li><div class=\"uavc-list-content\" id=\"list-icon-wrap-2671\">\n<div class=\"uavc-list-icon  \" data-animation=\"\" data-animation-delay=\"03\" style=\"margin-right:15px;\"><div class=\"ult-just-icon-wrapper  \"><div class=\"align-icon\" style=\"text-align:center;\">\n<div class=\"aio-icon none \"  style=\"color:#ffffff;font-size:30px;display:inline-block;\">\n\t<i class=\"Defaults-check\"><\/i>\n<\/div><\/div><\/div>\n<\/div><span  data-ultimate-target='#list-icon-wrap-2671 .uavc-list-desc'  data-responsive-json-new='{\"font-size\":\"\",\"line-height\":\"\"}'  class=\"uavc-list-desc ult-responsive\" style=\"\"><span style=\"color: #ffffff;\">90 m\u00e1sodperc a virucid hat\u00e1shoz<\/span><\/span><\/div><\/li><li><div class=\"uavc-list-content\" id=\"list-icon-wrap-8449\">\n<div class=\"uavc-list-icon  \" data-animation=\"\" data-animation-delay=\"03\" style=\"margin-right:15px;\"><div class=\"ult-just-icon-wrapper  \"><div class=\"align-icon\" style=\"text-align:center;\">\n<div class=\"aio-icon none \"  style=\"color:#ffffff;font-size:30px;display:inline-block;\">\n\t<i class=\"Defaults-check\"><\/i>\n<\/div><\/div><\/div>\n<\/div><span  data-ultimate-target='#list-icon-wrap-8449 .uavc-list-desc'  data-responsive-json-new='{\"font-size\":\"\",\"line-height\":\"\"}'  class=\"uavc-list-desc ult-responsive\" style=\"\"><span style=\"color: #ffffff;\">Minden k\u00e9zmos\u00e1s ut\u00e1n<\/span><\/span><\/div><\/li><\/ul><\/div>[\/vc_column_inner][\/vc_row_inner][\/vc_column][vc_column css_animation=&#8221;appear&#8221; width=&#8221;1\/3&#8243;]<div class=\"ult-spacer spacer-69d6c1312cc2d\" data-id=\"69d6c1312cc2d\" data-height=\"0\" data-height-mobile=\"25\" data-height-tab=\"40\" data-height-tab-portrait=\"40\" data-height-mobile-landscape=\"25\" style=\"clear:both;display:block;\"><\/div>[vc_row_inner][vc_column_inner][vc_single_image image=&#8221;800&#8243; img_size=&#8221;192 x 120&#8243; alignment=&#8221;center&#8221; css=&#8221;.vc_custom_1565583077905{padding-bottom: 20px !important;background-color: #ffffff !important;}&#8221;][\/vc_column_inner][\/vc_row_inner][vc_row_inner css=&#8221;.vc_custom_1565582748614{padding-top: 20px !important;padding-right: 20px !important;padding-bottom: 20px !important;padding-left: 20px !important;background-color: #c7ae42 !important;}&#8221;][vc_column_inner][vc_column_text]<\/p>\n<h3 style=\"text-align: center;\"><span class=\"TextRun SCXW43651249 BCX4\" lang=\"EN\" style=\"color: #ffffff;\" xml:lang=\"EN\" data-contrast=\"auto\"><span class=\"NormalTextRun SCXW43651249 BCX4\">\u00c1pol\u00e1s<\/span><\/span><\/h3>\n<p style=\"text-align: center;\"><span style=\"color: #ffffff;\">K\u00fczdelem a\u00a0<strong>foglalkoz\u00e1si b\u0151rgyullad\u00e1s ellen<\/strong><\/span><\/p>\n<p>[\/vc_column_text]<div class=\"uavc-list-icon uavc-list-icon-wrapper ult-adjust-bottom-margin   vc_custom_1567010241529  vc_custom_1567010241529\"><ul class=\"uavc-list\"><li><div class=\"uavc-list-content\" id=\"list-icon-wrap-6070\">\n<div class=\"uavc-list-icon  \" data-animation=\"\" data-animation-delay=\"03\" style=\"margin-right:15px;\"><div class=\"ult-just-icon-wrapper  \"><div class=\"align-icon\" style=\"text-align:center;\">\n<div class=\"aio-icon none \"  style=\"color:#ffffff;font-size:30px;display:inline-block;\">\n\t<i class=\"Defaults-check\"><\/i>\n<\/div><\/div><\/div>\n<\/div><span  data-ultimate-target='#list-icon-wrap-6070 .uavc-list-desc'  data-responsive-json-new='{\"font-size\":\"\",\"line-height\":\"\"}'  class=\"uavc-list-desc ult-responsive\" style=\"\"><span style=\"color: #ffffff;\">A term\u00e9k felsz\u00edv\u00f3d\u00e1s\u00e1ig<\/span><\/span><\/div><\/li><li><div class=\"uavc-list-content\" id=\"list-icon-wrap-3313\">\n<div class=\"uavc-list-icon  \" data-animation=\"\" data-animation-delay=\"03\" style=\"margin-right:15px;\"><div class=\"ult-just-icon-wrapper  \"><div class=\"align-icon\" style=\"text-align:center;\">\n<div class=\"aio-icon none \"  style=\"color:#ffffff;font-size:30px;display:inline-block;\">\n\t<i class=\"Defaults-check\"><\/i>\n<\/div><\/div><\/div>\n<\/div><span  data-ultimate-target='#list-icon-wrap-3313 .uavc-list-desc'  data-responsive-json-new='{\"font-size\":\"\",\"line-height\":\"\"}'  class=\"uavc-list-desc ult-responsive\" style=\"\"><span style=\"color: #ffffff;\">Minden sz\u00fcnet el\u0151tt<\/span><\/span><\/div><\/li><\/ul><\/div>[\/vc_column_inner][\/vc_row_inner][\/vc_column][\/vc_row][\/vc_section][vc_row][vc_column]<div class=\"ult-spacer spacer-69d6c1312cd78\" data-id=\"69d6c1312cd78\" data-height=\"50\" data-height-mobile=\"25\" data-height-tab=\"40\" data-height-tab-portrait=\"40\" data-height-mobile-landscape=\"25\" style=\"clear:both;display:block;\"><\/div>[vc_column_text]A term\u00e9kcsal\u00e1d minden felhaszn\u00e1l\u00e1si \u00e9s ter\u00fcleti ig\u00e9nyt kiel\u00e9g\u00edt, \u00e9s tartalmazza a k\u00f6vetkez\u0151ket: hipoallerg\u00e9n szappan, zs\u00edros szennyez\u0151d\u00e9sek \u00e9s tejmaradv\u00e1nyok elt\u00e1vol\u00edt\u00e1s\u00e1ra kialak\u00edtott szappan, tiszt\u00edt\u00e1sra \u00e9s fert\u0151tlen\u00edt\u00e9sre kialak\u00edtott kett\u0151s hat\u00e1s\u00fa szappan, alkoholtartalm\u00fa k\u00e9zfert\u0151tlen\u00edt\u0151 g\u00e9l \u00e9s folyad\u00e9k, valamint a gyakran neh\u00e9z k\u00f6r\u00fclm\u00e9nyeknek kitett dolgoz\u00f3i kezek \u00e1pol\u00e1s\u00e1t szolg\u00e1l\u00f3 kr\u00e9mek.<\/p>\n<p><strong>A hat\u00e9kony k\u00e9zmos\u00e1s \u00e9s -fert\u0151tlen\u00edt\u00e9s<\/strong> m\u00f3dszeres megk\u00f6zel\u00edt\u00e9st ig\u00e9nyl\u0151, napi 5, 10, vagy ak\u00e1r 20 alkalommal elv\u00e9gzend\u0151 folyamat az \u00e9lelmiszeriparban \u00e9s vend\u00e9gl\u00e1t\u00e1sban, illetve kiemelten a k\u00f3rh\u00e1zi k\u00f6rnyezetekben.[\/vc_column_text]<div class=\"ult-spacer spacer-69d6c1312cd9c\" data-id=\"69d6c1312cd9c\" data-height=\"50\" data-height-mobile=\"25\" data-height-tab=\"40\" data-height-tab-portrait=\"40\" data-height-mobile-landscape=\"25\" style=\"clear:both;display:block;\"><\/div>[\/vc_column][\/vc_row][vc_row type=&#8221;vc_default&#8221; full_width=&#8221;stretch_row&#8221; bg_type=&#8221;bg_color&#8221; bg_color_value=&#8221;#01a8dd&#8221; css=&#8221;.vc_custom_1581333949992{background-color: #01a8dd !important;}&#8221;][vc_column]<div class=\"ult-spacer spacer-69d6c1312cdbb\" data-id=\"69d6c1312cdbb\" data-height=\"50\" data-height-mobile=\"25\" data-height-tab=\"40\" data-height-tab-portrait=\"40\" data-height-mobile-landscape=\"25\" style=\"clear:both;display:block;\"><\/div>[vc_column_text css=&#8221;.vc_custom_1581416804876{background-color: #01a8dd !important;}&#8221; el_class=&#8221;focus&#8221;]<\/p>\n<h3>K\u00e9zhigi\u00e9nia: a v\u00e9delem els\u0151 frontvonala a koronav\u00edrus terjed\u00e9s\u00e9vel szemben<\/h3>\n<p>A COVID\u201319 terjed\u00e9s\u00e9nek megel\u0151z\u00e9s\u00e9\u00e9rt a Kersi\u00e1n\u00e1l a megfelel\u0151 k\u00f6r\u00fcltekint\u00e9st javasoljuk, valamint a felszerel\u00e9sek, a fel\u00fcletek, a padl\u00f3k \u00e9s kezek bev\u00e1lt gyakorlatoknak megfelel\u0151 tiszt\u00edt\u00e1s\u00e1t \u00e9s fert\u0151tlen\u00edt\u00e9s\u00e9t.<\/p>\n<p>V\u00e9gezze el a bev\u00e1lt gyakorlatokat, \u00e9s haszn\u00e1lja a megfelel\u0151 term\u00e9keket!<\/p>\n<p>A KERSIA SOFTY TOUCH szappanj\u00e1val \u00e9s v\u00edzzel t\u00f6rt\u00e9n\u0151 k\u00e9zmos\u00e1s elengedhetetlen a szennyez\u0151d\u00e9sek elt\u00e1vol\u00edt\u00e1s\u00e1hoz, valamint a KERSIA DISINFECTANT GEL fert\u0151tlen\u00edt\u0151 hat\u00e1s\u00e1nak maximaliz\u00e1l\u00e1s\u00e1hoz.<\/p>\n<p>Az \u00e1ltalunk biztos\u00edtott v\u00e9delmi megold\u00e1sokr\u00f3l tov\u00e1bbi inform\u00e1ci\u00f3t itt tal\u00e1l.[\/vc_column_text][vc_btn title=&#8221;K\u00e9zhigi\u00e9nia \u2013 koronav\u00edrus \u2013 f\u00e1jl let\u00f6lt\u00e9se&#8221; style=&#8221;custom&#8221; custom_background=&#8221;#ffffff&#8221; custom_text=&#8221;#0d69af&#8221; shape=&#8221;round&#8221; align=&#8221;center&#8221; link=&#8221;url:https%3A%2F%2Fwww.kersia-group.com%2Fwp-content%2Fuploads%2F2020%2F04%2FCoronavirus-HANDS_EN.pdf|target:%20_blank|&#8221;][vc_column_text css=&#8221;.vc_custom_1581417252535{background-color: #01a8dd !important;}&#8221; el_class=&#8221;focus&#8221;]<\/p>\n<p style=\"text-align: center;\">A Kersia t\u00e1mogat\u00e1st ny\u00fajt meghat\u00e1rozott glob\u00e1lis auditok eset\u00e9re. Ne habozzon, vegye fel a kapcsolatot Kersia-tan\u00e1csad\u00f3j\u00e1val.<\/p>\n<p>[\/vc_column_text]<div class=\"ult-spacer spacer-69d6c1312cdda\" data-id=\"69d6c1312cdda\" data-height=\"50\" data-height-mobile=\"25\" data-height-tab=\"40\" data-height-tab-portrait=\"40\" data-height-mobile-landscape=\"25\" style=\"clear:both;display:block;\"><\/div>[\/vc_column][\/vc_row]<\/p>\n","protected":false},"excerpt":{"rendered":"<p>[vc_row type=&#8221;vc_default&#8221;][vc_column][vc_row_inner][vc_column_inner offset=&#8221;vc_col-lg-4 vc_col-md-4&#8243;][vc_column_text el_class=&#8221;carnas_green&#8221;] A k\u00e9zmos\u00e1s \u00e9s -fert\u0151tlen\u00edt\u00e9s megel\u0151zik a kock\u00e1zatokat [\/vc_column_text][\/vc_column_inner][vc_column_inner offset=&#8221;vc_col-lg-8 vc_col-md-8&#8243;][vc_column_text]A kezek jelentik a bakt\u00e9riumok \u00e9s v\u00edrusok terjeszt\u00e9s\u00e9nek egyik els\u0151dleges m\u00f3dj\u00e1t, a gyakoribb fert\u0151z\u0151 betegs\u00e9gek, illetve&hellip;<\/p>\n","protected":false},"author":2,"featured_media":0,"parent":97933,"menu_order":5,"comment_status":"closed","ping_status":"closed","template":"","meta":{"_acf_changed":false,"footnotes":""},"class_list":["post-97727","page","type-page","status-publish","hentry","description-off"],"acf":[],"yoast_head":"<!-- This site is optimized with the Yoast SEO plugin v21.9.1 - https:\/\/yoast.com\/wordpress\/plugins\/seo\/ -->\n<title>K\u00e9zhigi\u00e9nia - Kersia Group<\/title>\n<meta name=\"robots\" content=\"index, follow, max-snippet:-1, max-image-preview:large, max-video-preview:-1\" \/>\n<link rel=\"canonical\" href=\"https:\/\/www.kersia-group.com\/hu-hu\/tevekenysegek\/kezhigienia\/\" \/>\n<meta property=\"og:locale\" content=\"hu_HU\" \/>\n<meta property=\"og:type\" content=\"article\" \/>\n<meta property=\"og:title\" content=\"K\u00e9zhigi\u00e9nia - Kersia Group\" \/>\n<meta property=\"og:description\" content=\"[vc_row type=&#8221;vc_default&#8221;][vc_column][vc_row_inner][vc_column_inner offset=&#8221;vc_col-lg-4 vc_col-md-4&#8243;][vc_column_text el_class=&#8221;carnas_green&#8221;] A k\u00e9zmos\u00e1s \u00e9s -fert\u0151tlen\u00edt\u00e9s megel\u0151zik a kock\u00e1zatokat [\/vc_column_text][\/vc_column_inner][vc_column_inner offset=&#8221;vc_col-lg-8 vc_col-md-8&#8243;][vc_column_text]A kezek jelentik a bakt\u00e9riumok \u00e9s v\u00edrusok terjeszt\u00e9s\u00e9nek egyik els\u0151dleges m\u00f3dj\u00e1t, a gyakoribb fert\u0151z\u0151 betegs\u00e9gek, illetve&hellip;\" \/>\n<meta property=\"og:url\" content=\"https:\/\/www.kersia-group.com\/hu-hu\/tevekenysegek\/kezhigienia\/\" \/>\n<meta property=\"og:site_name\" content=\"Kersia Group\" \/>\n<meta property=\"article:modified_time\" content=\"2025-06-26T19:07:09+00:00\" \/>\n<meta name=\"twitter:card\" content=\"summary_large_image\" \/>\n<meta name=\"twitter:label1\" content=\"Becs\u00fclt olvas\u00e1si id\u0151\" \/>\n\t<meta name=\"twitter:data1\" content=\"7 perc\" \/>\n<script type=\"application\/ld+json\" class=\"yoast-schema-graph\">{\"@context\":\"https:\/\/schema.org\",\"@graph\":[{\"@type\":\"WebPage\",\"@id\":\"https:\/\/www.kersia-group.com\/hu-hu\/tevekenysegek\/kezhigienia\/\",\"url\":\"https:\/\/www.kersia-group.com\/hu-hu\/tevekenysegek\/kezhigienia\/\",\"name\":\"K\u00e9zhigi\u00e9nia - Kersia Group\",\"isPartOf\":{\"@id\":\"\/#website\"},\"datePublished\":\"2020-05-29T18:19:51+00:00\",\"dateModified\":\"2025-06-26T19:07:09+00:00\",\"breadcrumb\":{\"@id\":\"https:\/\/www.kersia-group.com\/hu-hu\/tevekenysegek\/kezhigienia\/#breadcrumb\"},\"inLanguage\":\"hu\",\"potentialAction\":[{\"@type\":\"ReadAction\",\"target\":[\"https:\/\/www.kersia-group.com\/hu-hu\/tevekenysegek\/kezhigienia\/\"]}]},{\"@type\":\"BreadcrumbList\",\"@id\":\"https:\/\/www.kersia-group.com\/hu-hu\/tevekenysegek\/kezhigienia\/#breadcrumb\",\"itemListElement\":[{\"@type\":\"ListItem\",\"position\":1,\"name\":\"Home\",\"item\":\"https:\/\/www.kersia-group.com\/hu-hu\/\"},{\"@type\":\"ListItem\",\"position\":2,\"name\":\"K\u00e9zhigi\u00e9nia\"}]},{\"@type\":\"WebSite\",\"@id\":\"\/#website\",\"url\":\"\/\",\"name\":\"Kersia Group\",\"description\":\"INVENTING A FOOD SAFE WORLD\",\"potentialAction\":[{\"@type\":\"SearchAction\",\"target\":{\"@type\":\"EntryPoint\",\"urlTemplate\":\"\/?s={search_term_string}\"},\"query-input\":\"required name=search_term_string\"}],\"inLanguage\":\"hu\"}]}<\/script>\n<!-- \/ Yoast SEO plugin. -->","yoast_head_json":{"title":"K\u00e9zhigi\u00e9nia - Kersia Group","robots":{"index":"index","follow":"follow","max-snippet":"max-snippet:-1","max-image-preview":"max-image-preview:large","max-video-preview":"max-video-preview:-1"},"canonical":"https:\/\/www.kersia-group.com\/hu-hu\/tevekenysegek\/kezhigienia\/","og_locale":"hu_HU","og_type":"article","og_title":"K\u00e9zhigi\u00e9nia - Kersia Group","og_description":"[vc_row type=&#8221;vc_default&#8221;][vc_column][vc_row_inner][vc_column_inner offset=&#8221;vc_col-lg-4 vc_col-md-4&#8243;][vc_column_text el_class=&#8221;carnas_green&#8221;] A k\u00e9zmos\u00e1s \u00e9s -fert\u0151tlen\u00edt\u00e9s megel\u0151zik a kock\u00e1zatokat [\/vc_column_text][\/vc_column_inner][vc_column_inner offset=&#8221;vc_col-lg-8 vc_col-md-8&#8243;][vc_column_text]A kezek jelentik a bakt\u00e9riumok \u00e9s v\u00edrusok terjeszt\u00e9s\u00e9nek egyik els\u0151dleges m\u00f3dj\u00e1t, a gyakoribb fert\u0151z\u0151 betegs\u00e9gek, illetve&hellip;","og_url":"https:\/\/www.kersia-group.com\/hu-hu\/tevekenysegek\/kezhigienia\/","og_site_name":"Kersia Group","article_modified_time":"2025-06-26T19:07:09+00:00","twitter_card":"summary_large_image","twitter_misc":{"Becs\u00fclt olvas\u00e1si id\u0151":"7 perc"},"schema":{"@context":"https:\/\/schema.org","@graph":[{"@type":"WebPage","@id":"https:\/\/www.kersia-group.com\/hu-hu\/tevekenysegek\/kezhigienia\/","url":"https:\/\/www.kersia-group.com\/hu-hu\/tevekenysegek\/kezhigienia\/","name":"K\u00e9zhigi\u00e9nia - Kersia Group","isPartOf":{"@id":"\/#website"},"datePublished":"2020-05-29T18:19:51+00:00","dateModified":"2025-06-26T19:07:09+00:00","breadcrumb":{"@id":"https:\/\/www.kersia-group.com\/hu-hu\/tevekenysegek\/kezhigienia\/#breadcrumb"},"inLanguage":"hu","potentialAction":[{"@type":"ReadAction","target":["https:\/\/www.kersia-group.com\/hu-hu\/tevekenysegek\/kezhigienia\/"]}]},{"@type":"BreadcrumbList","@id":"https:\/\/www.kersia-group.com\/hu-hu\/tevekenysegek\/kezhigienia\/#breadcrumb","itemListElement":[{"@type":"ListItem","position":1,"name":"Home","item":"https:\/\/www.kersia-group.com\/hu-hu\/"},{"@type":"ListItem","position":2,"name":"K\u00e9zhigi\u00e9nia"}]},{"@type":"WebSite","@id":"\/#website","url":"\/","name":"Kersia Group","description":"INVENTING A FOOD SAFE WORLD","potentialAction":[{"@type":"SearchAction","target":{"@type":"EntryPoint","urlTemplate":"\/?s={search_term_string}"},"query-input":"required name=search_term_string"}],"inLanguage":"hu"}]}},"_links":{"self":[{"href":"https:\/\/www.kersia-group.com\/hu-hu\/wp-json\/wp\/v2\/pages\/97727","targetHints":{"allow":["GET"]}}],"collection":[{"href":"https:\/\/www.kersia-group.com\/hu-hu\/wp-json\/wp\/v2\/pages"}],"about":[{"href":"https:\/\/www.kersia-group.com\/hu-hu\/wp-json\/wp\/v2\/types\/page"}],"author":[{"embeddable":true,"href":"https:\/\/www.kersia-group.com\/hu-hu\/wp-json\/wp\/v2\/users\/2"}],"replies":[{"embeddable":true,"href":"https:\/\/www.kersia-group.com\/hu-hu\/wp-json\/wp\/v2\/comments?post=97727"}],"version-history":[{"count":1,"href":"https:\/\/www.kersia-group.com\/hu-hu\/wp-json\/wp\/v2\/pages\/97727\/revisions"}],"predecessor-version":[{"id":97888,"href":"https:\/\/www.kersia-group.com\/hu-hu\/wp-json\/wp\/v2\/pages\/97727\/revisions\/97888"}],"up":[{"embeddable":true,"href":"https:\/\/www.kersia-group.com\/hu-hu\/wp-json\/wp\/v2\/pages\/97933"}],"wp:attachment":[{"href":"https:\/\/www.kersia-group.com\/hu-hu\/wp-json\/wp\/v2\/media?parent=97727"}],"curies":[{"name":"wp","href":"https:\/\/api.w.org\/{rel}","templated":true}]}}