{"id":97387,"date":"2024-03-18T21:39:26","date_gmt":"2024-03-18T20:39:26","guid":{"rendered":"https:\/\/www.kersia-group.com\/viz\/"},"modified":"2024-03-18T21:39:26","modified_gmt":"2024-03-18T20:39:26","slug":"viz","status":"publish","type":"page","link":"https:\/\/www.kersia-group.com\/hu-hu\/tevekenysegek\/viz\/","title":{"rendered":"V\u00edz"},"content":{"rendered":"<p>[vc_row anchor=&#8221;structure&#8221;][vc_column]<div class=\"ult-spacer spacer-69d3eacc7aca6\" data-id=\"69d3eacc7aca6\" data-height=\"50\" data-height-mobile=\"25\" data-height-tab=\"40\" data-height-tab-portrait=\"40\" data-height-mobile-landscape=\"25\" style=\"clear:both;display:block;\"><\/div>[\/vc_column][\/vc_row][vc_row type=&#8221;vc_default&#8221; full_width=&#8221;stretch_row_content&#8221; gap=&#8221;10&#8243; animation=&#8221;pulse&#8221; margin_top=&#8221;100&#8243; margin_bottom=&#8221;100&#8243; full_width_row=&#8221;true&#8221; padding_left=&#8221;50&#8243; padding_right=&#8221;50&#8243; parallax_content=&#8221;parallax_content_value&#8221; parallax_content_sense=&#8221;30&#8243; css=&#8221;.vc_custom_1614790823814{margin-bottom: 50px !important;padding-right: 20px !important;padding-left: 20px !important;}&#8221; min_height=&#8221;25&#8243;][vc_column width=&#8221;1\/3&#8243;]<div class=\"ult-new-ib ult-ib-effect-style6  ult-ib-resp  \" data-min-width=\"768\" data-max-width=\"900\" style=\"background:#0a0a0a;\" data-opacity=\"1\" data-hover-opacity=\"0.9\" ><img decoding=\"async\" class=\"ult-new-ib-img\" style=\"opacity:1;\" alt=\"null\" src=\"https:\/\/www.kersia-group.com\/wp-content\/uploads\/2023\/07\/Menu-Water-Treatment-Farm.jpg\"   \/><div id=\"interactive-banner-wrap-2117\" class=\"ult-new-ib-desc\" style=\"\"><h2 class=\"ult-new-ib-title ult-responsive\"  data-ultimate-target='#interactive-banner-wrap-2117 .ult-new-ib-title'  data-responsive-json-new='{\"font-size\":\"desktop:30px;tablet:16px;tablet_portrait:16px;mobile_landscape:16px;mobile:16px;\",\"line-height\":\"desktop:34px;tablet:15px;tablet_portrait:15px;mobile_landscape:20px;mobile:20px;\"}'  style=\"font-weight:normal;color:#ffffff;\">V\u00edzkezel\u0151<\/p>\n<p><b>Gazdas\u00e1g<\/b><\/h2><\/div><a class=\"ult-new-ib-link\" href=\"https:\/\/www.kersia-group.com\/hu\/tevekenysegek\/vizkezelo-gazdasag\/\" title=\"information\"  ><\/a><\/div><script type=\"text\/javascript\">\n\t\t\t(function($){\n\t\t\t\t$(document).ready(function(){\n\t\t\t\t\t$(\".ult-new-ib\").css(\"opacity\",\"1\");\n\t\t\t\t});\n\t\t\t})(jQuery);\n\t\t\t<\/script>[\/vc_column][vc_column width=&#8221;1\/3&#8243;]<div class=\"ult-new-ib ult-ib-effect-style6  ult-ib-resp  \" data-min-width=\"768\" data-max-width=\"900\" style=\"background:#0a0a0a;\" data-opacity=\"1\" data-hover-opacity=\"0.9\" ><img decoding=\"async\" class=\"ult-new-ib-img\" style=\"opacity:1;\" alt=\"null\" src=\"https:\/\/www.kersia-group.com\/wp-content\/uploads\/2023\/07\/Menu-Water-Food-and-Beverage.jpg\"   \/><div id=\"interactive-banner-wrap-8025\" class=\"ult-new-ib-desc\" style=\"\"><h2 class=\"ult-new-ib-title ult-responsive\"  data-ultimate-target='#interactive-banner-wrap-8025 .ult-new-ib-title'  data-responsive-json-new='{\"font-size\":\"desktop:30px;tablet:16px;tablet_portrait:16px;mobile_landscape:16px;mobile:16px;\",\"line-height\":\"desktop:34px;tablet:15px;tablet_portrait:15px;mobile_landscape:20px;mobile:20px;\"}'  style=\"font-weight:normal;color:#ffffff;\">V\u00edzgazd\u00e1lkod\u00e1s<\/p>\n<p><b>\u00c9lelmiszeripar \u00e9s italgy\u00e1rt\u00e1s<\/b><\/h2><\/div><a class=\"ult-new-ib-link\" href=\"https:\/\/www.kersia-group.com\/hu\/tevekenysegek\/vizgazdalkodas\/\" title=\"Source of contamination\"  ><\/a><\/div><script type=\"text\/javascript\">\n\t\t\t(function($){\n\t\t\t\t$(document).ready(function(){\n\t\t\t\t\t$(\".ult-new-ib\").css(\"opacity\",\"1\");\n\t\t\t\t});\n\t\t\t})(jQuery);\n\t\t\t<\/script>[\/vc_column][vc_column width=&#8221;1\/3&#8243;]<div class=\"ult-new-ib ult-ib-effect-style6  ult-ib-resp  \" data-min-width=\"768\" data-max-width=\"900\" style=\"background:#0a0a0a;\" data-opacity=\"1\" data-hover-opacity=\"0.9\" ><img decoding=\"async\" class=\"ult-new-ib-img\" style=\"opacity:1;\" alt=\"null\" src=\"https:\/\/www.kersia-group.com\/wp-content\/uploads\/2023\/07\/Menu-Water-Purification-Human.jpg\"   \/><div id=\"interactive-banner-wrap-4212\" class=\"ult-new-ib-desc\" style=\"\"><h2 class=\"ult-new-ib-title ult-responsive\"  data-ultimate-target='#interactive-banner-wrap-4212 .ult-new-ib-title'  data-responsive-json-new='{\"font-size\":\"desktop:30px;tablet:16px;tablet_portrait:16px;mobile_landscape:16px;mobile:16px;\",\"line-height\":\"desktop:34px;tablet:15px;tablet_portrait:15px;mobile_landscape:20px;mobile:20px;\"}'  style=\"font-weight:normal;color:#ffffff;\">V\u00edztiszt\u00edt\u00e1s<\/p>\n<p><b>Ember<\/b><\/h2><div class=\"ult-new-ib-content ult-responsive\"  data-ultimate-target='#interactive-banner-wrap-4212 .ult-new-ib-content'  data-responsive-json-new='{\"font-size\":\"\",\"line-height\":\"\"}'  style=\"font-weight:normal;\"><p>Hamarosan<\/p><\/div><\/div><a class=\"ult-new-ib-link\" href=\"#prevention\"  ><\/a><\/div><script type=\"text\/javascript\">\n\t\t\t(function($){\n\t\t\t\t$(document).ready(function(){\n\t\t\t\t\t$(\".ult-new-ib\").css(\"opacity\",\"1\");\n\t\t\t\t});\n\t\t\t})(jQuery);\n\t\t\t<\/script>[\/vc_column][\/vc_row]<\/p>\n","protected":false},"excerpt":{"rendered":"<p>[vc_row anchor=&#8221;structure&#8221;][vc_column][\/vc_column][\/vc_row][vc_row type=&#8221;vc_default&#8221; full_width=&#8221;stretch_row_content&#8221; gap=&#8221;10&#8243; animation=&#8221;pulse&#8221; margin_top=&#8221;100&#8243; margin_bottom=&#8221;100&#8243; full_width_row=&#8221;true&#8221; padding_left=&#8221;50&#8243; padding_right=&#8221;50&#8243; parallax_content=&#8221;parallax_content_value&#8221; parallax_content_sense=&#8221;30&#8243; css=&#8221;.vc_custom_1614790823814{margin-bottom: 50px !important;padding-right: 20px !important;padding-left: 20px !important;}&#8221; min_height=&#8221;25&#8243;][vc_column width=&#8221;1\/3&#8243;][\/vc_column][vc_column width=&#8221;1\/3&#8243;][\/vc_column][vc_column width=&#8221;1\/3&#8243;][\/vc_column][\/vc_row]<\/p>\n","protected":false},"author":9,"featured_media":97388,"parent":97933,"menu_order":0,"comment_status":"closed","ping_status":"closed","template":"","meta":{"_acf_changed":false,"footnotes":""},"class_list":["post-97387","page","type-page","status-publish","has-post-thumbnail","hentry","description-off"],"acf":[],"yoast_head":"<!-- This site is optimized with the Yoast SEO plugin v21.9.1 - https:\/\/yoast.com\/wordpress\/plugins\/seo\/ -->\n<title>V\u00edz - Kersia Group<\/title>\n<meta name=\"robots\" content=\"index, follow, max-snippet:-1, max-image-preview:large, max-video-preview:-1\" \/>\n<link rel=\"canonical\" href=\"https:\/\/www.kersia-group.com\/hu-hu\/tevekenysegek\/viz\/\" \/>\n<meta property=\"og:locale\" content=\"hu_HU\" \/>\n<meta property=\"og:type\" content=\"article\" \/>\n<meta property=\"og:title\" content=\"V\u00edz - Kersia Group\" \/>\n<meta property=\"og:description\" content=\"[vc_row anchor=&#8221;structure&#8221;][vc_column][\/vc_column][\/vc_row][vc_row type=&#8221;vc_default&#8221; full_width=&#8221;stretch_row_content&#8221; gap=&#8221;10&#8243; animation=&#8221;pulse&#8221; margin_top=&#8221;100&#8243; margin_bottom=&#8221;100&#8243; full_width_row=&#8221;true&#8221; padding_left=&#8221;50&#8243; padding_right=&#8221;50&#8243; parallax_content=&#8221;parallax_content_value&#8221; parallax_content_sense=&#8221;30&#8243; css=&#8221;.vc_custom_1614790823814{margin-bottom: 50px !important;padding-right: 20px !important;padding-left: 20px !important;}&#8221; min_height=&#8221;25&#8243;][vc_column width=&#8221;1\/3&#8243;][\/vc_column][vc_column width=&#8221;1\/3&#8243;][\/vc_column][vc_column width=&#8221;1\/3&#8243;][\/vc_column][\/vc_row]\" \/>\n<meta property=\"og:url\" content=\"https:\/\/www.kersia-group.com\/hu-hu\/tevekenysegek\/viz\/\" \/>\n<meta property=\"og:site_name\" content=\"Kersia Group\" \/>\n<meta name=\"twitter:card\" content=\"summary_large_image\" \/>\n<meta name=\"twitter:label1\" content=\"Becs\u00fclt olvas\u00e1si id\u0151\" \/>\n\t<meta name=\"twitter:data1\" content=\"2 perc\" \/>\n<script type=\"application\/ld+json\" class=\"yoast-schema-graph\">{\"@context\":\"https:\/\/schema.org\",\"@graph\":[{\"@type\":\"WebPage\",\"@id\":\"https:\/\/www.kersia-group.com\/hu-hu\/tevekenysegek\/viz\/\",\"url\":\"https:\/\/www.kersia-group.com\/hu-hu\/tevekenysegek\/viz\/\",\"name\":\"V\u00edz - Kersia Group\",\"isPartOf\":{\"@id\":\"\/#website\"},\"datePublished\":\"2024-03-18T20:39:26+00:00\",\"dateModified\":\"2024-03-18T20:39:26+00:00\",\"breadcrumb\":{\"@id\":\"https:\/\/www.kersia-group.com\/hu-hu\/tevekenysegek\/viz\/#breadcrumb\"},\"inLanguage\":\"hu\",\"potentialAction\":[{\"@type\":\"ReadAction\",\"target\":[\"https:\/\/www.kersia-group.com\/hu-hu\/tevekenysegek\/viz\/\"]}]},{\"@type\":\"BreadcrumbList\",\"@id\":\"https:\/\/www.kersia-group.com\/hu-hu\/tevekenysegek\/viz\/#breadcrumb\",\"itemListElement\":[{\"@type\":\"ListItem\",\"position\":1,\"name\":\"Home\",\"item\":\"https:\/\/www.kersia-group.com\/hu-hu\/\"},{\"@type\":\"ListItem\",\"position\":2,\"name\":\"V\u00edz\"}]},{\"@type\":\"WebSite\",\"@id\":\"\/#website\",\"url\":\"\/\",\"name\":\"Kersia Group\",\"description\":\"INVENTING A FOOD SAFE WORLD\",\"potentialAction\":[{\"@type\":\"SearchAction\",\"target\":{\"@type\":\"EntryPoint\",\"urlTemplate\":\"\/?s={search_term_string}\"},\"query-input\":\"required name=search_term_string\"}],\"inLanguage\":\"hu\"}]}<\/script>\n<!-- \/ Yoast SEO plugin. -->","yoast_head_json":{"title":"V\u00edz - Kersia Group","robots":{"index":"index","follow":"follow","max-snippet":"max-snippet:-1","max-image-preview":"max-image-preview:large","max-video-preview":"max-video-preview:-1"},"canonical":"https:\/\/www.kersia-group.com\/hu-hu\/tevekenysegek\/viz\/","og_locale":"hu_HU","og_type":"article","og_title":"V\u00edz - Kersia Group","og_description":"[vc_row anchor=&#8221;structure&#8221;][vc_column][\/vc_column][\/vc_row][vc_row type=&#8221;vc_default&#8221; full_width=&#8221;stretch_row_content&#8221; gap=&#8221;10&#8243; animation=&#8221;pulse&#8221; margin_top=&#8221;100&#8243; margin_bottom=&#8221;100&#8243; full_width_row=&#8221;true&#8221; padding_left=&#8221;50&#8243; padding_right=&#8221;50&#8243; parallax_content=&#8221;parallax_content_value&#8221; parallax_content_sense=&#8221;30&#8243; css=&#8221;.vc_custom_1614790823814{margin-bottom: 50px !important;padding-right: 20px !important;padding-left: 20px !important;}&#8221; min_height=&#8221;25&#8243;][vc_column width=&#8221;1\/3&#8243;][\/vc_column][vc_column width=&#8221;1\/3&#8243;][\/vc_column][vc_column width=&#8221;1\/3&#8243;][\/vc_column][\/vc_row]","og_url":"https:\/\/www.kersia-group.com\/hu-hu\/tevekenysegek\/viz\/","og_site_name":"Kersia Group","twitter_card":"summary_large_image","twitter_misc":{"Becs\u00fclt olvas\u00e1si id\u0151":"2 perc"},"schema":{"@context":"https:\/\/schema.org","@graph":[{"@type":"WebPage","@id":"https:\/\/www.kersia-group.com\/hu-hu\/tevekenysegek\/viz\/","url":"https:\/\/www.kersia-group.com\/hu-hu\/tevekenysegek\/viz\/","name":"V\u00edz - Kersia Group","isPartOf":{"@id":"\/#website"},"datePublished":"2024-03-18T20:39:26+00:00","dateModified":"2024-03-18T20:39:26+00:00","breadcrumb":{"@id":"https:\/\/www.kersia-group.com\/hu-hu\/tevekenysegek\/viz\/#breadcrumb"},"inLanguage":"hu","potentialAction":[{"@type":"ReadAction","target":["https:\/\/www.kersia-group.com\/hu-hu\/tevekenysegek\/viz\/"]}]},{"@type":"BreadcrumbList","@id":"https:\/\/www.kersia-group.com\/hu-hu\/tevekenysegek\/viz\/#breadcrumb","itemListElement":[{"@type":"ListItem","position":1,"name":"Home","item":"https:\/\/www.kersia-group.com\/hu-hu\/"},{"@type":"ListItem","position":2,"name":"V\u00edz"}]},{"@type":"WebSite","@id":"\/#website","url":"\/","name":"Kersia Group","description":"INVENTING A FOOD SAFE WORLD","potentialAction":[{"@type":"SearchAction","target":{"@type":"EntryPoint","urlTemplate":"\/?s={search_term_string}"},"query-input":"required name=search_term_string"}],"inLanguage":"hu"}]}},"_links":{"self":[{"href":"https:\/\/www.kersia-group.com\/hu-hu\/wp-json\/wp\/v2\/pages\/97387","targetHints":{"allow":["GET"]}}],"collection":[{"href":"https:\/\/www.kersia-group.com\/hu-hu\/wp-json\/wp\/v2\/pages"}],"about":[{"href":"https:\/\/www.kersia-group.com\/hu-hu\/wp-json\/wp\/v2\/types\/page"}],"author":[{"embeddable":true,"href":"https:\/\/www.kersia-group.com\/hu-hu\/wp-json\/wp\/v2\/users\/9"}],"replies":[{"embeddable":true,"href":"https:\/\/www.kersia-group.com\/hu-hu\/wp-json\/wp\/v2\/comments?post=97387"}],"version-history":[{"count":0,"href":"https:\/\/www.kersia-group.com\/hu-hu\/wp-json\/wp\/v2\/pages\/97387\/revisions"}],"up":[{"embeddable":true,"href":"https:\/\/www.kersia-group.com\/hu-hu\/wp-json\/wp\/v2\/pages\/97933"}],"wp:featuredmedia":[{"embeddable":true,"href":"https:\/\/www.kersia-group.com\/hu-hu\/wp-json\/wp\/v2\/media\/97388"}],"wp:attachment":[{"href":"https:\/\/www.kersia-group.com\/hu-hu\/wp-json\/wp\/v2\/media?parent=97387"}],"curies":[{"name":"wp","href":"https:\/\/api.w.org\/{rel}","templated":true}]}}