{"id":97381,"date":"2024-07-10T19:33:40","date_gmt":"2024-07-10T17:33:40","guid":{"rendered":"https:\/\/www.kersia-group.com\/cookie-szabalyzat\/"},"modified":"2025-06-26T22:14:18","modified_gmt":"2025-06-26T20:14:18","slug":"cookie-szabalyzat","status":"publish","type":"page","link":"https:\/\/www.kersia-group.com\/hu-hu\/cookie-szabalyzat\/","title":{"rendered":"Cookie szab\u00e1lyzat"},"content":{"rendered":"<p>[vc_row][vc_column el_class=&#8221;legal&#8221;][vc_column_text]<\/p>\n<h2>Cookie szab\u00e1lyzat<\/h2>\n<p>Ahhoz, hogy weboldalunk megfelel\u0151en m\u0171k\u00f6dj\u00f6n, n\u00e9ha kis adatf\u00e1jlokat, \u00fagynevezett &#8220;s\u00fctiket&#8221; kell elhelyezn\u00fcnk felhaszn\u00e1l\u00f3ink eszk\u00f6zein.<\/p>\n<p><strong> <\/strong><\/p>\n<h2><strong>Mit \u00e9rt\u00fcnk &#8220;s\u00fctik&#8221; alatt?<\/strong><\/h2>\n<p>A cookie egy kis sz\u00f6veges f\u00e1jl, amelyet a webhelyek t\u00e1rolnak a sz\u00e1m\u00edt\u00f3g\u00e9p\u00e9n vagy mobileszk\u00f6z\u00e9n, amikor \u00d6n megl\u00e1togatja \u0151ket.<br \/>\nEz lehet\u0151v\u00e9 teszi, hogy ezek a webhelyek egy bizonyos id\u0151n kereszt\u00fcl megjegyezz\u00e9k az \u00d6n m\u0171veleteit \u00e9s be\u00e1ll\u00edt\u00e1sait, \u00edgy \u00d6nnek nem kell minden alkalommal megadnia ezeket az inform\u00e1ci\u00f3kat, amikor megl\u00e1togatja ezeket a webhelyeket, vagy amikor egyik oldalr\u00f3l a m\u00e1sikra navig\u00e1l. <\/p>\n<p>A cookie-kat arra haszn\u00e1lhatjuk, hogy megjegyezz\u00fck az \u00d6n megjelen\u00edt\u00e9si preferenci\u00e1it, p\u00e9ld\u00e1ul a b\u00f6ng\u00e9sz\u00e9si nyelvet, a sz\u00ednkontrasztot, a bet\u0171m\u00e9retet, az eszk\u00f6zt, a keres\u00e9si eredm\u00e9nyeket \u00e9s az \u00e9rtes\u00edt\u00e9si preferenci\u00e1kat, a cookie-k haszn\u00e1lat\u00e1nak elfogad\u00e1s\u00e1ra vagy elutas\u00edt\u00e1s\u00e1ra vonatkoz\u00f3 d\u00f6nt\u00e9s\u00e9t, a bejelentkez\u00e9si adatait stb.<\/p>\n<p>K\u00fcl\u00f6nb\u00f6z\u0151 t\u00edpus\u00fa s\u00fctik l\u00e9teznek:<\/p>\n<ul>\n<li>Az els\u0151 f\u00e9lt\u0151l sz\u00e1rmaz\u00f3 s\u00fctik az \u00d6n \u00e1ltal l\u00e1togatott weboldal \u00e1ltal l\u00e9trehozott s\u00fctik.<br \/>\nEzeket csak ez a weboldal tudja olvasni. <\/li>\n<li>A harmadik f\u00e9lt\u0151l sz\u00e1rmaz\u00f3 cookie-kat a weboldalnak szolg\u00e1ltat\u00e1sokat ny\u00fajt\u00f3 harmadik felek hozz\u00e1k l\u00e9tre (pl. YouTube, LinkedIn stb.).<\/li>\n<\/ul>\n<p>Amikor el\u0151sz\u00f6r csatlakozik a weboldalunkhoz, megk\u00e9rj\u00fck, hogy elfogadja vagy elutas\u00edtsa a s\u00fctiket.<\/p>\n<p>&nbsp;<\/p>\n<h2><strong>Mely s\u00fctik ker\u00fclnek let\u00f6lt\u00e9sre?<br \/>\nHogyan haszn\u00e1ljuk \u0151ket? <\/strong><\/h2>\n<p>Els\u0151 f\u00e9lt\u0151l sz\u00e1rmaz\u00f3 s\u00fctiket, de harmadik f\u00e9lt\u0151l sz\u00e1rmaz\u00f3 s\u00fctiket is haszn\u00e1lunk.<\/p>\n<p>A k\u00f6vetkez\u0151 harmadik felek val\u00f3sz\u00edn\u0171leg s\u00fctiket helyeznek el az \u00d6n eszk\u00f6z\u00e9n: Google, YouTube, LinkedIn, Google Analytics.<br \/>\nA harmadik felek list\u00e1j\u00e1nak legfrissebb v\u00e1ltozat\u00e1t a <a class=\"cky-banner-element\">S\u00fctik bannerben<\/a> tal\u00e1lja. <\/p>\n<p>Ezeket a s\u00fctiket a k\u00f6vetkez\u0151kre haszn\u00e1lj\u00e1k:<\/p>\n<ul>\n<li>A weboldal m\u0171k\u00f6dtet\u00e9se (Sz\u00fcks\u00e9ges s\u00fctik), valamint a b\u00f6ng\u00e9sz\u00e9s \u00e9s a funkci\u00f3k haszn\u00e1lat\u00e1nak lehet\u0151v\u00e9 t\u00e9tele.<br \/>\nEz\u00e9rt nem ig\u00e9nylik az \u00d6n hozz\u00e1j\u00e1rul\u00e1s\u00e1t.<br \/>\nCsak a k\u00f6vetkez\u0151 cookie-k vannak:    <\/p>\n<ul>\n<li>_GRECAPTCHA: munkamenet s\u00fctik<\/li>\n<li>rc::a, rc::f, rc::c, rc::b: honlapv\u00e9delmi s\u00fctik (Google)<\/li>\n<li>cookieyes-consent: cookie-k a cookie-be\u00e1ll\u00edt\u00e1sok megjegyz\u00e9s\u00e9re (CookiesYes)<\/li>\n<\/ul>\n<\/li>\n<li>Bizonyos funkci\u00f3k v\u00e9grehajt\u00e1s\u00e1nak lehet\u0151v\u00e9 t\u00e9tele \u00e9s az \u00d6n preferenci\u00e1inak elment\u00e9se (funkcion\u00e1lis s\u00fctik).<br \/>\nEzek a cookie-k lehet\u0151v\u00e9 teszik, hogy \u00d6n megossza a tartalmakat a k\u00f6z\u00f6ss\u00e9gi m\u00e9dia platformokon, \u00e9s megtekinthesse a weboldalunkon el\u00e9rhet\u0151 vide\u00f3kat.<br \/>\nEmellett lehet\u0151v\u00e9 teszik a z\u00f6kken\u0151mentes navig\u00e1ci\u00f3t a weboldalunkon az \u00d6n preferenci\u00e1inak megfelel\u0151en, mint p\u00e9ld\u00e1ul a bet\u0171m\u00e9ret, nyelv stb.  <\/li>\n<li>A felhaszn\u00e1l\u00f3inknak ny\u00fajtott szolg\u00e1ltat\u00e1s jav\u00edt\u00e1sa (analitikai s\u00fctik).<br \/>\nEzek a s\u00fctik egyszer\u0171en lehet\u0151v\u00e9 teszik sz\u00e1munkra, hogy ki\u00e9rt\u00e9kelj\u00fck, hogyan l\u00e9p kapcsolatba a weboldalunkkal, p\u00e9ld\u00e1ul, hogy mely oldalakat l\u00e1togatja a legt\u00f6bbsz\u00f6r.<br \/>\nEz az inform\u00e1ci\u00f3 lehet\u0151v\u00e9 teszi sz\u00e1munkra, hogy jav\u00edtsuk weboldalunkat.  <\/li>\n<li>Szem\u00e9lyre szabott hirdet\u00e9sek biztos\u00edt\u00e1sa a l\u00e1togat\u00f3k sz\u00e1m\u00e1ra (hirdet\u00e9si s\u00fctik).<br \/>\nWeboldalunk nem tartalmaz rekl\u00e1mokat, de ilyen cookie-kat harmadik f\u00e9l (p\u00e9ld\u00e1ul a YouTube) t\u00f6lthet le. <\/li>\n<\/ul>\n<p>A s\u00fctik meghat\u00e1rozott ideig t\u00e1rol\u00f3dnak az \u00d6n eszk\u00f6z\u00e9n, \u00e9s ezt k\u00f6vet\u0151en t\u00f6rl\u0151dnek.<\/p>\n<p>Tov\u00e1bbi inform\u00e1ci\u00f3k\u00e9rt k\u00e9rj\u00fck, tekintse meg a <a class=\"cky-banner-element\">S\u00fctik bannert<\/a>, amely k\u00fcl\u00f6n-k\u00fcl\u00f6n felsorolja az egyes s\u00fctik c\u00edm\u00e9t, eredet\u00e9t (bels\u0151 vagy harmadik f\u00e9l), meg\u0151rz\u00e9si idej\u00e9t \u00e9s funkci\u00f3j\u00e1t.<\/p>\n<p>&nbsp;<\/p>\n<h2><strong>Hogyan kezelhetem a s\u00fctiket?<\/strong><\/h2>\n<p>A s\u00fctiket tetsz\u00e9s szerint kezelheti, letilthatja vagy t\u00f6r\u00f6lheti, de vegye figyelembe, hogy ezzel megakad\u00e1lyozhatja a webhely bizonyos elemeinek megfelel\u0151 m\u0171k\u00f6d\u00e9s\u00e9t.<br \/>\nEl\u0151fordulhat, hogy egyes szolg\u00e1ltat\u00e1sok \u00e9s funkci\u00f3k nem lesznek el\u00e9rhet\u0151k. <\/p>\n<p>El\u0151sz\u00f6r a <a class=\"cky-banner-element\">S\u00fctik bannerr\u0151l<\/a> b\u00e1rmikor m\u00f3dos\u00edthatja a s\u00fctik haszn\u00e1lat\u00e1ra vonatkoz\u00f3 be\u00e1ll\u00edt\u00e1sait.<\/p>\n<p>A s\u00fctik t\u00e1rol\u00e1s\u00e1nak m\u00f3dj\u00e1t k\u00f6zvetlen\u00fcl a b\u00f6ng\u00e9sz\u0151j\u00e9ben is kezelheti.<br \/>\nAz adatv\u00e9delmi v\u00e9delemmel \u00e9s a cookie-kkal kapcsolatos be\u00e1ll\u00edt\u00e1sokn\u00e1l lehet\u0151s\u00e9ge van a cookie-kat eredet\u00fck szerint pontosabban adminisztr\u00e1lni.<br \/>\nB\u00f6ng\u00e9sz\u0151j\u00e9t \u00fagy is be\u00e1ll\u00edthatja, hogy megakad\u00e1lyozza a s\u00fctik t\u00e1rol\u00e1s\u00e1t az eszk\u00f6z\u00e9n (ebben az esetben el\u0151fordulhat, hogy minden egyes weboldal\/oldal megl\u00e1togat\u00e1sakor meg kell adnia n\u00e9h\u00e1ny be\u00e1ll\u00edt\u00e1s\u00e1t).  <\/p>\n<p>V\u00e9g\u00fcl, a b\u00f6ng\u00e9sz\u0151 b\u00f6ng\u00e9sz\u00e9si el\u0151zm\u00e9nyeinek t\u00f6rl\u00e9s\u00e9vel t\u00f6r\u00f6lheti az eszk\u00f6z\u00e9n m\u00e1r t\u00e1rolt s\u00fctiket.<\/p>\n<p>&nbsp;<\/p>\n<p>&nbsp;[\/vc_column_text][\/vc_column][\/vc_row]<\/p>\n","protected":false},"excerpt":{"rendered":"<p>[vc_row][vc_column el_class=&#8221;legal&#8221;][vc_column_text] Cookie szab\u00e1lyzat Ahhoz, hogy weboldalunk megfelel\u0151en m\u0171k\u00f6dj\u00f6n, n\u00e9ha kis adatf\u00e1jlokat, \u00fagynevezett &#8220;s\u00fctiket&#8221; kell elhelyezn\u00fcnk felhaszn\u00e1l\u00f3ink eszk\u00f6zein. Mit \u00e9rt\u00fcnk &#8220;s\u00fctik&#8221; alatt? A cookie egy kis sz\u00f6veges f\u00e1jl, amelyet a&hellip;<\/p>\n","protected":false},"author":12,"featured_media":0,"parent":0,"menu_order":0,"comment_status":"closed","ping_status":"closed","template":"","meta":{"_acf_changed":false,"footnotes":""},"class_list":["post-97381","page","type-page","status-publish","hentry","description-off"],"acf":[],"yoast_head":"<!-- This site is optimized with the Yoast SEO plugin v21.9.1 - https:\/\/yoast.com\/wordpress\/plugins\/seo\/ -->\n<title>Cookie szab\u00e1lyzat - Kersia Group<\/title>\n<meta name=\"robots\" content=\"index, follow, max-snippet:-1, max-image-preview:large, max-video-preview:-1\" \/>\n<link rel=\"canonical\" href=\"https:\/\/www.kersia-group.com\/hu-hu\/cookie-szabalyzat\/\" \/>\n<meta property=\"og:locale\" content=\"hu_HU\" \/>\n<meta property=\"og:type\" content=\"article\" \/>\n<meta property=\"og:title\" content=\"Cookie szab\u00e1lyzat - Kersia Group\" \/>\n<meta property=\"og:description\" content=\"[vc_row][vc_column el_class=&#8221;legal&#8221;][vc_column_text] Cookie szab\u00e1lyzat Ahhoz, hogy weboldalunk megfelel\u0151en m\u0171k\u00f6dj\u00f6n, n\u00e9ha kis adatf\u00e1jlokat, \u00fagynevezett &#8220;s\u00fctiket&#8221; kell elhelyezn\u00fcnk felhaszn\u00e1l\u00f3ink eszk\u00f6zein. Mit \u00e9rt\u00fcnk &#8220;s\u00fctik&#8221; alatt? A cookie egy kis sz\u00f6veges f\u00e1jl, amelyet a&hellip;\" \/>\n<meta property=\"og:url\" content=\"https:\/\/www.kersia-group.com\/hu-hu\/cookie-szabalyzat\/\" \/>\n<meta property=\"og:site_name\" content=\"Kersia Group\" \/>\n<meta property=\"article:modified_time\" content=\"2025-06-26T20:14:18+00:00\" \/>\n<meta name=\"twitter:card\" content=\"summary_large_image\" \/>\n<meta name=\"twitter:label1\" content=\"Becs\u00fclt olvas\u00e1si id\u0151\" \/>\n\t<meta name=\"twitter:data1\" content=\"4 perc\" \/>\n<script type=\"application\/ld+json\" class=\"yoast-schema-graph\">{\"@context\":\"https:\/\/schema.org\",\"@graph\":[{\"@type\":\"WebPage\",\"@id\":\"https:\/\/www.kersia-group.com\/hu-hu\/cookie-szabalyzat\/\",\"url\":\"https:\/\/www.kersia-group.com\/hu-hu\/cookie-szabalyzat\/\",\"name\":\"Cookie szab\u00e1lyzat - Kersia Group\",\"isPartOf\":{\"@id\":\"\/#website\"},\"datePublished\":\"2024-07-10T17:33:40+00:00\",\"dateModified\":\"2025-06-26T20:14:18+00:00\",\"breadcrumb\":{\"@id\":\"https:\/\/www.kersia-group.com\/hu-hu\/cookie-szabalyzat\/#breadcrumb\"},\"inLanguage\":\"hu\",\"potentialAction\":[{\"@type\":\"ReadAction\",\"target\":[\"https:\/\/www.kersia-group.com\/hu-hu\/cookie-szabalyzat\/\"]}]},{\"@type\":\"BreadcrumbList\",\"@id\":\"https:\/\/www.kersia-group.com\/hu-hu\/cookie-szabalyzat\/#breadcrumb\",\"itemListElement\":[{\"@type\":\"ListItem\",\"position\":1,\"name\":\"Home\",\"item\":\"https:\/\/www.kersia-group.com\/hu-hu\/\"},{\"@type\":\"ListItem\",\"position\":2,\"name\":\"Cookie szab\u00e1lyzat\"}]},{\"@type\":\"WebSite\",\"@id\":\"\/#website\",\"url\":\"\/\",\"name\":\"Kersia Group\",\"description\":\"INVENTING A FOOD SAFE WORLD\",\"potentialAction\":[{\"@type\":\"SearchAction\",\"target\":{\"@type\":\"EntryPoint\",\"urlTemplate\":\"\/?s={search_term_string}\"},\"query-input\":\"required name=search_term_string\"}],\"inLanguage\":\"hu\"}]}<\/script>\n<!-- \/ Yoast SEO plugin. -->","yoast_head_json":{"title":"Cookie szab\u00e1lyzat - Kersia Group","robots":{"index":"index","follow":"follow","max-snippet":"max-snippet:-1","max-image-preview":"max-image-preview:large","max-video-preview":"max-video-preview:-1"},"canonical":"https:\/\/www.kersia-group.com\/hu-hu\/cookie-szabalyzat\/","og_locale":"hu_HU","og_type":"article","og_title":"Cookie szab\u00e1lyzat - Kersia Group","og_description":"[vc_row][vc_column el_class=&#8221;legal&#8221;][vc_column_text] Cookie szab\u00e1lyzat Ahhoz, hogy weboldalunk megfelel\u0151en m\u0171k\u00f6dj\u00f6n, n\u00e9ha kis adatf\u00e1jlokat, \u00fagynevezett &#8220;s\u00fctiket&#8221; kell elhelyezn\u00fcnk felhaszn\u00e1l\u00f3ink eszk\u00f6zein. Mit \u00e9rt\u00fcnk &#8220;s\u00fctik&#8221; alatt? A cookie egy kis sz\u00f6veges f\u00e1jl, amelyet a&hellip;","og_url":"https:\/\/www.kersia-group.com\/hu-hu\/cookie-szabalyzat\/","og_site_name":"Kersia Group","article_modified_time":"2025-06-26T20:14:18+00:00","twitter_card":"summary_large_image","twitter_misc":{"Becs\u00fclt olvas\u00e1si id\u0151":"4 perc"},"schema":{"@context":"https:\/\/schema.org","@graph":[{"@type":"WebPage","@id":"https:\/\/www.kersia-group.com\/hu-hu\/cookie-szabalyzat\/","url":"https:\/\/www.kersia-group.com\/hu-hu\/cookie-szabalyzat\/","name":"Cookie szab\u00e1lyzat - Kersia Group","isPartOf":{"@id":"\/#website"},"datePublished":"2024-07-10T17:33:40+00:00","dateModified":"2025-06-26T20:14:18+00:00","breadcrumb":{"@id":"https:\/\/www.kersia-group.com\/hu-hu\/cookie-szabalyzat\/#breadcrumb"},"inLanguage":"hu","potentialAction":[{"@type":"ReadAction","target":["https:\/\/www.kersia-group.com\/hu-hu\/cookie-szabalyzat\/"]}]},{"@type":"BreadcrumbList","@id":"https:\/\/www.kersia-group.com\/hu-hu\/cookie-szabalyzat\/#breadcrumb","itemListElement":[{"@type":"ListItem","position":1,"name":"Home","item":"https:\/\/www.kersia-group.com\/hu-hu\/"},{"@type":"ListItem","position":2,"name":"Cookie szab\u00e1lyzat"}]},{"@type":"WebSite","@id":"\/#website","url":"\/","name":"Kersia Group","description":"INVENTING A FOOD SAFE WORLD","potentialAction":[{"@type":"SearchAction","target":{"@type":"EntryPoint","urlTemplate":"\/?s={search_term_string}"},"query-input":"required name=search_term_string"}],"inLanguage":"hu"}]}},"_links":{"self":[{"href":"https:\/\/www.kersia-group.com\/hu-hu\/wp-json\/wp\/v2\/pages\/97381","targetHints":{"allow":["GET"]}}],"collection":[{"href":"https:\/\/www.kersia-group.com\/hu-hu\/wp-json\/wp\/v2\/pages"}],"about":[{"href":"https:\/\/www.kersia-group.com\/hu-hu\/wp-json\/wp\/v2\/types\/page"}],"author":[{"embeddable":true,"href":"https:\/\/www.kersia-group.com\/hu-hu\/wp-json\/wp\/v2\/users\/12"}],"replies":[{"embeddable":true,"href":"https:\/\/www.kersia-group.com\/hu-hu\/wp-json\/wp\/v2\/comments?post=97381"}],"version-history":[{"count":1,"href":"https:\/\/www.kersia-group.com\/hu-hu\/wp-json\/wp\/v2\/pages\/97381\/revisions"}],"predecessor-version":[{"id":97430,"href":"https:\/\/www.kersia-group.com\/hu-hu\/wp-json\/wp\/v2\/pages\/97381\/revisions\/97430"}],"wp:attachment":[{"href":"https:\/\/www.kersia-group.com\/hu-hu\/wp-json\/wp\/v2\/media?parent=97381"}],"curies":[{"name":"wp","href":"https:\/\/api.w.org\/{rel}","templated":true}]}}