{"id":67990,"date":"2024-03-12T16:57:19","date_gmt":"2024-03-12T15:57:19","guid":{"rendered":"https:\/\/www.kersia-group.com\/eau\/"},"modified":"2025-09-23T17:23:08","modified_gmt":"2025-09-23T15:23:08","slug":"eau","status":"publish","type":"page","link":"https:\/\/www.kersia-group.com\/fr-fr\/activites\/eau\/","title":{"rendered":"Eau"},"content":{"rendered":"<p>[vc_row anchor=&#8221;structure&#8221;][vc_column]<div class=\"ult-spacer spacer-69d367fcb6af8\" data-id=\"69d367fcb6af8\" data-height=\"50\" data-height-mobile=\"25\" data-height-tab=\"40\" data-height-tab-portrait=\"40\" data-height-mobile-landscape=\"25\" style=\"clear:both;display:block;\"><\/div>[\/vc_column][\/vc_row][vc_row type=&#8221;vc_default&#8221; full_width=&#8221;stretch_row_content&#8221; gap=&#8221;10&#8243; animation=&#8221;pulse&#8221; margin_top=&#8221;100&#8243; margin_bottom=&#8221;100&#8243; full_width_row=&#8221;true&#8221; padding_left=&#8221;50&#8243; padding_right=&#8221;50&#8243; parallax_content=&#8221;parallax_content_value&#8221; parallax_content_sense=&#8221;30&#8243; css=&#8221;.vc_custom_1614790823814{margin-bottom: 50px !important;padding-right: 20px !important;padding-left: 20px !important;}&#8221; min_height=&#8221;25&#8243;][vc_column width=&#8221;1\/3&#8243;]<div class=\"ult-new-ib ult-ib-effect-style6  ult-ib-resp  \" data-min-width=\"768\" data-max-width=\"900\" style=\"background:#0a0a0a;\" data-opacity=\"1\" data-hover-opacity=\"0.9\" ><img decoding=\"async\" class=\"ult-new-ib-img\" style=\"opacity:1;\" alt=\"null\" src=\"https:\/\/www.kersia-group.com\/wp-content\/uploads\/2023\/07\/Menu-Water-Treatment-Farm.jpg\"   \/><div id=\"interactive-banner-wrap-8375\" class=\"ult-new-ib-desc\" style=\"\"><h2 class=\"ult-new-ib-title ult-responsive\"  data-ultimate-target='#interactive-banner-wrap-8375 .ult-new-ib-title'  data-responsive-json-new='{\"font-size\":\"desktop:30px;tablet:16px;tablet_portrait:16px;mobile_landscape:16px;mobile:16px;\",\"line-height\":\"desktop:34px;tablet:15px;tablet_portrait:15px;mobile_landscape:20px;mobile:20px;\"}'  style=\"font-weight:normal;color:#ffffff;\">Traitement de l\u2019eau<\/p>\n<p><b>Exploitation<\/b><\/h2><\/div><a class=\"ult-new-ib-link\" href=\"\/..\/..\/fr\/eau\/traitement-de-leau-exploitation\/\" title=\"information\"  ><\/a><\/div><script type=\"text\/javascript\">\n\t\t\t(function($){\n\t\t\t\t$(document).ready(function(){\n\t\t\t\t\t$(\".ult-new-ib\").css(\"opacity\",\"1\");\n\t\t\t\t});\n\t\t\t})(jQuery);\n\t\t\t<\/script>[\/vc_column][vc_column width=&#8221;1\/3&#8243;]<div class=\"ult-new-ib ult-ib-effect-style6  ult-ib-resp  \" data-min-width=\"768\" data-max-width=\"900\" style=\"background:#0a0a0a;\" data-opacity=\"1\" data-hover-opacity=\"0.9\" ><img decoding=\"async\" class=\"ult-new-ib-img\" style=\"opacity:1;\" alt=\"null\" src=\"https:\/\/www.kersia-group.com\/wp-content\/uploads\/2023\/07\/Menu-Water-Food-and-Beverage.jpg\"   \/><div id=\"interactive-banner-wrap-8253\" class=\"ult-new-ib-desc\" style=\"\"><h2 class=\"ult-new-ib-title ult-responsive\"  data-ultimate-target='#interactive-banner-wrap-8253 .ult-new-ib-title'  data-responsive-json-new='{\"font-size\":\"desktop:30px;tablet:16px;tablet_portrait:16px;mobile_landscape:16px;mobile:16px;\",\"line-height\":\"desktop:34px;tablet:15px;tablet_portrait:15px;mobile_landscape:20px;mobile:20px;\"}'  style=\"font-weight:normal;color:#ffffff;\">Traitement de l\u2019eau<\/p>\n<p><b>Industrie agroalimentaire<\/b><\/h2><\/div><a class=\"ult-new-ib-link\" href=\"\/..\/..\/fr\/activites\/eau\/gestion-de-leau\/\" title=\"Source of contamination\"  ><\/a><\/div><script type=\"text\/javascript\">\n\t\t\t(function($){\n\t\t\t\t$(document).ready(function(){\n\t\t\t\t\t$(\".ult-new-ib\").css(\"opacity\",\"1\");\n\t\t\t\t});\n\t\t\t})(jQuery);\n\t\t\t<\/script>[\/vc_column][vc_column width=&#8221;1\/3&#8243;]<div class=\"ult-new-ib ult-ib-effect-style6  ult-ib-resp  \" data-min-width=\"768\" data-max-width=\"900\" style=\"background:#0a0a0a;\" data-opacity=\"1\" data-hover-opacity=\"0.9\" ><img decoding=\"async\" class=\"ult-new-ib-img\" style=\"opacity:1;\" alt=\"null\" src=\"https:\/\/www.kersia-group.com\/wp-content\/uploads\/2023\/07\/Menu-Water-Purification-Human.jpg\"   \/><div id=\"interactive-banner-wrap-6545\" class=\"ult-new-ib-desc\" style=\"\"><h2 class=\"ult-new-ib-title ult-responsive\"  data-ultimate-target='#interactive-banner-wrap-6545 .ult-new-ib-title'  data-responsive-json-new='{\"font-size\":\"desktop:30px;tablet:16px;tablet_portrait:16px;mobile_landscape:16px;mobile:16px;\",\"line-height\":\"desktop:34px;tablet:15px;tablet_portrait:15px;mobile_landscape:20px;mobile:20px;\"}'  style=\"font-weight:normal;color:#ffffff;\">Purification de l\u2019eau<\/p>\n<p><b>Humain<\/b><\/h2><div class=\"ult-new-ib-content ult-responsive\"  data-ultimate-target='#interactive-banner-wrap-6545 .ult-new-ib-content'  data-responsive-json-new='{\"font-size\":\"\",\"line-height\":\"\"}'  style=\"font-weight:normal;\"><p>\u00c0 venir<\/p><\/div><\/div><a class=\"ult-new-ib-link\" href=\"#prevention\"  ><\/a><\/div><script type=\"text\/javascript\">\n\t\t\t(function($){\n\t\t\t\t$(document).ready(function(){\n\t\t\t\t\t$(\".ult-new-ib\").css(\"opacity\",\"1\");\n\t\t\t\t});\n\t\t\t})(jQuery);\n\t\t\t<\/script>[\/vc_column][\/vc_row]<\/p>\n","protected":false},"excerpt":{"rendered":"<p>[vc_row anchor=&#8221;structure&#8221;][vc_column][\/vc_column][\/vc_row][vc_row type=&#8221;vc_default&#8221; full_width=&#8221;stretch_row_content&#8221; gap=&#8221;10&#8243; animation=&#8221;pulse&#8221; margin_top=&#8221;100&#8243; margin_bottom=&#8221;100&#8243; full_width_row=&#8221;true&#8221; padding_left=&#8221;50&#8243; padding_right=&#8221;50&#8243; parallax_content=&#8221;parallax_content_value&#8221; parallax_content_sense=&#8221;30&#8243; css=&#8221;.vc_custom_1614790823814{margin-bottom: 50px !important;padding-right: 20px !important;padding-left: 20px !important;}&#8221; min_height=&#8221;25&#8243;][vc_column width=&#8221;1\/3&#8243;][\/vc_column][vc_column width=&#8221;1\/3&#8243;][\/vc_column][vc_column width=&#8221;1\/3&#8243;][\/vc_column][\/vc_row]<\/p>\n","protected":false},"author":9,"featured_media":67991,"parent":68325,"menu_order":0,"comment_status":"closed","ping_status":"closed","template":"","meta":{"_acf_changed":false,"footnotes":""},"class_list":["post-67990","page","type-page","status-publish","has-post-thumbnail","hentry","description-off"],"acf":[],"yoast_head":"<!-- This site is optimized with the Yoast SEO plugin v21.9.1 - https:\/\/yoast.com\/wordpress\/plugins\/seo\/ -->\n<title>Eau engagements and sustainable solutions - Kersia Group<\/title>\n<meta name=\"description\" content=\"Notre entreprise s&#039;engage \u00e0 op\u00e9rer de mani\u00e8re durable et responsable, en tenant compte des limites plan\u00e9taires et de l&#039;impact de nos activit\u00e9s sur l&#039;environnement. Nous reconnaissons l&#039;importance de pr\u00e9server les syst\u00e8mes naturels et les ressources de la Terre pour les g\u00e9n\u00e9rations futures.\" \/>\n<meta name=\"robots\" content=\"index, follow, max-snippet:-1, max-image-preview:large, max-video-preview:-1\" \/>\n<link rel=\"canonical\" href=\"https:\/\/www.kersia-group.com\/fr-fr\/activites\/eau\/\" \/>\n<meta property=\"og:locale\" content=\"fr_FR\" \/>\n<meta property=\"og:type\" content=\"article\" \/>\n<meta property=\"og:title\" content=\"Eau engagements and sustainable solutions - Kersia Group\" \/>\n<meta property=\"og:description\" content=\"Notre entreprise s&#039;engage \u00e0 op\u00e9rer de mani\u00e8re durable et responsable, en tenant compte des limites plan\u00e9taires et de l&#039;impact de nos activit\u00e9s sur l&#039;environnement. Nous reconnaissons l&#039;importance de pr\u00e9server les syst\u00e8mes naturels et les ressources de la Terre pour les g\u00e9n\u00e9rations futures.\" \/>\n<meta property=\"og:url\" content=\"https:\/\/www.kersia-group.com\/fr-fr\/activites\/eau\/\" \/>\n<meta property=\"og:site_name\" content=\"Kersia Group\" \/>\n<meta property=\"article:modified_time\" content=\"2025-09-23T15:23:08+00:00\" \/>\n<meta property=\"og:image\" content=\"https:\/\/www.kersia-group.com\/wp-content\/uploads\/2023\/07\/Image-fond-MENU.jpg\" \/>\n\t<meta property=\"og:image:width\" content=\"1600\" \/>\n\t<meta property=\"og:image:height\" content=\"900\" \/>\n\t<meta property=\"og:image:type\" content=\"image\/jpeg\" \/>\n<meta name=\"twitter:card\" content=\"summary_large_image\" \/>\n<meta name=\"twitter:label1\" content=\"Dur\u00e9e de lecture estim\u00e9e\" \/>\n\t<meta name=\"twitter:data1\" content=\"2 minutes\" \/>\n<script type=\"application\/ld+json\" class=\"yoast-schema-graph\">{\"@context\":\"https:\/\/schema.org\",\"@graph\":[{\"@type\":\"WebPage\",\"@id\":\"https:\/\/www.kersia-group.com\/fr-fr\/activites\/eau\/\",\"url\":\"https:\/\/www.kersia-group.com\/fr-fr\/activites\/eau\/\",\"name\":\"Eau engagements and sustainable solutions - Kersia Group\",\"isPartOf\":{\"@id\":\"\/#website\"},\"datePublished\":\"2024-03-12T15:57:19+00:00\",\"dateModified\":\"2025-09-23T15:23:08+00:00\",\"description\":\"Notre entreprise s'engage \u00e0 op\u00e9rer de mani\u00e8re durable et responsable, en tenant compte des limites plan\u00e9taires et de l'impact de nos activit\u00e9s sur l'environnement. Nous reconnaissons l'importance de pr\u00e9server les syst\u00e8mes naturels et les ressources de la Terre pour les g\u00e9n\u00e9rations futures.\",\"breadcrumb\":{\"@id\":\"https:\/\/www.kersia-group.com\/fr-fr\/activites\/eau\/#breadcrumb\"},\"inLanguage\":\"fr-FR\",\"potentialAction\":[{\"@type\":\"ReadAction\",\"target\":[\"https:\/\/www.kersia-group.com\/fr-fr\/activites\/eau\/\"]}]},{\"@type\":\"BreadcrumbList\",\"@id\":\"https:\/\/www.kersia-group.com\/fr-fr\/activites\/eau\/#breadcrumb\",\"itemListElement\":[{\"@type\":\"ListItem\",\"position\":1,\"name\":\"Home\",\"item\":\"https:\/\/www.kersia-group.com\/fr-fr\/\"},{\"@type\":\"ListItem\",\"position\":2,\"name\":\"Activit\u00e9s\",\"item\":\"https:\/\/www.kersia-group.com\/fr-fr\/activites\/\"},{\"@type\":\"ListItem\",\"position\":3,\"name\":\"Eau\"}]},{\"@type\":\"WebSite\",\"@id\":\"\/#website\",\"url\":\"\/\",\"name\":\"Kersia Group\",\"description\":\"INVENTING A FOOD SAFE WORLD\",\"potentialAction\":[{\"@type\":\"SearchAction\",\"target\":{\"@type\":\"EntryPoint\",\"urlTemplate\":\"\/?s={search_term_string}\"},\"query-input\":\"required name=search_term_string\"}],\"inLanguage\":\"fr-FR\"}]}<\/script>\n<!-- \/ Yoast SEO plugin. -->","yoast_head_json":{"title":"Eau engagements and sustainable solutions - Kersia Group","description":"Notre entreprise s'engage \u00e0 op\u00e9rer de mani\u00e8re durable et responsable, en tenant compte des limites plan\u00e9taires et de l'impact de nos activit\u00e9s sur l'environnement. Nous reconnaissons l'importance de pr\u00e9server les syst\u00e8mes naturels et les ressources de la Terre pour les g\u00e9n\u00e9rations futures.","robots":{"index":"index","follow":"follow","max-snippet":"max-snippet:-1","max-image-preview":"max-image-preview:large","max-video-preview":"max-video-preview:-1"},"canonical":"https:\/\/www.kersia-group.com\/fr-fr\/activites\/eau\/","og_locale":"fr_FR","og_type":"article","og_title":"Eau engagements and sustainable solutions - Kersia Group","og_description":"Notre entreprise s'engage \u00e0 op\u00e9rer de mani\u00e8re durable et responsable, en tenant compte des limites plan\u00e9taires et de l'impact de nos activit\u00e9s sur l'environnement. Nous reconnaissons l'importance de pr\u00e9server les syst\u00e8mes naturels et les ressources de la Terre pour les g\u00e9n\u00e9rations futures.","og_url":"https:\/\/www.kersia-group.com\/fr-fr\/activites\/eau\/","og_site_name":"Kersia Group","article_modified_time":"2025-09-23T15:23:08+00:00","og_image":[{"width":1600,"height":900,"url":"https:\/\/www.kersia-group.com\/wp-content\/uploads\/2023\/07\/Image-fond-MENU.jpg","type":"image\/jpeg"}],"twitter_card":"summary_large_image","twitter_misc":{"Dur\u00e9e de lecture estim\u00e9e":"2 minutes"},"schema":{"@context":"https:\/\/schema.org","@graph":[{"@type":"WebPage","@id":"https:\/\/www.kersia-group.com\/fr-fr\/activites\/eau\/","url":"https:\/\/www.kersia-group.com\/fr-fr\/activites\/eau\/","name":"Eau engagements and sustainable solutions - Kersia Group","isPartOf":{"@id":"\/#website"},"datePublished":"2024-03-12T15:57:19+00:00","dateModified":"2025-09-23T15:23:08+00:00","description":"Notre entreprise s'engage \u00e0 op\u00e9rer de mani\u00e8re durable et responsable, en tenant compte des limites plan\u00e9taires et de l'impact de nos activit\u00e9s sur l'environnement. Nous reconnaissons l'importance de pr\u00e9server les syst\u00e8mes naturels et les ressources de la Terre pour les g\u00e9n\u00e9rations futures.","breadcrumb":{"@id":"https:\/\/www.kersia-group.com\/fr-fr\/activites\/eau\/#breadcrumb"},"inLanguage":"fr-FR","potentialAction":[{"@type":"ReadAction","target":["https:\/\/www.kersia-group.com\/fr-fr\/activites\/eau\/"]}]},{"@type":"BreadcrumbList","@id":"https:\/\/www.kersia-group.com\/fr-fr\/activites\/eau\/#breadcrumb","itemListElement":[{"@type":"ListItem","position":1,"name":"Home","item":"https:\/\/www.kersia-group.com\/fr-fr\/"},{"@type":"ListItem","position":2,"name":"Activit\u00e9s","item":"https:\/\/www.kersia-group.com\/fr-fr\/activites\/"},{"@type":"ListItem","position":3,"name":"Eau"}]},{"@type":"WebSite","@id":"\/#website","url":"\/","name":"Kersia Group","description":"INVENTING A FOOD SAFE WORLD","potentialAction":[{"@type":"SearchAction","target":{"@type":"EntryPoint","urlTemplate":"\/?s={search_term_string}"},"query-input":"required name=search_term_string"}],"inLanguage":"fr-FR"}]}},"_links":{"self":[{"href":"https:\/\/www.kersia-group.com\/fr-fr\/wp-json\/wp\/v2\/pages\/67990","targetHints":{"allow":["GET"]}}],"collection":[{"href":"https:\/\/www.kersia-group.com\/fr-fr\/wp-json\/wp\/v2\/pages"}],"about":[{"href":"https:\/\/www.kersia-group.com\/fr-fr\/wp-json\/wp\/v2\/types\/page"}],"author":[{"embeddable":true,"href":"https:\/\/www.kersia-group.com\/fr-fr\/wp-json\/wp\/v2\/users\/9"}],"replies":[{"embeddable":true,"href":"https:\/\/www.kersia-group.com\/fr-fr\/wp-json\/wp\/v2\/comments?post=67990"}],"version-history":[{"count":2,"href":"https:\/\/www.kersia-group.com\/fr-fr\/wp-json\/wp\/v2\/pages\/67990\/revisions"}],"predecessor-version":[{"id":109805,"href":"https:\/\/www.kersia-group.com\/fr-fr\/wp-json\/wp\/v2\/pages\/67990\/revisions\/109805"}],"up":[{"embeddable":true,"href":"https:\/\/www.kersia-group.com\/fr-fr\/wp-json\/wp\/v2\/pages\/68325"}],"wp:featuredmedia":[{"embeddable":true,"href":"https:\/\/www.kersia-group.com\/fr-fr\/wp-json\/wp\/v2\/media\/67991"}],"wp:attachment":[{"href":"https:\/\/www.kersia-group.com\/fr-fr\/wp-json\/wp\/v2\/media?parent=67990"}],"curies":[{"name":"wp","href":"https:\/\/api.w.org\/{rel}","templated":true}]}}