{"id":67935,"date":"2024-07-10T19:58:35","date_gmt":"2024-07-10T17:58:35","guid":{"rendered":"https:\/\/www.kersia-group.com\/politique-en-matiere-de-cookies\/"},"modified":"2025-06-26T22:14:07","modified_gmt":"2025-06-26T20:14:07","slug":"politique-en-matiere-de-cookies","status":"publish","type":"page","link":"https:\/\/www.kersia-group.com\/fr-fr\/politique-en-matiere-de-cookies\/","title":{"rendered":"Politique en mati\u00e8re de cookies"},"content":{"rendered":"<p>[vc_row][vc_column el_class=&#8221;legal&#8221;][vc_column_text]<\/p>\n<h2>Politique en mati\u00e8re de cookies<\/h2>\n<p>Pour que notre site web fonctionne correctement, nous devons parfois placer de petits fichiers de donn\u00e9es, appel\u00e9s &#8220;cookies&#8221;, sur les appareils de nos utilisateurs.<\/p>\n<p><strong> <\/strong><\/p>\n<h2><strong>Qu&#8217;entend-on par &#8220;cookies&#8221; ?<\/strong><\/h2>\n<p>Un cookie est un petit fichier texte que les sites web stockent sur votre ordinateur ou votre appareil mobile lorsque vous les visitez.<br \/>\nIl permet \u00e0 ces sites de se souvenir de vos actions et de vos pr\u00e9f\u00e9rences pendant un certain temps, de sorte que vous n&#8217;ayez pas \u00e0 fournir ces informations \u00e0 chaque fois que vous visitez ces sites ou que vous naviguez d&#8217;une page \u00e0 l&#8217;autre. <\/p>\n<p>Les cookies peuvent \u00eatre utilis\u00e9s pour m\u00e9moriser vos pr\u00e9f\u00e9rences d&#8217;affichage, telles que la langue de navigation, le contraste des couleurs, la taille des caract\u00e8res, l&#8217;appareil, les r\u00e9sultats de recherche et les pr\u00e9f\u00e9rences de notification, votre choix d&#8217;accepter ou non que nous utilisions des cookies, vos donn\u00e9es de connexion, etc.<\/p>\n<p>Il existe diff\u00e9rents types de cookies :<\/p>\n<ul>\n<li>Les cookies de premi\u00e8re partie sont des cookies cr\u00e9\u00e9s par le site web que vous visitez.<br \/>\nSeul ce site peut les lire. <\/li>\n<li>Les cookies de tiers sont cr\u00e9\u00e9s par des entit\u00e9s tierces qui fournissent des services au site web (par exemple YouTube, LinkedIn, etc.).<\/li>\n<\/ul>\n<p>Lorsque vous vous connectez pour la premi\u00e8re fois \u00e0 notre site web, il vous sera demand\u00e9 d&#8217;accepter ou de refuser les cookies.<\/p>\n<p>&nbsp;<\/p>\n<h2><strong>Quels sont les cookies t\u00e9l\u00e9charg\u00e9s ?<br \/>\nComment les utilisons-nous ? <\/strong><\/h2>\n<p>Nous utilisons des cookies de premi\u00e8re partie, mais aussi des cookies de tierce partie.<\/p>\n<p>Les tiers susceptibles de placer des cookies sur votre appareil sont les suivants : Google, YouTube, LinkedIn, Google Analytics.<br \/>\nPour acc\u00e9der \u00e0 la derni\u00e8re version de la liste des tiers, veuillez consulter la <a class=\"cky-banner-element\">banni\u00e8re Cookies<\/a>. <\/p>\n<p>Ces cookies sont utilis\u00e9s pour :<\/p>\n<ul>\n<li>pouvoir faire fonctionner le site web (cookies n\u00e9cessaires) et vous permettre de naviguer sur le site et d&#8217;utiliser ses fonctionnalit\u00e9s.<br \/>\nC&#8217;est pourquoi ils ne n\u00e9cessitent pas votre consentement.<br \/>\nIl n&#8217;y a que les cookies suivants :    <\/p>\n<ul>\n<li>GRECAPTCHA : cookies de session<\/li>\n<li>rc::a, rc::f, rc::c, rc::b : cookies de protection du site web (Google)<\/li>\n<li>cookieyes-consent : cookies pour la m\u00e9morisation des pr\u00e9f\u00e9rences en mati\u00e8re de cookies (CookiesYes)<\/li>\n<\/ul>\n<\/li>\n<li>Permettre l&#8217;ex\u00e9cution de certaines fonctionnalit\u00e9s et enregistrer vos pr\u00e9f\u00e9rences (cookies fonctionnels).<br \/>\nCes cookies vous permettront de partager des contenus sur les plateformes de m\u00e9dias sociaux et de visionner les vid\u00e9os disponibles sur notre site web.<br \/>\nIls vous permettront \u00e9galement une navigation fluide sur notre site web en fonction de vos pr\u00e9f\u00e9rences telles que la taille de la police, la langue, etc.  <\/li>\n<li>Am\u00e9liorer le service que nous offrons \u00e0 tous nos utilisateurs (cookies analytiques).<br \/>\nCes cookies nous permettent simplement d&#8217;\u00e9valuer la mani\u00e8re dont vous interagissez avec notre site web, par exemple les pages les plus visit\u00e9es.<br \/>\nCes informations nous permettent d&#8217;am\u00e9liorer notre site web.  <\/li>\n<li>Fournir aux visiteurs des publicit\u00e9s personnalis\u00e9es (cookies publicitaires).<br \/>\nNotre site web ne contient pas de publicit\u00e9, mais de tels cookies peuvent \u00eatre t\u00e9l\u00e9charg\u00e9s par un tiers (comme YouTube). <\/li>\n<\/ul>\n<p>Les cookies sont stock\u00e9s sur votre appareil pour une dur\u00e9e d\u00e9termin\u00e9e et sont ensuite supprim\u00e9s.<\/p>\n<p>Pour plus d&#8217;informations, nous vous invitons \u00e0 consulter la <a class=\"cky-banner-element\">banni\u00e8re Cookies<\/a>, qui liste le titre, l&#8217;origine (interne ou tiers), la dur\u00e9e de conservation et la fonction de chaque cookie individuellement.<\/p>\n<p>&nbsp;<\/p>\n<h2><strong>Comment g\u00e9rer les cookies ?<\/strong><\/h2>\n<p>Vous pouvez g\u00e9rer, bloquer ou supprimer les cookies comme vous le souhaitez, mais sachez que vous risquez alors d&#8217;emp\u00eacher certains \u00e9l\u00e9ments du site de fonctionner correctement.<br \/>\nCertains services et fonctionnalit\u00e9s peuvent ne pas \u00eatre disponibles. <\/p>\n<p>Vous pouvez \u00e0 tout moment modifier vos pr\u00e9f\u00e9rences en mati\u00e8re d&#8217;utilisation des cookies \u00e0 partir de la <a class=\"cky-banner-element\">banni\u00e8re Cookies.<\/a><\/p>\n<p>Vous pouvez \u00e9galement g\u00e9rer la mani\u00e8re dont les cookies sont stock\u00e9s directement dans votre navigateur.<br \/>\nDans les param\u00e8tres relatifs \u00e0 la protection de la vie priv\u00e9e et aux cookies, vous avez la possibilit\u00e9 de g\u00e9rer les cookies de mani\u00e8re plus pr\u00e9cise en fonction de leur origine.<br \/>\nVous pouvez \u00e9galement configurer votre navigateur de mani\u00e8re \u00e0 ce qu&#8217;aucun cookie ne soit stock\u00e9 sur votre appareil (dans ce cas, vous devrez peut-\u00eatre indiquer certaines de vos pr\u00e9f\u00e9rences \u00e0 chaque fois que vous visiterez un site\/une page web).  <\/p>\n<p>Enfin, vous pouvez supprimer tous les cookies d\u00e9j\u00e0 stock\u00e9s sur votre appareil en effa\u00e7ant l&#8217;historique de navigation de votre navigateur.<\/p>\n<p>&nbsp;<\/p>\n<p>&nbsp;[\/vc_column_text][\/vc_column][\/vc_row]<\/p>\n","protected":false},"excerpt":{"rendered":"<p>[vc_row][vc_column el_class=&#8221;legal&#8221;][vc_column_text] Politique en mati\u00e8re de cookies Pour que notre site web fonctionne correctement, nous devons parfois placer de petits fichiers de donn\u00e9es, appel\u00e9s &#8220;cookies&#8221;, sur les appareils de nos&hellip;<\/p>\n","protected":false},"author":12,"featured_media":0,"parent":0,"menu_order":0,"comment_status":"closed","ping_status":"closed","template":"","meta":{"_acf_changed":false,"footnotes":""},"class_list":["post-67935","page","type-page","status-publish","hentry","description-off"],"acf":[],"yoast_head":"<!-- This site is optimized with the Yoast SEO plugin v21.9.1 - https:\/\/yoast.com\/wordpress\/plugins\/seo\/ -->\n<title>Politique en mati\u00e8re de cookies - Kersia Group<\/title>\n<meta name=\"robots\" content=\"index, follow, max-snippet:-1, max-image-preview:large, max-video-preview:-1\" \/>\n<link rel=\"canonical\" href=\"https:\/\/www.kersia-group.com\/fr-fr\/politique-en-matiere-de-cookies\/\" \/>\n<meta property=\"og:locale\" content=\"fr_FR\" \/>\n<meta property=\"og:type\" content=\"article\" \/>\n<meta property=\"og:title\" content=\"Politique en mati\u00e8re de cookies - Kersia Group\" \/>\n<meta property=\"og:description\" content=\"[vc_row][vc_column el_class=&#8221;legal&#8221;][vc_column_text] Politique en mati\u00e8re de cookies Pour que notre site web fonctionne correctement, nous devons parfois placer de petits fichiers de donn\u00e9es, appel\u00e9s &#8220;cookies&#8221;, sur les appareils de nos&hellip;\" \/>\n<meta property=\"og:url\" content=\"https:\/\/www.kersia-group.com\/fr-fr\/politique-en-matiere-de-cookies\/\" \/>\n<meta property=\"og:site_name\" content=\"Kersia Group\" \/>\n<meta property=\"article:modified_time\" content=\"2025-06-26T20:14:07+00:00\" \/>\n<meta name=\"twitter:card\" content=\"summary_large_image\" \/>\n<meta name=\"twitter:label1\" content=\"Dur\u00e9e de lecture estim\u00e9e\" \/>\n\t<meta name=\"twitter:data1\" content=\"4 minutes\" \/>\n<script type=\"application\/ld+json\" class=\"yoast-schema-graph\">{\"@context\":\"https:\/\/schema.org\",\"@graph\":[{\"@type\":\"WebPage\",\"@id\":\"https:\/\/www.kersia-group.com\/fr-fr\/politique-en-matiere-de-cookies\/\",\"url\":\"https:\/\/www.kersia-group.com\/fr-fr\/politique-en-matiere-de-cookies\/\",\"name\":\"Politique en mati\u00e8re de cookies - Kersia Group\",\"isPartOf\":{\"@id\":\"\/#website\"},\"datePublished\":\"2024-07-10T17:58:35+00:00\",\"dateModified\":\"2025-06-26T20:14:07+00:00\",\"breadcrumb\":{\"@id\":\"https:\/\/www.kersia-group.com\/fr-fr\/politique-en-matiere-de-cookies\/#breadcrumb\"},\"inLanguage\":\"fr-FR\",\"potentialAction\":[{\"@type\":\"ReadAction\",\"target\":[\"https:\/\/www.kersia-group.com\/fr-fr\/politique-en-matiere-de-cookies\/\"]}]},{\"@type\":\"BreadcrumbList\",\"@id\":\"https:\/\/www.kersia-group.com\/fr-fr\/politique-en-matiere-de-cookies\/#breadcrumb\",\"itemListElement\":[{\"@type\":\"ListItem\",\"position\":1,\"name\":\"Home\",\"item\":\"https:\/\/www.kersia-group.com\/fr-fr\/\"},{\"@type\":\"ListItem\",\"position\":2,\"name\":\"Politique en mati\u00e8re de cookies\"}]},{\"@type\":\"WebSite\",\"@id\":\"\/#website\",\"url\":\"\/\",\"name\":\"Kersia Group\",\"description\":\"INVENTING A FOOD SAFE WORLD\",\"potentialAction\":[{\"@type\":\"SearchAction\",\"target\":{\"@type\":\"EntryPoint\",\"urlTemplate\":\"\/?s={search_term_string}\"},\"query-input\":\"required name=search_term_string\"}],\"inLanguage\":\"fr-FR\"}]}<\/script>\n<!-- \/ Yoast SEO plugin. -->","yoast_head_json":{"title":"Politique en mati\u00e8re de cookies - Kersia Group","robots":{"index":"index","follow":"follow","max-snippet":"max-snippet:-1","max-image-preview":"max-image-preview:large","max-video-preview":"max-video-preview:-1"},"canonical":"https:\/\/www.kersia-group.com\/fr-fr\/politique-en-matiere-de-cookies\/","og_locale":"fr_FR","og_type":"article","og_title":"Politique en mati\u00e8re de cookies - Kersia Group","og_description":"[vc_row][vc_column el_class=&#8221;legal&#8221;][vc_column_text] Politique en mati\u00e8re de cookies Pour que notre site web fonctionne correctement, nous devons parfois placer de petits fichiers de donn\u00e9es, appel\u00e9s &#8220;cookies&#8221;, sur les appareils de nos&hellip;","og_url":"https:\/\/www.kersia-group.com\/fr-fr\/politique-en-matiere-de-cookies\/","og_site_name":"Kersia Group","article_modified_time":"2025-06-26T20:14:07+00:00","twitter_card":"summary_large_image","twitter_misc":{"Dur\u00e9e de lecture estim\u00e9e":"4 minutes"},"schema":{"@context":"https:\/\/schema.org","@graph":[{"@type":"WebPage","@id":"https:\/\/www.kersia-group.com\/fr-fr\/politique-en-matiere-de-cookies\/","url":"https:\/\/www.kersia-group.com\/fr-fr\/politique-en-matiere-de-cookies\/","name":"Politique en mati\u00e8re de cookies - Kersia Group","isPartOf":{"@id":"\/#website"},"datePublished":"2024-07-10T17:58:35+00:00","dateModified":"2025-06-26T20:14:07+00:00","breadcrumb":{"@id":"https:\/\/www.kersia-group.com\/fr-fr\/politique-en-matiere-de-cookies\/#breadcrumb"},"inLanguage":"fr-FR","potentialAction":[{"@type":"ReadAction","target":["https:\/\/www.kersia-group.com\/fr-fr\/politique-en-matiere-de-cookies\/"]}]},{"@type":"BreadcrumbList","@id":"https:\/\/www.kersia-group.com\/fr-fr\/politique-en-matiere-de-cookies\/#breadcrumb","itemListElement":[{"@type":"ListItem","position":1,"name":"Home","item":"https:\/\/www.kersia-group.com\/fr-fr\/"},{"@type":"ListItem","position":2,"name":"Politique en mati\u00e8re de cookies"}]},{"@type":"WebSite","@id":"\/#website","url":"\/","name":"Kersia Group","description":"INVENTING A FOOD SAFE WORLD","potentialAction":[{"@type":"SearchAction","target":{"@type":"EntryPoint","urlTemplate":"\/?s={search_term_string}"},"query-input":"required name=search_term_string"}],"inLanguage":"fr-FR"}]}},"_links":{"self":[{"href":"https:\/\/www.kersia-group.com\/fr-fr\/wp-json\/wp\/v2\/pages\/67935","targetHints":{"allow":["GET"]}}],"collection":[{"href":"https:\/\/www.kersia-group.com\/fr-fr\/wp-json\/wp\/v2\/pages"}],"about":[{"href":"https:\/\/www.kersia-group.com\/fr-fr\/wp-json\/wp\/v2\/types\/page"}],"author":[{"embeddable":true,"href":"https:\/\/www.kersia-group.com\/fr-fr\/wp-json\/wp\/v2\/users\/12"}],"replies":[{"embeddable":true,"href":"https:\/\/www.kersia-group.com\/fr-fr\/wp-json\/wp\/v2\/comments?post=67935"}],"version-history":[{"count":10,"href":"https:\/\/www.kersia-group.com\/fr-fr\/wp-json\/wp\/v2\/pages\/67935\/revisions"}],"predecessor-version":[{"id":90419,"href":"https:\/\/www.kersia-group.com\/fr-fr\/wp-json\/wp\/v2\/pages\/67935\/revisions\/90419"}],"wp:attachment":[{"href":"https:\/\/www.kersia-group.com\/fr-fr\/wp-json\/wp\/v2\/media?parent=67935"}],"curies":[{"name":"wp","href":"https:\/\/api.w.org\/{rel}","templated":true}]}}