{"id":69397,"date":"2019-10-27T17:04:56","date_gmt":"2019-10-27T16:04:56","guid":{"rendered":"https:\/\/www.kersia-group.com\/politique-de-protection-des-donnees-personnelles\/"},"modified":"2019-10-27T17:04:56","modified_gmt":"2019-10-27T16:04:56","slug":"politique-de-protection-des-donnees-personnelles","status":"publish","type":"page","link":"https:\/\/www.kersia-group.com\/fr-dz\/politique-de-protection-des-donnees-personnelles\/","title":{"rendered":"Politique de Protection des Donn\u00e9es Personnelles"},"content":{"rendered":"<p>[vc_row][vc_column][vc_column_text el_class=&#8221;legal&#8221;]<\/p>\n<h2>Introduction<\/h2>\n<p>Le groupe Kersia<sup>*<\/sup> est soucieux du respect de votre vie priv\u00e9e et accorde une grande importance \u00e0 la mani\u00e8re dont vos donn\u00e9es personnelles sont trait\u00e9es. Pour cette raison nous souhaitons vous informer par l\u2019interm\u00e9diaire de la pr\u00e9sente politique de protection des donn\u00e9es personnelles de la mani\u00e8re dont nous collectons et traitons ces donn\u00e9es (ci-apr\u00e8s \u00ab\u00a0Politique\u00a0\u00bb).<\/p>\n<p>En outre, cette Politique contient des informations importantes concernant vos droits en ce qui concerne le traitement de vos donn\u00e9es personnelles. Par cons\u00e9quent, nous vous encourageons \u00e0 lire attentivement cette Politique et \u00e0 la conserver.<\/p>\n<p>Veuillez noter que cette Politique vient en compl\u00e9ment de toute autre note qui pourra vous \u00eatre communiqu\u00e9 \u00e0 des occasions sp\u00e9cifiques quand nous collectons ou utilisons vos donn\u00e9es personnelles. Cette Politique est compl\u00e9mentaire \u00e0 ces notes et ne les surpasse pas.<\/p>\n<p>Cette Politique s\u2019int\u00e8gre en outre dans la d\u00e9marche de Responsabilit\u00e9 Sociale de l\u2019Entreprise (RSE) du groupe d\u00e9ploy\u00e9 au niveau international.<\/p>\n<p>Cette Politique peut \u00eatre modifi\u00e9e, compl\u00e9t\u00e9e ou mise \u00e0 jour afin notamment de se conformer \u00e0 toute \u00e9volution l\u00e9gale ou r\u00e8glementaire ou toute \u00e9volution de notre activit\u00e9. La version la plus r\u00e9cente de notre Politique est disponible au lien suivant <a href=\"http:\/\/gdpr.customer.kersia-group.com\/\">http:\/\/gdpr.customer.kersia-group.com<\/a> ou sur notre site internet <a href=\"https:\/\/www.kersia-group.com\/fr-dz\/\">https:\/\/www.kersia-group.com\/<\/a>. Toutefois, en cas de changements majeurs vous pourriez \u00eatre directement inform\u00e9s desdits changement par mailing.<\/p>\n<p>Il est important que les informations que nous d\u00e9tenons \u00e0 votre sujet soient exactes et \u00e0 jour. Merci de nous tenir inform\u00e9 si vos donn\u00e9es \u00e0 caract\u00e8re personnel changent au cours de notre relation.<\/p>\n<table width=\"100%\">\n<tbody>\n<tr>\n<td>* Liste compl\u00e8te des entreprises relevant de notre groupe au lien suivant\u00a0: <a href=\"http:\/\/subsidiaries.kersia-group.com\/\">http:\/\/subsidiaries.kersia-group.com<\/a><\/td>\n<\/tr>\n<\/tbody>\n<\/table>\n<p>&nbsp;<\/p>\n<h3>Raisons de la collecte des donn\u00e9es<\/h3>\n<p>Nous collectons certaines de vos donn\u00e9es personnelles en votre qualit\u00e9 de client ou fournisseur de notre soci\u00e9t\u00e9. En ce sens, le traitement de vos donn\u00e9es personnelles est justifi\u00e9 par l\u2019ex\u00e9cution d\u2019un contrat, une obligation l\u00e9gale ou r\u00e9glementaire ou l\u2019int\u00e9r\u00eat l\u00e9gitime poursuivi par le responsable du traitement, c\u2019est-\u00e0-dire la soci\u00e9t\u00e9 du groupe Kersia avec qui vous \u00eates en relation.<\/p>\n<p>&nbsp;<\/p>\n<h3>Donn\u00e9es collect\u00e9es<\/h3>\n<p>Nous collectons des donn\u00e9es vous concernant\u00a0:<\/p>\n<ul>\n<li>soit directement aupr\u00e8s de vous,<\/li>\n<li>soit aupr\u00e8s d\u2019autres sources telles vos coll\u00e8gues ou collaborateurs ou aupr\u00e8s des autres tiers impliqu\u00e9s dans la relation,<\/li>\n<li>par le moyen de Cookies<\/li>\n<\/ul>\n<p>Les donn\u00e9es que nous collectons se limitent aux donn\u00e9es n\u00e9cessaires \u00e0 notre relation. Celles-ci peuvent notamment \u00eatre des donn\u00e9es\u00a0:<\/p>\n<ul>\n<li>d\u2019identification : Nom, pr\u00e9nom, adresse mail, adresse postale, num\u00e9ro de t\u00e9l\u00e9phone, plaque d\u2019immatriculation, carte nationale d\u2019identit\u00e9 ou passeport, photo, etc. Par aillleurs, certains de nos sites sont \u00e9quip\u00e9s de cam\u00e9ras de vid\u00e9osurveillance dont les enregistrements, conserv\u00e9s 30 jours, peuvent nous donner acc\u00e8s \u00e0 votre image et\/ou plaque d\u2019immatriculation.<\/li>\n<li>relatives \u00e0 votre vie professionnelle\u00a0: Situation professionnelle, Fonction, Qualifications\u00a0;<\/li>\n<li>de connexion (Compte client, e-learning).<\/li>\n<\/ul>\n<p>Vous \u00eates libre de fournir ou non tout ou partie de vos donn\u00e9es personnelles ou de vous opposer \u00e0 leur communication. Aucune donn\u00e9e \u00e0 caract\u00e8re personnel n\u2019est collect\u00e9e sans que vous ayez volontairement d\u00e9cid\u00e9 de la donner, sans obligation l\u00e9gale ou r\u00e9glementaire ou sans un int\u00e9r\u00eat l\u00e9gitime nous concernant comme la bonne ex\u00e9cution des engagements pris \u00e0 votre encontre. Toutefois, si vous choisissez de ne pas les fournir ou si vous choisissez de vous opposer \u00e0 leur communication, une telle d\u00e9cision pourrait emp\u00eacher la r\u00e9alisation des finalit\u00e9s ci-apr\u00e8s d\u00e9crites<\/p>\n<p>&nbsp;<\/p>\n<h3>Finalit\u00e9s de la collecte<\/h3>\n<p>Nous utilisons vos donn\u00e9es d\u2019une mani\u00e8re g\u00e9n\u00e9rale pour ex\u00e9cuter un contrat auquel vous ou votre soci\u00e9t\u00e9 \u00eates parties, et ce inclut les finalit\u00e9s suivantes\u00a0:<\/p>\n<ul>\n<li>G\u00e9rer la relation client \/ fournisseur ;<\/li>\n<li>Etablir des offres, ex\u00e9cuter et suivre vos commandes, g\u00e9rer vos r\u00e9clamations, et, le cas \u00e9ch\u00e9ant, pouvoir vous r\u00e9gler des sommes qui vous sont dues\u00a0;<\/li>\n<li>Organiser toute op\u00e9ration de cession de cr\u00e9ance\/affacturage ou tout autre op\u00e9ration de cr\u00e9dit en lien avec votre facturation\u00a0;<\/li>\n<li>Vous informer de toute \u00e9volution concernant le groupe, ses filiales, ses produits ou son activit\u00e9\u00a0;<\/li>\n<li>Organiser des formations propres \u00e0 votre personnel\u00a0;<\/li>\n<li>R\u00e9aliser des enqu\u00eates de satisfaction\u00a0;<\/li>\n<li>Maintenir votre compte client accessible depuis notre site internet\u00a0;<\/li>\n<li>Organiser des s\u00e9minaires\/rencontres<\/li>\n<li>Honorer nos obligations l\u00e9gales, comptables et fiscales\u00a0;<\/li>\n<li>G\u00e9rer le fichier prospects\u00a0;<\/li>\n<li>Assurer votre s\u00e9curit\u00e9 et la s\u00e9curit\u00e9 des locaux et biens des soci\u00e9t\u00e9s du groupe Kersia.<\/li>\n<\/ul>\n<p>&nbsp;<\/p>\n<h3>Conservation<\/h3>\n<p>Vos donn\u00e9es personnelles sont stock\u00e9es dans nos bases de donn\u00e9es. Nous avons pour objectif de conserver vos donn\u00e9es personnelles de la mani\u00e8re la plus s\u00fbre et la plus s\u00e9curis\u00e9e, et uniquement pendant la dur\u00e9e n\u00e9cessaire \u00e0 la r\u00e9alisation de la finalit\u00e9 poursuivie par le traitement ou conform\u00e9ment \u00e0 la dur\u00e9e pr\u00e9vue par la loi applicable. Dans cette perspective, nous prenons les mesures physiques, techniques et organisationnelles appropri\u00e9es pour emp\u00eacher dans toute la mesure du possible toute alt\u00e9ration ou perte de vos donn\u00e9es ou tout acc\u00e8s non autoris\u00e9 \u00e0 celles-ci.<\/p>\n<p>&nbsp;<\/p>\n<h3>Destinataires des donn\u00e9es et Transfert<\/h3>\n<p>Dans le cadre des finalit\u00e9s \u00e9num\u00e9r\u00e9es ci-avant, vos donn\u00e9es personnelles sont susceptibles d\u2019\u00eatre communiqu\u00e9es\u00a0 \u00e0 certains d\u00e9partements du responsable du traitement ou de ses filiales d\u00e9tenues directement ou indirectement, ainsi que \u00e0 des personnes externes telles que transporteur, partenaires ou distributeurs, afin de nous aider \u00e0 r\u00e9aliser lesdites finalit\u00e9s. Elles peuvent \u00e9galement \u00eatre rendues accessibles \u00e0 nos prestataires techniques qualifi\u00e9s de \u00ab sous-traitants \u00bb (\u00e0 savoir, toute personne physique ou morale, autorit\u00e9 publique, service ou un autre organisme qui traite des donn\u00e9es \u00e0 caract\u00e8re personnel pour le compte du responsable du traitement), pour les stricts besoins de leur mission.<\/p>\n<p>Compte tenu de la dimension internationale du groupe nous vous informons que les donn\u00e9es \u00e0 caract\u00e8re personnel que nous collectons sont susceptibles d\u2019\u00eatre transf\u00e9r\u00e9es hors de votre territoire mais toujours dans l\u2019objectif exclusif de la r\u00e9alisation des finalit\u00e9s expos\u00e9es ci-avant.<\/p>\n<p>Nous veillons \u00e0 ce que, le cas \u00e9ch\u00e9ant, un niveau de s\u00e9curit\u00e9 ad\u00e9quat soit mis en place afin de garantir la s\u00e9curit\u00e9 de vos donn\u00e9es personnelles.<\/p>\n<p>A cette fin, nous avons notamment mis en place des garanties contractuelles avec nos sous-traitants ou nos partenaires externes, ainsi que des clauses contractuelles types avec l\u2019ensemble des filiales du groupe.<\/p>\n<p>En nous transmettant vos donn\u00e9es personnelles, vous consentez \u00e0 ces transferts.<\/p>\n<p>&nbsp;<\/p>\n<h3>S\u00e9curit\u00e9 des donn\u00e9es<\/h3>\n<p>Nous mettons en \u0153uvre des mesures de s\u00e9curit\u00e9 techniques et organisationnelles appropri\u00e9es afin de prot\u00e9ger de tout risque de destruction, perte, alt\u00e9ration, divulgation ou d\u2019acc\u00e8s non autoris\u00e9 les donn\u00e9es personnelles que vous nous transmettez. Nous utilisons notamment des contr\u00f4les d\u2019acc\u00e8s, des pares feux, des serveurs s\u00e9curis\u00e9s, la gestion des habilitations, le cryptage des donn\u00e9es et l\u2019anonymisation des donn\u00e9es.<\/p>\n<p>&nbsp;<\/p>\n<h3>Utilisation de Cookies<\/h3>\n<p>Nous utilisons des Cookies en vue d\u2019optimiser votre visite sur notre site internet.<\/p>\n<p>Un Cookie est un petit fichier texte temporairement implant\u00e9 sur votre terminal qui enregistre les param\u00e8tres internet. Le fichier est t\u00e9l\u00e9charg\u00e9 par votre navigateur lors de votre premi\u00e8re consultation d\u2019un site Web.<\/p>\n<p>Ces informations ont pour finalit\u00e9 de faciliter l\u2019acc\u00e8s aux services et aux rubriques du site internet.<\/p>\n<p>Plusieurs sortes de cookies sont utilis\u00e9es sur nos sites internet.<\/p>\n<p>Voici un tableau regroupant les cookies de premi\u00e8re partie utilis\u00e9s\u00a0sur nos sites :<\/p>\n<table width=\"614\">\n<tbody>\n<tr>\n<td width=\"112\">But<\/td>\n<td width=\"114\">Nom<\/td>\n<td width=\"113\">Fonction<\/td>\n<td width=\"102\">Dur\u00e9e de stockage<\/td>\n<td width=\"172\">Performance\/essentiel<\/td>\n<\/tr>\n<tr>\n<td rowspan=\"3\" width=\"112\">Pr\u00e9f\u00e9rences, fonctionnalit\u00e9s et services<\/td>\n<td width=\"114\">Country<\/td>\n<td width=\"113\">Choix de la langue du site par d\u00e9faut<\/td>\n<td rowspan=\"2\" width=\"102\">1 mois<\/td>\n<td width=\"172\">Essentiel<\/td>\n<\/tr>\n<tr>\n<td width=\"114\">Cookie_notice_accepted<\/p>\n<p>Cookieaccept<\/td>\n<td width=\"113\">Masquage du bandeau fen\u00eatre pop-up<\/td>\n<td rowspan=\"2\" width=\"172\">Performance<\/td>\n<\/tr>\n<tr>\n<td width=\"114\">PHPSESSID<\/td>\n<td width=\"113\">Identifiant de session<\/td>\n<td width=\"102\">Le temps de la session<\/td>\n<\/tr>\n<\/tbody>\n<\/table>\n<p>&nbsp;<\/p>\n<p>Nous utilisons \u00e9galement des cookies tiers afin notamment de diffuser des vid\u00e9os sur nos sites internet et effectuer des statistiques. Pour en savoir plus, veuillez consulter les politiques cookies sur les liens suivant\u00a0:<\/p>\n<table width=\"614\">\n<tbody>\n<tr>\n<td width=\"257\">Nom<\/td>\n<td width=\"357\">Lien politique cookies<\/td>\n<\/tr>\n<tr>\n<td width=\"257\">Google Analytics<\/td>\n<td width=\"357\"><a href=\"https:\/\/support.google.com\/analytics\/answer\/6004245\">https:\/\/support.google.com\/analytics\/answer\/6004245<\/a><\/td>\n<\/tr>\n<tr>\n<td width=\"257\">Youtube<\/td>\n<td width=\"357\"><a href=\"https:\/\/www.youtube.com\/\">https:\/\/www.youtube.com\/<\/a><\/td>\n<\/tr>\n<tr>\n<td width=\"257\">Cybercite_tracking<\/td>\n<td width=\"357\"><a href=\"https:\/\/www.cybercite.fr\/\">https:\/\/www.cybercite.fr\/<\/a><\/td>\n<\/tr>\n<tr>\n<td width=\"257\">Facebook<\/td>\n<td width=\"357\"><a href=\"https:\/\/fr-fr.facebook.com\/policies\/cookies\/\">https:\/\/fr-fr.facebook.com\/policies\/cookies\/<\/a><\/td>\n<\/tr>\n<\/tbody>\n<\/table>\n<p>&nbsp;<\/p>\n<p>Vous pouvez \u00e0 tout moment choisir d\u2019accepter ou de refuser les cookies en modifiant les param\u00e8tres de votre navigateur internet. Veuillez consulter les instructions d\u2019utilisation de votre navigateur pour d\u00e9couvrir quelles sont vos possibilit\u00e9s de param\u00e9trage.<\/p>\n<p>Veuillez noter que si vous d\u00e9sinstallez un cookie ou si vous vous opposez \u00e0 l\u2019installation de cookies, certaines fonctions ne seront pas disponibles sur notre site internet.<\/p>\n<p>&nbsp;<\/p>\n<h3>D\u00e9l\u00e9gu\u00e9 \u00e0 la protection des donn\u00e9es (DPO)<\/h3>\n<p>La nomination d\u2019un d\u00e9l\u00e9gu\u00e9 \u00e0 la protection des donn\u00e9es n\u2019est pas obligatoire dans tous les pays. Ainsi lorsque la d\u00e9signation d\u2019un DPO n\u2019est pas obligatoire, aucun DPO n\u2019a \u00e9t\u00e9 d\u00e9sign\u00e9, mais le respect des r\u00e9glementations relatives aux donn\u00e9es personnelles est assur\u00e9 par le responsable juridique du Groupe.<\/p>\n<p>&nbsp;<\/p>\n<p>Un DPO a \u00e9t\u00e9 nomm\u00e9 lorsque sa nomination \u00e9tait obligatoire.<\/p>\n<p>En Allemagne, pour Kersia Deutschland\u00a0:<\/p>\n<p>Monsieur Martin Kuschke<\/p>\n<p>IT Consulting<\/p>\n<p>PCK IT Solutions GmbH<\/p>\n<p>Edisonstra\u00dfe 1<\/p>\n<p>87437 Kempten<\/p>\n<p>&nbsp;<\/p>\n<p>Au Br\u00e9sil, pour Hypred Brasil et JPB\u00a0:<\/p>\n<p>Madame Miriam Laier<\/p>\n<p>HR Manager<\/p>\n<p>Hypred Brasil<\/p>\n<p>Rua Eugenia Mello de Oliveira Kirshheim, n\u00b0251<\/p>\n<p>Bom pastor, CEP 95905-684 Lajeado \u2013 Estado do Rio grande do sul<\/p>\n<p>&nbsp;<\/p>\n<h3>Notification des violations de donn\u00e9es \u00e0 caract\u00e8re personnel<\/h3>\n<p>En cas de violation ou suspicion de violation de donn\u00e9es \u00e0 caract\u00e8re personnel, nous nous engageons \u00e0 le notifier \u00e0 l\u2019autorit\u00e9 de contr\u00f4le, 72 heures au plus tard, apr\u00e8s en avoir pris connaissance.<\/p>\n<p>&nbsp;<\/p>\n<h3>Droit d\u2019acc\u00e8s et de rectification des donn\u00e9es collect\u00e9es<\/h3>\n<p>Conform\u00e9ment \u00e0 la r\u00e8glementation sur la protection des donn\u00e9es \u00e0 caract\u00e8re personnel en vigueur, vous disposez d\u2019un droit de confirmer, d\u2019acc\u00e8s, de modification, de rectification, de portabilit\u00e9, d\u2019anonimisation, de blocage, de suppression, d\u2019opposition pour motifs l\u00e9gitimes, de limitation du traitement de vos donn\u00e9es personnelles, de demander des informations sur les entit\u00e9s publiques et priv\u00e9es avec lesquelles nous avons partag\u00e9 vos donn\u00e9es et obtenir les informations sur la possibilit\u00e9 de ne pas donner votre consentement et sur les cons\u00e9quences d\u2019un refus ainsi que sur le droit de retirer votre consentement, le cas \u00e9ch\u00e9ant, ainsi que de retirer votre consentement \u00e0 tout moment.<\/p>\n<p>Pour exercer l\u2019un de ces droits, veuillez adresser votre demande en vous rendant sur le lien suivant : <a href=\"http:\/\/gdpr.kersia-group.com\/\">http:\/\/gdpr.kersia-group.com<\/a><\/p>\n<p>&nbsp;<\/p>\n<h3>Droit de recours<\/h3>\n<p>Si vous avez des r\u00e9clamations sur l\u2019usage de vos donn\u00e9es personnelles, nous vous invitons \u00e0 nous contacter dans un premier temps.<\/p>\n<p>Cependant, nous vous informons que vous disposez du droit d\u2019introduire une r\u00e9clamation aupr\u00e8s d\u2019une autorit\u00e9 comp\u00e9tente.<\/p>\n<p>&nbsp;<\/p>\n<p>Une question\u00a0? N\u2019h\u00e9sitez pas \u00e0 nous contacter en utilisant le lien suivant\u00a0: <a href=\"http:\/\/gdpr.kersia-group.com\">http:\/\/gdpr.kersia-group.com<\/a>[\/vc_column_text][\/vc_column][\/vc_row]<\/p>\n","protected":false},"excerpt":{"rendered":"<p>[vc_row][vc_column][vc_column_text el_class=&#8221;legal&#8221;] Introduction Le groupe Kersia* est soucieux du respect de votre vie priv\u00e9e et accorde une grande importance \u00e0 la mani\u00e8re dont vos donn\u00e9es personnelles sont trait\u00e9es. Pour cette&hellip;<\/p>\n","protected":false},"author":2,"featured_media":0,"parent":0,"menu_order":0,"comment_status":"closed","ping_status":"closed","template":"","meta":{"_acf_changed":false,"footnotes":""},"class_list":["post-69397","page","type-page","status-publish","hentry","description-off"],"acf":[],"yoast_head":"<!-- This site is optimized with the Yoast SEO plugin v21.9.1 - https:\/\/yoast.com\/wordpress\/plugins\/seo\/ -->\n<title>Politique de Protection des Donn\u00e9es Personnelles - Kersia Group<\/title>\n<meta name=\"robots\" content=\"index, follow, max-snippet:-1, max-image-preview:large, max-video-preview:-1\" \/>\n<link rel=\"canonical\" href=\"https:\/\/www.kersia-group.com\/fr-dz\/politique-de-protection-des-donnees-personnelles\/\" \/>\n<meta property=\"og:locale\" content=\"fr_FR\" \/>\n<meta property=\"og:type\" content=\"article\" \/>\n<meta property=\"og:title\" content=\"Politique de Protection des Donn\u00e9es Personnelles - Kersia Group\" \/>\n<meta property=\"og:description\" content=\"[vc_row][vc_column][vc_column_text el_class=&#8221;legal&#8221;] Introduction Le groupe Kersia* est soucieux du respect de votre vie priv\u00e9e et accorde une grande importance \u00e0 la mani\u00e8re dont vos donn\u00e9es personnelles sont trait\u00e9es. Pour cette&hellip;\" \/>\n<meta property=\"og:url\" content=\"https:\/\/www.kersia-group.com\/fr-dz\/politique-de-protection-des-donnees-personnelles\/\" \/>\n<meta property=\"og:site_name\" content=\"Kersia Group\" \/>\n<meta name=\"twitter:card\" content=\"summary_large_image\" \/>\n<meta name=\"twitter:label1\" content=\"Est. reading time\" \/>\n\t<meta name=\"twitter:data1\" content=\"9 minutes\" \/>\n<script type=\"application\/ld+json\" class=\"yoast-schema-graph\">{\"@context\":\"https:\/\/schema.org\",\"@graph\":[{\"@type\":\"WebPage\",\"@id\":\"https:\/\/www.kersia-group.com\/fr-dz\/politique-de-protection-des-donnees-personnelles\/\",\"url\":\"https:\/\/www.kersia-group.com\/fr-dz\/politique-de-protection-des-donnees-personnelles\/\",\"name\":\"Politique de Protection des Donn\u00e9es Personnelles - Kersia Group\",\"isPartOf\":{\"@id\":\"\/#website\"},\"datePublished\":\"2019-10-27T16:04:56+00:00\",\"dateModified\":\"2019-10-27T16:04:56+00:00\",\"breadcrumb\":{\"@id\":\"https:\/\/www.kersia-group.com\/fr-dz\/politique-de-protection-des-donnees-personnelles\/#breadcrumb\"},\"inLanguage\":\"fr-DZ\",\"potentialAction\":[{\"@type\":\"ReadAction\",\"target\":[\"https:\/\/www.kersia-group.com\/fr-dz\/politique-de-protection-des-donnees-personnelles\/\"]}]},{\"@type\":\"BreadcrumbList\",\"@id\":\"https:\/\/www.kersia-group.com\/fr-dz\/politique-de-protection-des-donnees-personnelles\/#breadcrumb\",\"itemListElement\":[{\"@type\":\"ListItem\",\"position\":1,\"name\":\"Home\",\"item\":\"https:\/\/www.kersia-group.com\/fr-dz\/\"},{\"@type\":\"ListItem\",\"position\":2,\"name\":\"Politique de Protection des Donn\u00e9es Personnelles\"}]},{\"@type\":\"WebSite\",\"@id\":\"\/#website\",\"url\":\"\/\",\"name\":\"Kersia Group\",\"description\":\"INVENTING A FOOD SAFE WORLD\",\"potentialAction\":[{\"@type\":\"SearchAction\",\"target\":{\"@type\":\"EntryPoint\",\"urlTemplate\":\"\/?s={search_term_string}\"},\"query-input\":\"required name=search_term_string\"}],\"inLanguage\":\"fr-DZ\"}]}<\/script>\n<!-- \/ Yoast SEO plugin. -->","yoast_head_json":{"title":"Politique de Protection des Donn\u00e9es Personnelles - Kersia Group","robots":{"index":"index","follow":"follow","max-snippet":"max-snippet:-1","max-image-preview":"max-image-preview:large","max-video-preview":"max-video-preview:-1"},"canonical":"https:\/\/www.kersia-group.com\/fr-dz\/politique-de-protection-des-donnees-personnelles\/","og_locale":"fr_FR","og_type":"article","og_title":"Politique de Protection des Donn\u00e9es Personnelles - Kersia Group","og_description":"[vc_row][vc_column][vc_column_text el_class=&#8221;legal&#8221;] Introduction Le groupe Kersia* est soucieux du respect de votre vie priv\u00e9e et accorde une grande importance \u00e0 la mani\u00e8re dont vos donn\u00e9es personnelles sont trait\u00e9es. Pour cette&hellip;","og_url":"https:\/\/www.kersia-group.com\/fr-dz\/politique-de-protection-des-donnees-personnelles\/","og_site_name":"Kersia Group","twitter_card":"summary_large_image","twitter_misc":{"Est. reading time":"9 minutes"},"schema":{"@context":"https:\/\/schema.org","@graph":[{"@type":"WebPage","@id":"https:\/\/www.kersia-group.com\/fr-dz\/politique-de-protection-des-donnees-personnelles\/","url":"https:\/\/www.kersia-group.com\/fr-dz\/politique-de-protection-des-donnees-personnelles\/","name":"Politique de Protection des Donn\u00e9es Personnelles - Kersia Group","isPartOf":{"@id":"\/#website"},"datePublished":"2019-10-27T16:04:56+00:00","dateModified":"2019-10-27T16:04:56+00:00","breadcrumb":{"@id":"https:\/\/www.kersia-group.com\/fr-dz\/politique-de-protection-des-donnees-personnelles\/#breadcrumb"},"inLanguage":"fr-DZ","potentialAction":[{"@type":"ReadAction","target":["https:\/\/www.kersia-group.com\/fr-dz\/politique-de-protection-des-donnees-personnelles\/"]}]},{"@type":"BreadcrumbList","@id":"https:\/\/www.kersia-group.com\/fr-dz\/politique-de-protection-des-donnees-personnelles\/#breadcrumb","itemListElement":[{"@type":"ListItem","position":1,"name":"Home","item":"https:\/\/www.kersia-group.com\/fr-dz\/"},{"@type":"ListItem","position":2,"name":"Politique de Protection des Donn\u00e9es Personnelles"}]},{"@type":"WebSite","@id":"\/#website","url":"\/","name":"Kersia Group","description":"INVENTING A FOOD SAFE WORLD","potentialAction":[{"@type":"SearchAction","target":{"@type":"EntryPoint","urlTemplate":"\/?s={search_term_string}"},"query-input":"required name=search_term_string"}],"inLanguage":"fr-DZ"}]}},"_links":{"self":[{"href":"https:\/\/www.kersia-group.com\/fr-dz\/wp-json\/wp\/v2\/pages\/69397","targetHints":{"allow":["GET"]}}],"collection":[{"href":"https:\/\/www.kersia-group.com\/fr-dz\/wp-json\/wp\/v2\/pages"}],"about":[{"href":"https:\/\/www.kersia-group.com\/fr-dz\/wp-json\/wp\/v2\/types\/page"}],"author":[{"embeddable":true,"href":"https:\/\/www.kersia-group.com\/fr-dz\/wp-json\/wp\/v2\/users\/2"}],"replies":[{"embeddable":true,"href":"https:\/\/www.kersia-group.com\/fr-dz\/wp-json\/wp\/v2\/comments?post=69397"}],"version-history":[{"count":0,"href":"https:\/\/www.kersia-group.com\/fr-dz\/wp-json\/wp\/v2\/pages\/69397\/revisions"}],"wp:attachment":[{"href":"https:\/\/www.kersia-group.com\/fr-dz\/wp-json\/wp\/v2\/media?parent=69397"}],"curies":[{"name":"wp","href":"https:\/\/api.w.org\/{rel}","templated":true}]}}