{"id":69146,"date":"2019-11-27T10:53:24","date_gmt":"2019-11-27T09:53:24","guid":{"rendered":"https:\/\/www.kersia-group.com\/documentation-reglementaire\/"},"modified":"2019-11-27T10:53:24","modified_gmt":"2019-11-27T09:53:24","slug":"documentation-reglementaire","status":"publish","type":"page","link":"https:\/\/www.kersia-group.com\/fr-ch\/documentation-reglementaire\/","title":{"rendered":"Documentation r\u00e9glementaire"},"content":{"rendered":"<p>[vc_row][vc_column][vc_column_text el_class=&#8221;edito2&#8243;]<\/p>\n<h2 style=\"text-align: center;\"> Parcourez votre documentation produits \u2013 fiches techniques (FT), fiches de donn\u00e9es de s\u00e9curit\u00e9 (FDS), attestations, etc.<\/h2>\n<p>[\/vc_column_text]<div class=\"ult-spacer spacer-69d1106edd45c\" data-id=\"69d1106edd45c\" data-height=\"50\" data-height-mobile=\"20\" data-height-tab=\"35\" data-height-tab-portrait=\"35\" data-height-mobile-landscape=\"20\" style=\"clear:both;display:block;\"><\/div>[vc_btn title=&#8221;SE CONNECTER \u00c0 L&#8217;ESPACE CLIENT&#8221; style=&#8221;custom&#8221; custom_background=&#8221;#4ead33&#8243; custom_text=&#8221;#ffffff&#8221; shape=&#8221;round&#8221; size=&#8221;lg&#8221; align=&#8221;center&#8221; css_animation=&#8221;bottom-to-top&#8221; link=&#8221;url:https%3A%2F%2Fmyaccount.kersia-group.com%2F|title:Se%20connecter%20%C3%A0%20l%27espace%20client|target:%20_blank|&#8221;]<div class=\"ult-spacer spacer-69d1106edd48b\" data-id=\"69d1106edd48b\" data-height=\"50\" data-height-mobile=\"20\" data-height-tab=\"35\" data-height-tab-portrait=\"35\" data-height-mobile-landscape=\"20\" style=\"clear:both;display:block;\"><\/div>[\/vc_column][\/vc_row]<\/p>\n","protected":false},"excerpt":{"rendered":"<p>[vc_row][vc_column][vc_column_text el_class=&#8221;edito2&#8243;] Parcourez votre documentation produits \u2013 fiches techniques (FT), fiches de donn\u00e9es de s\u00e9curit\u00e9 (FDS), attestations, etc. [\/vc_column_text][vc_btn title=&#8221;SE CONNECTER \u00c0 L&#8217;ESPACE CLIENT&#8221; style=&#8221;custom&#8221; custom_background=&#8221;#4ead33&#8243; custom_text=&#8221;#ffffff&#8221; shape=&#8221;round&#8221; size=&#8221;lg&#8221; align=&#8221;center&#8221;&hellip;<\/p>\n","protected":false},"author":2,"featured_media":0,"parent":0,"menu_order":0,"comment_status":"closed","ping_status":"closed","template":"","meta":{"_acf_changed":false,"footnotes":""},"class_list":["post-69146","page","type-page","status-publish","hentry","description-off"],"acf":[],"yoast_head":"<!-- This site is optimized with the Yoast SEO plugin v21.9.1 - https:\/\/yoast.com\/wordpress\/plugins\/seo\/ -->\n<title>Documentation r\u00e9glementaire - Kersia Group<\/title>\n<meta name=\"robots\" content=\"index, follow, max-snippet:-1, max-image-preview:large, max-video-preview:-1\" \/>\n<link rel=\"canonical\" href=\"https:\/\/www.kersia-group.com\/fr-ch\/documentation-reglementaire\/\" \/>\n<meta property=\"og:locale\" content=\"fr_FR\" \/>\n<meta property=\"og:type\" content=\"article\" \/>\n<meta property=\"og:title\" content=\"Documentation r\u00e9glementaire - Kersia Group\" \/>\n<meta property=\"og:description\" content=\"[vc_row][vc_column][vc_column_text el_class=&#8221;edito2&#8243;] Parcourez votre documentation produits \u2013 fiches techniques (FT), fiches de donn\u00e9es de s\u00e9curit\u00e9 (FDS), attestations, etc. [\/vc_column_text][vc_btn title=&#8221;SE CONNECTER \u00c0 L&#8217;ESPACE CLIENT&#8221; style=&#8221;custom&#8221; custom_background=&#8221;#4ead33&#8243; custom_text=&#8221;#ffffff&#8221; shape=&#8221;round&#8221; size=&#8221;lg&#8221; align=&#8221;center&#8221;&hellip;\" \/>\n<meta property=\"og:url\" content=\"https:\/\/www.kersia-group.com\/fr-ch\/documentation-reglementaire\/\" \/>\n<meta property=\"og:site_name\" content=\"Kersia Group\" \/>\n<meta name=\"twitter:card\" content=\"summary_large_image\" \/>\n<meta name=\"twitter:label1\" content=\"Est. reading time\" \/>\n\t<meta name=\"twitter:data1\" content=\"1 minute\" \/>\n<script type=\"application\/ld+json\" class=\"yoast-schema-graph\">{\"@context\":\"https:\/\/schema.org\",\"@graph\":[{\"@type\":\"WebPage\",\"@id\":\"https:\/\/www.kersia-group.com\/fr-ch\/documentation-reglementaire\/\",\"url\":\"https:\/\/www.kersia-group.com\/fr-ch\/documentation-reglementaire\/\",\"name\":\"Documentation r\u00e9glementaire - Kersia Group\",\"isPartOf\":{\"@id\":\"\/#website\"},\"datePublished\":\"2019-11-27T09:53:24+00:00\",\"dateModified\":\"2019-11-27T09:53:24+00:00\",\"breadcrumb\":{\"@id\":\"https:\/\/www.kersia-group.com\/fr-ch\/documentation-reglementaire\/#breadcrumb\"},\"inLanguage\":\"fr-CH\",\"potentialAction\":[{\"@type\":\"ReadAction\",\"target\":[\"https:\/\/www.kersia-group.com\/fr-ch\/documentation-reglementaire\/\"]}]},{\"@type\":\"BreadcrumbList\",\"@id\":\"https:\/\/www.kersia-group.com\/fr-ch\/documentation-reglementaire\/#breadcrumb\",\"itemListElement\":[{\"@type\":\"ListItem\",\"position\":1,\"name\":\"Home\",\"item\":\"https:\/\/www.kersia-group.com\/fr-ch\/\"},{\"@type\":\"ListItem\",\"position\":2,\"name\":\"Documentation r\u00e9glementaire\"}]},{\"@type\":\"WebSite\",\"@id\":\"\/#website\",\"url\":\"\/\",\"name\":\"Kersia Group\",\"description\":\"INVENTING A FOOD SAFE WORLD\",\"potentialAction\":[{\"@type\":\"SearchAction\",\"target\":{\"@type\":\"EntryPoint\",\"urlTemplate\":\"\/?s={search_term_string}\"},\"query-input\":\"required name=search_term_string\"}],\"inLanguage\":\"fr-CH\"}]}<\/script>\n<!-- \/ Yoast SEO plugin. -->","yoast_head_json":{"title":"Documentation r\u00e9glementaire - Kersia Group","robots":{"index":"index","follow":"follow","max-snippet":"max-snippet:-1","max-image-preview":"max-image-preview:large","max-video-preview":"max-video-preview:-1"},"canonical":"https:\/\/www.kersia-group.com\/fr-ch\/documentation-reglementaire\/","og_locale":"fr_FR","og_type":"article","og_title":"Documentation r\u00e9glementaire - Kersia Group","og_description":"[vc_row][vc_column][vc_column_text el_class=&#8221;edito2&#8243;] Parcourez votre documentation produits \u2013 fiches techniques (FT), fiches de donn\u00e9es de s\u00e9curit\u00e9 (FDS), attestations, etc. [\/vc_column_text][vc_btn title=&#8221;SE CONNECTER \u00c0 L&#8217;ESPACE CLIENT&#8221; style=&#8221;custom&#8221; custom_background=&#8221;#4ead33&#8243; custom_text=&#8221;#ffffff&#8221; shape=&#8221;round&#8221; size=&#8221;lg&#8221; align=&#8221;center&#8221;&hellip;","og_url":"https:\/\/www.kersia-group.com\/fr-ch\/documentation-reglementaire\/","og_site_name":"Kersia Group","twitter_card":"summary_large_image","twitter_misc":{"Est. reading time":"1 minute"},"schema":{"@context":"https:\/\/schema.org","@graph":[{"@type":"WebPage","@id":"https:\/\/www.kersia-group.com\/fr-ch\/documentation-reglementaire\/","url":"https:\/\/www.kersia-group.com\/fr-ch\/documentation-reglementaire\/","name":"Documentation r\u00e9glementaire - Kersia Group","isPartOf":{"@id":"\/#website"},"datePublished":"2019-11-27T09:53:24+00:00","dateModified":"2019-11-27T09:53:24+00:00","breadcrumb":{"@id":"https:\/\/www.kersia-group.com\/fr-ch\/documentation-reglementaire\/#breadcrumb"},"inLanguage":"fr-CH","potentialAction":[{"@type":"ReadAction","target":["https:\/\/www.kersia-group.com\/fr-ch\/documentation-reglementaire\/"]}]},{"@type":"BreadcrumbList","@id":"https:\/\/www.kersia-group.com\/fr-ch\/documentation-reglementaire\/#breadcrumb","itemListElement":[{"@type":"ListItem","position":1,"name":"Home","item":"https:\/\/www.kersia-group.com\/fr-ch\/"},{"@type":"ListItem","position":2,"name":"Documentation r\u00e9glementaire"}]},{"@type":"WebSite","@id":"\/#website","url":"\/","name":"Kersia Group","description":"INVENTING A FOOD SAFE WORLD","potentialAction":[{"@type":"SearchAction","target":{"@type":"EntryPoint","urlTemplate":"\/?s={search_term_string}"},"query-input":"required name=search_term_string"}],"inLanguage":"fr-CH"}]}},"_links":{"self":[{"href":"https:\/\/www.kersia-group.com\/fr-ch\/wp-json\/wp\/v2\/pages\/69146","targetHints":{"allow":["GET"]}}],"collection":[{"href":"https:\/\/www.kersia-group.com\/fr-ch\/wp-json\/wp\/v2\/pages"}],"about":[{"href":"https:\/\/www.kersia-group.com\/fr-ch\/wp-json\/wp\/v2\/types\/page"}],"author":[{"embeddable":true,"href":"https:\/\/www.kersia-group.com\/fr-ch\/wp-json\/wp\/v2\/users\/2"}],"replies":[{"embeddable":true,"href":"https:\/\/www.kersia-group.com\/fr-ch\/wp-json\/wp\/v2\/comments?post=69146"}],"version-history":[{"count":0,"href":"https:\/\/www.kersia-group.com\/fr-ch\/wp-json\/wp\/v2\/pages\/69146\/revisions"}],"wp:attachment":[{"href":"https:\/\/www.kersia-group.com\/fr-ch\/wp-json\/wp\/v2\/media?parent=69146"}],"curies":[{"name":"wp","href":"https:\/\/api.w.org\/{rel}","templated":true}]}}