{"id":99252,"date":"2020-01-07T14:22:00","date_gmt":"2020-01-07T13:22:00","guid":{"rendered":"https:\/\/www.kersia-group.com\/acerca-de-nosotros\/valores\/"},"modified":"2025-06-27T17:50:41","modified_gmt":"2025-06-27T15:50:41","slug":"valores","status":"publish","type":"page","link":"https:\/\/www.kersia-group.com\/es-mx\/acerca-de-nosotros\/valores\/","title":{"rendered":"Valores"},"content":{"rendered":"<p>[vc_row type=&#8221;vc_default&#8221; bg_type=&#8221;image&#8221; css=&#8221;.vc_custom_1568272823543{background-position: center !important;background-repeat: no-repeat !important;background-size: cover !important;}&#8221;][vc_column][vc_row_inner][vc_column_inner width=&#8221;1\/2&#8243; offset=&#8221;vc_col-lg-6 vc_col-md-6&#8243;][vc_column_text el_class=&#8221;carnas_green&#8221;]<\/p>\n<h2>Transparencia, intercambio, competencia y previsi\u00f3n<\/h2>\n<p>[\/vc_column_text][\/vc_column_inner][vc_column_inner width=&#8221;1\/2&#8243; offset=&#8221;vc_col-lg-6 vc_col-md-6&#8243;][vc_column_text el_class=&#8221;edito2&#8243;]En todo el planeta, nuestros empleados comparten y cultivan estos valores fundamentales. Estos valores representan nuestra esencia \u00edntima y forma la base de nuestra relaci\u00f3n con usted, nuestros clientes y socios.[\/vc_column_text][\/vc_column_inner][\/vc_row_inner]<div class=\"ult-spacer spacer-69d71f19b5228\" data-id=\"69d71f19b5228\" data-height=\"50\" data-height-mobile=\"25\" data-height-tab=\"40\" data-height-tab-portrait=\"40\" data-height-mobile-landscape=\"25\" style=\"clear:both;display:block;\"><\/div>[\/vc_column][\/vc_row][vc_row type=&#8221;vc_default&#8221; full_width=&#8221;stretch_row_content&#8221; gap=&#8221;35&#8243; equal_height=&#8221;yes&#8221;][vc_column width=&#8221;1\/2&#8243; css=&#8221;.vc_custom_1570460876126{margin-top: 0px !important;margin-right: 0px !important;margin-bottom: 0px !important;margin-left: 0px !important;padding-top: 0px !important;padding-right: 0px !important;padding-bottom: 0px !important;padding-left: 0px !important;}&#8221; offset=&#8221;vc_col-lg-offset-0 vc_col-lg-3 vc_col-md-offset-0 vc_col-md-6 vc_col-sm-offset-0 vc_hidden-xs&#8221;][vc_hoverbox image=&#8221;91256&#8243; primary_title=&#8221;Transparencia&#8221; primary_title_font_container=&#8221;color:%23ffffff&#8221; primary_title_use_theme_fonts=&#8221;yes&#8221; hover_title=&#8221;Transparencia&#8221; hover_title_font_container=&#8221;color:%23ffffff&#8221; hover_title_use_theme_fonts=&#8221;yes&#8221; shape=&#8221;square&#8221; hover_background_color=&#8221;custom&#8221; css_animation=&#8221;bounceIn&#8221; use_custom_fonts_primary_title=&#8221;true&#8221; use_custom_fonts_hover_title=&#8221;true&#8221; hover_custom_background=&#8221;#69aa46&#8243; css=&#8221;.vc_custom_1571835078350{margin-top: 0px !important;margin-right: 0px !important;margin-bottom: 0px !important;margin-left: 0px !important;padding-top: 0px !important;padding-right: 0px !important;padding-bottom: 0px !important;padding-left: 0px !important;}&#8221; el_class=&#8221;content_value&#8221;]<span style=\"color: #ffffff;\">Establecemos relaciones a largo plazo siendo abiertos, \u00e9ticos y justos. En un \u00e1mbito que se enfrenta con problemas sanitarios y de cumplimiento, las personas conf\u00edan en nosotros porque cumplimos nuestra palabra.<\/span>[\/vc_hoverbox]<div class=\"ult-spacer spacer-69d71f19b526a\" data-id=\"69d71f19b526a\" data-height=\"30\" data-height-mobile=\"15\" data-height-tab=\"15\" data-height-tab-portrait=\"15\" data-height-mobile-landscape=\"15\" style=\"clear:both;display:block;\"><\/div>[vc_column_text]<\/p>\n<p class=\"card-title\" style=\"text-align: center;\">Para creer que los alimentos son seguros, los consumidores exigen transparencia total.<\/p>\n<p>[\/vc_column_text][\/vc_column][vc_column width=&#8221;1\/2&#8243; offset=&#8221;vc_col-lg-offset-0 vc_col-lg-3 vc_col-md-offset-0 vc_col-md-6 vc_col-sm-offset-0 vc_hidden-xs&#8221;][vc_hoverbox image=&#8221;91257&#8243; primary_title=&#8221;Intercambio&#8221; primary_title_font_container=&#8221;color:%23ffffff&#8221; primary_title_use_theme_fonts=&#8221;yes&#8221; hover_title=&#8221;Intercambio&#8221; hover_title_font_container=&#8221;color:%23ffffff&#8221; hover_title_use_theme_fonts=&#8221;yes&#8221; shape=&#8221;square&#8221; hover_background_color=&#8221;custom&#8221; css_animation=&#8221;bounceIn&#8221; use_custom_fonts_primary_title=&#8221;true&#8221; use_custom_fonts_hover_title=&#8221;true&#8221; hover_custom_background=&#8221;#0060ac&#8221; css=&#8221;.vc_custom_1571835084535{margin-top: 0px !important;margin-right: 0px !important;margin-bottom: 0px !important;margin-left: 0px !important;padding-top: 0px !important;padding-right: 0px !important;padding-bottom: 0px !important;padding-left: 0px !important;}&#8221; el_class=&#8221;content_value&#8221;]<span style=\"color: #ffffff;\">Aprendemos y avanzamos a partir de la experiencia de clientes, compa\u00f1eros y socios. La comunicaci\u00f3n honesta entre personas con diferentes experiencias nos ayuda a desarrollar nuevas soluciones y marcar la diferencia.<\/span>[\/vc_hoverbox]<div class=\"ult-spacer spacer-69d71f19b52a2\" data-id=\"69d71f19b52a2\" data-height=\"30\" data-height-mobile=\"15\" data-height-tab=\"15\" data-height-tab-portrait=\"15\" data-height-mobile-landscape=\"15\" style=\"clear:both;display:block;\"><\/div>[vc_column_text]<\/p>\n<p class=\"card-title\" style=\"text-align: center;\">Una cultura abierta es el secreto del avance.<\/p>\n<p>[\/vc_column_text][\/vc_column][vc_column width=&#8221;1\/2&#8243; offset=&#8221;vc_col-lg-3 vc_col-md-6 vc_hidden-xs&#8221;][vc_hoverbox image=&#8221;91258&#8243; primary_title=&#8221;Competencia&#8221; primary_title_font_container=&#8221;color:%23ffffff&#8221; primary_title_use_theme_fonts=&#8221;yes&#8221; hover_title=&#8221;Competencia&#8221; hover_title_font_container=&#8221;color:%23ffffff&#8221; hover_title_use_theme_fonts=&#8221;yes&#8221; shape=&#8221;square&#8221; hover_background_color=&#8221;custom&#8221; css_animation=&#8221;bounceIn&#8221; use_custom_fonts_primary_title=&#8221;true&#8221; use_custom_fonts_hover_title=&#8221;true&#8221; hover_custom_background=&#8221;#01a8dd&#8221; css=&#8221;.vc_custom_1570462866851{margin-top: 0px !important;margin-right: 0px !important;margin-bottom: 0px !important;margin-left: 0px !important;padding-top: 0px !important;padding-right: 0px !important;padding-bottom: 0px !important;padding-left: 0px !important;}&#8221; el_class=&#8221;content_value&#8221;]<span style=\"color: #ffffff;\">Recomendamos a nuestros clientes con inter\u00e9s que identifiquen los problemas y se centren en sus necesidades para resolverlos. Conseguimos resultados fiables y rendimiento completo movilizando nuestras mejores capacidades y talento t\u00e9cnico.<\/span>[\/vc_hoverbox]<div class=\"ult-spacer spacer-69d71f19b52cb\" data-id=\"69d71f19b52cb\" data-height=\"30\" data-height-mobile=\"15\" data-height-tab=\"15\" data-height-tab-portrait=\"15\" data-height-mobile-landscape=\"15\" style=\"clear:both;display:block;\"><\/div>[vc_column_text]<\/p>\n<p class=\"card-title\" style=\"text-align: center;\">La bioseguridad necesita un enfoque integrado para analizar y gestionar riesgos.<\/p>\n<p>[\/vc_column_text][\/vc_column][vc_column width=&#8221;1\/2&#8243; offset=&#8221;vc_col-lg-3 vc_col-md-6 vc_hidden-xs&#8221;][vc_hoverbox image=&#8221;91259&#8243; primary_title=&#8221;Predicci\u00f3n&#8221; primary_title_font_container=&#8221;color:%23ffffff&#8221; primary_title_use_theme_fonts=&#8221;yes&#8221; hover_title=&#8221;Predicci\u00f3n&#8221; hover_title_font_container=&#8221;color:%23ffffff&#8221; hover_title_use_theme_fonts=&#8221;yes&#8221; shape=&#8221;square&#8221; hover_background_color=&#8221;custom&#8221; css_animation=&#8221;bounceIn&#8221; use_custom_fonts_primary_title=&#8221;true&#8221; use_custom_fonts_hover_title=&#8221;true&#8221; hover_custom_background=&#8221;#008d33&#8243; css=&#8221;.vc_custom_1570462876463{margin-top: 0px !important;margin-right: 0px !important;margin-bottom: 0px !important;margin-left: 0px !important;padding-top: 0px !important;padding-right: 0px !important;padding-bottom: 0px !important;padding-left: 0px !important;}&#8221; el_class=&#8221;content_value&#8221;]<span style=\"color: #ffffff;\">Nos anticipamos constantemente al cambio transformacional. Pensamos \u00abcon originalidad\u00bb cuando nos enfrentamos a nuevos retos. Forma parte de nuestra esencia innovar y enfocar nuestro trabajo con opiniones nuevas pero sostenibles.<\/span>[\/vc_hoverbox]<div class=\"ult-spacer spacer-69d71f19b52f7\" data-id=\"69d71f19b52f7\" data-height=\"30\" data-height-mobile=\"15\" data-height-tab=\"15\" data-height-tab-portrait=\"15\" data-height-mobile-landscape=\"15\" style=\"clear:both;display:block;\"><\/div>[vc_column_text]<\/p>\n<p class=\"card-title\" style=\"text-align: center;\">La seguridad alimentaria se enfrenta diariamente a problemas nuevos y, a menudo, impredecibles.<\/p>\n<p>[\/vc_column_text][\/vc_column][\/vc_row][vc_row][vc_column offset=&#8221;vc_hidden-lg vc_hidden-md vc_hidden-sm&#8221;]<div id=\"ult-carousel-387035157669d71f19b53d3\" class=\"ult-carousel-wrapper   ult_horizontal\" data-gutter=\"15\" data-rtl=\"false\" ><div class=\"ult-carousel-73660137769d71f19b533e \" >[vc_row_inner][vc_column_inner][vc_hoverbox image=&#8221;91256&#8243; primary_title=&#8221;Transparencia&#8221; primary_title_font_container=&#8221;color:%23ffffff&#8221; primary_title_use_theme_fonts=&#8221;yes&#8221; hover_title=&#8221;Transparencia&#8221; hover_title_font_container=&#8221;color:%23ffffff&#8221; hover_title_use_theme_fonts=&#8221;yes&#8221; shape=&#8221;square&#8221; hover_background_color=&#8221;custom&#8221; css_animation=&#8221;bounceIn&#8221; use_custom_fonts_primary_title=&#8221;true&#8221; use_custom_fonts_hover_title=&#8221;true&#8221; hover_custom_background=&#8221;#69aa46&#8243; css=&#8221;.vc_custom_1572516945754{margin-top: 0px !important;margin-right: 0px !important;margin-bottom: 0px !important;margin-left: 0px !important;padding-top: 0px !important;padding-right: 0px !important;padding-bottom: 0px !important;padding-left: 0px !important;}&#8221; el_class=&#8221;content_value&#8221;]<span style=\"color: #ffffff;\">Establecemos relaciones a largo plazo siendo abiertos, \u00e9ticos y justos. En un \u00e1mbito que se enfrenta con problemas sanitarios y de cumplimiento, las personas conf\u00edan en nosotros porque cumplimos nuestra palabra.<\/span>[\/vc_hoverbox]<div class=\"ult-item-wrap\" data-animation=\"animated no-animation\"><div class=\"ult-spacer spacer-69d71f19b547f\" data-id=\"69d71f19b547f\" data-height=\"30\" data-height-mobile=\"30\" data-height-tab=\"30\" data-height-tab-portrait=\"\" data-height-mobile-landscape=\"\" style=\"clear:both;display:block;\"><\/div><\/div>[vc_column_text]<\/p>\n<p class=\"card-title\" style=\"text-align: center;\">Para creer que los alimentos son seguros, los consumidores exigen transparencia total.<\/p>\n<p>[\/vc_column_text][\/vc_column_inner][\/vc_row_inner][vc_row_inner][vc_column_inner][vc_hoverbox image=&#8221;91257&#8243; primary_title=&#8221;Intercambio&#8221; primary_title_font_container=&#8221;font_size:42px|color:%23ffffff&#8221; primary_title_use_theme_fonts=&#8221;yes&#8221; hover_title=&#8221;Intercambio&#8221; hover_title_font_container=&#8221;font_size:42px|color:%23ffffff&#8221; hover_title_use_theme_fonts=&#8221;yes&#8221; shape=&#8221;square&#8221; hover_background_color=&#8221;custom&#8221; css_animation=&#8221;bounceIn&#8221; use_custom_fonts_primary_title=&#8221;true&#8221; use_custom_fonts_hover_title=&#8221;true&#8221; hover_custom_background=&#8221;#0060ac&#8221; css=&#8221;.vc_custom_1568282579051{margin-top: 0px !important;margin-right: 0px !important;margin-bottom: 0px !important;margin-left: 0px !important;padding-top: 0px !important;padding-right: 0px !important;padding-bottom: 0px !important;padding-left: 0px !important;}&#8221; el_class=&#8221;content_value&#8221;]<span style=\"color: #ffffff;\">Aprendemos y avanzamos a partir de la experiencia de clientes, compa\u00f1eros y socios. La comunicaci\u00f3n honesta entre personas con diferentes experiencias nos ayuda a desarrollar nuevas soluciones y marcar la diferencia.<\/span>[\/vc_hoverbox]<div class=\"ult-item-wrap\" data-animation=\"animated no-animation\"><div class=\"ult-spacer spacer-69d71f19b54a3\" data-id=\"69d71f19b54a3\" data-height=\"30\" data-height-mobile=\"30\" data-height-tab=\"30\" data-height-tab-portrait=\"\" data-height-mobile-landscape=\"\" style=\"clear:both;display:block;\"><\/div><\/div>[vc_column_text]<\/p>\n<p class=\"card-title\" style=\"text-align: center;\">Una cultura abierta es el secreto del avance.<\/p>\n<p>[\/vc_column_text][\/vc_column_inner][\/vc_row_inner][vc_row_inner][vc_column_inner][vc_hoverbox image=&#8221;91258&#8243; primary_title=&#8221;Competencia&#8221; primary_title_font_container=&#8221;font_size:42px|color:%23ffffff&#8221; primary_title_use_theme_fonts=&#8221;yes&#8221; hover_title=&#8221;Competencia&#8221; hover_title_font_container=&#8221;font_size:42px|color:%23ffffff&#8221; hover_title_use_theme_fonts=&#8221;yes&#8221; shape=&#8221;square&#8221; hover_background_color=&#8221;custom&#8221; css_animation=&#8221;bounceIn&#8221; use_custom_fonts_primary_title=&#8221;true&#8221; use_custom_fonts_hover_title=&#8221;true&#8221; hover_custom_background=&#8221;#01a8dd&#8221; css=&#8221;.vc_custom_1568282571009{margin-top: 0px !important;margin-right: 0px !important;margin-bottom: 0px !important;margin-left: 0px !important;padding-top: 0px !important;padding-right: 0px !important;padding-bottom: 0px !important;padding-left: 0px !important;}&#8221; el_class=&#8221;content_value&#8221;]<span style=\"color: #ffffff;\">Recomendamos a nuestros clientes con inter\u00e9s que identifiquen los problemas y se centren en sus necesidades para resolverlos. Conseguimos resultados fiables y rendimiento completo movilizando nuestras mejores capacidades y talento t\u00e9cnico.<\/span>[\/vc_hoverbox]<div class=\"ult-item-wrap\" data-animation=\"animated no-animation\"><div class=\"ult-spacer spacer-69d71f19b54c7\" data-id=\"69d71f19b54c7\" data-height=\"30\" data-height-mobile=\"30\" data-height-tab=\"30\" data-height-tab-portrait=\"\" data-height-mobile-landscape=\"\" style=\"clear:both;display:block;\"><\/div><\/div>[vc_column_text]<\/p>\n<p class=\"card-title\" style=\"text-align: center;\">La bioseguridad necesita un enfoque integrado para analizar y gestionar riesgos.<\/p>\n<p>[\/vc_column_text][\/vc_column_inner][\/vc_row_inner][vc_row_inner][vc_column_inner][vc_hoverbox image=&#8221;91259&#8243; primary_title=&#8221;Predicci\u00f3n&#8221; primary_title_font_container=&#8221;font_size:42px|color:%23ffffff&#8221; primary_title_use_theme_fonts=&#8221;yes&#8221; hover_title=&#8221;Predicci\u00f3n&#8221; hover_title_font_container=&#8221;font_size:42px|color:%23ffffff&#8221; hover_title_use_theme_fonts=&#8221;yes&#8221; shape=&#8221;square&#8221; hover_background_color=&#8221;custom&#8221; css_animation=&#8221;bounceIn&#8221; use_custom_fonts_primary_title=&#8221;true&#8221; use_custom_fonts_hover_title=&#8221;true&#8221; hover_custom_background=&#8221;#008d33&#8243; css=&#8221;.vc_custom_1568282372989{margin-top: 0px !important;margin-right: 0px !important;margin-bottom: 0px !important;margin-left: 0px !important;padding-top: 0px !important;padding-right: 0px !important;padding-bottom: 0px !important;padding-left: 0px !important;}&#8221; el_class=&#8221;content_value&#8221;]<span style=\"color: #ffffff;\">Nos anticipamos constantemente al cambio transformacional. Pensamos \u00abcon originalidad\u00bb cuando nos enfrentamos a nuevos retos. Forma parte de nuestra esencia innovar y enfocar nuestro trabajo con opiniones nuevas pero sostenibles.<\/span>[\/vc_hoverbox]<div class=\"ult-item-wrap\" data-animation=\"animated no-animation\"><div class=\"ult-spacer spacer-69d71f19b54e5\" data-id=\"69d71f19b54e5\" data-height=\"30\" data-height-mobile=\"30\" data-height-tab=\"30\" data-height-tab-portrait=\"\" data-height-mobile-landscape=\"\" style=\"clear:both;display:block;\"><\/div><\/div>[vc_column_text]<\/p>\n<p class=\"card-title\" style=\"text-align: center;\">La seguridad alimentaria se enfrenta diariamente a problemas nuevos y, a menudo, impredecibles.<\/p>\n<p>[\/vc_column_text][\/vc_column_inner][\/vc_row_inner]<\/div><\/div>\t\t\t<script type=\"text\/javascript\">\n\t\t\t\tjQuery(document).ready(function ($) {\n\t\t\t\t\tif( typeof jQuery('.ult-carousel-73660137769d71f19b533e').slick == \"function\"){\n\t\t\t\t\t\t$('.ult-carousel-73660137769d71f19b533e').slick({dots: true,autoplay: true,autoplaySpeed: 5000,speed: 300,infinite: true,arrows: true,nextArrow: '<button type=\"button\" role=\"button\" aria-label=\"Next\" style=\"color:#777777; font-size:20px;\" class=\"slick-next default\"><i class=\"ultsl-arrow-right6\"><\/i><\/button>',prevArrow: '<button type=\"button\" role=\"button\" aria-label=\"Previous\" style=\"color:#777777; font-size:20px;\" class=\"slick-prev default\"><i class=\"ultsl-arrow-left6\"><\/i><\/button>',slidesToScroll:5,slidesToShow:5,swipe: true,draggable: true,touchMove: true,pauseOnHover: true,pauseOnFocus: false,responsive: [\n\t\t\t\t\t\t\t{\n\t\t\t\t\t\t\t  breakpoint: 1026,\n\t\t\t\t\t\t\t  settings: {\n\t\t\t\t\t\t\t\tslidesToShow: 5,\n\t\t\t\t\t\t\t\tslidesToScroll: 5,  \n\t\t\t\t\t\t\t  }\n\t\t\t\t\t\t\t},\n\t\t\t\t\t\t\t{\n\t\t\t\t\t\t\t  breakpoint: 1025,\n\t\t\t\t\t\t\t  settings: {\n\t\t\t\t\t\t\t\tslidesToShow: 3,\n\t\t\t\t\t\t\t\tslidesToScroll: 3\n\t\t\t\t\t\t\t  }\n\t\t\t\t\t\t\t},\n\t\t\t\t\t\t\t{\n\t\t\t\t\t\t\t  breakpoint: 760,\n\t\t\t\t\t\t\t  settings: {\n\t\t\t\t\t\t\t\tslidesToShow: 1,\n\t\t\t\t\t\t\t\tslidesToScroll: 1\n\t\t\t\t\t\t\t  }\n\t\t\t\t\t\t\t}\n\t\t\t\t\t\t],pauseOnDotsHover: true,customPaging: function(slider, i) {\n                   return '<i type=\"button\" style= \"color:#777777;\" class=\"ultsl-record\" data-role=\"none\"><\/i>';\n                },});\n\t\t\t\t\t}\n\t\t\t\t});\n\t\t\t<\/script>\n\t\t\t[\/vc_column][\/vc_row]<\/p>\n","protected":false},"excerpt":{"rendered":"<p>[vc_row type=&#8221;vc_default&#8221; bg_type=&#8221;image&#8221; css=&#8221;.vc_custom_1568272823543{background-position: center !important;background-repeat: no-repeat !important;background-size: cover !important;}&#8221;][vc_column][vc_row_inner][vc_column_inner width=&#8221;1\/2&#8243; offset=&#8221;vc_col-lg-6 vc_col-md-6&#8243;][vc_column_text el_class=&#8221;carnas_green&#8221;] Transparencia, intercambio, competencia y previsi\u00f3n [\/vc_column_text][\/vc_column_inner][vc_column_inner width=&#8221;1\/2&#8243; offset=&#8221;vc_col-lg-6 vc_col-md-6&#8243;][vc_column_text el_class=&#8221;edito2&#8243;]En todo el planeta, nuestros empleados comparten&hellip;<\/p>\n","protected":false},"author":2,"featured_media":0,"parent":90954,"menu_order":0,"comment_status":"closed","ping_status":"closed","template":"","meta":{"_acf_changed":false,"footnotes":""},"class_list":["post-99252","page","type-page","status-publish","hentry","description-off"],"acf":[],"yoast_head":"<!-- This site is optimized with the Yoast SEO plugin v21.9.1 - https:\/\/yoast.com\/wordpress\/plugins\/seo\/ -->\n<title>Valores - Kersia Group<\/title>\n<meta name=\"robots\" content=\"index, follow, max-snippet:-1, max-image-preview:large, max-video-preview:-1\" \/>\n<link rel=\"canonical\" href=\"https:\/\/www.kersia-group.com\/es-mx\/acerca-de-nosotros\/valores\/\" \/>\n<meta property=\"og:locale\" content=\"es_MX\" \/>\n<meta property=\"og:type\" content=\"article\" \/>\n<meta property=\"og:title\" content=\"Valores - Kersia Group\" \/>\n<meta property=\"og:description\" content=\"[vc_row type=&#8221;vc_default&#8221; bg_type=&#8221;image&#8221; css=&#8221;.vc_custom_1568272823543{background-position: center !important;background-repeat: no-repeat !important;background-size: cover !important;}&#8221;][vc_column][vc_row_inner][vc_column_inner width=&#8221;1\/2&#8243; offset=&#8221;vc_col-lg-6 vc_col-md-6&#8243;][vc_column_text el_class=&#8221;carnas_green&#8221;] Transparencia, intercambio, competencia y previsi\u00f3n [\/vc_column_text][\/vc_column_inner][vc_column_inner width=&#8221;1\/2&#8243; offset=&#8221;vc_col-lg-6 vc_col-md-6&#8243;][vc_column_text el_class=&#8221;edito2&#8243;]En todo el planeta, nuestros empleados comparten&hellip;\" \/>\n<meta property=\"og:url\" content=\"https:\/\/www.kersia-group.com\/es-mx\/acerca-de-nosotros\/valores\/\" \/>\n<meta property=\"og:site_name\" content=\"Kersia Group\" \/>\n<meta property=\"article:modified_time\" content=\"2025-06-27T15:50:41+00:00\" \/>\n<meta name=\"twitter:card\" content=\"summary_large_image\" \/>\n<meta name=\"twitter:label1\" content=\"Tiempo de lectura\" \/>\n\t<meta name=\"twitter:data1\" content=\"8 minutos\" \/>\n<script type=\"application\/ld+json\" class=\"yoast-schema-graph\">{\"@context\":\"https:\/\/schema.org\",\"@graph\":[{\"@type\":\"WebPage\",\"@id\":\"https:\/\/www.kersia-group.com\/es-mx\/acerca-de-nosotros\/valores\/\",\"url\":\"https:\/\/www.kersia-group.com\/es-mx\/acerca-de-nosotros\/valores\/\",\"name\":\"Valores - Kersia Group\",\"isPartOf\":{\"@id\":\"\/#website\"},\"datePublished\":\"2020-01-07T13:22:00+00:00\",\"dateModified\":\"2025-06-27T15:50:41+00:00\",\"breadcrumb\":{\"@id\":\"https:\/\/www.kersia-group.com\/es-mx\/acerca-de-nosotros\/valores\/#breadcrumb\"},\"inLanguage\":\"es\",\"potentialAction\":[{\"@type\":\"ReadAction\",\"target\":[\"https:\/\/www.kersia-group.com\/es-mx\/acerca-de-nosotros\/valores\/\"]}]},{\"@type\":\"BreadcrumbList\",\"@id\":\"https:\/\/www.kersia-group.com\/es-mx\/acerca-de-nosotros\/valores\/#breadcrumb\",\"itemListElement\":[{\"@type\":\"ListItem\",\"position\":1,\"name\":\"Home\",\"item\":\"https:\/\/www.kersia-group.com\/es-mx\/\"},{\"@type\":\"ListItem\",\"position\":2,\"name\":\"Sobre nosotros\",\"item\":\"https:\/\/www.kersia-group.com\/es-mx\/about-us\/\"},{\"@type\":\"ListItem\",\"position\":3,\"name\":\"Valores\"}]},{\"@type\":\"WebSite\",\"@id\":\"\/#website\",\"url\":\"\/\",\"name\":\"Kersia Group\",\"description\":\"INVENTING A FOOD SAFE WORLD\",\"potentialAction\":[{\"@type\":\"SearchAction\",\"target\":{\"@type\":\"EntryPoint\",\"urlTemplate\":\"\/?s={search_term_string}\"},\"query-input\":\"required name=search_term_string\"}],\"inLanguage\":\"es\"}]}<\/script>\n<!-- \/ Yoast SEO plugin. -->","yoast_head_json":{"title":"Valores - Kersia Group","robots":{"index":"index","follow":"follow","max-snippet":"max-snippet:-1","max-image-preview":"max-image-preview:large","max-video-preview":"max-video-preview:-1"},"canonical":"https:\/\/www.kersia-group.com\/es-mx\/acerca-de-nosotros\/valores\/","og_locale":"es_MX","og_type":"article","og_title":"Valores - Kersia Group","og_description":"[vc_row type=&#8221;vc_default&#8221; bg_type=&#8221;image&#8221; css=&#8221;.vc_custom_1568272823543{background-position: center !important;background-repeat: no-repeat !important;background-size: cover !important;}&#8221;][vc_column][vc_row_inner][vc_column_inner width=&#8221;1\/2&#8243; offset=&#8221;vc_col-lg-6 vc_col-md-6&#8243;][vc_column_text el_class=&#8221;carnas_green&#8221;] Transparencia, intercambio, competencia y previsi\u00f3n [\/vc_column_text][\/vc_column_inner][vc_column_inner width=&#8221;1\/2&#8243; offset=&#8221;vc_col-lg-6 vc_col-md-6&#8243;][vc_column_text el_class=&#8221;edito2&#8243;]En todo el planeta, nuestros empleados comparten&hellip;","og_url":"https:\/\/www.kersia-group.com\/es-mx\/acerca-de-nosotros\/valores\/","og_site_name":"Kersia Group","article_modified_time":"2025-06-27T15:50:41+00:00","twitter_card":"summary_large_image","twitter_misc":{"Tiempo de lectura":"8 minutos"},"schema":{"@context":"https:\/\/schema.org","@graph":[{"@type":"WebPage","@id":"https:\/\/www.kersia-group.com\/es-mx\/acerca-de-nosotros\/valores\/","url":"https:\/\/www.kersia-group.com\/es-mx\/acerca-de-nosotros\/valores\/","name":"Valores - Kersia Group","isPartOf":{"@id":"\/#website"},"datePublished":"2020-01-07T13:22:00+00:00","dateModified":"2025-06-27T15:50:41+00:00","breadcrumb":{"@id":"https:\/\/www.kersia-group.com\/es-mx\/acerca-de-nosotros\/valores\/#breadcrumb"},"inLanguage":"es","potentialAction":[{"@type":"ReadAction","target":["https:\/\/www.kersia-group.com\/es-mx\/acerca-de-nosotros\/valores\/"]}]},{"@type":"BreadcrumbList","@id":"https:\/\/www.kersia-group.com\/es-mx\/acerca-de-nosotros\/valores\/#breadcrumb","itemListElement":[{"@type":"ListItem","position":1,"name":"Home","item":"https:\/\/www.kersia-group.com\/es-mx\/"},{"@type":"ListItem","position":2,"name":"Sobre nosotros","item":"https:\/\/www.kersia-group.com\/es-mx\/about-us\/"},{"@type":"ListItem","position":3,"name":"Valores"}]},{"@type":"WebSite","@id":"\/#website","url":"\/","name":"Kersia Group","description":"INVENTING A FOOD SAFE WORLD","potentialAction":[{"@type":"SearchAction","target":{"@type":"EntryPoint","urlTemplate":"\/?s={search_term_string}"},"query-input":"required name=search_term_string"}],"inLanguage":"es"}]}},"_links":{"self":[{"href":"https:\/\/www.kersia-group.com\/es-mx\/wp-json\/wp\/v2\/pages\/99252","targetHints":{"allow":["GET"]}}],"collection":[{"href":"https:\/\/www.kersia-group.com\/es-mx\/wp-json\/wp\/v2\/pages"}],"about":[{"href":"https:\/\/www.kersia-group.com\/es-mx\/wp-json\/wp\/v2\/types\/page"}],"author":[{"embeddable":true,"href":"https:\/\/www.kersia-group.com\/es-mx\/wp-json\/wp\/v2\/users\/2"}],"replies":[{"embeddable":true,"href":"https:\/\/www.kersia-group.com\/es-mx\/wp-json\/wp\/v2\/comments?post=99252"}],"version-history":[{"count":1,"href":"https:\/\/www.kersia-group.com\/es-mx\/wp-json\/wp\/v2\/pages\/99252\/revisions"}],"predecessor-version":[{"id":99254,"href":"https:\/\/www.kersia-group.com\/es-mx\/wp-json\/wp\/v2\/pages\/99252\/revisions\/99254"}],"up":[{"embeddable":true,"href":"https:\/\/www.kersia-group.com\/es-mx\/wp-json\/wp\/v2\/pages\/90954"}],"wp:attachment":[{"href":"https:\/\/www.kersia-group.com\/es-mx\/wp-json\/wp\/v2\/media?parent=99252"}],"curies":[{"name":"wp","href":"https:\/\/api.w.org\/{rel}","templated":true}]}}