{"id":90376,"date":"2024-07-10T20:05:10","date_gmt":"2024-07-10T18:05:10","guid":{"rendered":"https:\/\/www.kersia-group.com\/politica-de-cookies\/"},"modified":"2025-06-26T22:13:54","modified_gmt":"2025-06-26T20:13:54","slug":"politica-de-cookies","status":"publish","type":"page","link":"https:\/\/www.kersia-group.com\/es-mx\/politica-de-cookies\/","title":{"rendered":"Pol\u00edtica de cookies"},"content":{"rendered":"<p>[vc_row][vc_column el_class=&#8221;legal&#8221;][vc_column_text]<\/p>\n<h2>Pol\u00edtica de cookies<\/h2>\n<p>Para que nuestro sitio web funcione correctamente, a veces necesitamos colocar peque\u00f1os archivos de datos, llamados &#8220;cookies&#8221;, en los dispositivos de nuestros usuarios.<\/p>\n<p><strong> <\/strong><\/p>\n<h2><strong>\u00bfQu\u00e9 entendemos por &#8220;cookies&#8221;?<\/strong><\/h2>\n<p>Una cookie es un peque\u00f1o archivo de texto que los sitios web almacenan en tu ordenador o dispositivo m\u00f3vil cuando los visitas.<br \/>\nPermite a estos sitios recordar tus acciones y preferencias durante un per\u00edodo de tiempo, de modo que no tengas que proporcionar esta informaci\u00f3n cada vez que los visites o navegues de una p\u00e1gina a otra. <\/p>\n<p>Las cookies pueden utilizarse para recordar tus preferencias de visualizaci\u00f3n, como el idioma de navegaci\u00f3n, el contraste de colores, el tama\u00f1o de letra, el dispositivo, los resultados de b\u00fasqueda y las preferencias de notificaci\u00f3n, tu elecci\u00f3n de aceptar o no que utilicemos cookies, tus datos de acceso, etc.<\/p>\n<p>Hay diferentes tipos de cookies:<\/p>\n<ul>\n<li>Las cookies de origen son cookies creadas por el sitio web que est\u00e1s visitando.<br \/>\nS\u00f3lo este sitio web puede leerlas. <\/li>\n<li>Las cookies de terceros son creadas por terceras entidades que prestan servicios al sitio web (por ejemplo, YouTube, LinkedIn, etc.)<\/li>\n<\/ul>\n<p>Cuando te conectes por primera vez a nuestro sitio web, se te pedir\u00e1 que aceptes o rechaces las cookies.<\/p>\n<p>&nbsp;<\/p>\n<h2><strong>\u00bfQu\u00e9 cookies se descargan?<br \/>\n\u00bfC\u00f3mo las utilizamos? <\/strong><\/h2>\n<p>Utilizamos cookies propias y de terceros.<\/p>\n<p>Los terceros que pueden colocar cookies en tu dispositivo son los siguientes: Google, YouTube, LinkedIn, Google Analytics.<br \/>\nPara acceder a la \u00faltima versi\u00f3n de la lista de terceros, consulta el <a class=\"cky-banner-element\">banner Cookies<\/a>. <\/p>\n<p>Estas cookies se utilizan para:<\/p>\n<ul>\n<li>Poder hacer funcionar el sitio web (cookies necesarias) y permitirte navegar por \u00e9l y utilizar sus funciones.<br \/>\nPor eso no requieren tu consentimiento.<br \/>\nS\u00f3lo existen las siguientes cookies:    <\/p>\n<ul>\n<li>_GRECAPTCHA: cookies de sesi\u00f3n<\/li>\n<li>rc::a, rc::f, rc::c, rc::b: cookies de protecci\u00f3n del sitio web (Google)<\/li>\n<li>cookieyes-consentimiento: cookies para memorizar preferencias de cookies (CookiesYes)<\/li>\n<\/ul>\n<\/li>\n<li>Permitir la ejecuci\u00f3n de determinadas funcionalidades y guardar tus preferencias (cookies funcionales).<br \/>\nEstas cookies te permitir\u00e1n compartir contenido en plataformas de medios sociales y ver v\u00eddeos disponibles en nuestro sitio web.<br \/>\nTambi\u00e9n te permitir\u00e1n una navegaci\u00f3n fluida en nuestro sitio web de acuerdo con tus preferencias, como el tama\u00f1o de letra, el idioma, etc.  <\/li>\n<li>Mejorar el servicio que ofrecemos a todos nuestros usuarios (cookies anal\u00edticas).<br \/>\nEstas cookies simplemente nos permiten evaluar c\u00f3mo interact\u00faas con nuestro sitio web, por ejemplo, qu\u00e9 p\u00e1ginas se visitan m\u00e1s.<br \/>\nEsta informaci\u00f3n nos permitir\u00e1 mejorar nuestro sitio web.  <\/li>\n<li>Proporcionar a los visitantes anuncios personalizados (Cookies publicitarias).<br \/>\nNuestro sitio web no contiene publicidad, pero dichas cookies pueden ser descargadas por terceros (como YouTube). <\/li>\n<\/ul>\n<p>Las cookies se almacenan en tu dispositivo durante un periodo de tiempo espec\u00edfico y se eliminan despu\u00e9s.<\/p>\n<p>Para m\u00e1s informaci\u00f3n, te invitamos a consultar el <a class=\"cky-banner-element\">banner Cookies<\/a>, que enumera el t\u00edtulo, el origen (interno o de terceros), el periodo de retenci\u00f3n y la funci\u00f3n de cada cookie individualmente.<\/p>\n<p>&nbsp;<\/p>\n<h2><strong>\u00bfC\u00f3mo gestionar las cookies?<\/strong><\/h2>\n<p>Puedes gestionar, bloquear o eliminar las cookies como desees, pero ten en cuenta que entonces puedes impedir que ciertos elementos del sitio funcionen correctamente.<br \/>\nAlgunos servicios y funciones pueden no estar disponibles. <\/p>\n<p>En primer lugar, puedes modificar tus preferencias de uso de cookies en cualquier momento desde el <a class=\"cky-banner-element\">banner Cookies<\/a>.<\/p>\n<p>Tambi\u00e9n puedes gestionar la forma en que se almacenan las cookies directamente en tu navegador.<br \/>\nEn los ajustes relativos a la protecci\u00f3n de la privacidad y las cookies, tienes la posibilidad de administrar las cookies de forma m\u00e1s precisa seg\u00fan su origen.<br \/>\nTambi\u00e9n puedes configurar tu navegador para evitar que se almacenen cookies en tu dispositivo (en cuyo caso es posible que tengas que indicar algunas de tus preferencias cada vez que visites un sitio\/p\u00e1gina web).  <\/p>\n<p>Por \u00faltimo, puedes eliminar las cookies que ya est\u00e9n almacenadas en tu dispositivo borrando el historial de navegaci\u00f3n de tu navegador.<\/p>\n<p>&nbsp;<\/p>\n<p>&nbsp;[\/vc_column_text][\/vc_column][\/vc_row]<\/p>\n","protected":false},"excerpt":{"rendered":"<p>[vc_row][vc_column el_class=&#8221;legal&#8221;][vc_column_text] Pol\u00edtica de cookies Para que nuestro sitio web funcione correctamente, a veces necesitamos colocar peque\u00f1os archivos de datos, llamados &#8220;cookies&#8221;, en los dispositivos de nuestros usuarios. \u00bfQu\u00e9 entendemos&hellip;<\/p>\n","protected":false},"author":12,"featured_media":0,"parent":0,"menu_order":0,"comment_status":"closed","ping_status":"closed","template":"","meta":{"_acf_changed":false,"footnotes":""},"class_list":["post-90376","page","type-page","status-publish","hentry","description-off"],"acf":[],"yoast_head":"<!-- This site is optimized with the Yoast SEO plugin v21.9.1 - https:\/\/yoast.com\/wordpress\/plugins\/seo\/ -->\n<title>Pol\u00edtica de cookies - Kersia Group<\/title>\n<meta name=\"robots\" content=\"index, follow, max-snippet:-1, max-image-preview:large, max-video-preview:-1\" \/>\n<link rel=\"canonical\" href=\"https:\/\/www.kersia-group.com\/es-mx\/politica-de-cookies\/\" \/>\n<meta property=\"og:locale\" content=\"es_MX\" \/>\n<meta property=\"og:type\" content=\"article\" \/>\n<meta property=\"og:title\" content=\"Pol\u00edtica de cookies - Kersia Group\" \/>\n<meta property=\"og:description\" content=\"[vc_row][vc_column el_class=&#8221;legal&#8221;][vc_column_text] Pol\u00edtica de cookies Para que nuestro sitio web funcione correctamente, a veces necesitamos colocar peque\u00f1os archivos de datos, llamados &#8220;cookies&#8221;, en los dispositivos de nuestros usuarios. \u00bfQu\u00e9 entendemos&hellip;\" \/>\n<meta property=\"og:url\" content=\"https:\/\/www.kersia-group.com\/es-mx\/politica-de-cookies\/\" \/>\n<meta property=\"og:site_name\" content=\"Kersia Group\" \/>\n<meta property=\"article:modified_time\" content=\"2025-06-26T20:13:54+00:00\" \/>\n<meta name=\"twitter:card\" content=\"summary_large_image\" \/>\n<meta name=\"twitter:label1\" content=\"Tiempo de lectura\" \/>\n\t<meta name=\"twitter:data1\" content=\"3 minutos\" \/>\n<script type=\"application\/ld+json\" class=\"yoast-schema-graph\">{\"@context\":\"https:\/\/schema.org\",\"@graph\":[{\"@type\":\"WebPage\",\"@id\":\"https:\/\/www.kersia-group.com\/es-mx\/politica-de-cookies\/\",\"url\":\"https:\/\/www.kersia-group.com\/es-mx\/politica-de-cookies\/\",\"name\":\"Pol\u00edtica de cookies - Kersia Group\",\"isPartOf\":{\"@id\":\"\/#website\"},\"datePublished\":\"2024-07-10T18:05:10+00:00\",\"dateModified\":\"2025-06-26T20:13:54+00:00\",\"breadcrumb\":{\"@id\":\"https:\/\/www.kersia-group.com\/es-mx\/politica-de-cookies\/#breadcrumb\"},\"inLanguage\":\"es\",\"potentialAction\":[{\"@type\":\"ReadAction\",\"target\":[\"https:\/\/www.kersia-group.com\/es-mx\/politica-de-cookies\/\"]}]},{\"@type\":\"BreadcrumbList\",\"@id\":\"https:\/\/www.kersia-group.com\/es-mx\/politica-de-cookies\/#breadcrumb\",\"itemListElement\":[{\"@type\":\"ListItem\",\"position\":1,\"name\":\"Home\",\"item\":\"https:\/\/www.kersia-group.com\/es-mx\/\"},{\"@type\":\"ListItem\",\"position\":2,\"name\":\"Pol\u00edtica de cookies\"}]},{\"@type\":\"WebSite\",\"@id\":\"\/#website\",\"url\":\"\/\",\"name\":\"Kersia Group\",\"description\":\"INVENTING A FOOD SAFE WORLD\",\"potentialAction\":[{\"@type\":\"SearchAction\",\"target\":{\"@type\":\"EntryPoint\",\"urlTemplate\":\"\/?s={search_term_string}\"},\"query-input\":\"required name=search_term_string\"}],\"inLanguage\":\"es\"}]}<\/script>\n<!-- \/ Yoast SEO plugin. -->","yoast_head_json":{"title":"Pol\u00edtica de cookies - Kersia Group","robots":{"index":"index","follow":"follow","max-snippet":"max-snippet:-1","max-image-preview":"max-image-preview:large","max-video-preview":"max-video-preview:-1"},"canonical":"https:\/\/www.kersia-group.com\/es-mx\/politica-de-cookies\/","og_locale":"es_MX","og_type":"article","og_title":"Pol\u00edtica de cookies - Kersia Group","og_description":"[vc_row][vc_column el_class=&#8221;legal&#8221;][vc_column_text] Pol\u00edtica de cookies Para que nuestro sitio web funcione correctamente, a veces necesitamos colocar peque\u00f1os archivos de datos, llamados &#8220;cookies&#8221;, en los dispositivos de nuestros usuarios. \u00bfQu\u00e9 entendemos&hellip;","og_url":"https:\/\/www.kersia-group.com\/es-mx\/politica-de-cookies\/","og_site_name":"Kersia Group","article_modified_time":"2025-06-26T20:13:54+00:00","twitter_card":"summary_large_image","twitter_misc":{"Tiempo de lectura":"3 minutos"},"schema":{"@context":"https:\/\/schema.org","@graph":[{"@type":"WebPage","@id":"https:\/\/www.kersia-group.com\/es-mx\/politica-de-cookies\/","url":"https:\/\/www.kersia-group.com\/es-mx\/politica-de-cookies\/","name":"Pol\u00edtica de cookies - Kersia Group","isPartOf":{"@id":"\/#website"},"datePublished":"2024-07-10T18:05:10+00:00","dateModified":"2025-06-26T20:13:54+00:00","breadcrumb":{"@id":"https:\/\/www.kersia-group.com\/es-mx\/politica-de-cookies\/#breadcrumb"},"inLanguage":"es","potentialAction":[{"@type":"ReadAction","target":["https:\/\/www.kersia-group.com\/es-mx\/politica-de-cookies\/"]}]},{"@type":"BreadcrumbList","@id":"https:\/\/www.kersia-group.com\/es-mx\/politica-de-cookies\/#breadcrumb","itemListElement":[{"@type":"ListItem","position":1,"name":"Home","item":"https:\/\/www.kersia-group.com\/es-mx\/"},{"@type":"ListItem","position":2,"name":"Pol\u00edtica de cookies"}]},{"@type":"WebSite","@id":"\/#website","url":"\/","name":"Kersia Group","description":"INVENTING A FOOD SAFE WORLD","potentialAction":[{"@type":"SearchAction","target":{"@type":"EntryPoint","urlTemplate":"\/?s={search_term_string}"},"query-input":"required name=search_term_string"}],"inLanguage":"es"}]}},"_links":{"self":[{"href":"https:\/\/www.kersia-group.com\/es-mx\/wp-json\/wp\/v2\/pages\/90376","targetHints":{"allow":["GET"]}}],"collection":[{"href":"https:\/\/www.kersia-group.com\/es-mx\/wp-json\/wp\/v2\/pages"}],"about":[{"href":"https:\/\/www.kersia-group.com\/es-mx\/wp-json\/wp\/v2\/types\/page"}],"author":[{"embeddable":true,"href":"https:\/\/www.kersia-group.com\/es-mx\/wp-json\/wp\/v2\/users\/12"}],"replies":[{"embeddable":true,"href":"https:\/\/www.kersia-group.com\/es-mx\/wp-json\/wp\/v2\/comments?post=90376"}],"version-history":[{"count":2,"href":"https:\/\/www.kersia-group.com\/es-mx\/wp-json\/wp\/v2\/pages\/90376\/revisions"}],"predecessor-version":[{"id":90416,"href":"https:\/\/www.kersia-group.com\/es-mx\/wp-json\/wp\/v2\/pages\/90376\/revisions\/90416"}],"wp:attachment":[{"href":"https:\/\/www.kersia-group.com\/es-mx\/wp-json\/wp\/v2\/media?parent=90376"}],"curies":[{"name":"wp","href":"https:\/\/api.w.org\/{rel}","templated":true}]}}