{"id":93360,"date":"2020-01-07T14:24:39","date_gmt":"2020-01-07T13:24:39","guid":{"rendered":"https:\/\/www.kersia-group.com\/nuestros-equipos\/agricultura\/"},"modified":"2020-01-07T14:24:39","modified_gmt":"2020-01-07T13:24:39","slug":"agricultura","status":"publish","type":"page","link":"https:\/\/www.kersia-group.com\/es-es\/empleo\/nuestros-equipos\/agricultura\/","title":{"rendered":"Ganaderia"},"content":{"rendered":"<p>[vc_row type=&#8221;vc_default&#8221;][vc_column][vc_column_text]Nuestro equipo de agricultura trabaja con ganaderos l\u00e1cteos (granjas de vacas, ovejas y cabras), as\u00ed como con ganaderos de cerdos y aves. Proporcionamos asistencia de expertos a trav\u00e9s de nuestra red de distribuci\u00f3n y ofrecemos soluciones de higiene (higiene en el orde\u00f1o, higiene de edificios, tratamiento de agua), suplementos de pienso animal y asesoramiento t\u00e9cnico en funci\u00f3n de las necesidades de los ganaderos y nuestros socios.<\/p>\n<p>Nuestras funciones laborales ofrecen la oportunidad de realizar una gran variedad de tareas: coordinaci\u00f3n de redes y catalogaci\u00f3n de productos, organizaci\u00f3n de reuniones de prevenci\u00f3n e informaci\u00f3n para productores, trabajar con nuestros socios sobre el terreno (auditor\u00edas, instalaci\u00f3n de robots, asesoramiento personalizado), asistencia a ferias comerciales, etc.[\/vc_column_text][\/vc_column][\/vc_row][vc_row type=&#8221;vc_default&#8221;][vc_column]<div class=\"ult-spacer spacer-69d0485008d3e\" data-id=\"69d0485008d3e\" data-height=\"50\" data-height-mobile=\"25\" data-height-tab=\"40\" data-height-tab-portrait=\"40\" data-height-mobile-landscape=\"25\" style=\"clear:both;display:block;\"><\/div>[\/vc_column][\/vc_row][vc_row type=&#8221;vc_default&#8221; animation=&#8221;pulse&#8221; margin_top=&#8221;100&#8243; margin_bottom=&#8221;100&#8243; full_width_row=&#8221;true&#8221; padding_left=&#8221;50&#8243; padding_right=&#8221;50&#8243; parallax_content=&#8221;parallax_content_value&#8221; parallax_content_sense=&#8221;30&#8243; min_height=&#8221;25&#8243;][vc_column width=&#8221;1\/3&#8243;][vc_column_text]<\/p>\n<h3>Nuestras funciones laborales:<\/h3>\n<ul>\n<li>Asesor de Ventas T\u00e9cnicas<\/li>\n<li>Jefe de Mercado<\/li>\n<li>Director de Mercado<\/li>\n<li>Director Regional<\/li>\n<li>Director de Ventas<\/li>\n<li>Administrador de Cuentas Clave<\/li>\n<li>Director de Ventas<\/li>\n<\/ul>\n<p>[\/vc_column_text]<div class=\"ult-spacer spacer-69d0485008d71\" data-id=\"69d0485008d71\" data-height=\"\" data-height-mobile=\"25\" data-height-tab=\"40\" data-height-tab-portrait=\"40\" data-height-mobile-landscape=\"25\" style=\"clear:both;display:block;\"><\/div>[\/vc_column][vc_column width=&#8221;2\/3&#8243;][vc_column_text]<\/p>\n<h3>Nuestras \u00e1reas de conocimiento:<\/h3>\n<ul>\n<li>Nutrici\u00f3n animal<\/li>\n<li>Producci\u00f3n intensiva<\/li>\n<li>Producci\u00f3n l\u00e1ctea<\/li>\n<li>Tratamiento de agua<\/li>\n<\/ul>\n<p>[\/vc_column_text][\/vc_column][\/vc_row][vc_row type=&#8221;vc_default&#8221;][vc_column]<div class=\"ult-spacer spacer-69d0485008d96\" data-id=\"69d0485008d96\" data-height=\"50\" data-height-mobile=\"25\" data-height-tab=\"40\" data-height-tab-portrait=\"40\" data-height-mobile-landscape=\"25\" style=\"clear:both;display:block;\"><\/div>[\/vc_column][\/vc_row][vc_row type=&#8221;vc_default&#8221; full_width=&#8221;stretch_row_content&#8221;][vc_column]<div id=\"ult-carousel-301514435269d0485008e57\" class=\"ult-carousel-wrapper   ult_horizontal\" data-gutter=\"15\" data-rtl=\"false\" ><div class=\"ult-carousel-220456020769d0485008dcb \" ><div class=\"ult-item-wrap\" data-animation=\"animated no-animation\"><div class=\"ult-new-ib ult-ib-effect-style6  ult-ib-resp  \" data-min-width=\"768\" data-max-width=\"900\" style=\"background:#0a0a0a;\" data-opacity=\"1\" data-hover-opacity=\"0.9\" ><img decoding=\"async\" class=\"ult-new-ib-img\" style=\"opacity:1;\" alt=\"null\" src=\"https:\/\/www.kersia-group.com\/wp-content\/uploads\/2019\/10\/bg_regulatory_affairs2.jpg\"   \/><div id=\"interactive-banner-wrap-2457\" class=\"ult-new-ib-desc\" style=\"\"><h2 class=\"ult-new-ib-title ult-responsive\"  data-ultimate-target='#interactive-banner-wrap-2457 .ult-new-ib-title'  data-responsive-json-new='{\"font-size\":\"desktop:36px;tablet:24px;tablet_portrait:24px;mobile_landscape:24px;mobile:24px;\",\"line-height\":\"desktop:42px;tablet:30px;tablet_portrait:30px;mobile_landscape:30px;mobile:30px;\"}'  style=\"font-weight:normal;color:#ffffff;\">Asuntos reglamentarios<\/h2><\/div><a class=\"ult-new-ib-link\" href=\"https:\/\/www.kersia-group.com\/es\/empleo\/nuestros-equipos\/asuntos-reglamentarios\/\" title=\"Asuntos reglamentarios\"  ><\/a><\/div><script type=\"text\/javascript\">\n\t\t\t(function($){\n\t\t\t\t$(document).ready(function(){\n\t\t\t\t\t$(\".ult-new-ib\").css(\"opacity\",\"1\");\n\t\t\t\t});\n\t\t\t})(jQuery);\n\t\t\t<\/script><\/div><div class=\"ult-item-wrap\" data-animation=\"animated no-animation\"><div class=\"ult-new-ib ult-ib-effect-style6  ult-ib-resp  \" data-min-width=\"768\" data-max-width=\"900\" style=\"background:#0a0a0a;\" data-opacity=\"1\" data-hover-opacity=\"0.9\" ><img decoding=\"async\" class=\"ult-new-ib-img\" style=\"opacity:1;\" alt=\"null\" src=\"https:\/\/www.kersia-group.com\/wp-content\/uploads\/2019\/08\/bg_agriculture2.jpg\"   \/><div id=\"interactive-banner-wrap-9972\" class=\"ult-new-ib-desc\" style=\"\"><h2 class=\"ult-new-ib-title ult-responsive\"  data-ultimate-target='#interactive-banner-wrap-9972 .ult-new-ib-title'  data-responsive-json-new='{\"font-size\":\"desktop:36px;tablet:24px;tablet_portrait:24px;mobile_landscape:24px;mobile:24px;\",\"line-height\":\"desktop:42px;tablet:30px;tablet_portrait:30px;mobile_landscape:30px;mobile:30px;\"}'  style=\"font-weight:normal;color:#ffffff;\">Agricultura<\/h2><\/div><a class=\"ult-new-ib-link\" href=\"https:\/\/www.kersia-group.com\/es\/empleo\/nuestros-equipos\/agricultura\/\" title=\"Agricultura\"  ><\/a><\/div><script type=\"text\/javascript\">\n\t\t\t(function($){\n\t\t\t\t$(document).ready(function(){\n\t\t\t\t\t$(\".ult-new-ib\").css(\"opacity\",\"1\");\n\t\t\t\t});\n\t\t\t})(jQuery);\n\t\t\t<\/script><\/div><div class=\"ult-item-wrap\" data-animation=\"animated no-animation\"><div class=\"ult-new-ib ult-ib-effect-style6  ult-ib-resp  \" data-min-width=\"768\" data-max-width=\"900\" style=\"background:#0a0a0a;\" data-opacity=\"1\" data-hover-opacity=\"0.9\" ><img decoding=\"async\" class=\"ult-new-ib-img\" style=\"opacity:1;\" alt=\"null\" src=\"https:\/\/www.kersia-group.com\/wp-content\/uploads\/2019\/08\/bg_food_industry2.jpg\"   \/><div id=\"interactive-banner-wrap-2179\" class=\"ult-new-ib-desc\" style=\"\"><h2 class=\"ult-new-ib-title ult-responsive\"  data-ultimate-target='#interactive-banner-wrap-2179 .ult-new-ib-title'  data-responsive-json-new='{\"font-size\":\"desktop:36px;tablet:24px;tablet_portrait:24px;mobile_landscape:24px;mobile:24px;\",\"line-height\":\"desktop:42px;tablet:30px;tablet_portrait:30px;mobile_landscape:30px;mobile:30px;\"}'  style=\"font-weight:normal;color:#ffffff;\">Industria alimentaria<\/h2><\/div><a class=\"ult-new-ib-link\" href=\"https:\/\/www.kersia-group.com\/es\/empleo\/nuestros-equipos\/industria-alimentaria\/\" title=\"Industria alimentaria\"  ><\/a><\/div><script type=\"text\/javascript\">\n\t\t\t(function($){\n\t\t\t\t$(document).ready(function(){\n\t\t\t\t\t$(\".ult-new-ib\").css(\"opacity\",\"1\");\n\t\t\t\t});\n\t\t\t})(jQuery);\n\t\t\t<\/script><\/div><div class=\"ult-item-wrap\" data-animation=\"animated no-animation\"><div class=\"ult-new-ib ult-ib-effect-style6  ult-ib-resp  \" data-min-width=\"768\" data-max-width=\"900\" style=\"background:#0a0a0a;\" data-opacity=\"1\" data-hover-opacity=\"0.9\" ><img decoding=\"async\" class=\"ult-new-ib-img\" style=\"opacity:1;\" alt=\"null\" src=\"https:\/\/www.kersia-group.com\/wp-content\/uploads\/2019\/08\/bg_industrial_foodprint2.jpg\"   \/><div id=\"interactive-banner-wrap-2094\" class=\"ult-new-ib-desc\" style=\"\"><h2 class=\"ult-new-ib-title ult-responsive\"  data-ultimate-target='#interactive-banner-wrap-2094 .ult-new-ib-title'  data-responsive-json-new='{\"font-size\":\"desktop:36px;tablet:24px;tablet_portrait:24px;mobile_landscape:24px;mobile:24px;\",\"line-height\":\"desktop:42px;tablet:30px;tablet_portrait:30px;mobile_landscape:30px;mobile:30px;\"}'  style=\"font-weight:normal;color:#ffffff;\">Presencia industrial<\/h2><\/div><a class=\"ult-new-ib-link\" href=\"https:\/\/www.kersia-group.com\/es\/empleo\/nuestros-equipos\/presencia-industrial\/\" title=\"Presencia industrial\"  ><\/a><\/div><script type=\"text\/javascript\">\n\t\t\t(function($){\n\t\t\t\t$(document).ready(function(){\n\t\t\t\t\t$(\".ult-new-ib\").css(\"opacity\",\"1\");\n\t\t\t\t});\n\t\t\t})(jQuery);\n\t\t\t<\/script><\/div><div class=\"ult-item-wrap\" data-animation=\"animated no-animation\"><div class=\"ult-new-ib ult-ib-effect-style6  ult-ib-resp  \" data-min-width=\"768\" data-max-width=\"900\" style=\"background:#0a0a0a;\" data-opacity=\"1\" data-hover-opacity=\"0.9\" ><img decoding=\"async\" class=\"ult-new-ib-img\" style=\"opacity:1;\" alt=\"null\" src=\"https:\/\/www.kersia-group.com\/wp-content\/uploads\/2019\/09\/3_our-teams.jpg\"   \/><div id=\"interactive-banner-wrap-9149\" class=\"ult-new-ib-desc\" style=\"\"><h2 class=\"ult-new-ib-title ult-responsive\"  data-ultimate-target='#interactive-banner-wrap-9149 .ult-new-ib-title'  data-responsive-json-new='{\"font-size\":\"desktop:36px;tablet:24px;tablet_portrait:24px;mobile_landscape:24px;mobile:24px;\",\"line-height\":\"desktop:42px;tablet:30px;tablet_portrait:30px;mobile_landscape:30px;mobile:30px;\"}'  style=\"font-weight:normal;color:#ffffff;\">Innovaci\u00f3n<\/h2><\/div><a class=\"ult-new-ib-link\" href=\"https:\/\/www.kersia-group.com\/es\/empleo\/nuestros-equipos\/innovacion-2\/\" title=\"Innovaci\u00f3n\"  ><\/a><\/div><script type=\"text\/javascript\">\n\t\t\t(function($){\n\t\t\t\t$(document).ready(function(){\n\t\t\t\t\t$(\".ult-new-ib\").css(\"opacity\",\"1\");\n\t\t\t\t});\n\t\t\t})(jQuery);\n\t\t\t<\/script><\/div><div class=\"ult-item-wrap\" data-animation=\"animated no-animation\"><div class=\"ult-new-ib ult-ib-effect-style6  ult-ib-resp  \" data-min-width=\"768\" data-max-width=\"900\" style=\"background:#0a0a0a;\" data-opacity=\"1\" data-hover-opacity=\"0.9\" ><img decoding=\"async\" class=\"ult-new-ib-img\" style=\"opacity:1;\" alt=\"null\" src=\"https:\/\/www.kersia-group.com\/wp-content\/uploads\/2019\/10\/bg_support_functions2.jpg\"   \/><div id=\"interactive-banner-wrap-6368\" class=\"ult-new-ib-desc\" style=\"\"><h2 class=\"ult-new-ib-title ult-responsive\"  data-ultimate-target='#interactive-banner-wrap-6368 .ult-new-ib-title'  data-responsive-json-new='{\"font-size\":\"desktop:36px;tablet:24px;tablet_portrait:24px;mobile_landscape:24px;mobile:24px;\",\"line-height\":\"desktop:42px;tablet:30px;tablet_portrait:30px;mobile_landscape:30px;mobile:30px;\"}'  style=\"font-weight:normal;color:#ffffff;\">Funciones de apoyo<\/h2><\/div><a class=\"ult-new-ib-link\" href=\"https:\/\/www.kersia-group.com\/es\/empleo\/nuestros-equipos\/funciones-de-apoyo\/\" title=\"Funciones de apoyo\"  ><\/a><\/div><script type=\"text\/javascript\">\n\t\t\t(function($){\n\t\t\t\t$(document).ready(function(){\n\t\t\t\t\t$(\".ult-new-ib\").css(\"opacity\",\"1\");\n\t\t\t\t});\n\t\t\t})(jQuery);\n\t\t\t<\/script><\/div><\/div><\/div>\t\t\t<script type=\"text\/javascript\">\n\t\t\t\tjQuery(document).ready(function ($) {\n\t\t\t\t\tif( typeof jQuery('.ult-carousel-220456020769d0485008dcb').slick == \"function\"){\n\t\t\t\t\t\t$('.ult-carousel-220456020769d0485008dcb').slick({dots: true,autoplay: true,autoplaySpeed: 5000,speed: 300,infinite: true,arrows: true,nextArrow: '<button type=\"button\" role=\"button\" aria-label=\"Next\" style=\"color:#333333; font-size:20px;\" class=\"slick-next default\"><i class=\"ultsl-arrow-right4\"><\/i><\/button>',prevArrow: '<button type=\"button\" role=\"button\" aria-label=\"Previous\" style=\"color:#333333; font-size:20px;\" class=\"slick-prev default\"><i class=\"ultsl-arrow-left4\"><\/i><\/button>',slidesToScroll:3,slidesToShow:3,swipe: true,draggable: true,touchMove: true,pauseOnHover: true,pauseOnFocus: false,responsive: [\n\t\t\t\t\t\t\t{\n\t\t\t\t\t\t\t  breakpoint: 1026,\n\t\t\t\t\t\t\t  settings: {\n\t\t\t\t\t\t\t\tslidesToShow: 3,\n\t\t\t\t\t\t\t\tslidesToScroll: 3,  \n\t\t\t\t\t\t\t  }\n\t\t\t\t\t\t\t},\n\t\t\t\t\t\t\t{\n\t\t\t\t\t\t\t  breakpoint: 1025,\n\t\t\t\t\t\t\t  settings: {\n\t\t\t\t\t\t\t\tslidesToShow: 2,\n\t\t\t\t\t\t\t\tslidesToScroll: 2\n\t\t\t\t\t\t\t  }\n\t\t\t\t\t\t\t},\n\t\t\t\t\t\t\t{\n\t\t\t\t\t\t\t  breakpoint: 760,\n\t\t\t\t\t\t\t  settings: {\n\t\t\t\t\t\t\t\tslidesToShow: 1,\n\t\t\t\t\t\t\t\tslidesToScroll: 1\n\t\t\t\t\t\t\t  }\n\t\t\t\t\t\t\t}\n\t\t\t\t\t\t],pauseOnDotsHover: true,customPaging: function(slider, i) {\n                   return '<i type=\"button\" style= \"color:#333333;\" class=\"ultsl-record\" data-role=\"none\"><\/i>';\n                },});\n\t\t\t\t\t}\n\t\t\t\t});\n\t\t\t<\/script>\n\t\t\t[\/vc_column][\/vc_row]<\/p>\n","protected":false},"excerpt":{"rendered":"<p>[vc_row type=&#8221;vc_default&#8221;][vc_column][vc_column_text]Nuestro equipo de agricultura trabaja con ganaderos l\u00e1cteos (granjas de vacas, ovejas y cabras), as\u00ed como con ganaderos de cerdos y aves. Proporcionamos asistencia de expertos a trav\u00e9s de&hellip;<\/p>\n","protected":false},"author":2,"featured_media":0,"parent":93128,"menu_order":0,"comment_status":"closed","ping_status":"closed","template":"","meta":{"_acf_changed":false,"footnotes":""},"class_list":["post-93360","page","type-page","status-publish","hentry","description-off"],"acf":[],"yoast_head":"<!-- This site is optimized with the Yoast SEO plugin v21.9.1 - https:\/\/yoast.com\/wordpress\/plugins\/seo\/ -->\n<title>Ganaderia - Kersia Group<\/title>\n<meta name=\"robots\" content=\"index, follow, max-snippet:-1, max-image-preview:large, max-video-preview:-1\" \/>\n<link rel=\"canonical\" href=\"https:\/\/www.kersia-group.com\/es-es\/empleo\/nuestros-equipos\/agricultura\/\" \/>\n<meta property=\"og:locale\" content=\"es_ES\" \/>\n<meta property=\"og:type\" content=\"article\" \/>\n<meta property=\"og:title\" content=\"Ganaderia - Kersia Group\" \/>\n<meta property=\"og:description\" content=\"[vc_row type=&#8221;vc_default&#8221;][vc_column][vc_column_text]Nuestro equipo de agricultura trabaja con ganaderos l\u00e1cteos (granjas de vacas, ovejas y cabras), as\u00ed como con ganaderos de cerdos y aves. Proporcionamos asistencia de expertos a trav\u00e9s de&hellip;\" \/>\n<meta property=\"og:url\" content=\"https:\/\/www.kersia-group.com\/es-es\/empleo\/nuestros-equipos\/agricultura\/\" \/>\n<meta property=\"og:site_name\" content=\"Kersia Group\" \/>\n<meta name=\"twitter:card\" content=\"summary_large_image\" \/>\n<meta name=\"twitter:label1\" content=\"Tiempo de lectura\" \/>\n\t<meta name=\"twitter:data1\" content=\"5 minutos\" \/>\n<script type=\"application\/ld+json\" class=\"yoast-schema-graph\">{\"@context\":\"https:\/\/schema.org\",\"@graph\":[{\"@type\":\"WebPage\",\"@id\":\"https:\/\/www.kersia-group.com\/es-es\/empleo\/nuestros-equipos\/agricultura\/\",\"url\":\"https:\/\/www.kersia-group.com\/es-es\/empleo\/nuestros-equipos\/agricultura\/\",\"name\":\"Ganaderia - Kersia Group\",\"isPartOf\":{\"@id\":\"\/#website\"},\"datePublished\":\"2020-01-07T13:24:39+00:00\",\"dateModified\":\"2020-01-07T13:24:39+00:00\",\"breadcrumb\":{\"@id\":\"https:\/\/www.kersia-group.com\/es-es\/empleo\/nuestros-equipos\/agricultura\/#breadcrumb\"},\"inLanguage\":\"es\",\"potentialAction\":[{\"@type\":\"ReadAction\",\"target\":[\"https:\/\/www.kersia-group.com\/es-es\/empleo\/nuestros-equipos\/agricultura\/\"]}]},{\"@type\":\"BreadcrumbList\",\"@id\":\"https:\/\/www.kersia-group.com\/es-es\/empleo\/nuestros-equipos\/agricultura\/#breadcrumb\",\"itemListElement\":[{\"@type\":\"ListItem\",\"position\":1,\"name\":\"Home\",\"item\":\"https:\/\/www.kersia-group.com\/es-es\/\"},{\"@type\":\"ListItem\",\"position\":2,\"name\":\"Nuestros equipos\",\"item\":\"https:\/\/www.kersia-group.com\/es-es\/nuestros-equipos\/\"},{\"@type\":\"ListItem\",\"position\":3,\"name\":\"Ganaderia\"}]},{\"@type\":\"WebSite\",\"@id\":\"\/#website\",\"url\":\"\/\",\"name\":\"Kersia Group\",\"description\":\"INVENTING A FOOD SAFE WORLD\",\"potentialAction\":[{\"@type\":\"SearchAction\",\"target\":{\"@type\":\"EntryPoint\",\"urlTemplate\":\"\/?s={search_term_string}\"},\"query-input\":\"required name=search_term_string\"}],\"inLanguage\":\"es\"}]}<\/script>\n<!-- \/ Yoast SEO plugin. -->","yoast_head_json":{"title":"Ganaderia - Kersia Group","robots":{"index":"index","follow":"follow","max-snippet":"max-snippet:-1","max-image-preview":"max-image-preview:large","max-video-preview":"max-video-preview:-1"},"canonical":"https:\/\/www.kersia-group.com\/es-es\/empleo\/nuestros-equipos\/agricultura\/","og_locale":"es_ES","og_type":"article","og_title":"Ganaderia - Kersia Group","og_description":"[vc_row type=&#8221;vc_default&#8221;][vc_column][vc_column_text]Nuestro equipo de agricultura trabaja con ganaderos l\u00e1cteos (granjas de vacas, ovejas y cabras), as\u00ed como con ganaderos de cerdos y aves. Proporcionamos asistencia de expertos a trav\u00e9s de&hellip;","og_url":"https:\/\/www.kersia-group.com\/es-es\/empleo\/nuestros-equipos\/agricultura\/","og_site_name":"Kersia Group","twitter_card":"summary_large_image","twitter_misc":{"Tiempo de lectura":"5 minutos"},"schema":{"@context":"https:\/\/schema.org","@graph":[{"@type":"WebPage","@id":"https:\/\/www.kersia-group.com\/es-es\/empleo\/nuestros-equipos\/agricultura\/","url":"https:\/\/www.kersia-group.com\/es-es\/empleo\/nuestros-equipos\/agricultura\/","name":"Ganaderia - Kersia Group","isPartOf":{"@id":"\/#website"},"datePublished":"2020-01-07T13:24:39+00:00","dateModified":"2020-01-07T13:24:39+00:00","breadcrumb":{"@id":"https:\/\/www.kersia-group.com\/es-es\/empleo\/nuestros-equipos\/agricultura\/#breadcrumb"},"inLanguage":"es","potentialAction":[{"@type":"ReadAction","target":["https:\/\/www.kersia-group.com\/es-es\/empleo\/nuestros-equipos\/agricultura\/"]}]},{"@type":"BreadcrumbList","@id":"https:\/\/www.kersia-group.com\/es-es\/empleo\/nuestros-equipos\/agricultura\/#breadcrumb","itemListElement":[{"@type":"ListItem","position":1,"name":"Home","item":"https:\/\/www.kersia-group.com\/es-es\/"},{"@type":"ListItem","position":2,"name":"Nuestros equipos","item":"https:\/\/www.kersia-group.com\/es-es\/nuestros-equipos\/"},{"@type":"ListItem","position":3,"name":"Ganaderia"}]},{"@type":"WebSite","@id":"\/#website","url":"\/","name":"Kersia Group","description":"INVENTING A FOOD SAFE WORLD","potentialAction":[{"@type":"SearchAction","target":{"@type":"EntryPoint","urlTemplate":"\/?s={search_term_string}"},"query-input":"required name=search_term_string"}],"inLanguage":"es"}]}},"_links":{"self":[{"href":"https:\/\/www.kersia-group.com\/es-es\/wp-json\/wp\/v2\/pages\/93360","targetHints":{"allow":["GET"]}}],"collection":[{"href":"https:\/\/www.kersia-group.com\/es-es\/wp-json\/wp\/v2\/pages"}],"about":[{"href":"https:\/\/www.kersia-group.com\/es-es\/wp-json\/wp\/v2\/types\/page"}],"author":[{"embeddable":true,"href":"https:\/\/www.kersia-group.com\/es-es\/wp-json\/wp\/v2\/users\/2"}],"replies":[{"embeddable":true,"href":"https:\/\/www.kersia-group.com\/es-es\/wp-json\/wp\/v2\/comments?post=93360"}],"version-history":[{"count":0,"href":"https:\/\/www.kersia-group.com\/es-es\/wp-json\/wp\/v2\/pages\/93360\/revisions"}],"up":[{"embeddable":true,"href":"https:\/\/www.kersia-group.com\/es-es\/wp-json\/wp\/v2\/pages\/93128"}],"wp:attachment":[{"href":"https:\/\/www.kersia-group.com\/es-es\/wp-json\/wp\/v2\/media?parent=93360"}],"curies":[{"name":"wp","href":"https:\/\/api.w.org\/{rel}","templated":true}]}}