{"id":93122,"date":"2020-01-07T14:29:34","date_gmt":"2020-01-07T13:29:34","guid":{"rendered":"https:\/\/www.kersia-group.com\/manos\/"},"modified":"2025-06-23T16:56:28","modified_gmt":"2025-06-23T14:56:28","slug":"manos","status":"publish","type":"page","link":"https:\/\/www.kersia-group.com\/es-es\/actividades\/manos\/","title":{"rendered":"Manos"},"content":{"rendered":"<p>[vc_row type=&#8221;vc_default&#8221;][vc_column][vc_row_inner][vc_column_inner offset=&#8221;vc_col-lg-4 vc_col-md-4&#8243;][vc_column_text el_class=&#8221;carnas_green&#8221;]<\/p>\n<h2>El lavado y la desinfecci\u00f3n de manos evita riesgos<\/h2>\n<p>[\/vc_column_text][\/vc_column_inner][vc_column_inner offset=&#8221;vc_col-lg-8 vc_col-md-8&#8243;][vc_column_text]Las manos constituyen el primer vector de transmisi\u00f3n de bacterias y virus, siendo responsables de la propagaci\u00f3n del 80\u00a0% de las enfermedades infecciosas comunes, as\u00ed como del 80\u00a0% de las enfermedades nosocomiales en hospitales. La Jornada Mundial de la Higiene de Manos anual es un recordatorio del papel principal que desempe\u00f1a el lavado de manos a la hora de limitar la transmisi\u00f3n de bacterias y virus. <\/p>\n<p>Las buenas pr\u00e1cticas de la higiene de manos, por tanto, deben estar totalmente asimiladas en las granjas, en las f\u00e1bricas y en las unidades de preparaci\u00f3n de comidas para garantizar que los alimentos, los consumidores y los compa\u00f1eros de trabajo est\u00e1n seguros.[\/vc_column_text][vc_column_text]<span data-contrast=\"auto\">La prevenci\u00f3n del riesgo de intoxicaci\u00f3n alimentaria implica seguir estrictos protocolos de higiene de manos de limpieza y desinfecci\u00f3n, realizando dichos protocolos a intervalos regulares para evitar la contaminaci\u00f3n cruzado y despu\u00e9s de cada actividad de riesgo (ir al ba\u00f1o, manipular un producto sucio) con los productos adecuados.\u00a0<\/span><span data-ccp-props=\"{}\">\u00a0<\/span> <\/p>\n<p><span data-contrast=\"auto\">La gama de manos de Kersia ha sido dise\u00f1ada para granjas, la industria alimentaria y el catering, as\u00ed como los entornos sanitarios.<\/span><span data-ccp-props=\"{&quot;335551550&quot;:6,&quot;335551620&quot;:6,&quot;335559739&quot;:120,&quot;335559740&quot;:360}\">\u00a0<\/span>[\/vc_column_text][\/vc_column_inner][\/vc_row_inner]<div class=\"ult-spacer spacer-69d3e80801a38\" data-id=\"69d3e80801a38\" data-height=\"50\" data-height-mobile=\"25\" data-height-tab=\"40\" data-height-tab-portrait=\"40\" data-height-mobile-landscape=\"25\" style=\"clear:both;display:block;\"><\/div>[vc_column_text]Nuestra gama de manos para la industria alimentaria y las unidades de preparaci\u00f3n de comidas (unidades de cocina central y distribuci\u00f3n masiva) consta de productos formulados para cumplir un objetivo triple:<\/p>\n<ul>\n<li>reducir el riesgo de contaminaci\u00f3n;<\/li>\n<li>mantener la calidad de los alimentos;<\/li>\n<li>proteger las manos de los operadores.<\/li>\n<\/ul>\n<p>[\/vc_column_text]<div class=\"ult-spacer spacer-69d3e80801a7a\" data-id=\"69d3e80801a7a\" data-height=\"50\" data-height-mobile=\"25\" data-height-tab=\"40\" data-height-tab-portrait=\"40\" data-height-mobile-landscape=\"25\" style=\"clear:both;display:block;\"><\/div>[\/vc_column][\/vc_row][vc_section][vc_row type=&#8221;vc_default&#8221; gap=&#8221;10&#8243; equal_height=&#8221;yes&#8221; content_placement=&#8221;top&#8221;][vc_column css_animation=&#8221;appear&#8221; width=&#8221;1\/3&#8243;]<div class=\"ult-spacer spacer-69d3e80801aa0\" data-id=\"69d3e80801aa0\" data-height=\"0\" data-height-mobile=\"25\" data-height-tab=\"40\" data-height-tab-portrait=\"40\" data-height-mobile-landscape=\"25\" style=\"clear:both;display:block;\"><\/div>[vc_row_inner][vc_column_inner][vc_single_image image=&#8221;801&#8243; img_size=&#8221;185&#215;120&#8243; alignment=&#8221;center&#8221; css=&#8221;.vc_custom_1565583129921{padding-bottom: 20px !important;background-color: #ffffff !important;}&#8221;][\/vc_column_inner][\/vc_row_inner][vc_row_inner css=&#8221;.vc_custom_1565582513296{padding-top: 20px !important;padding-right: 20px !important;padding-bottom: 20px !important;padding-left: 20px !important;background-color: #3bb9b0 !important;}&#8221;][vc_column_inner][vc_column_text]<\/p>\n<h3 style=\"text-align: center;\"><span style=\"color: #ffffff;\">Limpiar<\/span><\/h3>\n<p style=\"text-align: center;\"><span style=\"color: #ffffff;\" data-contrast=\"auto\">Esencial para una <strong>buena higiene de manos<\/strong><\/span><\/p>\n<p>[\/vc_column_text]<div class=\"uavc-list-icon uavc-list-icon-wrapper ult-adjust-bottom-margin   vc_custom_1567010206604  vc_custom_1567010206604\"><ul class=\"uavc-list\"><li><div class=\"uavc-list-content\" id=\"list-icon-wrap-7761\">\n<div class=\"uavc-list-icon  \" data-animation=\"\" data-animation-delay=\"03\" style=\"margin-right:15px;\"><div class=\"ult-just-icon-wrapper  \"><div class=\"align-icon\" style=\"text-align:center;\">\n<div class=\"aio-icon none \"  style=\"color:#ffffff;font-size:30px;display:inline-block;\">\n\t<i class=\"Defaults-check\"><\/i>\n<\/div><\/div><\/div>\n<\/div><span  data-ultimate-target='#list-icon-wrap-7761 .uavc-list-desc'  data-responsive-json-new='{\"font-size\":\"\",\"line-height\":\"\"}'  class=\"uavc-list-desc ult-responsive\" style=\"\"><span style=\"color: #ffffff;\">30 s<\/span><\/span><\/div><\/li><li><div class=\"uavc-list-content\" id=\"list-icon-wrap-2924\">\n<div class=\"uavc-list-icon  \" data-animation=\"\" data-animation-delay=\"03\" style=\"margin-right:15px;\"><div class=\"ult-just-icon-wrapper  \"><div class=\"align-icon\" style=\"text-align:center;\">\n<div class=\"aio-icon none \"  style=\"color:#ffffff;font-size:30px;display:inline-block;\">\n\t<i class=\"Defaults-check\"><\/i>\n<\/div><\/div><\/div>\n<\/div><span  data-ultimate-target='#list-icon-wrap-2924 .uavc-list-desc'  data-responsive-json-new='{\"font-size\":\"\",\"line-height\":\"\"}'  class=\"uavc-list-desc ult-responsive\" style=\"\"><span style=\"color: #ffffff;\">Tan frecuentemente como sea posible<\/span><\/span><\/div><\/li><\/ul><\/div>[\/vc_column_inner][\/vc_row_inner][\/vc_column][vc_column css_animation=&#8221;appear&#8221; width=&#8221;1\/3&#8243;]<div class=\"ult-spacer spacer-69d3e80801ca0\" data-id=\"69d3e80801ca0\" data-height=\"0\" data-height-mobile=\"25\" data-height-tab=\"40\" data-height-tab-portrait=\"40\" data-height-mobile-landscape=\"25\" style=\"clear:both;display:block;\"><\/div>[vc_row_inner][vc_column_inner][vc_single_image image=&#8221;93123&#8243; img_size=&#8221;192&#215;120&#8243; alignment=&#8221;center&#8221; css=&#8221;.vc_custom_1565583113952{padding-bottom: 20px !important;background-color: #ffffff !important;}&#8221;][\/vc_column_inner][\/vc_row_inner][vc_row_inner css=&#8221;.vc_custom_1565582725851{padding-top: 20px !important;padding-right: 20px !important;padding-bottom: 20px !important;padding-left: 20px !important;background-color: #98bd68 !important;}&#8221;][vc_column_inner][vc_column_text]<\/p>\n<h3 style=\"text-align: center;\"><span style=\"color: #ffffff;\">Desinfectar<\/span><\/h3>\n<p style=\"text-align: center;\"><span style=\"color: #ffffff;\">Combatir los <strong>riesgos de la microbiolog\u00eda<\/strong><\/span><\/p>\n<p>[\/vc_column_text]<div class=\"uavc-list-icon uavc-list-icon-wrapper ult-adjust-bottom-margin   vc_custom_1567010234949  vc_custom_1567010234949\"><ul class=\"uavc-list\"><li><div class=\"uavc-list-content\" id=\"list-icon-wrap-5816\">\n<div class=\"uavc-list-icon  \" data-animation=\"\" data-animation-delay=\"03\" style=\"margin-right:15px;\"><div class=\"ult-just-icon-wrapper  \"><div class=\"align-icon\" style=\"text-align:center;\">\n<div class=\"aio-icon none \"  style=\"color:#ffffff;font-size:30px;display:inline-block;\">\n\t<i class=\"Defaults-check\"><\/i>\n<\/div><\/div><\/div>\n<\/div><span  data-ultimate-target='#list-icon-wrap-5816 .uavc-list-desc'  data-responsive-json-new='{\"font-size\":\"\",\"line-height\":\"\"}'  class=\"uavc-list-desc ult-responsive\" style=\"\"><span style=\"color: #ffffff;\">30 s<\/span><\/span><\/div><\/li><li><div class=\"uavc-list-content\" id=\"list-icon-wrap-6694\">\n<div class=\"uavc-list-icon  \" data-animation=\"\" data-animation-delay=\"03\" style=\"margin-right:15px;\"><div class=\"ult-just-icon-wrapper  \"><div class=\"align-icon\" style=\"text-align:center;\">\n<div class=\"aio-icon none \"  style=\"color:#ffffff;font-size:30px;display:inline-block;\">\n\t<i class=\"Defaults-check\"><\/i>\n<\/div><\/div><\/div>\n<\/div><span  data-ultimate-target='#list-icon-wrap-6694 .uavc-list-desc'  data-responsive-json-new='{\"font-size\":\"\",\"line-height\":\"\"}'  class=\"uavc-list-desc ult-responsive\" style=\"\"><span style=\"color: #ffffff;\">Despu\u00e9s de cada lavado<\/span><\/span><\/div><\/li><\/ul><\/div>[\/vc_column_inner][\/vc_row_inner][\/vc_column][vc_column css_animation=&#8221;appear&#8221; width=&#8221;1\/3&#8243;]<div class=\"ult-spacer spacer-69d3e80801df0\" data-id=\"69d3e80801df0\" data-height=\"0\" data-height-mobile=\"25\" data-height-tab=\"40\" data-height-tab-portrait=\"40\" data-height-mobile-landscape=\"25\" style=\"clear:both;display:block;\"><\/div>[vc_row_inner][vc_column_inner][vc_single_image image=&#8221;800&#8243; img_size=&#8221;192 x 120&#8243; alignment=&#8221;center&#8221; css=&#8221;.vc_custom_1565583077905{padding-bottom: 20px !important;background-color: #ffffff !important;}&#8221;][\/vc_column_inner][\/vc_row_inner][vc_row_inner css=&#8221;.vc_custom_1565582748614{padding-top: 20px !important;padding-right: 20px !important;padding-bottom: 20px !important;padding-left: 20px !important;background-color: #c7ae42 !important;}&#8221;][vc_column_inner][vc_column_text]<\/p>\n<h3 style=\"text-align: center;\"><span class=\"TextRun SCXW43651249 BCX4\" lang=\"EN\" style=\"color: #ffffff;\" xml:lang=\"EN\" data-contrast=\"auto\"><span class=\"NormalTextRun SCXW43651249 BCX4\">Reparar<\/span><\/span><\/h3>\n<p style=\"text-align: center;\"><span style=\"color: #ffffff;\">Combatir la\u00a0<strong>dermatitis profesional<\/strong><\/span><\/p>\n<p>[\/vc_column_text]<div class=\"uavc-list-icon uavc-list-icon-wrapper ult-adjust-bottom-margin   vc_custom_1567010241529  vc_custom_1567010241529\"><ul class=\"uavc-list\"><li><div class=\"uavc-list-content\" id=\"list-icon-wrap-4763\">\n<div class=\"uavc-list-icon  \" data-animation=\"\" data-animation-delay=\"03\" style=\"margin-right:15px;\"><div class=\"ult-just-icon-wrapper  \"><div class=\"align-icon\" style=\"text-align:center;\">\n<div class=\"aio-icon none \"  style=\"color:#ffffff;font-size:30px;display:inline-block;\">\n\t<i class=\"Defaults-check\"><\/i>\n<\/div><\/div><\/div>\n<\/div><span  data-ultimate-target='#list-icon-wrap-4763 .uavc-list-desc'  data-responsive-json-new='{\"font-size\":\"\",\"line-height\":\"\"}'  class=\"uavc-list-desc ult-responsive\" style=\"\"><span style=\"color: #ffffff;\">Hasta la penetraci\u00f3n del producto<\/span><\/span><\/div><\/li><li><div class=\"uavc-list-content\" id=\"list-icon-wrap-2888\">\n<div class=\"uavc-list-icon  \" data-animation=\"\" data-animation-delay=\"03\" style=\"margin-right:15px;\"><div class=\"ult-just-icon-wrapper  \"><div class=\"align-icon\" style=\"text-align:center;\">\n<div class=\"aio-icon none \"  style=\"color:#ffffff;font-size:30px;display:inline-block;\">\n\t<i class=\"Defaults-check\"><\/i>\n<\/div><\/div><\/div>\n<\/div><span  data-ultimate-target='#list-icon-wrap-2888 .uavc-list-desc'  data-responsive-json-new='{\"font-size\":\"\",\"line-height\":\"\"}'  class=\"uavc-list-desc ult-responsive\" style=\"\"><span style=\"color: #ffffff;\">Antes de cada pausa<\/span><\/span><\/div><\/li><\/ul><\/div>[\/vc_column_inner][\/vc_row_inner][\/vc_column][\/vc_row][\/vc_section][vc_row][vc_column]<div class=\"ult-spacer spacer-69d3e80801f29\" data-id=\"69d3e80801f29\" data-height=\"50\" data-height-mobile=\"25\" data-height-tab=\"40\" data-height-tab-portrait=\"40\" data-height-mobile-landscape=\"25\" style=\"clear:both;display:block;\"><\/div>[vc_column_text]La gama abarca todas las necesidades espec\u00edficas del sector y la aplicaci\u00f3n e incluye: jab\u00f3n hipoal\u00e9rgico, jab\u00f3n formulado para residuos l\u00e1cteos y suciedad grasienta, un jab\u00f3n de doble acci\u00f3n para lavar y desinfectar, un gel y l\u00edquido desinfectante hidroalcoh\u00f3lico, as\u00ed como cremas nutritivas para las manos de los operadores que, a veces, est\u00e1n sometidas a condiciones duras. <\/p>\n<p><strong>El lavado y la desinfecci\u00f3n de manos eficaz<\/strong> es un proceso met\u00f3dico que se repite 5, 10 o hasta 20 veces al d\u00eda en la industria alimentaria y el catering, e incluso con m\u00e1s frecuencia en entornos hospitalarios.[\/vc_column_text][\/vc_column][\/vc_row]<\/p>\n","protected":false},"excerpt":{"rendered":"<p>[vc_row type=&#8221;vc_default&#8221;][vc_column][vc_row_inner][vc_column_inner offset=&#8221;vc_col-lg-4 vc_col-md-4&#8243;][vc_column_text el_class=&#8221;carnas_green&#8221;] El lavado y la desinfecci\u00f3n de manos evita riesgos [\/vc_column_text][\/vc_column_inner][vc_column_inner offset=&#8221;vc_col-lg-8 vc_col-md-8&#8243;][vc_column_text]Las manos constituyen el primer vector de transmisi\u00f3n de bacterias y virus, siendo responsables&hellip;<\/p>\n","protected":false},"author":2,"featured_media":0,"parent":93379,"menu_order":5,"comment_status":"closed","ping_status":"closed","template":"","meta":{"_acf_changed":false,"footnotes":""},"class_list":["post-93122","page","type-page","status-publish","hentry","description-off"],"acf":[],"yoast_head":"<!-- This site is optimized with the Yoast SEO plugin v21.9.1 - https:\/\/yoast.com\/wordpress\/plugins\/seo\/ -->\n<title>Manos - Kersia Group<\/title>\n<meta name=\"robots\" content=\"index, follow, max-snippet:-1, max-image-preview:large, max-video-preview:-1\" \/>\n<link rel=\"canonical\" href=\"https:\/\/www.kersia-group.com\/es-es\/actividades\/manos\/\" \/>\n<meta property=\"og:locale\" content=\"es_ES\" \/>\n<meta property=\"og:type\" content=\"article\" \/>\n<meta property=\"og:title\" content=\"Manos - Kersia Group\" \/>\n<meta property=\"og:description\" content=\"[vc_row type=&#8221;vc_default&#8221;][vc_column][vc_row_inner][vc_column_inner offset=&#8221;vc_col-lg-4 vc_col-md-4&#8243;][vc_column_text el_class=&#8221;carnas_green&#8221;] El lavado y la desinfecci\u00f3n de manos evita riesgos [\/vc_column_text][\/vc_column_inner][vc_column_inner offset=&#8221;vc_col-lg-8 vc_col-md-8&#8243;][vc_column_text]Las manos constituyen el primer vector de transmisi\u00f3n de bacterias y virus, siendo responsables&hellip;\" \/>\n<meta property=\"og:url\" content=\"https:\/\/www.kersia-group.com\/es-es\/actividades\/manos\/\" \/>\n<meta property=\"og:site_name\" content=\"Kersia Group\" \/>\n<meta property=\"article:modified_time\" content=\"2025-06-23T14:56:28+00:00\" \/>\n<meta name=\"twitter:card\" content=\"summary_large_image\" \/>\n<meta name=\"twitter:label1\" content=\"Tiempo de lectura\" \/>\n\t<meta name=\"twitter:data1\" content=\"5 minutos\" \/>\n<script type=\"application\/ld+json\" class=\"yoast-schema-graph\">{\"@context\":\"https:\/\/schema.org\",\"@graph\":[{\"@type\":\"WebPage\",\"@id\":\"https:\/\/www.kersia-group.com\/es-es\/actividades\/manos\/\",\"url\":\"https:\/\/www.kersia-group.com\/es-es\/actividades\/manos\/\",\"name\":\"Manos - Kersia Group\",\"isPartOf\":{\"@id\":\"\/#website\"},\"datePublished\":\"2020-01-07T13:29:34+00:00\",\"dateModified\":\"2025-06-23T14:56:28+00:00\",\"breadcrumb\":{\"@id\":\"https:\/\/www.kersia-group.com\/es-es\/actividades\/manos\/#breadcrumb\"},\"inLanguage\":\"es\",\"potentialAction\":[{\"@type\":\"ReadAction\",\"target\":[\"https:\/\/www.kersia-group.com\/es-es\/actividades\/manos\/\"]}]},{\"@type\":\"BreadcrumbList\",\"@id\":\"https:\/\/www.kersia-group.com\/es-es\/actividades\/manos\/#breadcrumb\",\"itemListElement\":[{\"@type\":\"ListItem\",\"position\":1,\"name\":\"Home\",\"item\":\"https:\/\/www.kersia-group.com\/es-es\/\"},{\"@type\":\"ListItem\",\"position\":2,\"name\":\"Manos\"}]},{\"@type\":\"WebSite\",\"@id\":\"\/#website\",\"url\":\"\/\",\"name\":\"Kersia Group\",\"description\":\"INVENTING A FOOD SAFE WORLD\",\"potentialAction\":[{\"@type\":\"SearchAction\",\"target\":{\"@type\":\"EntryPoint\",\"urlTemplate\":\"\/?s={search_term_string}\"},\"query-input\":\"required name=search_term_string\"}],\"inLanguage\":\"es\"}]}<\/script>\n<!-- \/ Yoast SEO plugin. -->","yoast_head_json":{"title":"Manos - Kersia Group","robots":{"index":"index","follow":"follow","max-snippet":"max-snippet:-1","max-image-preview":"max-image-preview:large","max-video-preview":"max-video-preview:-1"},"canonical":"https:\/\/www.kersia-group.com\/es-es\/actividades\/manos\/","og_locale":"es_ES","og_type":"article","og_title":"Manos - Kersia Group","og_description":"[vc_row type=&#8221;vc_default&#8221;][vc_column][vc_row_inner][vc_column_inner offset=&#8221;vc_col-lg-4 vc_col-md-4&#8243;][vc_column_text el_class=&#8221;carnas_green&#8221;] El lavado y la desinfecci\u00f3n de manos evita riesgos [\/vc_column_text][\/vc_column_inner][vc_column_inner offset=&#8221;vc_col-lg-8 vc_col-md-8&#8243;][vc_column_text]Las manos constituyen el primer vector de transmisi\u00f3n de bacterias y virus, siendo responsables&hellip;","og_url":"https:\/\/www.kersia-group.com\/es-es\/actividades\/manos\/","og_site_name":"Kersia Group","article_modified_time":"2025-06-23T14:56:28+00:00","twitter_card":"summary_large_image","twitter_misc":{"Tiempo de lectura":"5 minutos"},"schema":{"@context":"https:\/\/schema.org","@graph":[{"@type":"WebPage","@id":"https:\/\/www.kersia-group.com\/es-es\/actividades\/manos\/","url":"https:\/\/www.kersia-group.com\/es-es\/actividades\/manos\/","name":"Manos - Kersia Group","isPartOf":{"@id":"\/#website"},"datePublished":"2020-01-07T13:29:34+00:00","dateModified":"2025-06-23T14:56:28+00:00","breadcrumb":{"@id":"https:\/\/www.kersia-group.com\/es-es\/actividades\/manos\/#breadcrumb"},"inLanguage":"es","potentialAction":[{"@type":"ReadAction","target":["https:\/\/www.kersia-group.com\/es-es\/actividades\/manos\/"]}]},{"@type":"BreadcrumbList","@id":"https:\/\/www.kersia-group.com\/es-es\/actividades\/manos\/#breadcrumb","itemListElement":[{"@type":"ListItem","position":1,"name":"Home","item":"https:\/\/www.kersia-group.com\/es-es\/"},{"@type":"ListItem","position":2,"name":"Manos"}]},{"@type":"WebSite","@id":"\/#website","url":"\/","name":"Kersia Group","description":"INVENTING A FOOD SAFE WORLD","potentialAction":[{"@type":"SearchAction","target":{"@type":"EntryPoint","urlTemplate":"\/?s={search_term_string}"},"query-input":"required name=search_term_string"}],"inLanguage":"es"}]}},"_links":{"self":[{"href":"https:\/\/www.kersia-group.com\/es-es\/wp-json\/wp\/v2\/pages\/93122","targetHints":{"allow":["GET"]}}],"collection":[{"href":"https:\/\/www.kersia-group.com\/es-es\/wp-json\/wp\/v2\/pages"}],"about":[{"href":"https:\/\/www.kersia-group.com\/es-es\/wp-json\/wp\/v2\/types\/page"}],"author":[{"embeddable":true,"href":"https:\/\/www.kersia-group.com\/es-es\/wp-json\/wp\/v2\/users\/2"}],"replies":[{"embeddable":true,"href":"https:\/\/www.kersia-group.com\/es-es\/wp-json\/wp\/v2\/comments?post=93122"}],"version-history":[{"count":1,"href":"https:\/\/www.kersia-group.com\/es-es\/wp-json\/wp\/v2\/pages\/93122\/revisions"}],"predecessor-version":[{"id":93309,"href":"https:\/\/www.kersia-group.com\/es-es\/wp-json\/wp\/v2\/pages\/93122\/revisions\/93309"}],"up":[{"embeddable":true,"href":"https:\/\/www.kersia-group.com\/es-es\/wp-json\/wp\/v2\/pages\/93379"}],"wp:attachment":[{"href":"https:\/\/www.kersia-group.com\/es-es\/wp-json\/wp\/v2\/media?parent=93122"}],"curies":[{"name":"wp","href":"https:\/\/api.w.org\/{rel}","templated":true}]}}