{"id":96217,"date":"2020-01-07T13:45:57","date_gmt":"2020-01-07T12:45:57","guid":{"rendered":"https:\/\/www.kersia-group.com\/wasseraufbereitung\/"},"modified":"2025-06-26T19:05:52","modified_gmt":"2025-06-26T17:05:52","slug":"wasseraufbereitung","status":"publish","type":"page","link":"https:\/\/www.kersia-group.com\/de-de\/aktivitaeten\/wasseraufbereitung\/","title":{"rendered":"Wasseraufbereitung"},"content":{"rendered":"<p>[vc_row type=&#8221;vc_default&#8221;][vc_column offset=&#8221;vc_hidden-lg vc_hidden-md&#8221;][vc_column_text el_class=&#8221;carnas_green&#8221;]<\/p>\n<h2>Sicheres Wasser, sichere Welt<\/h2>\n<p>[\/vc_column_text][\/vc_column][vc_column offset=&#8221;vc_col-lg-5 vc_col-md-4 vc_hidden-sm vc_hidden-xs&#8221;][vc_column_text el_class=&#8221;carnas_green&#8221;]<\/p>\n<h2>Sicheres Wasser, sichere Welt<\/h2>\n<p>[\/vc_column_text][\/vc_column][vc_column offset=&#8221;vc_col-lg-7 vc_col-md-8&#8243;][vc_column_text]Wasser ist ein notwendiges Gut f\u00fcr das Leben und die menschliche Gesundheit. Aber diese lebenswichtige Ressource ist auf der Erde ungleich verteilt.<\/p>\n<p>Mehr als 1 Milliarde Menschen und zunehmend mehr haben keinen Zugang zu Wasser von guter Qualit\u00e4t. Die globale Erw\u00e4rmung wird zu weiteren D\u00fcrren und \u00dcberschwemmungen f\u00fchren, wodurch sich diese Engp\u00e4sse versch\u00e4rfen und Krisensituationen vervielfachen werden.<\/p>\n<p>Das ist wahrscheinlich das gr\u00f6\u00dfte Problem des 21. Jahrhunderts.[\/vc_column_text]<div class=\"ult-spacer spacer-69d2606ce636e\" data-id=\"69d2606ce636e\" data-height=\"50\" data-height-mobile=\"25\" data-height-tab=\"40\" data-height-tab-portrait=\"40\" data-height-mobile-landscape=\"25\" style=\"clear:both;display:block;\"><\/div>[\/vc_column][\/vc_row][vc_row type=&#8221;vc_default&#8221; full_width=&#8221;stretch_row&#8221;][vc_column][vc_column_text]<\/p>\n<h3><span style=\"color: #0d69af;\">2019 haben wir mithilfe unserer Aquatabs-Technologien mehr als 30 Milliarden Liter Wasser in der ganzen Welt bereitgestellt<\/span><\/h3>\n<p>[\/vc_column_text][\/vc_column][\/vc_row][vc_row type=&#8221;vc_default&#8221; full_width=&#8221;stretch_row_content&#8221;][vc_column]<div class=\"ult-spacer spacer-69d2606ce639f\" data-id=\"69d2606ce639f\" data-height=\"50\" data-height-mobile=\"25\" data-height-tab=\"40\" data-height-tab-portrait=\"40\" data-height-mobile-landscape=\"25\" style=\"clear:both;display:block;\"><\/div>[vc_single_image image=&#8221;2160&#8243; img_size=&#8221;full&#8221; el_class=&#8221;img-bulle-left hidden-xs hidden-sm&#8221;][vc_row_inner content_placement=&#8221;top&#8221; gap=&#8221;35&#8243; css=&#8221;.vc_custom_1567605886105{padding-top: 0px !important;}&#8221;][vc_column_inner width=&#8221;1\/3&#8243; offset=&#8221;vc_col-lg-4 vc_col-md-4 vc_hidden-xs&#8221;][\/vc_column_inner][vc_column_inner el_class=&#8221;col-full-wt-img&#8221; width=&#8221;2\/3&#8243; css=&#8221;.vc_custom_1571229922778{padding-top: 0px !important;padding-right: 0px !important;padding-bottom: 0px !important;padding-left: 0px !important;}&#8221; offset=&#8221;vc_col-lg-6 vc_col-md-8 vc_col-xs-12&#8243;][vc_single_image image=&#8221;767&#8243; img_size=&#8221;250&#215;86&#8243;]<div class=\"ult-spacer spacer-69d2606ce63c4\" data-id=\"69d2606ce63c4\" data-height=\"30\" data-height-mobile=\"15\" data-height-tab=\"20\" data-height-tab-portrait=\"20\" data-height-mobile-landscape=\"15\" style=\"clear:both;display:block;\"><\/div>[vc_column_text]<span class=\"TextRun BCX4 SCXW43716165\" lang=\"EN\" xml:lang=\"EN\" data-contrast=\"none\"><span class=\"NormalTextRun BCX4 SCXW43716165\">Kersia ist mit seiner AQUATABS\u00ae-<\/span><\/span><span class=\"TextRun BCX4 SCXW43716165\" lang=\"EN\" xml:lang=\"EN\" data-contrast=\"none\"><span class=\"NormalTextRun BCX4 SCXW43716165\">Marke <\/span><\/span><span class=\"TextRun BCX4 SCXW43716165\" lang=\"EN\" xml:lang=\"EN\" data-contrast=\"none\"><span class=\"NormalTextRun BCX4 SCXW43716165\">der Weltmarktf\u00fchrer bei der Herstellung von Wasserdesinfektionstabletten<\/span><\/span><span class=\"TextRun BCX4 SCXW43716165\" lang=\"EN\" xml:lang=\"EN\" data-contrast=\"none\"><span class=\"NormalTextRun BCX4 SCXW43716165\"> und kleinen Wasseraufbereitungsanlagen<\/span><\/span><span class=\"TextRun BCX4 SCXW43716165\" lang=\"EN\" xml:lang=\"EN\" data-contrast=\"none\"><span class=\"NormalTextRun BCX4 SCXW43716165\">.<\/span><\/span>[\/vc_column_text][vc_column_text css=&#8221;.vc_custom_1571587370937{margin-top: 0px !important;border-top-width: 0px !important;padding-top: 0px !important;}&#8221;]Mehr als 1 Milliarde\u00a0Aquatabs\u00ae-Brausetabletten werden in der Notfallwasseraufbereitung bei Katastrophen verwendet, aber auch t\u00e4glich in Gebieten, wo das Wasser nicht sicher ist, wobei hier mehr als 10 Milliarden Liter Wasser pro Jahr aufbereitet werden.<\/p>\n<p>Kersia ist ein wichtiger Partner der gr\u00f6\u00dften internationalen Hilfsorganisation und von Gesundheitsministerien in vielen Entwicklungsl\u00e4ndern.<\/p>\n<p>Kersia bietet auch kleine Wasseraufbereitungsanlagen an, mit denen zum Beispiel mehr als 15.000 Schulen in Afrika mit sauberem Wasser versorgt und mehr als 5 Millionen hilfsbed\u00fcrftige Kinder gesch\u00fctzt werden.\u00a0(Aquatabs Flo, Aquatabs InLine).[\/vc_column_text][\/vc_column_inner][\/vc_row_inner][\/vc_column][\/vc_row][vc_row][vc_column]<div class=\"ult-spacer spacer-69d2606ce63e4\" data-id=\"69d2606ce63e4\" data-height=\"50\" data-height-mobile=\"25\" data-height-tab=\"40\" data-height-tab-portrait=\"40\" data-height-mobile-landscape=\"25\" style=\"clear:both;display:block;\"><\/div>[\/vc_column][\/vc_row][vc_row type=&#8221;vc_default&#8221; full_width=&#8221;stretch_row&#8221; parallax=&#8221;content-moving&#8221; bg_type=&#8221;image&#8221; parallax_style=&#8221;vcpb-vz-jquery&#8221; bg_image_new=&#8221;id^764|url^https:\/\/www.kersia-group.com\/wp-content\/uploads\/2019\/08\/bg_water_treatment-1.jpg|caption^null|alt^null|title^bg_water_treatment|description^null&#8221; bg_image_repeat=&#8221;no-repeat&#8221;][vc_column width=&#8221;2\/12&#8243;][\/vc_column][vc_column width=&#8221;10\/12&#8243;]<div class=\"ult-spacer spacer-69d2606ce6403\" data-id=\"69d2606ce6403\" data-height=\"170\" data-height-mobile=\"80\" data-height-tab=\"120\" data-height-tab-portrait=\"120\" data-height-mobile-landscape=\"80\" style=\"clear:both;display:block;\"><\/div>[vc_column_text css_animation=&#8221;right-to-left&#8221; css=&#8221;.vc_custom_1571587411604{background-color: #01a8dd !important;}&#8221; el_class=&#8221;focus&#8221;]<\/p>\n<h3>Hochwertiges Wasser, gesunde Betriebe und bessere Ergebnisse<\/h3>\n<p>Wasser ist ein wesentliches Element f\u00fcr die allgemeine Gesundheit von Gefl\u00fcgel, Schweinen, K\u00fchen und allen anderen Nutztieren. Wasser mit schlechter Qualit\u00e4t (Vorhandensein von Bakterien, Pilzen, Viren, Parasiten usw.) kann das Wachstum, die Laktation und die Reproduktion von Tieren beeintr\u00e4chtigen. Die Wasserqualit\u00e4t eines Betriebs und die Integrit\u00e4t der Leitungen m\u00fcssen daher regelm\u00e4\u00dfig \u00fcberpr\u00fcft werden.<\/p>\n<p>Das Know-how von Kersia in diesem Bereich st\u00fctzt sich auf einen globalen Biosicherheitsansatz:<\/p>\n<ul>\n<li>Wasseranalyse;<\/li>\n<li>Vorbehandlung der Leitungen;<\/li>\n<li>Lieferung von L\u00f6sungen f\u00fcr die Wasseraufbereitung angepasst an alle Betriebsgr\u00f6\u00dfen.<\/li>\n<\/ul>\n<p>Aquatabs-Tabletten oder -Anlagen sorgen daf\u00fcr, dass Tiere sicheres, kosteng\u00fcnstiges Tr\u00e4nkwasser haben, das den Antibiotikaeinsatz verringert und die Gewichtszunahme verbessert.<\/p>\n<p>Da Wasser ein zentrales Element auf jeder Stufe der Nahrungskette darstellt, erweitert Kersia dank seiner Innovationen st\u00e4ndig sein Angebot zum Schutz von Lebensmitteln und Wasser vor jeglicher Kontamination.[\/vc_column_text]<div class=\"ult-spacer spacer-69d2606ce6422\" data-id=\"69d2606ce6422\" data-height=\"100\" data-height-mobile=\"50\" data-height-tab=\"75\" data-height-tab-portrait=\"75\" data-height-mobile-landscape=\"50\" style=\"clear:both;display:block;\"><\/div>[\/vc_column][\/vc_row]<\/p>\n","protected":false},"excerpt":{"rendered":"<p>[vc_row type=&#8221;vc_default&#8221;][vc_column offset=&#8221;vc_hidden-lg vc_hidden-md&#8221;][vc_column_text el_class=&#8221;carnas_green&#8221;] Sicheres Wasser, sichere Welt [\/vc_column_text][\/vc_column][vc_column offset=&#8221;vc_col-lg-5 vc_col-md-4 vc_hidden-sm vc_hidden-xs&#8221;][vc_column_text el_class=&#8221;carnas_green&#8221;] Sicheres Wasser, sichere Welt [\/vc_column_text][\/vc_column][vc_column offset=&#8221;vc_col-lg-7 vc_col-md-8&#8243;][vc_column_text]Wasser ist ein notwendiges Gut f\u00fcr das Leben und&hellip;<\/p>\n","protected":false},"author":2,"featured_media":0,"parent":96243,"menu_order":4,"comment_status":"closed","ping_status":"closed","template":"","meta":{"_acf_changed":false,"footnotes":""},"class_list":["post-96217","page","type-page","status-publish","hentry","description-off"],"acf":[],"yoast_head":"<!-- This site is optimized with the Yoast SEO plugin v21.9.1 - https:\/\/yoast.com\/wordpress\/plugins\/seo\/ -->\n<title>Wasseraufbereitung - Kersia Group<\/title>\n<meta name=\"robots\" content=\"index, follow, max-snippet:-1, max-image-preview:large, max-video-preview:-1\" \/>\n<link rel=\"canonical\" href=\"https:\/\/www.kersia-group.com\/de-de\/aktivitaeten\/wasseraufbereitung\/\" \/>\n<meta property=\"og:locale\" content=\"de_DE\" \/>\n<meta property=\"og:type\" content=\"article\" \/>\n<meta property=\"og:title\" content=\"Wasseraufbereitung - Kersia Group\" \/>\n<meta property=\"og:description\" content=\"[vc_row type=&#8221;vc_default&#8221;][vc_column offset=&#8221;vc_hidden-lg vc_hidden-md&#8221;][vc_column_text el_class=&#8221;carnas_green&#8221;] Sicheres Wasser, sichere Welt [\/vc_column_text][\/vc_column][vc_column offset=&#8221;vc_col-lg-5 vc_col-md-4 vc_hidden-sm vc_hidden-xs&#8221;][vc_column_text el_class=&#8221;carnas_green&#8221;] Sicheres Wasser, sichere Welt [\/vc_column_text][\/vc_column][vc_column offset=&#8221;vc_col-lg-7 vc_col-md-8&#8243;][vc_column_text]Wasser ist ein notwendiges Gut f\u00fcr das Leben und&hellip;\" \/>\n<meta property=\"og:url\" content=\"https:\/\/www.kersia-group.com\/de-de\/aktivitaeten\/wasseraufbereitung\/\" \/>\n<meta property=\"og:site_name\" content=\"Kersia Group\" \/>\n<meta property=\"article:modified_time\" content=\"2025-06-26T17:05:52+00:00\" \/>\n<meta name=\"twitter:card\" content=\"summary_large_image\" \/>\n<meta name=\"twitter:label1\" content=\"Gesch\u00e4tzte Lesezeit\" \/>\n\t<meta name=\"twitter:data1\" content=\"4\u00a0Minuten\" \/>\n<script type=\"application\/ld+json\" class=\"yoast-schema-graph\">{\"@context\":\"https:\/\/schema.org\",\"@graph\":[{\"@type\":\"WebPage\",\"@id\":\"https:\/\/www.kersia-group.com\/de-de\/aktivitaeten\/wasseraufbereitung\/\",\"url\":\"https:\/\/www.kersia-group.com\/de-de\/aktivitaeten\/wasseraufbereitung\/\",\"name\":\"Wasseraufbereitung - Kersia Group\",\"isPartOf\":{\"@id\":\"\/#website\"},\"datePublished\":\"2020-01-07T12:45:57+00:00\",\"dateModified\":\"2025-06-26T17:05:52+00:00\",\"breadcrumb\":{\"@id\":\"https:\/\/www.kersia-group.com\/de-de\/aktivitaeten\/wasseraufbereitung\/#breadcrumb\"},\"inLanguage\":\"de\",\"potentialAction\":[{\"@type\":\"ReadAction\",\"target\":[\"https:\/\/www.kersia-group.com\/de-de\/aktivitaeten\/wasseraufbereitung\/\"]}]},{\"@type\":\"BreadcrumbList\",\"@id\":\"https:\/\/www.kersia-group.com\/de-de\/aktivitaeten\/wasseraufbereitung\/#breadcrumb\",\"itemListElement\":[{\"@type\":\"ListItem\",\"position\":1,\"name\":\"Home\",\"item\":\"https:\/\/www.kersia-group.com\/de-de\/\"},{\"@type\":\"ListItem\",\"position\":2,\"name\":\"Wasseraufbereitung\"}]},{\"@type\":\"WebSite\",\"@id\":\"\/#website\",\"url\":\"\/\",\"name\":\"Kersia Group\",\"description\":\"INVENTING A FOOD SAFE WORLD\",\"potentialAction\":[{\"@type\":\"SearchAction\",\"target\":{\"@type\":\"EntryPoint\",\"urlTemplate\":\"\/?s={search_term_string}\"},\"query-input\":\"required name=search_term_string\"}],\"inLanguage\":\"de\"}]}<\/script>\n<!-- \/ Yoast SEO plugin. -->","yoast_head_json":{"title":"Wasseraufbereitung - Kersia Group","robots":{"index":"index","follow":"follow","max-snippet":"max-snippet:-1","max-image-preview":"max-image-preview:large","max-video-preview":"max-video-preview:-1"},"canonical":"https:\/\/www.kersia-group.com\/de-de\/aktivitaeten\/wasseraufbereitung\/","og_locale":"de_DE","og_type":"article","og_title":"Wasseraufbereitung - Kersia Group","og_description":"[vc_row type=&#8221;vc_default&#8221;][vc_column offset=&#8221;vc_hidden-lg vc_hidden-md&#8221;][vc_column_text el_class=&#8221;carnas_green&#8221;] Sicheres Wasser, sichere Welt [\/vc_column_text][\/vc_column][vc_column offset=&#8221;vc_col-lg-5 vc_col-md-4 vc_hidden-sm vc_hidden-xs&#8221;][vc_column_text el_class=&#8221;carnas_green&#8221;] Sicheres Wasser, sichere Welt [\/vc_column_text][\/vc_column][vc_column offset=&#8221;vc_col-lg-7 vc_col-md-8&#8243;][vc_column_text]Wasser ist ein notwendiges Gut f\u00fcr das Leben und&hellip;","og_url":"https:\/\/www.kersia-group.com\/de-de\/aktivitaeten\/wasseraufbereitung\/","og_site_name":"Kersia Group","article_modified_time":"2025-06-26T17:05:52+00:00","twitter_card":"summary_large_image","twitter_misc":{"Gesch\u00e4tzte Lesezeit":"4\u00a0Minuten"},"schema":{"@context":"https:\/\/schema.org","@graph":[{"@type":"WebPage","@id":"https:\/\/www.kersia-group.com\/de-de\/aktivitaeten\/wasseraufbereitung\/","url":"https:\/\/www.kersia-group.com\/de-de\/aktivitaeten\/wasseraufbereitung\/","name":"Wasseraufbereitung - Kersia Group","isPartOf":{"@id":"\/#website"},"datePublished":"2020-01-07T12:45:57+00:00","dateModified":"2025-06-26T17:05:52+00:00","breadcrumb":{"@id":"https:\/\/www.kersia-group.com\/de-de\/aktivitaeten\/wasseraufbereitung\/#breadcrumb"},"inLanguage":"de","potentialAction":[{"@type":"ReadAction","target":["https:\/\/www.kersia-group.com\/de-de\/aktivitaeten\/wasseraufbereitung\/"]}]},{"@type":"BreadcrumbList","@id":"https:\/\/www.kersia-group.com\/de-de\/aktivitaeten\/wasseraufbereitung\/#breadcrumb","itemListElement":[{"@type":"ListItem","position":1,"name":"Home","item":"https:\/\/www.kersia-group.com\/de-de\/"},{"@type":"ListItem","position":2,"name":"Wasseraufbereitung"}]},{"@type":"WebSite","@id":"\/#website","url":"\/","name":"Kersia Group","description":"INVENTING A FOOD SAFE WORLD","potentialAction":[{"@type":"SearchAction","target":{"@type":"EntryPoint","urlTemplate":"\/?s={search_term_string}"},"query-input":"required name=search_term_string"}],"inLanguage":"de"}]}},"_links":{"self":[{"href":"https:\/\/www.kersia-group.com\/de-de\/wp-json\/wp\/v2\/pages\/96217","targetHints":{"allow":["GET"]}}],"collection":[{"href":"https:\/\/www.kersia-group.com\/de-de\/wp-json\/wp\/v2\/pages"}],"about":[{"href":"https:\/\/www.kersia-group.com\/de-de\/wp-json\/wp\/v2\/types\/page"}],"author":[{"embeddable":true,"href":"https:\/\/www.kersia-group.com\/de-de\/wp-json\/wp\/v2\/users\/2"}],"replies":[{"embeddable":true,"href":"https:\/\/www.kersia-group.com\/de-de\/wp-json\/wp\/v2\/comments?post=96217"}],"version-history":[{"count":1,"href":"https:\/\/www.kersia-group.com\/de-de\/wp-json\/wp\/v2\/pages\/96217\/revisions"}],"predecessor-version":[{"id":96235,"href":"https:\/\/www.kersia-group.com\/de-de\/wp-json\/wp\/v2\/pages\/96217\/revisions\/96235"}],"up":[{"embeddable":true,"href":"https:\/\/www.kersia-group.com\/de-de\/wp-json\/wp\/v2\/pages\/96243"}],"wp:attachment":[{"href":"https:\/\/www.kersia-group.com\/de-de\/wp-json\/wp\/v2\/media?parent=96217"}],"curies":[{"name":"wp","href":"https:\/\/api.w.org\/{rel}","templated":true}]}}