{"id":96020,"date":"2020-01-07T13:55:42","date_gmt":"2020-01-07T12:55:42","guid":{"rendered":"https:\/\/www.kersia-group.com\/landwirtschaft\/"},"modified":"2020-01-07T13:55:42","modified_gmt":"2020-01-07T12:55:42","slug":"landwirtschaft","status":"publish","type":"page","link":"https:\/\/www.kersia-group.com\/de-de\/karriere\/unsere-teams\/landwirtschaft\/","title":{"rendered":"Landwirtschaft"},"content":{"rendered":"<p>[vc_row type=&#8221;vc_default&#8221;][vc_column][vc_column_text]Unser Landwirtschaftsteam arbeitet mit Milchviehhaltern (Rinder-, Schaf- und Ziegenhaltung) sowie mit Schweine- und Gefl\u00fcgelhaltern zusammen. Wir bieten \u00fcber unser Vertriebsnetz fachkundige Unterst\u00fctzung und Hygienel\u00f6sungen (Melkhygiene, Geb\u00e4udehygiene, Wasseraufbereitung), Erg\u00e4nzungsfuttermittel f\u00fcr Tiere und technische Beratung je nach den Bed\u00fcrfnissen der Landwirte und unserer Partner.<\/p>\n<p>Unsere Aufgabengebiete bieten die Chance f\u00fcr vielf\u00e4ltige T\u00e4tigkeiten: Netzwerkkoordination und Katalogisierung von Produktion, Hilfe bei der Pr\u00e4vention und Informationsveranstaltungen f\u00fcr die Erzeuger, Zusammenarbeit mit unseren Partnern in der Praxis (Audits, Installation von Robotern, individuelle Beratung), Besuch von Messen usw.\u00a0[\/vc_column_text][\/vc_column][\/vc_row][vc_row type=&#8221;vc_default&#8221;][vc_column]<div class=\"ult-spacer spacer-69d05126eeabd\" data-id=\"69d05126eeabd\" data-height=\"50\" data-height-mobile=\"25\" data-height-tab=\"40\" data-height-tab-portrait=\"40\" data-height-mobile-landscape=\"25\" style=\"clear:both;display:block;\"><\/div>[\/vc_column][\/vc_row][vc_row type=&#8221;vc_default&#8221; animation=&#8221;pulse&#8221; margin_top=&#8221;100&#8243; margin_bottom=&#8221;100&#8243; full_width_row=&#8221;true&#8221; padding_left=&#8221;50&#8243; padding_right=&#8221;50&#8243; parallax_content=&#8221;parallax_content_value&#8221; parallax_content_sense=&#8221;30&#8243; min_height=&#8221;25&#8243;][vc_column width=&#8221;1\/3&#8243;][vc_column_text]<\/p>\n<h3>Unsere Aufgabengebiete:<\/h3>\n<ul>\n<li>Technical Sales Advisor<\/li>\n<li>Head of Market<\/li>\n<li>Market Manager<\/li>\n<li>Regional Manager<\/li>\n<li>Sales Director<\/li>\n<li>Key\u00a0Account Manager<\/li>\n<li>Sales Manager<\/li>\n<\/ul>\n<p>[\/vc_column_text]<div class=\"ult-spacer spacer-69d05126eeaf3\" data-id=\"69d05126eeaf3\" data-height=\"\" data-height-mobile=\"25\" data-height-tab=\"40\" data-height-tab-portrait=\"40\" data-height-mobile-landscape=\"25\" style=\"clear:both;display:block;\"><\/div>[\/vc_column][vc_column width=&#8221;2\/3&#8243;][vc_column_text]<\/p>\n<h3>Unsere Kompetenzbereiche:<\/h3>\n<ul>\n<li>Tierern\u00e4hrung<\/li>\n<li>Intensivproduktion<\/li>\n<li>Milchwirtschaft<\/li>\n<li>Wasseraufbereitung<\/li>\n<\/ul>\n<p>[\/vc_column_text][\/vc_column][\/vc_row][vc_row type=&#8221;vc_default&#8221;][vc_column]<div class=\"ult-spacer spacer-69d05126eeb19\" data-id=\"69d05126eeb19\" data-height=\"50\" data-height-mobile=\"25\" data-height-tab=\"40\" data-height-tab-portrait=\"40\" data-height-mobile-landscape=\"25\" style=\"clear:both;display:block;\"><\/div>[\/vc_column][\/vc_row][vc_row type=&#8221;vc_default&#8221; full_width=&#8221;stretch_row_content&#8221;][vc_column]<div id=\"ult-carousel-402290671269d05126eeb8c\" class=\"ult-carousel-wrapper   ult_horizontal\" data-gutter=\"15\" data-rtl=\"false\" ><div class=\"ult-carousel-354674244069d05126eeb4e \" ><div class=\"ult-item-wrap\" data-animation=\"animated no-animation\"><div class=\"ult-new-ib ult-ib-effect-style6  ult-ib-resp  \" data-min-width=\"768\" data-max-width=\"900\" style=\"background:#0a0a0a;\" data-opacity=\"1\" data-hover-opacity=\"0.9\" ><img decoding=\"async\" class=\"ult-new-ib-img\" style=\"opacity:1;\" alt=\"null\" src=\"https:\/\/www.kersia-group.com\/wp-content\/uploads\/2019\/10\/bg_regulatory_affairs2.jpg\"   \/><div id=\"interactive-banner-wrap-7539\" class=\"ult-new-ib-desc\" style=\"\"><h2 class=\"ult-new-ib-title ult-responsive\"  data-ultimate-target='#interactive-banner-wrap-7539 .ult-new-ib-title'  data-responsive-json-new='{\"font-size\":\"desktop:36px;tablet:24px;tablet_portrait:24px;mobile_landscape:24px;mobile:24px;\",\"line-height\":\"desktop:42px;tablet:30px;tablet_portrait:30px;mobile_landscape:30px;mobile:30px;\"}'  style=\"font-weight:normal;color:#ffffff;\">Regulierungsangelegenheiten<\/h2><\/div><a class=\"ult-new-ib-link\" href=\"https:\/\/www.kersia-group.com\/de\/karriere\/unsere-teams\/regulierungsangelegenheiten\/\" title=\"Regulierungsangelegenheiten\"  ><\/a><\/div><script type=\"text\/javascript\">\n\t\t\t(function($){\n\t\t\t\t$(document).ready(function(){\n\t\t\t\t\t$(\".ult-new-ib\").css(\"opacity\",\"1\");\n\t\t\t\t});\n\t\t\t})(jQuery);\n\t\t\t<\/script><\/div><div class=\"ult-item-wrap\" data-animation=\"animated no-animation\"><div class=\"ult-new-ib ult-ib-effect-style6  ult-ib-resp  \" data-min-width=\"768\" data-max-width=\"900\" style=\"background:#0a0a0a;\" data-opacity=\"1\" data-hover-opacity=\"0.9\" ><img decoding=\"async\" class=\"ult-new-ib-img\" style=\"opacity:1;\" alt=\"null\" src=\"https:\/\/www.kersia-group.com\/wp-content\/uploads\/2019\/08\/bg_agriculture2.jpg\"   \/><div id=\"interactive-banner-wrap-8092\" class=\"ult-new-ib-desc\" style=\"\"><h2 class=\"ult-new-ib-title ult-responsive\"  data-ultimate-target='#interactive-banner-wrap-8092 .ult-new-ib-title'  data-responsive-json-new='{\"font-size\":\"desktop:36px;tablet:24px;tablet_portrait:24px;mobile_landscape:24px;mobile:24px;\",\"line-height\":\"desktop:42px;tablet:30px;tablet_portrait:30px;mobile_landscape:30px;mobile:30px;\"}'  style=\"font-weight:normal;color:#ffffff;\">Landwirtschaft<\/h2><\/div><a class=\"ult-new-ib-link\" href=\"https:\/\/www.kersia-group.com\/de\/karriere\/unsere-teams\/landwirtschaft\/\" title=\"Landwirtschaft\"  ><\/a><\/div><script type=\"text\/javascript\">\n\t\t\t(function($){\n\t\t\t\t$(document).ready(function(){\n\t\t\t\t\t$(\".ult-new-ib\").css(\"opacity\",\"1\");\n\t\t\t\t});\n\t\t\t})(jQuery);\n\t\t\t<\/script><\/div><div class=\"ult-item-wrap\" data-animation=\"animated no-animation\"><div class=\"ult-new-ib ult-ib-effect-style6  ult-ib-resp  \" data-min-width=\"768\" data-max-width=\"900\" style=\"background:#0a0a0a;\" data-opacity=\"1\" data-hover-opacity=\"0.9\" ><img decoding=\"async\" class=\"ult-new-ib-img\" style=\"opacity:1;\" alt=\"null\" src=\"https:\/\/www.kersia-group.com\/wp-content\/uploads\/2019\/08\/bg_food_industry2.jpg\"   \/><div id=\"interactive-banner-wrap-8774\" class=\"ult-new-ib-desc\" style=\"\"><h2 class=\"ult-new-ib-title ult-responsive\"  data-ultimate-target='#interactive-banner-wrap-8774 .ult-new-ib-title'  data-responsive-json-new='{\"font-size\":\"desktop:36px;tablet:24px;tablet_portrait:24px;mobile_landscape:24px;mobile:24px;\",\"line-height\":\"desktop:42px;tablet:30px;tablet_portrait:30px;mobile_landscape:30px;mobile:30px;\"}'  style=\"font-weight:normal;color:#ffffff;\">Lebensmittelindustrie<\/h2><\/div><a class=\"ult-new-ib-link\" href=\"https:\/\/www.kersia-group.com\/de\/aktivitaeten\/lebensmittelindustrie\/\" title=\"Lebensmittelindustrie\"  ><\/a><\/div><script type=\"text\/javascript\">\n\t\t\t(function($){\n\t\t\t\t$(document).ready(function(){\n\t\t\t\t\t$(\".ult-new-ib\").css(\"opacity\",\"1\");\n\t\t\t\t});\n\t\t\t})(jQuery);\n\t\t\t<\/script><\/div><div class=\"ult-item-wrap\" data-animation=\"animated no-animation\"><div class=\"ult-new-ib ult-ib-effect-style6  ult-ib-resp  \" data-min-width=\"768\" data-max-width=\"900\" style=\"background:#0a0a0a;\" data-opacity=\"1\" data-hover-opacity=\"0.9\" ><img decoding=\"async\" class=\"ult-new-ib-img\" style=\"opacity:1;\" alt=\"null\" src=\"https:\/\/www.kersia-group.com\/wp-content\/uploads\/2019\/08\/bg_industrial_foodprint2.jpg\"   \/><div id=\"interactive-banner-wrap-8147\" class=\"ult-new-ib-desc\" style=\"\"><h2 class=\"ult-new-ib-title ult-responsive\"  data-ultimate-target='#interactive-banner-wrap-8147 .ult-new-ib-title'  data-responsive-json-new='{\"font-size\":\"desktop:36px;tablet:24px;tablet_portrait:24px;mobile_landscape:24px;mobile:24px;\",\"line-height\":\"desktop:42px;tablet:30px;tablet_portrait:30px;mobile_landscape:30px;mobile:30px;\"}'  style=\"font-weight:normal;color:#ffffff;\">Industrielle Pr\u00e4senz<\/h2><\/div><a class=\"ult-new-ib-link\" href=\"https:\/\/www.kersia-group.com\/de\/karriere\/unsere-teams\/industrielle-praesenz\/\" title=\"Industrielle Pr\u00e4senz\"  ><\/a><\/div><script type=\"text\/javascript\">\n\t\t\t(function($){\n\t\t\t\t$(document).ready(function(){\n\t\t\t\t\t$(\".ult-new-ib\").css(\"opacity\",\"1\");\n\t\t\t\t});\n\t\t\t})(jQuery);\n\t\t\t<\/script><\/div><div class=\"ult-item-wrap\" data-animation=\"animated no-animation\"><div class=\"ult-new-ib ult-ib-effect-style6  ult-ib-resp  \" data-min-width=\"768\" data-max-width=\"900\" style=\"background:#0a0a0a;\" data-opacity=\"1\" data-hover-opacity=\"0.9\" ><img decoding=\"async\" class=\"ult-new-ib-img\" style=\"opacity:1;\" alt=\"null\" src=\"https:\/\/www.kersia-group.com\/wp-content\/uploads\/2019\/09\/3_our-teams.jpg\"   \/><div id=\"interactive-banner-wrap-6049\" class=\"ult-new-ib-desc\" style=\"\"><h2 class=\"ult-new-ib-title ult-responsive\"  data-ultimate-target='#interactive-banner-wrap-6049 .ult-new-ib-title'  data-responsive-json-new='{\"font-size\":\"desktop:36px;tablet:24px;tablet_portrait:24px;mobile_landscape:24px;mobile:24px;\",\"line-height\":\"desktop:42px;tablet:30px;tablet_portrait:30px;mobile_landscape:30px;mobile:30px;\"}'  style=\"font-weight:normal;color:#ffffff;\">Innovation<\/h2><\/div><a class=\"ult-new-ib-link\" href=\"https:\/\/www.kersia-group.com\/de\/karriere\/unsere-teams\/innovation\/\" title=\"Innovation\"  ><\/a><\/div><script type=\"text\/javascript\">\n\t\t\t(function($){\n\t\t\t\t$(document).ready(function(){\n\t\t\t\t\t$(\".ult-new-ib\").css(\"opacity\",\"1\");\n\t\t\t\t});\n\t\t\t})(jQuery);\n\t\t\t<\/script><\/div><div class=\"ult-item-wrap\" data-animation=\"animated no-animation\"><div class=\"ult-new-ib ult-ib-effect-style6  ult-ib-resp  \" data-min-width=\"768\" data-max-width=\"900\" style=\"background:#0a0a0a;\" data-opacity=\"1\" data-hover-opacity=\"0.9\" ><img decoding=\"async\" class=\"ult-new-ib-img\" style=\"opacity:1;\" alt=\"null\" src=\"https:\/\/www.kersia-group.com\/wp-content\/uploads\/2019\/10\/bg_support_functions2.jpg\"   \/><div id=\"interactive-banner-wrap-6075\" class=\"ult-new-ib-desc\" style=\"\"><h2 class=\"ult-new-ib-title ult-responsive\"  data-ultimate-target='#interactive-banner-wrap-6075 .ult-new-ib-title'  data-responsive-json-new='{\"font-size\":\"desktop:36px;tablet:24px;tablet_portrait:24px;mobile_landscape:24px;mobile:24px;\",\"line-height\":\"desktop:42px;tablet:30px;tablet_portrait:30px;mobile_landscape:30px;mobile:30px;\"}'  style=\"font-weight:normal;color:#ffffff;\">Unterst\u00fctzende Funktionen<\/h2><\/div><a class=\"ult-new-ib-link\" href=\"https:\/\/www.kersia-group.com\/de\/karriere\/unsere-teams\/unterstuetzende-funktionen\/\" title=\"Unterst\u00fctzende Funktionen\"  ><\/a><\/div><script type=\"text\/javascript\">\n\t\t\t(function($){\n\t\t\t\t$(document).ready(function(){\n\t\t\t\t\t$(\".ult-new-ib\").css(\"opacity\",\"1\");\n\t\t\t\t});\n\t\t\t})(jQuery);\n\t\t\t<\/script><\/div><\/div><\/div>\t\t\t<script type=\"text\/javascript\">\n\t\t\t\tjQuery(document).ready(function ($) {\n\t\t\t\t\tif( typeof jQuery('.ult-carousel-354674244069d05126eeb4e').slick == \"function\"){\n\t\t\t\t\t\t$('.ult-carousel-354674244069d05126eeb4e').slick({dots: true,autoplay: true,autoplaySpeed: 5000,speed: 300,infinite: true,arrows: true,nextArrow: '<button type=\"button\" role=\"button\" aria-label=\"Next\" style=\"color:#333333; font-size:20px;\" class=\"slick-next default\"><i class=\"ultsl-arrow-right4\"><\/i><\/button>',prevArrow: '<button type=\"button\" role=\"button\" aria-label=\"Previous\" style=\"color:#333333; font-size:20px;\" class=\"slick-prev default\"><i class=\"ultsl-arrow-left4\"><\/i><\/button>',slidesToScroll:3,slidesToShow:3,swipe: true,draggable: true,touchMove: true,pauseOnHover: true,pauseOnFocus: false,responsive: [\n\t\t\t\t\t\t\t{\n\t\t\t\t\t\t\t  breakpoint: 1026,\n\t\t\t\t\t\t\t  settings: {\n\t\t\t\t\t\t\t\tslidesToShow: 3,\n\t\t\t\t\t\t\t\tslidesToScroll: 3,  \n\t\t\t\t\t\t\t  }\n\t\t\t\t\t\t\t},\n\t\t\t\t\t\t\t{\n\t\t\t\t\t\t\t  breakpoint: 1025,\n\t\t\t\t\t\t\t  settings: {\n\t\t\t\t\t\t\t\tslidesToShow: 2,\n\t\t\t\t\t\t\t\tslidesToScroll: 2\n\t\t\t\t\t\t\t  }\n\t\t\t\t\t\t\t},\n\t\t\t\t\t\t\t{\n\t\t\t\t\t\t\t  breakpoint: 760,\n\t\t\t\t\t\t\t  settings: {\n\t\t\t\t\t\t\t\tslidesToShow: 1,\n\t\t\t\t\t\t\t\tslidesToScroll: 1\n\t\t\t\t\t\t\t  }\n\t\t\t\t\t\t\t}\n\t\t\t\t\t\t],pauseOnDotsHover: true,customPaging: function(slider, i) {\n                   return '<i type=\"button\" style= \"color:#333333;\" class=\"ultsl-record\" data-role=\"none\"><\/i>';\n                },});\n\t\t\t\t\t}\n\t\t\t\t});\n\t\t\t<\/script>\n\t\t\t[\/vc_column][\/vc_row]<\/p>\n","protected":false},"excerpt":{"rendered":"<p>[vc_row type=&#8221;vc_default&#8221;][vc_column][vc_column_text]Unser Landwirtschaftsteam arbeitet mit Milchviehhaltern (Rinder-, Schaf- und Ziegenhaltung) sowie mit Schweine- und Gefl\u00fcgelhaltern zusammen. Wir bieten \u00fcber unser Vertriebsnetz fachkundige Unterst\u00fctzung und Hygienel\u00f6sungen (Melkhygiene, Geb\u00e4udehygiene, Wasseraufbereitung), Erg\u00e4nzungsfuttermittel f\u00fcr&hellip;<\/p>\n","protected":false},"author":2,"featured_media":0,"parent":96211,"menu_order":0,"comment_status":"closed","ping_status":"closed","template":"","meta":{"_acf_changed":false,"footnotes":""},"class_list":["post-96020","page","type-page","status-publish","hentry","description-off"],"acf":[],"yoast_head":"<!-- This site is optimized with the Yoast SEO plugin v21.9.1 - https:\/\/yoast.com\/wordpress\/plugins\/seo\/ -->\n<title>Landwirtschaft - Kersia Group<\/title>\n<meta name=\"robots\" content=\"index, follow, max-snippet:-1, max-image-preview:large, max-video-preview:-1\" \/>\n<link rel=\"canonical\" href=\"https:\/\/www.kersia-group.com\/de-de\/karriere\/unsere-teams\/landwirtschaft\/\" \/>\n<meta property=\"og:locale\" content=\"de_DE\" \/>\n<meta property=\"og:type\" content=\"article\" \/>\n<meta property=\"og:title\" content=\"Landwirtschaft - Kersia Group\" \/>\n<meta property=\"og:description\" content=\"[vc_row type=&#8221;vc_default&#8221;][vc_column][vc_column_text]Unser Landwirtschaftsteam arbeitet mit Milchviehhaltern (Rinder-, Schaf- und Ziegenhaltung) sowie mit Schweine- und Gefl\u00fcgelhaltern zusammen. Wir bieten \u00fcber unser Vertriebsnetz fachkundige Unterst\u00fctzung und Hygienel\u00f6sungen (Melkhygiene, Geb\u00e4udehygiene, Wasseraufbereitung), Erg\u00e4nzungsfuttermittel f\u00fcr&hellip;\" \/>\n<meta property=\"og:url\" content=\"https:\/\/www.kersia-group.com\/de-de\/karriere\/unsere-teams\/landwirtschaft\/\" \/>\n<meta property=\"og:site_name\" content=\"Kersia Group\" \/>\n<meta name=\"twitter:card\" content=\"summary_large_image\" \/>\n<meta name=\"twitter:label1\" content=\"Gesch\u00e4tzte Lesezeit\" \/>\n\t<meta name=\"twitter:data1\" content=\"4\u00a0Minuten\" \/>\n<script type=\"application\/ld+json\" class=\"yoast-schema-graph\">{\"@context\":\"https:\/\/schema.org\",\"@graph\":[{\"@type\":\"WebPage\",\"@id\":\"https:\/\/www.kersia-group.com\/de-de\/karriere\/unsere-teams\/landwirtschaft\/\",\"url\":\"https:\/\/www.kersia-group.com\/de-de\/karriere\/unsere-teams\/landwirtschaft\/\",\"name\":\"Landwirtschaft - Kersia Group\",\"isPartOf\":{\"@id\":\"\/#website\"},\"datePublished\":\"2020-01-07T12:55:42+00:00\",\"dateModified\":\"2020-01-07T12:55:42+00:00\",\"breadcrumb\":{\"@id\":\"https:\/\/www.kersia-group.com\/de-de\/karriere\/unsere-teams\/landwirtschaft\/#breadcrumb\"},\"inLanguage\":\"de\",\"potentialAction\":[{\"@type\":\"ReadAction\",\"target\":[\"https:\/\/www.kersia-group.com\/de-de\/karriere\/unsere-teams\/landwirtschaft\/\"]}]},{\"@type\":\"BreadcrumbList\",\"@id\":\"https:\/\/www.kersia-group.com\/de-de\/karriere\/unsere-teams\/landwirtschaft\/#breadcrumb\",\"itemListElement\":[{\"@type\":\"ListItem\",\"position\":1,\"name\":\"Home\",\"item\":\"https:\/\/www.kersia-group.com\/de-de\/\"},{\"@type\":\"ListItem\",\"position\":2,\"name\":\"Landwirtschaft\"}]},{\"@type\":\"WebSite\",\"@id\":\"\/#website\",\"url\":\"\/\",\"name\":\"Kersia Group\",\"description\":\"INVENTING A FOOD SAFE WORLD\",\"potentialAction\":[{\"@type\":\"SearchAction\",\"target\":{\"@type\":\"EntryPoint\",\"urlTemplate\":\"\/?s={search_term_string}\"},\"query-input\":\"required name=search_term_string\"}],\"inLanguage\":\"de\"}]}<\/script>\n<!-- \/ Yoast SEO plugin. -->","yoast_head_json":{"title":"Landwirtschaft - Kersia Group","robots":{"index":"index","follow":"follow","max-snippet":"max-snippet:-1","max-image-preview":"max-image-preview:large","max-video-preview":"max-video-preview:-1"},"canonical":"https:\/\/www.kersia-group.com\/de-de\/karriere\/unsere-teams\/landwirtschaft\/","og_locale":"de_DE","og_type":"article","og_title":"Landwirtschaft - Kersia Group","og_description":"[vc_row type=&#8221;vc_default&#8221;][vc_column][vc_column_text]Unser Landwirtschaftsteam arbeitet mit Milchviehhaltern (Rinder-, Schaf- und Ziegenhaltung) sowie mit Schweine- und Gefl\u00fcgelhaltern zusammen. Wir bieten \u00fcber unser Vertriebsnetz fachkundige Unterst\u00fctzung und Hygienel\u00f6sungen (Melkhygiene, Geb\u00e4udehygiene, Wasseraufbereitung), Erg\u00e4nzungsfuttermittel f\u00fcr&hellip;","og_url":"https:\/\/www.kersia-group.com\/de-de\/karriere\/unsere-teams\/landwirtschaft\/","og_site_name":"Kersia Group","twitter_card":"summary_large_image","twitter_misc":{"Gesch\u00e4tzte Lesezeit":"4\u00a0Minuten"},"schema":{"@context":"https:\/\/schema.org","@graph":[{"@type":"WebPage","@id":"https:\/\/www.kersia-group.com\/de-de\/karriere\/unsere-teams\/landwirtschaft\/","url":"https:\/\/www.kersia-group.com\/de-de\/karriere\/unsere-teams\/landwirtschaft\/","name":"Landwirtschaft - Kersia Group","isPartOf":{"@id":"\/#website"},"datePublished":"2020-01-07T12:55:42+00:00","dateModified":"2020-01-07T12:55:42+00:00","breadcrumb":{"@id":"https:\/\/www.kersia-group.com\/de-de\/karriere\/unsere-teams\/landwirtschaft\/#breadcrumb"},"inLanguage":"de","potentialAction":[{"@type":"ReadAction","target":["https:\/\/www.kersia-group.com\/de-de\/karriere\/unsere-teams\/landwirtschaft\/"]}]},{"@type":"BreadcrumbList","@id":"https:\/\/www.kersia-group.com\/de-de\/karriere\/unsere-teams\/landwirtschaft\/#breadcrumb","itemListElement":[{"@type":"ListItem","position":1,"name":"Home","item":"https:\/\/www.kersia-group.com\/de-de\/"},{"@type":"ListItem","position":2,"name":"Landwirtschaft"}]},{"@type":"WebSite","@id":"\/#website","url":"\/","name":"Kersia Group","description":"INVENTING A FOOD SAFE WORLD","potentialAction":[{"@type":"SearchAction","target":{"@type":"EntryPoint","urlTemplate":"\/?s={search_term_string}"},"query-input":"required name=search_term_string"}],"inLanguage":"de"}]}},"_links":{"self":[{"href":"https:\/\/www.kersia-group.com\/de-de\/wp-json\/wp\/v2\/pages\/96020","targetHints":{"allow":["GET"]}}],"collection":[{"href":"https:\/\/www.kersia-group.com\/de-de\/wp-json\/wp\/v2\/pages"}],"about":[{"href":"https:\/\/www.kersia-group.com\/de-de\/wp-json\/wp\/v2\/types\/page"}],"author":[{"embeddable":true,"href":"https:\/\/www.kersia-group.com\/de-de\/wp-json\/wp\/v2\/users\/2"}],"replies":[{"embeddable":true,"href":"https:\/\/www.kersia-group.com\/de-de\/wp-json\/wp\/v2\/comments?post=96020"}],"version-history":[{"count":0,"href":"https:\/\/www.kersia-group.com\/de-de\/wp-json\/wp\/v2\/pages\/96020\/revisions"}],"up":[{"embeddable":true,"href":"https:\/\/www.kersia-group.com\/de-de\/wp-json\/wp\/v2\/pages\/96211"}],"wp:attachment":[{"href":"https:\/\/www.kersia-group.com\/de-de\/wp-json\/wp\/v2\/media?parent=96020"}],"curies":[{"name":"wp","href":"https:\/\/api.w.org\/{rel}","templated":true}]}}