{"id":96010,"date":"2020-01-07T13:57:10","date_gmt":"2020-01-07T12:57:10","guid":{"rendered":"https:\/\/www.kersia-group.com\/werte\/"},"modified":"2025-06-26T19:05:33","modified_gmt":"2025-06-26T17:05:33","slug":"werte","status":"publish","type":"page","link":"https:\/\/www.kersia-group.com\/de-de\/ueber-uns\/werte\/","title":{"rendered":"Werte"},"content":{"rendered":"<p>[vc_row type=&#8221;vc_default&#8221; bg_type=&#8221;image&#8221; css=&#8221;.vc_custom_1568272823543{background-position: center !important;background-repeat: no-repeat !important;background-size: cover !important;}&#8221;][vc_column][vc_row_inner][vc_column_inner width=&#8221;1\/2&#8243; offset=&#8221;vc_col-lg-6 vc_col-md-6&#8243;][vc_column_text el_class=&#8221;carnas_green&#8221;]<\/p>\n<h2>Transparenz, Austausch, Kompetenz, Weitsicht<\/h2>\n<p>[\/vc_column_text][\/vc_column_inner][vc_column_inner width=&#8221;1\/2&#8243; offset=&#8221;vc_col-lg-6 vc_col-md-6&#8243;][vc_column_text el_class=&#8221;edito2&#8243;]Rund um den Globus werden diese grundlegenden Werte von unseren Mitarbeitern geteilt und gepflegt. Diese Werte stellen unsere Quintessenz dar und bilden die Grundlage unserer Beziehung mit Ihnen, unseren Kunden und Partnern.[\/vc_column_text][\/vc_column_inner][\/vc_row_inner]<div class=\"ult-spacer spacer-69d4321fdbdf7\" data-id=\"69d4321fdbdf7\" data-height=\"50\" data-height-mobile=\"25\" data-height-tab=\"40\" data-height-tab-portrait=\"40\" data-height-mobile-landscape=\"25\" style=\"clear:both;display:block;\"><\/div>[\/vc_column][\/vc_row][vc_row type=&#8221;vc_default&#8221; full_width=&#8221;stretch_row_content&#8221; gap=&#8221;35&#8243; equal_height=&#8221;yes&#8221;][vc_column width=&#8221;1\/2&#8243; css=&#8221;.vc_custom_1570460876126{margin-top: 0px !important;margin-right: 0px !important;margin-bottom: 0px !important;margin-left: 0px !important;padding-top: 0px !important;padding-right: 0px !important;padding-bottom: 0px !important;padding-left: 0px !important;}&#8221; offset=&#8221;vc_col-lg-offset-0 vc_col-lg-3 vc_col-md-offset-0 vc_col-md-6 vc_col-sm-offset-0 vc_hidden-xs&#8221;][vc_hoverbox image=&#8221;323&#8243; primary_title=&#8221;Transparenz&#8221; primary_title_font_container=&#8221;color:%23ffffff&#8221; primary_title_use_theme_fonts=&#8221;yes&#8221; hover_title=&#8221;Transparenz&#8221; hover_title_font_container=&#8221;color:%23ffffff&#8221; hover_title_use_theme_fonts=&#8221;yes&#8221; shape=&#8221;square&#8221; hover_background_color=&#8221;custom&#8221; css_animation=&#8221;bounceIn&#8221; use_custom_fonts_primary_title=&#8221;true&#8221; use_custom_fonts_hover_title=&#8221;true&#8221; hover_custom_background=&#8221;#69aa46&#8243; css=&#8221;.vc_custom_1571835078350{margin-top: 0px !important;margin-right: 0px !important;margin-bottom: 0px !important;margin-left: 0px !important;padding-top: 0px !important;padding-right: 0px !important;padding-bottom: 0px !important;padding-left: 0px !important;}&#8221; el_class=&#8221;content_value&#8221;]<span style=\"color: #ffffff;\">Wir entwickeln langfristige Beziehungen, indem wir offen, ethisch und fair sind. In einem Umfeld, das von hygienischen und Compliance-Fragen gepr\u00e4gt ist, vertrauen uns die Menschen, weil wir zu unserem Wort stehen.<\/span>[\/vc_hoverbox]<div class=\"ult-spacer spacer-69d4321fdbe3b\" data-id=\"69d4321fdbe3b\" data-height=\"30\" data-height-mobile=\"15\" data-height-tab=\"15\" data-height-tab-portrait=\"15\" data-height-mobile-landscape=\"15\" style=\"clear:both;display:block;\"><\/div>[vc_column_text]<\/p>\n<p class=\"card-title\" style=\"text-align: center;\">F\u00fcr das Vertrauen auf die Sicherheit von Lebensmitteln verlangen Verbraucher absolute Transparenz.<\/p>\n<p>[\/vc_column_text][\/vc_column][vc_column width=&#8221;1\/2&#8243; offset=&#8221;vc_col-lg-offset-0 vc_col-lg-3 vc_col-md-offset-0 vc_col-md-6 vc_col-sm-offset-0 vc_hidden-xs&#8221;][vc_hoverbox image=&#8221;324&#8243; primary_title=&#8221;Austausch&#8221; primary_title_font_container=&#8221;color:%23ffffff&#8221; primary_title_use_theme_fonts=&#8221;yes&#8221; hover_title=&#8221;Austausch&#8221; hover_title_font_container=&#8221;color:%23ffffff&#8221; hover_title_use_theme_fonts=&#8221;yes&#8221; shape=&#8221;square&#8221; hover_background_color=&#8221;custom&#8221; css_animation=&#8221;bounceIn&#8221; use_custom_fonts_primary_title=&#8221;true&#8221; use_custom_fonts_hover_title=&#8221;true&#8221; hover_custom_background=&#8221;#0060ac&#8221; css=&#8221;.vc_custom_1571835084535{margin-top: 0px !important;margin-right: 0px !important;margin-bottom: 0px !important;margin-left: 0px !important;padding-top: 0px !important;padding-right: 0px !important;padding-bottom: 0px !important;padding-left: 0px !important;}&#8221; el_class=&#8221;content_value&#8221;]<span style=\"color: #ffffff;\">Wir lernen aus den Erfahrungen von Kunden, Kollegen und Partnern und erzielen daraus Fortschritte. Ehrliche Kommunikation zwischen Menschen mit verschiedenen Erfahrungen hilft uns, neue L\u00f6sungen zu entwickeln und etwas zu bewirken.<\/span>[\/vc_hoverbox]<div class=\"ult-spacer spacer-69d4321fdbe65\" data-id=\"69d4321fdbe65\" data-height=\"30\" data-height-mobile=\"15\" data-height-tab=\"15\" data-height-tab-portrait=\"15\" data-height-mobile-landscape=\"15\" style=\"clear:both;display:block;\"><\/div>[vc_column_text]<\/p>\n<p class=\"card-title\" style=\"text-align: center;\">Eine offene Kultur ist das Geheimnis f\u00fcr den Fortschritt.<\/p>\n<p>[\/vc_column_text][\/vc_column][vc_column width=&#8221;1\/2&#8243; offset=&#8221;vc_col-lg-3 vc_col-md-6 vc_hidden-xs&#8221;][vc_hoverbox image=&#8221;325&#8243; primary_title=&#8221;Kompetenz&#8221; primary_title_font_container=&#8221;color:%23ffffff&#8221; primary_title_use_theme_fonts=&#8221;yes&#8221; hover_title=&#8221;Kompetenz&#8221; hover_title_font_container=&#8221;color:%23ffffff&#8221; hover_title_use_theme_fonts=&#8221;yes&#8221; shape=&#8221;square&#8221; hover_background_color=&#8221;custom&#8221; css_animation=&#8221;bounceIn&#8221; use_custom_fonts_primary_title=&#8221;true&#8221; use_custom_fonts_hover_title=&#8221;true&#8221; hover_custom_background=&#8221;#01a8dd&#8221; css=&#8221;.vc_custom_1570462866851{margin-top: 0px !important;margin-right: 0px !important;margin-bottom: 0px !important;margin-left: 0px !important;padding-top: 0px !important;padding-right: 0px !important;padding-bottom: 0px !important;padding-left: 0px !important;}&#8221; el_class=&#8221;content_value&#8221;]<span style=\"color: #ffffff;\">Wir bringen unsere Kunden dazu, Probleme zu erkennen, und konzentrieren uns bei der Behebung auf ihre Bed\u00fcrfnisse. Wir liefern zuverl\u00e4ssige Ergebnisse und umfassende Performance, indem wir unser Know-how und Fachwissen zur G\u00e4nze aussch\u00f6pfen.<\/span>[\/vc_hoverbox]<div class=\"ult-spacer spacer-69d4321fdbe8b\" data-id=\"69d4321fdbe8b\" data-height=\"30\" data-height-mobile=\"15\" data-height-tab=\"15\" data-height-tab-portrait=\"15\" data-height-mobile-landscape=\"15\" style=\"clear:both;display:block;\"><\/div>[vc_column_text]<\/p>\n<p class=\"card-title\" style=\"text-align: center;\">Biosicherheit erfordert einen integrierten Ansatz f\u00fcr die Analyse und das Management von Risiken.<\/p>\n<p>[\/vc_column_text][\/vc_column][vc_column width=&#8221;1\/2&#8243; offset=&#8221;vc_col-lg-3 vc_col-md-6 vc_hidden-xs&#8221;][vc_hoverbox image=&#8221;326&#8243; primary_title=&#8221;Weitsicht&#8221; primary_title_font_container=&#8221;color:%23ffffff&#8221; primary_title_use_theme_fonts=&#8221;yes&#8221; hover_title=&#8221;Weitsicht&#8221; hover_title_font_container=&#8221;color:%23ffffff&#8221; hover_title_use_theme_fonts=&#8221;yes&#8221; shape=&#8221;square&#8221; hover_background_color=&#8221;custom&#8221; css_animation=&#8221;bounceIn&#8221; use_custom_fonts_primary_title=&#8221;true&#8221; use_custom_fonts_hover_title=&#8221;true&#8221; hover_custom_background=&#8221;#008d33&#8243; css=&#8221;.vc_custom_1570462876463{margin-top: 0px !important;margin-right: 0px !important;margin-bottom: 0px !important;margin-left: 0px !important;padding-top: 0px !important;padding-right: 0px !important;padding-bottom: 0px !important;padding-left: 0px !important;}&#8221; el_class=&#8221;content_value&#8221;]<span style=\"color: #ffffff;\">Wir nehmen st\u00e4ndig grundlegende Ver\u00e4nderungen vorweg. Wir blicken \u00fcber den \u201eTellerrand\u201c, wenn wir mit neuen Herausforderungen konfrontiert werden. Es liegt in unserer Natur, innovativ zu sein und an unsere Arbeit mit neuartigen, aber nachhaltigen Optionen heranzugehen.<\/span>[\/vc_hoverbox]<div class=\"ult-spacer spacer-69d4321fdbeb5\" data-id=\"69d4321fdbeb5\" data-height=\"30\" data-height-mobile=\"15\" data-height-tab=\"15\" data-height-tab-portrait=\"15\" data-height-mobile-landscape=\"15\" style=\"clear:both;display:block;\"><\/div>[vc_column_text]<\/p>\n<p class=\"card-title\" style=\"text-align: center;\">Die Lebensmittelsicherheit wird jeden Tag von neuen und oft unvorhersehbaren Problemen in Frage gestellt.<\/p>\n<p>[\/vc_column_text][\/vc_column][\/vc_row][vc_row][vc_column offset=&#8221;vc_hidden-lg vc_hidden-md vc_hidden-sm&#8221;]<div id=\"ult-carousel-288243593969d4321fdbfa7\" class=\"ult-carousel-wrapper   ult_horizontal\" data-gutter=\"15\" data-rtl=\"false\" ><div class=\"ult-carousel-124344124269d4321fdbeef \" >[vc_row_inner][vc_column_inner][vc_hoverbox image=&#8221;323&#8243; primary_title=&#8221;Transparenz&#8221; primary_title_font_container=&#8221;color:%23ffffff&#8221; primary_title_use_theme_fonts=&#8221;yes&#8221; hover_title=&#8221;Transparenz&#8221; hover_title_font_container=&#8221;color:%23ffffff&#8221; hover_title_use_theme_fonts=&#8221;yes&#8221; shape=&#8221;square&#8221; hover_background_color=&#8221;custom&#8221; css_animation=&#8221;bounceIn&#8221; use_custom_fonts_primary_title=&#8221;true&#8221; use_custom_fonts_hover_title=&#8221;true&#8221; hover_custom_background=&#8221;#69aa46&#8243; css=&#8221;.vc_custom_1572516945754{margin-top: 0px !important;margin-right: 0px !important;margin-bottom: 0px !important;margin-left: 0px !important;padding-top: 0px !important;padding-right: 0px !important;padding-bottom: 0px !important;padding-left: 0px !important;}&#8221; el_class=&#8221;content_value&#8221;]<span style=\"color: #ffffff;\">Wir entwickeln langfristige Beziehungen, indem wir offen, ethisch und fair sind. In einem Umfeld, das von hygienischen und Compliance-Fragen gepr\u00e4gt ist, vertrauen uns die Menschen, weil wir zu unserem Wort stehen.<\/span>[\/vc_hoverbox]<div class=\"ult-item-wrap\" data-animation=\"animated no-animation\"><div class=\"ult-spacer spacer-69d4321fdc035\" data-id=\"69d4321fdc035\" data-height=\"30\" data-height-mobile=\"30\" data-height-tab=\"30\" data-height-tab-portrait=\"\" data-height-mobile-landscape=\"\" style=\"clear:both;display:block;\"><\/div><\/div>[vc_column_text]<\/p>\n<p class=\"card-title\" style=\"text-align: center;\">F\u00fcr das Vertrauen auf die Sicherheit von Lebensmitteln verlangen Verbraucher absolute Transparenz.<\/p>\n<p>[\/vc_column_text][\/vc_column_inner][\/vc_row_inner][vc_row_inner][vc_column_inner][vc_hoverbox image=&#8221;324&#8243; primary_title=&#8221;Austausch&#8221; primary_title_font_container=&#8221;font_size:42px|color:%23ffffff&#8221; primary_title_use_theme_fonts=&#8221;yes&#8221; hover_title=&#8221;Austausch&#8221; hover_title_font_container=&#8221;font_size:42px|color:%23ffffff&#8221; hover_title_use_theme_fonts=&#8221;yes&#8221; shape=&#8221;square&#8221; hover_background_color=&#8221;custom&#8221; css_animation=&#8221;bounceIn&#8221; use_custom_fonts_primary_title=&#8221;true&#8221; use_custom_fonts_hover_title=&#8221;true&#8221; hover_custom_background=&#8221;#0060ac&#8221; css=&#8221;.vc_custom_1568282579051{margin-top: 0px !important;margin-right: 0px !important;margin-bottom: 0px !important;margin-left: 0px !important;padding-top: 0px !important;padding-right: 0px !important;padding-bottom: 0px !important;padding-left: 0px !important;}&#8221; el_class=&#8221;content_value&#8221;]<span style=\"color: #ffffff;\">Wir lernen aus den Erfahrungen von Kunden, Kollegen und Partnern und erzielen daraus Fortschritte. Ehrliche Kommunikation zwischen Menschen mit verschiedenen Erfahrungen hilft uns, neue L\u00f6sungen zu entwickeln und etwas zu bewirken.<\/span>[\/vc_hoverbox]<div class=\"ult-item-wrap\" data-animation=\"animated no-animation\"><div class=\"ult-spacer spacer-69d4321fdc059\" data-id=\"69d4321fdc059\" data-height=\"30\" data-height-mobile=\"30\" data-height-tab=\"30\" data-height-tab-portrait=\"\" data-height-mobile-landscape=\"\" style=\"clear:both;display:block;\"><\/div><\/div>[vc_column_text]<\/p>\n<p class=\"card-title\" style=\"text-align: center;\">Eine offene Kultur ist das Geheimnis f\u00fcr den Fortschritt.<\/p>\n<p>[\/vc_column_text][\/vc_column_inner][\/vc_row_inner][vc_row_inner][vc_column_inner][vc_hoverbox image=&#8221;325&#8243; primary_title=&#8221;Kompetenz&#8221; primary_title_font_container=&#8221;font_size:42px|color:%23ffffff&#8221; primary_title_use_theme_fonts=&#8221;yes&#8221; hover_title=&#8221;Kompetenz&#8221; hover_title_font_container=&#8221;font_size:42px|color:%23ffffff&#8221; hover_title_use_theme_fonts=&#8221;yes&#8221; shape=&#8221;square&#8221; hover_background_color=&#8221;custom&#8221; css_animation=&#8221;bounceIn&#8221; use_custom_fonts_primary_title=&#8221;true&#8221; use_custom_fonts_hover_title=&#8221;true&#8221; hover_custom_background=&#8221;#01a8dd&#8221; css=&#8221;.vc_custom_1568282571009{margin-top: 0px !important;margin-right: 0px !important;margin-bottom: 0px !important;margin-left: 0px !important;padding-top: 0px !important;padding-right: 0px !important;padding-bottom: 0px !important;padding-left: 0px !important;}&#8221; el_class=&#8221;content_value&#8221;]<span style=\"color: #ffffff;\">Wir bringen unsere Kunden dazu, Probleme zu erkennen, und konzentrieren uns bei der Behebung auf ihre Bed\u00fcrfnisse. Wir liefern zuverl\u00e4ssige Ergebnisse und umfassende Performance, indem wir unser Know-how und Fachwissen zur G\u00e4nze aussch\u00f6pfen.<\/span>[\/vc_hoverbox]<div class=\"ult-item-wrap\" data-animation=\"animated no-animation\"><div class=\"ult-spacer spacer-69d4321fdc07f\" data-id=\"69d4321fdc07f\" data-height=\"30\" data-height-mobile=\"30\" data-height-tab=\"30\" data-height-tab-portrait=\"\" data-height-mobile-landscape=\"\" style=\"clear:both;display:block;\"><\/div><\/div>[vc_column_text]<\/p>\n<p class=\"card-title\" style=\"text-align: center;\">Biosicherheit erfordert einen integrierten Ansatz f\u00fcr die Analyse und das Management von Risiken.<\/p>\n<p>[\/vc_column_text][\/vc_column_inner][\/vc_row_inner][vc_row_inner][vc_column_inner][vc_hoverbox image=&#8221;326&#8243; primary_title=&#8221;Weitsicht&#8221; primary_title_font_container=&#8221;font_size:42px|color:%23ffffff&#8221; primary_title_use_theme_fonts=&#8221;yes&#8221; hover_title=&#8221;Weitsicht&#8221; hover_title_font_container=&#8221;font_size:42px|color:%23ffffff&#8221; hover_title_use_theme_fonts=&#8221;yes&#8221; shape=&#8221;square&#8221; hover_background_color=&#8221;custom&#8221; css_animation=&#8221;bounceIn&#8221; use_custom_fonts_primary_title=&#8221;true&#8221; use_custom_fonts_hover_title=&#8221;true&#8221; hover_custom_background=&#8221;#008d33&#8243; css=&#8221;.vc_custom_1568282372989{margin-top: 0px !important;margin-right: 0px !important;margin-bottom: 0px !important;margin-left: 0px !important;padding-top: 0px !important;padding-right: 0px !important;padding-bottom: 0px !important;padding-left: 0px !important;}&#8221; el_class=&#8221;content_value&#8221;]<span style=\"color: #ffffff;\">Wir nehmen st\u00e4ndig grundlegende Ver\u00e4nderungen vorweg. Wir blicken \u00fcber den \u201eTellerrand\u201c, wenn wir mit neuen Herausforderungen konfrontiert werden. Es liegt in unserer Natur, innovativ zu sein und an unsere Arbeit mit neuartigen, aber nachhaltigen Optionen heranzugehen.<\/span>[\/vc_hoverbox]<div class=\"ult-item-wrap\" data-animation=\"animated no-animation\"><div class=\"ult-spacer spacer-69d4321fdc09f\" data-id=\"69d4321fdc09f\" data-height=\"30\" data-height-mobile=\"30\" data-height-tab=\"30\" data-height-tab-portrait=\"\" data-height-mobile-landscape=\"\" style=\"clear:both;display:block;\"><\/div><\/div>[vc_column_text]<\/p>\n<p class=\"card-title\" style=\"text-align: center;\">Die Lebensmittelsicherheit wird jeden Tag von neuen und oft unvorhersehbaren Problemen in Frage gestellt.<\/p>\n<p>[\/vc_column_text][\/vc_column_inner][\/vc_row_inner]<\/div><\/div>\t\t\t<script type=\"text\/javascript\">\n\t\t\t\tjQuery(document).ready(function ($) {\n\t\t\t\t\tif( typeof jQuery('.ult-carousel-124344124269d4321fdbeef').slick == \"function\"){\n\t\t\t\t\t\t$('.ult-carousel-124344124269d4321fdbeef').slick({dots: true,autoplay: true,autoplaySpeed: 5000,speed: 300,infinite: true,arrows: true,nextArrow: '<button type=\"button\" role=\"button\" aria-label=\"Next\" style=\"color:#777777; font-size:20px;\" class=\"slick-next default\"><i class=\"ultsl-arrow-right6\"><\/i><\/button>',prevArrow: '<button type=\"button\" role=\"button\" aria-label=\"Previous\" style=\"color:#777777; font-size:20px;\" class=\"slick-prev default\"><i class=\"ultsl-arrow-left6\"><\/i><\/button>',slidesToScroll:5,slidesToShow:5,swipe: true,draggable: true,touchMove: true,pauseOnHover: true,pauseOnFocus: false,responsive: [\n\t\t\t\t\t\t\t{\n\t\t\t\t\t\t\t  breakpoint: 1026,\n\t\t\t\t\t\t\t  settings: {\n\t\t\t\t\t\t\t\tslidesToShow: 5,\n\t\t\t\t\t\t\t\tslidesToScroll: 5,  \n\t\t\t\t\t\t\t  }\n\t\t\t\t\t\t\t},\n\t\t\t\t\t\t\t{\n\t\t\t\t\t\t\t  breakpoint: 1025,\n\t\t\t\t\t\t\t  settings: {\n\t\t\t\t\t\t\t\tslidesToShow: 3,\n\t\t\t\t\t\t\t\tslidesToScroll: 3\n\t\t\t\t\t\t\t  }\n\t\t\t\t\t\t\t},\n\t\t\t\t\t\t\t{\n\t\t\t\t\t\t\t  breakpoint: 760,\n\t\t\t\t\t\t\t  settings: {\n\t\t\t\t\t\t\t\tslidesToShow: 1,\n\t\t\t\t\t\t\t\tslidesToScroll: 1\n\t\t\t\t\t\t\t  }\n\t\t\t\t\t\t\t}\n\t\t\t\t\t\t],pauseOnDotsHover: true,customPaging: function(slider, i) {\n                   return '<i type=\"button\" style= \"color:#777777;\" class=\"ultsl-record\" data-role=\"none\"><\/i>';\n                },});\n\t\t\t\t\t}\n\t\t\t\t});\n\t\t\t<\/script>\n\t\t\t[\/vc_column][\/vc_row]<\/p>\n","protected":false},"excerpt":{"rendered":"<p>[vc_row type=&#8221;vc_default&#8221; bg_type=&#8221;image&#8221; css=&#8221;.vc_custom_1568272823543{background-position: center !important;background-repeat: no-repeat !important;background-size: cover !important;}&#8221;][vc_column][vc_row_inner][vc_column_inner width=&#8221;1\/2&#8243; offset=&#8221;vc_col-lg-6 vc_col-md-6&#8243;][vc_column_text el_class=&#8221;carnas_green&#8221;] Transparenz, Austausch, Kompetenz, Weitsicht [\/vc_column_text][\/vc_column_inner][vc_column_inner width=&#8221;1\/2&#8243; offset=&#8221;vc_col-lg-6 vc_col-md-6&#8243;][vc_column_text el_class=&#8221;edito2&#8243;]Rund um den Globus werden diese grundlegenden Werte&hellip;<\/p>\n","protected":false},"author":2,"featured_media":0,"parent":96247,"menu_order":0,"comment_status":"closed","ping_status":"closed","template":"","meta":{"_acf_changed":false,"footnotes":""},"class_list":["post-96010","page","type-page","status-publish","hentry","description-off"],"acf":[],"yoast_head":"<!-- This site is optimized with the Yoast SEO plugin v21.9.1 - https:\/\/yoast.com\/wordpress\/plugins\/seo\/ -->\n<title>Werte - Kersia Group<\/title>\n<meta name=\"robots\" content=\"index, follow, max-snippet:-1, max-image-preview:large, max-video-preview:-1\" \/>\n<link rel=\"canonical\" href=\"https:\/\/www.kersia-group.com\/de-de\/ueber-uns\/werte\/\" \/>\n<meta property=\"og:locale\" content=\"de_DE\" \/>\n<meta property=\"og:type\" content=\"article\" \/>\n<meta property=\"og:title\" content=\"Werte - Kersia Group\" \/>\n<meta property=\"og:description\" content=\"[vc_row type=&#8221;vc_default&#8221; bg_type=&#8221;image&#8221; css=&#8221;.vc_custom_1568272823543{background-position: center !important;background-repeat: no-repeat !important;background-size: cover !important;}&#8221;][vc_column][vc_row_inner][vc_column_inner width=&#8221;1\/2&#8243; offset=&#8221;vc_col-lg-6 vc_col-md-6&#8243;][vc_column_text el_class=&#8221;carnas_green&#8221;] Transparenz, Austausch, Kompetenz, Weitsicht [\/vc_column_text][\/vc_column_inner][vc_column_inner width=&#8221;1\/2&#8243; offset=&#8221;vc_col-lg-6 vc_col-md-6&#8243;][vc_column_text el_class=&#8221;edito2&#8243;]Rund um den Globus werden diese grundlegenden Werte&hellip;\" \/>\n<meta property=\"og:url\" content=\"https:\/\/www.kersia-group.com\/de-de\/ueber-uns\/werte\/\" \/>\n<meta property=\"og:site_name\" content=\"Kersia Group\" \/>\n<meta property=\"article:modified_time\" content=\"2025-06-26T17:05:33+00:00\" \/>\n<meta name=\"twitter:card\" content=\"summary_large_image\" \/>\n<meta name=\"twitter:label1\" content=\"Gesch\u00e4tzte Lesezeit\" \/>\n\t<meta name=\"twitter:data1\" content=\"8\u00a0Minuten\" \/>\n<script type=\"application\/ld+json\" class=\"yoast-schema-graph\">{\"@context\":\"https:\/\/schema.org\",\"@graph\":[{\"@type\":\"WebPage\",\"@id\":\"https:\/\/www.kersia-group.com\/de-de\/ueber-uns\/werte\/\",\"url\":\"https:\/\/www.kersia-group.com\/de-de\/ueber-uns\/werte\/\",\"name\":\"Werte - Kersia Group\",\"isPartOf\":{\"@id\":\"\/#website\"},\"datePublished\":\"2020-01-07T12:57:10+00:00\",\"dateModified\":\"2025-06-26T17:05:33+00:00\",\"breadcrumb\":{\"@id\":\"https:\/\/www.kersia-group.com\/de-de\/ueber-uns\/werte\/#breadcrumb\"},\"inLanguage\":\"de\",\"potentialAction\":[{\"@type\":\"ReadAction\",\"target\":[\"https:\/\/www.kersia-group.com\/de-de\/ueber-uns\/werte\/\"]}]},{\"@type\":\"BreadcrumbList\",\"@id\":\"https:\/\/www.kersia-group.com\/de-de\/ueber-uns\/werte\/#breadcrumb\",\"itemListElement\":[{\"@type\":\"ListItem\",\"position\":1,\"name\":\"Home\",\"item\":\"https:\/\/www.kersia-group.com\/de-de\/\"},{\"@type\":\"ListItem\",\"position\":2,\"name\":\"Werte\"}]},{\"@type\":\"WebSite\",\"@id\":\"\/#website\",\"url\":\"\/\",\"name\":\"Kersia Group\",\"description\":\"INVENTING A FOOD SAFE WORLD\",\"potentialAction\":[{\"@type\":\"SearchAction\",\"target\":{\"@type\":\"EntryPoint\",\"urlTemplate\":\"\/?s={search_term_string}\"},\"query-input\":\"required name=search_term_string\"}],\"inLanguage\":\"de\"}]}<\/script>\n<!-- \/ Yoast SEO plugin. -->","yoast_head_json":{"title":"Werte - Kersia Group","robots":{"index":"index","follow":"follow","max-snippet":"max-snippet:-1","max-image-preview":"max-image-preview:large","max-video-preview":"max-video-preview:-1"},"canonical":"https:\/\/www.kersia-group.com\/de-de\/ueber-uns\/werte\/","og_locale":"de_DE","og_type":"article","og_title":"Werte - Kersia Group","og_description":"[vc_row type=&#8221;vc_default&#8221; bg_type=&#8221;image&#8221; css=&#8221;.vc_custom_1568272823543{background-position: center !important;background-repeat: no-repeat !important;background-size: cover !important;}&#8221;][vc_column][vc_row_inner][vc_column_inner width=&#8221;1\/2&#8243; offset=&#8221;vc_col-lg-6 vc_col-md-6&#8243;][vc_column_text el_class=&#8221;carnas_green&#8221;] Transparenz, Austausch, Kompetenz, Weitsicht [\/vc_column_text][\/vc_column_inner][vc_column_inner width=&#8221;1\/2&#8243; offset=&#8221;vc_col-lg-6 vc_col-md-6&#8243;][vc_column_text el_class=&#8221;edito2&#8243;]Rund um den Globus werden diese grundlegenden Werte&hellip;","og_url":"https:\/\/www.kersia-group.com\/de-de\/ueber-uns\/werte\/","og_site_name":"Kersia Group","article_modified_time":"2025-06-26T17:05:33+00:00","twitter_card":"summary_large_image","twitter_misc":{"Gesch\u00e4tzte Lesezeit":"8\u00a0Minuten"},"schema":{"@context":"https:\/\/schema.org","@graph":[{"@type":"WebPage","@id":"https:\/\/www.kersia-group.com\/de-de\/ueber-uns\/werte\/","url":"https:\/\/www.kersia-group.com\/de-de\/ueber-uns\/werte\/","name":"Werte - Kersia Group","isPartOf":{"@id":"\/#website"},"datePublished":"2020-01-07T12:57:10+00:00","dateModified":"2025-06-26T17:05:33+00:00","breadcrumb":{"@id":"https:\/\/www.kersia-group.com\/de-de\/ueber-uns\/werte\/#breadcrumb"},"inLanguage":"de","potentialAction":[{"@type":"ReadAction","target":["https:\/\/www.kersia-group.com\/de-de\/ueber-uns\/werte\/"]}]},{"@type":"BreadcrumbList","@id":"https:\/\/www.kersia-group.com\/de-de\/ueber-uns\/werte\/#breadcrumb","itemListElement":[{"@type":"ListItem","position":1,"name":"Home","item":"https:\/\/www.kersia-group.com\/de-de\/"},{"@type":"ListItem","position":2,"name":"Werte"}]},{"@type":"WebSite","@id":"\/#website","url":"\/","name":"Kersia Group","description":"INVENTING A FOOD SAFE WORLD","potentialAction":[{"@type":"SearchAction","target":{"@type":"EntryPoint","urlTemplate":"\/?s={search_term_string}"},"query-input":"required name=search_term_string"}],"inLanguage":"de"}]}},"_links":{"self":[{"href":"https:\/\/www.kersia-group.com\/de-de\/wp-json\/wp\/v2\/pages\/96010","targetHints":{"allow":["GET"]}}],"collection":[{"href":"https:\/\/www.kersia-group.com\/de-de\/wp-json\/wp\/v2\/pages"}],"about":[{"href":"https:\/\/www.kersia-group.com\/de-de\/wp-json\/wp\/v2\/types\/page"}],"author":[{"embeddable":true,"href":"https:\/\/www.kersia-group.com\/de-de\/wp-json\/wp\/v2\/users\/2"}],"replies":[{"embeddable":true,"href":"https:\/\/www.kersia-group.com\/de-de\/wp-json\/wp\/v2\/comments?post=96010"}],"version-history":[{"count":1,"href":"https:\/\/www.kersia-group.com\/de-de\/wp-json\/wp\/v2\/pages\/96010\/revisions"}],"predecessor-version":[{"id":96170,"href":"https:\/\/www.kersia-group.com\/de-de\/wp-json\/wp\/v2\/pages\/96010\/revisions\/96170"}],"up":[{"embeddable":true,"href":"https:\/\/www.kersia-group.com\/de-de\/wp-json\/wp\/v2\/pages\/96247"}],"wp:attachment":[{"href":"https:\/\/www.kersia-group.com\/de-de\/wp-json\/wp\/v2\/media?parent=96010"}],"curies":[{"name":"wp","href":"https:\/\/api.w.org\/{rel}","templated":true}]}}