{"id":95812,"date":"2022-11-09T18:46:37","date_gmt":"2022-11-09T17:46:37","guid":{"rendered":"https:\/\/www.kersia-group.com\/kersia-europeinformationsseite\/"},"modified":"2025-06-26T18:59:42","modified_gmt":"2025-06-26T16:59:42","slug":"kersia-europeinformationsseite","status":"publish","type":"page","link":"https:\/\/www.kersia-group.com\/de-de\/aktivitaeten\/schweine-und-gefluegelhaltung\/kersia-europeinformationsseite\/","title":{"rendered":"KERSIA EuropeInformationsseite!"},"content":{"rendered":"<p>[vc_row type=&#8221;vc_default&#8221; animation=&#8221;fadeIn&#8221; full_width_row=&#8221;true&#8221;][vc_column][vc_single_image image=&#8221;24102&#8243; img_size=&#8221;full&#8221; alignment=&#8221;center&#8221; css_animation=&#8221;none&#8221; image_hovers=&#8221;false&#8221; lazy_loading=&#8221;true&#8221;][vc_column_text]<\/p>\n<h2 style=\"text-align: left;\"><\/h2>\n<h1 style=\"text-align: center;\"><em><span style=\"color: #008d33;\"><br \/>\nWillkommen auf der Informationsseite von Kersia Europefarming!<\/span><\/em><\/h1>\n<p>&nbsp;<\/p>\n<h4 style=\"text-align: center;\"><span class=\"TextRun SCXW24953490 BCX8\" lang=\"EN-GB\" xml:lang=\"EN-GB\" data-contrast=\"none\"><span class=\"NormalTextRun SCXW24953490 BCX8\">Wir m\u00f6chten Sie auf unserer internationalen Informationsseite begr\u00fc\u00dfen und Ihnen Informationen zu KERSIA, unseren Hygiene- und Erg\u00e4nzungsfutterprogrammen und Produkten zur Verf\u00fcgung stellen.\u202f\u202f<\/span><\/span><span class=\"EOP SCXW24953490 BCX8\" data-ccp-props=\"{&quot;201341983&quot;:0,&quot;335559739&quot;:160,&quot;335559740&quot;:240}\">\u00a0<\/span><\/h4>\n<p>[\/vc_column_text][\/vc_column][\/vc_row][vc_row animation=&#8221;fadeInUp&#8221;][vc_column css=&#8221;.vc_custom_1652813279442{padding-top: 80px !important;}&#8221;][vc_column_text css=&#8221;.vc_custom_1652728898134{padding-top: 30px !important;padding-right: 30px !important;padding-bottom: 30px !important;padding-left: 30px !important;background-color: #008d33 !important;}&#8221; el_class=&#8221;focus&#8221;]<\/p>\n<h3><span style=\"color: #ffffff;\"><span class=\"TextRun SCXW130363371 BCX8\" lang=\"EN-GB\" xml:lang=\"EN-GB\" data-contrast=\"none\"><span class=\"NormalTextRun SCXW130363371 BCX8\">KERSIA \u2013 Ein reiner Akteur der Lebensmittelsicherheit<\/span><\/span><\/span><\/h3>\n<p><span style=\"color: #ccffcc;\"><b><span class=\"TextRun SCXW150389285 BCX8\" lang=\"EN-GB\" xml:lang=\"EN-GB\" data-contrast=\"auto\"><span class=\"NormalTextRun SpellingErrorV2 SCXW150389285 BCX8\">Kersia ist ein weltweit f\u00fchrendes Unternehmen im Bereich Biosicherheit und Lebensmittelsicherheit mit Mehrwertprodukten und -l\u00f6sungen zur Verhinderung von Krankheiten oder Kontaminationen bei Tieren und Menschen in jeder Phase der Lebensmittelversorgungskette<\/span><span class=\"NormalTextRun SCXW150389285 BCX8\">:<\/span><\/span><\/b><\/span><\/p>\n<ul>\n<li><span style=\"color: #ffffff;\"><strong>F\u00fcr die lebensmittelverarbeitende Industrie<\/strong> (<br \/>\nMilchverarbeiter, Fleisch- und Fertiggerichthersteller)<\/span><\/li>\n<li><span style=\"color: #ffffff;\"><strong>F\u00fcr die Landwirtschaft<\/strong> (Hygiene\u00a0&amp; Erg\u00e4nzungsfutter\u00a0in der Milch-, Schweine- und Gefl\u00fcgelhaltung)<\/span><\/li>\n<li><span style=\"color: #ffffff;\"><strong>F\u00fcr das Gesundheitswesen<\/strong> (Notfallwasserreinigung und Oberfl\u00e4chendesinfektion in Krankenh\u00e4usern)<\/span><\/li>\n<\/ul>\n<p>[\/vc_column_text][\/vc_column][\/vc_row][vc_row][vc_column css=&#8221;.vc_custom_1652814237838{margin-top: 40px !important;}&#8221;][vc_column_text css=&#8221;.vc_custom_1652822419818{padding-top: 30px !important;padding-bottom: 30px !important;}&#8221;]<\/p>\n<h2 style=\"text-align: center;\">Bitte w\u00e4hlen Sie das gew\u00fcnschte Betriebssegment aus<\/h2>\n<p>[\/vc_column_text][\/vc_column][\/vc_row][vc_row][vc_column width=&#8221;1\/3&#8243; css=&#8221;.vc_custom_1653490472908{padding-bottom: 40px !important;}&#8221;][vc_single_image image=&#8221;4354&#8243; img_size=&#8221;medium&#8221; alignment=&#8221;center&#8221; style=&#8221;vc_box_rounded&#8221; onclick=&#8221;custom_link&#8221; css_animation=&#8221;flipInX&#8221; link=&#8221;https:\/\/www.kersia-group.com\/de\/aktivitaeten\/milchwirtschaft-2\/&#8221;][vc_column_text css=&#8221;.vc_custom_1668014850842{padding-top: 10px !important;}&#8221;]<\/p>\n<h4 style=\"text-align: center;\">Milchwirtschaft<\/h4>\n<p>[\/vc_column_text][\/vc_column][vc_column width=&#8221;1\/3&#8243; css=&#8221;.vc_custom_1653490480105{padding-bottom: 40px !important;}&#8221;][vc_single_image image=&#8221;24587&#8243; img_size=&#8221;medium&#8221; alignment=&#8221;center&#8221; style=&#8221;vc_box_rounded&#8221; onclick=&#8221;custom_link&#8221; css_animation=&#8221;flipInX&#8221; link=&#8221;https:\/\/www.kersia-group.com\/de\/aktivitaeten\/schweine-und-gefluegelhaltung\/kersia-europeinformationsseite\/segment-gefluegelzucht-kersia-europeinformationsseite\/&#8221;][vc_column_text css=&#8221;.vc_custom_1653489113844{padding-top: 10px !important;}&#8221;]<\/p>\n<h4 style=\"text-align: center;\"><span class=\"TextRun SCXW26490507 BCX8\" lang=\"EN-GB\" xml:lang=\"EN-GB\" data-contrast=\"auto\"><span class=\"NormalTextRun SCXW26490507 BCX8\">Gefl\u00fcgelzucht<\/span><\/span><\/h4>\n<p>[\/vc_column_text][\/vc_column][vc_column width=&#8221;1\/3&#8243; css=&#8221;.vc_custom_1653490487543{padding-bottom: 40px !important;}&#8221;][vc_single_image image=&#8221;24595&#8243; img_size=&#8221;medium&#8221; alignment=&#8221;center&#8221; style=&#8221;vc_box_rounded&#8221; onclick=&#8221;custom_link&#8221; css_animation=&#8221;flipInX&#8221; link=&#8221;https:\/\/www.kersia-group.com\/de\/aktivitaeten\/schweine-und-gefluegelhaltung\/kersia-europeinformationsseite\/pig-farming-segment-kersia-europe-information-page-segment-schweinehaltung-kersia-europeinformationsseite\/&#8221;][vc_column_text css=&#8221;.vc_custom_1668015195232{padding-top: 10px !important;}&#8221;]<\/p>\n<h4 style=\"text-align: center;\"><span class=\"TextRun SCXW108744521 BCX8\" lang=\"EN-GB\" xml:lang=\"EN-GB\" data-contrast=\"auto\"><span class=\"NormalTextRun SCXW108744521 BCX8\">Schweinehaltung<\/span><\/span><\/h4>\n<p>[\/vc_column_text][\/vc_column][\/vc_row][vc_row][vc_column]<div class=\"ult-spacer spacer-69def017093fd\" data-id=\"69def017093fd\" data-height=\"50\" data-height-mobile=\"30\" data-height-tab=\"20\" data-height-tab-portrait=\"20\" data-height-mobile-landscape=\"30\" style=\"clear:both;display:block;\"><\/div>[vc_separator border_width=&#8221;2&#8243;][\/vc_column][\/vc_row][vc_row][vc_column][vc_separator color=&#8221;green&#8221; border_width=&#8221;10&#8243;][\/vc_column][\/vc_row]<\/p>\n","protected":false},"excerpt":{"rendered":"<p>[vc_row type=&#8221;vc_default&#8221; animation=&#8221;fadeIn&#8221; full_width_row=&#8221;true&#8221;][vc_column][vc_single_image image=&#8221;24102&#8243; img_size=&#8221;full&#8221; alignment=&#8221;center&#8221; css_animation=&#8221;none&#8221; image_hovers=&#8221;false&#8221; lazy_loading=&#8221;true&#8221;][vc_column_text] Willkommen auf der Informationsseite von Kersia Europefarming! &nbsp; Wir m\u00f6chten Sie auf unserer internationalen Informationsseite begr\u00fc\u00dfen und Ihnen Informationen zu&hellip;<\/p>\n","protected":false},"author":7,"featured_media":0,"parent":96254,"menu_order":0,"comment_status":"closed","ping_status":"closed","template":"template-microsite.php","meta":{"_acf_changed":false,"footnotes":""},"class_list":["post-95812","page","type-page","status-publish","hentry","description-off"],"acf":[],"yoast_head":"<!-- This site is optimized with the Yoast SEO plugin v21.9.1 - https:\/\/yoast.com\/wordpress\/plugins\/seo\/ -->\n<title>KERSIA EuropeInformationsseite! - Kersia Group<\/title>\n<meta name=\"description\" content=\"Willkommen auf unserer internationalen Informationsseite \u00fcber Kersias Hygiene- und Erg\u00e4nzungsfutterprogramme und -produkte f\u00fcr K\u00fche, Gefl\u00fcgel und Schweine.\" \/>\n<meta name=\"robots\" content=\"index, follow, max-snippet:-1, max-image-preview:large, max-video-preview:-1\" \/>\n<link rel=\"canonical\" href=\"https:\/\/www.kersia-group.com\/de-de\/aktivitaeten\/schweine-und-gefluegelhaltung\/kersia-europeinformationsseite\/\" \/>\n<meta property=\"og:locale\" content=\"de_DE\" \/>\n<meta property=\"og:type\" content=\"article\" \/>\n<meta property=\"og:title\" content=\"KERSIA EuropeInformationsseite! - Kersia Group\" \/>\n<meta property=\"og:description\" content=\"Willkommen auf unserer internationalen Informationsseite \u00fcber Kersias Hygiene- und Erg\u00e4nzungsfutterprogramme und -produkte f\u00fcr K\u00fche, Gefl\u00fcgel und Schweine.\" \/>\n<meta property=\"og:url\" content=\"https:\/\/www.kersia-group.com\/de-de\/aktivitaeten\/schweine-und-gefluegelhaltung\/kersia-europeinformationsseite\/\" \/>\n<meta property=\"og:site_name\" content=\"Kersia Group\" \/>\n<meta property=\"article:modified_time\" content=\"2025-06-26T16:59:42+00:00\" \/>\n<meta name=\"twitter:card\" content=\"summary_large_image\" \/>\n<meta name=\"twitter:label1\" content=\"Gesch\u00e4tzte Lesezeit\" \/>\n\t<meta name=\"twitter:data1\" content=\"2\u00a0Minuten\" \/>\n<script type=\"application\/ld+json\" class=\"yoast-schema-graph\">{\"@context\":\"https:\/\/schema.org\",\"@graph\":[{\"@type\":\"WebPage\",\"@id\":\"https:\/\/www.kersia-group.com\/de-de\/aktivitaeten\/schweine-und-gefluegelhaltung\/kersia-europeinformationsseite\/\",\"url\":\"https:\/\/www.kersia-group.com\/de-de\/aktivitaeten\/schweine-und-gefluegelhaltung\/kersia-europeinformationsseite\/\",\"name\":\"KERSIA EuropeInformationsseite! - Kersia Group\",\"isPartOf\":{\"@id\":\"\/#website\"},\"datePublished\":\"2022-11-09T17:46:37+00:00\",\"dateModified\":\"2025-06-26T16:59:42+00:00\",\"description\":\"Willkommen auf unserer internationalen Informationsseite \u00fcber Kersias Hygiene- und Erg\u00e4nzungsfutterprogramme und -produkte f\u00fcr K\u00fche, Gefl\u00fcgel und Schweine.\",\"breadcrumb\":{\"@id\":\"https:\/\/www.kersia-group.com\/de-de\/aktivitaeten\/schweine-und-gefluegelhaltung\/kersia-europeinformationsseite\/#breadcrumb\"},\"inLanguage\":\"de\",\"potentialAction\":[{\"@type\":\"ReadAction\",\"target\":[\"https:\/\/www.kersia-group.com\/de-de\/aktivitaeten\/schweine-und-gefluegelhaltung\/kersia-europeinformationsseite\/\"]}]},{\"@type\":\"BreadcrumbList\",\"@id\":\"https:\/\/www.kersia-group.com\/de-de\/aktivitaeten\/schweine-und-gefluegelhaltung\/kersia-europeinformationsseite\/#breadcrumb\",\"itemListElement\":[{\"@type\":\"ListItem\",\"position\":1,\"name\":\"Home\",\"item\":\"https:\/\/www.kersia-group.com\/de-de\/\"},{\"@type\":\"ListItem\",\"position\":2,\"name\":\"KERSIA EuropeInformationsseite!\"}]},{\"@type\":\"WebSite\",\"@id\":\"\/#website\",\"url\":\"\/\",\"name\":\"Kersia Group\",\"description\":\"INVENTING A FOOD SAFE WORLD\",\"potentialAction\":[{\"@type\":\"SearchAction\",\"target\":{\"@type\":\"EntryPoint\",\"urlTemplate\":\"\/?s={search_term_string}\"},\"query-input\":\"required name=search_term_string\"}],\"inLanguage\":\"de\"}]}<\/script>\n<!-- \/ Yoast SEO plugin. -->","yoast_head_json":{"title":"KERSIA EuropeInformationsseite! - Kersia Group","description":"Willkommen auf unserer internationalen Informationsseite \u00fcber Kersias Hygiene- und Erg\u00e4nzungsfutterprogramme und -produkte f\u00fcr K\u00fche, Gefl\u00fcgel und Schweine.","robots":{"index":"index","follow":"follow","max-snippet":"max-snippet:-1","max-image-preview":"max-image-preview:large","max-video-preview":"max-video-preview:-1"},"canonical":"https:\/\/www.kersia-group.com\/de-de\/aktivitaeten\/schweine-und-gefluegelhaltung\/kersia-europeinformationsseite\/","og_locale":"de_DE","og_type":"article","og_title":"KERSIA EuropeInformationsseite! - Kersia Group","og_description":"Willkommen auf unserer internationalen Informationsseite \u00fcber Kersias Hygiene- und Erg\u00e4nzungsfutterprogramme und -produkte f\u00fcr K\u00fche, Gefl\u00fcgel und Schweine.","og_url":"https:\/\/www.kersia-group.com\/de-de\/aktivitaeten\/schweine-und-gefluegelhaltung\/kersia-europeinformationsseite\/","og_site_name":"Kersia Group","article_modified_time":"2025-06-26T16:59:42+00:00","twitter_card":"summary_large_image","twitter_misc":{"Gesch\u00e4tzte Lesezeit":"2\u00a0Minuten"},"schema":{"@context":"https:\/\/schema.org","@graph":[{"@type":"WebPage","@id":"https:\/\/www.kersia-group.com\/de-de\/aktivitaeten\/schweine-und-gefluegelhaltung\/kersia-europeinformationsseite\/","url":"https:\/\/www.kersia-group.com\/de-de\/aktivitaeten\/schweine-und-gefluegelhaltung\/kersia-europeinformationsseite\/","name":"KERSIA EuropeInformationsseite! - Kersia Group","isPartOf":{"@id":"\/#website"},"datePublished":"2022-11-09T17:46:37+00:00","dateModified":"2025-06-26T16:59:42+00:00","description":"Willkommen auf unserer internationalen Informationsseite \u00fcber Kersias Hygiene- und Erg\u00e4nzungsfutterprogramme und -produkte f\u00fcr K\u00fche, Gefl\u00fcgel und Schweine.","breadcrumb":{"@id":"https:\/\/www.kersia-group.com\/de-de\/aktivitaeten\/schweine-und-gefluegelhaltung\/kersia-europeinformationsseite\/#breadcrumb"},"inLanguage":"de","potentialAction":[{"@type":"ReadAction","target":["https:\/\/www.kersia-group.com\/de-de\/aktivitaeten\/schweine-und-gefluegelhaltung\/kersia-europeinformationsseite\/"]}]},{"@type":"BreadcrumbList","@id":"https:\/\/www.kersia-group.com\/de-de\/aktivitaeten\/schweine-und-gefluegelhaltung\/kersia-europeinformationsseite\/#breadcrumb","itemListElement":[{"@type":"ListItem","position":1,"name":"Home","item":"https:\/\/www.kersia-group.com\/de-de\/"},{"@type":"ListItem","position":2,"name":"KERSIA EuropeInformationsseite!"}]},{"@type":"WebSite","@id":"\/#website","url":"\/","name":"Kersia Group","description":"INVENTING A FOOD SAFE WORLD","potentialAction":[{"@type":"SearchAction","target":{"@type":"EntryPoint","urlTemplate":"\/?s={search_term_string}"},"query-input":"required name=search_term_string"}],"inLanguage":"de"}]}},"_links":{"self":[{"href":"https:\/\/www.kersia-group.com\/de-de\/wp-json\/wp\/v2\/pages\/95812","targetHints":{"allow":["GET"]}}],"collection":[{"href":"https:\/\/www.kersia-group.com\/de-de\/wp-json\/wp\/v2\/pages"}],"about":[{"href":"https:\/\/www.kersia-group.com\/de-de\/wp-json\/wp\/v2\/types\/page"}],"author":[{"embeddable":true,"href":"https:\/\/www.kersia-group.com\/de-de\/wp-json\/wp\/v2\/users\/7"}],"replies":[{"embeddable":true,"href":"https:\/\/www.kersia-group.com\/de-de\/wp-json\/wp\/v2\/comments?post=95812"}],"version-history":[{"count":3,"href":"https:\/\/www.kersia-group.com\/de-de\/wp-json\/wp\/v2\/pages\/95812\/revisions"}],"predecessor-version":[{"id":95996,"href":"https:\/\/www.kersia-group.com\/de-de\/wp-json\/wp\/v2\/pages\/95812\/revisions\/95996"}],"up":[{"embeddable":true,"href":"https:\/\/www.kersia-group.com\/de-de\/wp-json\/wp\/v2\/pages\/96254"}],"wp:attachment":[{"href":"https:\/\/www.kersia-group.com\/de-de\/wp-json\/wp\/v2\/media?parent=95812"}],"curies":[{"name":"wp","href":"https:\/\/api.w.org\/{rel}","templated":true}]}}