{"id":95477,"date":"2024-07-10T18:15:08","date_gmt":"2024-07-10T16:15:08","guid":{"rendered":"https:\/\/www.kersia-group.com\/cookie-richtlinie\/"},"modified":"2025-06-26T22:13:49","modified_gmt":"2025-06-26T20:13:49","slug":"cookie-richtlinie","status":"publish","type":"page","link":"https:\/\/www.kersia-group.com\/de-de\/cookie-richtlinie\/","title":{"rendered":"Cookie-Richtlinie"},"content":{"rendered":"<p>[vc_row][vc_column el_class=&#8221;legal&#8221;][vc_column_text]<\/p>\n<h2>Cookie-Richtlinie<\/h2>\n<p>Damit unsere Website ordnungsgem\u00e4\u00df funktioniert, m\u00fcssen wir manchmal kleine Datendateien, so genannte &#8220;Cookies&#8221;, auf den Ger\u00e4ten unserer Nutzer platzieren.<\/p>\n<p><strong> <\/strong><\/p>\n<h2><strong>Was verstehen wir unter &#8220;Cookies&#8221;?<\/strong><\/h2>\n<p>Ein Cookie ist eine kleine Textdatei, die Websites auf Ihrem Computer oder Mobilger\u00e4t speichern, wenn Sie sie besuchen.<br \/>\nSie erm\u00f6glicht es diesen Websites, sich Ihre Aktionen und Pr\u00e4ferenzen \u00fcber einen bestimmten Zeitraum hinweg zu merken, so dass Sie diese Informationen nicht jedes Mal neu eingeben m\u00fcssen, wenn Sie diese Websites besuchen oder von einer Seite zur anderen navigieren. <\/p>\n<p>Cookies k\u00f6nnen verwendet werden, um Ihre Anzeigepr\u00e4ferenzen zu speichern, z. B. Browsersprache, Farbkontrast, Schriftgr\u00f6\u00dfe, Ger\u00e4t, Suchergebnisse und Benachrichtigungspr\u00e4ferenzen, Ihre Entscheidung, ob wir Cookies verwenden d\u00fcrfen oder nicht, Ihre Anmeldedaten usw.<\/p>\n<p>Es gibt verschiedene Arten von Cookies:<\/p>\n<ul>\n<li>Cookies von Erstanbietern sind Cookies, die von der Website, die Sie besuchen, erstellt werden.<br \/>\nNur diese Website kann sie lesen. <\/li>\n<li>Cookies von Drittanbietern werden von Drittanbietern erstellt, die Dienstleistungen f\u00fcr die Website erbringen (z.B. YouTube, LinkedIn, etc.)<\/li>\n<\/ul>\n<p>Wenn Sie sich zum ersten Mal mit unserer Website verbinden, werden Sie gefragt, ob Sie Cookies akzeptieren oder ablehnen m\u00f6chten.<\/p>\n<p>&nbsp;<\/p>\n<h2><strong>Welche Cookies werden heruntergeladen?<br \/>\nWie verwenden wir sie? <\/strong><\/h2>\n<p>Wir verwenden Erstanbieter-Cookies, aber auch Drittanbieter-Cookies.<\/p>\n<p>Dritte, die wahrscheinlich Cookies auf Ihrem Ger\u00e4t platzieren, sind die folgenden: Google, YouTube, LinkedIn, Google Analytics.<br \/>\nDie aktuellste Version der Liste von Drittanbietern finden Sie unter dem <a class=\"cky-banner-element\">Banner Cookies<\/a>. <\/p>\n<p>Diese Cookies werden verwendet, um:<\/p>\n<ul>\n<li>Sie erm\u00f6glichen den Betrieb der Website (Notwendige Cookies) und erlauben Ihnen, die Website zu durchsuchen und ihre Funktionen zu nutzen.<br \/>\nAus diesem Grund ben\u00f6tigen sie nicht Ihre Zustimmung.<br \/>\nEs gibt nur die folgenden Cookies:    <\/p>\n<ul>\n<li>_GRECAPTCHA: Sitzungscookies<\/li>\n<li>rc::a, rc::f, rc::c, rc::b: Website-Schutz-Cookies (Google)<\/li>\n<li>cookieyes-consent: Cookies zur Speicherung von Cookie-Einstellungen (CookiesYes)<\/li>\n<\/ul>\n<\/li>\n<li>Erm\u00f6glichen die Ausf\u00fchrung bestimmter Funktionen und speichern Ihre Pr\u00e4ferenzen (Funktionale Cookies).<br \/>\nDiese Cookies erm\u00f6glichen es Ihnen, Inhalte auf Social Media-Plattformen zu teilen und die auf unserer Website verf\u00fcgbaren Videos anzusehen.<br \/>\nSie erm\u00f6glichen Ihnen auch eine reibungslose Navigation auf unserer Website entsprechend Ihren Pr\u00e4ferenzen wie Schriftgr\u00f6\u00dfe, Sprache usw.  <\/li>\n<li>den Service, den wir allen unseren Nutzern anbieten, zu verbessern (Analytische Cookies).<br \/>\nMit diesen Cookies k\u00f6nnen wir einfach auswerten, wie Sie mit unserer Website interagieren, z. B. welche Seiten am h\u00e4ufigsten besucht werden.<br \/>\nDiese Informationen erm\u00f6glichen es uns, unsere Website zu verbessern.  <\/li>\n<li>Besucher mit personalisierter Werbung zu versorgen (Werbe-Cookies).<br \/>\nUnsere Website enth\u00e4lt keine Werbung, aber solche Cookies k\u00f6nnen von Dritten (wie YouTube) heruntergeladen werden. <\/li>\n<\/ul>\n<p>Cookies werden f\u00fcr einen bestimmten Zeitraum auf Ihrem Ger\u00e4t gespeichert und danach gel\u00f6scht.<\/p>\n<p>F\u00fcr weitere Informationen laden wir Sie ein, das <a class=\"cky-banner-element\">Cookies-Banner<\/a> zu konsultieren, in dem der Titel, die Herkunft (intern oder von Dritten), die Aufbewahrungsdauer und die Funktion jedes einzelnen Cookies aufgef\u00fchrt sind.<\/p>\n<p>&nbsp;<\/p>\n<h2><strong>Wie verwaltet man Cookies?<\/strong><\/h2>\n<p>Sie k\u00f6nnen Cookies nach Belieben verwalten, blockieren oder l\u00f6schen. Beachten Sie jedoch, dass Sie dann m\u00f6glicherweise verhindern, dass bestimmte Elemente der Website ordnungsgem\u00e4\u00df funktionieren.<br \/>\nEinige Dienste und Funktionen sind m\u00f6glicherweise nicht verf\u00fcgbar. <\/p>\n<p>Sie k\u00f6nnen Ihre Einstellungen zur Verwendung von Cookies jederzeit \u00fcber das <a class=\"cky-banner-element\">Banner Cookies<\/a> \u00e4ndern.<\/p>\n<p>Sie k\u00f6nnen auch die Art und Weise, wie Cookies gespeichert werden, direkt in Ihrem Browser verwalten.<br \/>\nIn den Einstellungen zum Schutz der Privatsph\u00e4re und zu Cookies haben Sie die M\u00f6glichkeit, Cookies je nach ihrer Herkunft genauer zu verwalten.<br \/>\nSie k\u00f6nnen Ihren Browser auch so konfigurieren, dass keine Cookies auf Ihrem Ger\u00e4t gespeichert werden (in diesem Fall m\u00fcssen Sie m\u00f6glicherweise einige Ihrer Einstellungen bei jedem Besuch einer Website\/Seite angeben).  <\/p>\n<p>Schlie\u00dflich k\u00f6nnen Sie alle Cookies, die bereits auf Ihrem Ger\u00e4t gespeichert sind, l\u00f6schen, indem Sie den Browserverlauf Ihres Browsers leeren.<\/p>\n<p>&nbsp;<\/p>\n<p>&nbsp;[\/vc_column_text][\/vc_column][\/vc_row]<\/p>\n","protected":false},"excerpt":{"rendered":"<p>[vc_row][vc_column el_class=&#8221;legal&#8221;][vc_column_text] Cookie-Richtlinie Damit unsere Website ordnungsgem\u00e4\u00df funktioniert, m\u00fcssen wir manchmal kleine Datendateien, so genannte &#8220;Cookies&#8221;, auf den Ger\u00e4ten unserer Nutzer platzieren. Was verstehen wir unter &#8220;Cookies&#8221;? Ein Cookie ist&hellip;<\/p>\n","protected":false},"author":12,"featured_media":0,"parent":0,"menu_order":0,"comment_status":"closed","ping_status":"closed","template":"","meta":{"_acf_changed":false,"footnotes":""},"class_list":["post-95477","page","type-page","status-publish","hentry","description-off"],"acf":[],"yoast_head":"<!-- This site is optimized with the Yoast SEO plugin v21.9.1 - https:\/\/yoast.com\/wordpress\/plugins\/seo\/ -->\n<title>Cookie-Richtlinie - Kersia Group<\/title>\n<meta name=\"robots\" content=\"index, follow, max-snippet:-1, max-image-preview:large, max-video-preview:-1\" \/>\n<link rel=\"canonical\" href=\"https:\/\/www.kersia-group.com\/de-de\/cookie-richtlinie\/\" \/>\n<meta property=\"og:locale\" content=\"de_DE\" \/>\n<meta property=\"og:type\" content=\"article\" \/>\n<meta property=\"og:title\" content=\"Cookie-Richtlinie - Kersia Group\" \/>\n<meta property=\"og:description\" content=\"[vc_row][vc_column el_class=&#8221;legal&#8221;][vc_column_text] Cookie-Richtlinie Damit unsere Website ordnungsgem\u00e4\u00df funktioniert, m\u00fcssen wir manchmal kleine Datendateien, so genannte &#8220;Cookies&#8221;, auf den Ger\u00e4ten unserer Nutzer platzieren. Was verstehen wir unter &#8220;Cookies&#8221;? Ein Cookie ist&hellip;\" \/>\n<meta property=\"og:url\" content=\"https:\/\/www.kersia-group.com\/de-de\/cookie-richtlinie\/\" \/>\n<meta property=\"og:site_name\" content=\"Kersia Group\" \/>\n<meta property=\"article:modified_time\" content=\"2025-06-26T20:13:49+00:00\" \/>\n<meta name=\"twitter:card\" content=\"summary_large_image\" \/>\n<meta name=\"twitter:label1\" content=\"Gesch\u00e4tzte Lesezeit\" \/>\n\t<meta name=\"twitter:data1\" content=\"3\u00a0Minuten\" \/>\n<script type=\"application\/ld+json\" class=\"yoast-schema-graph\">{\"@context\":\"https:\/\/schema.org\",\"@graph\":[{\"@type\":\"WebPage\",\"@id\":\"https:\/\/www.kersia-group.com\/de-de\/cookie-richtlinie\/\",\"url\":\"https:\/\/www.kersia-group.com\/de-de\/cookie-richtlinie\/\",\"name\":\"Cookie-Richtlinie - Kersia Group\",\"isPartOf\":{\"@id\":\"\/#website\"},\"datePublished\":\"2024-07-10T16:15:08+00:00\",\"dateModified\":\"2025-06-26T20:13:49+00:00\",\"breadcrumb\":{\"@id\":\"https:\/\/www.kersia-group.com\/de-de\/cookie-richtlinie\/#breadcrumb\"},\"inLanguage\":\"de\",\"potentialAction\":[{\"@type\":\"ReadAction\",\"target\":[\"https:\/\/www.kersia-group.com\/de-de\/cookie-richtlinie\/\"]}]},{\"@type\":\"BreadcrumbList\",\"@id\":\"https:\/\/www.kersia-group.com\/de-de\/cookie-richtlinie\/#breadcrumb\",\"itemListElement\":[{\"@type\":\"ListItem\",\"position\":1,\"name\":\"Home\",\"item\":\"https:\/\/www.kersia-group.com\/de-de\/\"},{\"@type\":\"ListItem\",\"position\":2,\"name\":\"Cookie-Richtlinie\"}]},{\"@type\":\"WebSite\",\"@id\":\"\/#website\",\"url\":\"\/\",\"name\":\"Kersia Group\",\"description\":\"INVENTING A FOOD SAFE WORLD\",\"potentialAction\":[{\"@type\":\"SearchAction\",\"target\":{\"@type\":\"EntryPoint\",\"urlTemplate\":\"\/?s={search_term_string}\"},\"query-input\":\"required name=search_term_string\"}],\"inLanguage\":\"de\"}]}<\/script>\n<!-- \/ Yoast SEO plugin. -->","yoast_head_json":{"title":"Cookie-Richtlinie - Kersia Group","robots":{"index":"index","follow":"follow","max-snippet":"max-snippet:-1","max-image-preview":"max-image-preview:large","max-video-preview":"max-video-preview:-1"},"canonical":"https:\/\/www.kersia-group.com\/de-de\/cookie-richtlinie\/","og_locale":"de_DE","og_type":"article","og_title":"Cookie-Richtlinie - Kersia Group","og_description":"[vc_row][vc_column el_class=&#8221;legal&#8221;][vc_column_text] Cookie-Richtlinie Damit unsere Website ordnungsgem\u00e4\u00df funktioniert, m\u00fcssen wir manchmal kleine Datendateien, so genannte &#8220;Cookies&#8221;, auf den Ger\u00e4ten unserer Nutzer platzieren. Was verstehen wir unter &#8220;Cookies&#8221;? Ein Cookie ist&hellip;","og_url":"https:\/\/www.kersia-group.com\/de-de\/cookie-richtlinie\/","og_site_name":"Kersia Group","article_modified_time":"2025-06-26T20:13:49+00:00","twitter_card":"summary_large_image","twitter_misc":{"Gesch\u00e4tzte Lesezeit":"3\u00a0Minuten"},"schema":{"@context":"https:\/\/schema.org","@graph":[{"@type":"WebPage","@id":"https:\/\/www.kersia-group.com\/de-de\/cookie-richtlinie\/","url":"https:\/\/www.kersia-group.com\/de-de\/cookie-richtlinie\/","name":"Cookie-Richtlinie - Kersia Group","isPartOf":{"@id":"\/#website"},"datePublished":"2024-07-10T16:15:08+00:00","dateModified":"2025-06-26T20:13:49+00:00","breadcrumb":{"@id":"https:\/\/www.kersia-group.com\/de-de\/cookie-richtlinie\/#breadcrumb"},"inLanguage":"de","potentialAction":[{"@type":"ReadAction","target":["https:\/\/www.kersia-group.com\/de-de\/cookie-richtlinie\/"]}]},{"@type":"BreadcrumbList","@id":"https:\/\/www.kersia-group.com\/de-de\/cookie-richtlinie\/#breadcrumb","itemListElement":[{"@type":"ListItem","position":1,"name":"Home","item":"https:\/\/www.kersia-group.com\/de-de\/"},{"@type":"ListItem","position":2,"name":"Cookie-Richtlinie"}]},{"@type":"WebSite","@id":"\/#website","url":"\/","name":"Kersia Group","description":"INVENTING A FOOD SAFE WORLD","potentialAction":[{"@type":"SearchAction","target":{"@type":"EntryPoint","urlTemplate":"\/?s={search_term_string}"},"query-input":"required name=search_term_string"}],"inLanguage":"de"}]}},"_links":{"self":[{"href":"https:\/\/www.kersia-group.com\/de-de\/wp-json\/wp\/v2\/pages\/95477","targetHints":{"allow":["GET"]}}],"collection":[{"href":"https:\/\/www.kersia-group.com\/de-de\/wp-json\/wp\/v2\/pages"}],"about":[{"href":"https:\/\/www.kersia-group.com\/de-de\/wp-json\/wp\/v2\/types\/page"}],"author":[{"embeddable":true,"href":"https:\/\/www.kersia-group.com\/de-de\/wp-json\/wp\/v2\/users\/12"}],"replies":[{"embeddable":true,"href":"https:\/\/www.kersia-group.com\/de-de\/wp-json\/wp\/v2\/comments?post=95477"}],"version-history":[{"count":1,"href":"https:\/\/www.kersia-group.com\/de-de\/wp-json\/wp\/v2\/pages\/95477\/revisions"}],"predecessor-version":[{"id":95521,"href":"https:\/\/www.kersia-group.com\/de-de\/wp-json\/wp\/v2\/pages\/95477\/revisions\/95521"}],"wp:attachment":[{"href":"https:\/\/www.kersia-group.com\/de-de\/wp-json\/wp\/v2\/media?parent=95477"}],"curies":[{"name":"wp","href":"https:\/\/api.w.org\/{rel}","templated":true}]}}